{"id":2491238,"date":"2025-11-10T17:00:27","date_gmt":"2025-11-10T15:00:27","guid":{"rendered":"https:\/\/horticom.ee\/e-pood\/toode\/poimetikett-valge-220-x-1912mm-lehed-ca-1000tk\/"},"modified":"2026-04-24T03:11:52","modified_gmt":"2026-04-24T00:11:52","slug":"poimetikett-valge-220-x-1912mm-lehed-ca-1000tk","status":"publish","type":"product","link":"https:\/\/horticom.ee\/e-pood\/ru\/toode\/poimetikett-valge-220-x-1912mm-lehed-ca-1000tk\/","title":{"rendered":"P\u00f5imetikett valge 220 x 19,12mm lehed ca 1000tk"},"content":{"rendered":"<p>P\u00f5imetikett sobib taimede m\u00e4rgistamiseks.<\/p>\n","protected":false},"excerpt":{"rendered":"<p>P\u00f5imetikett sobib taimede m\u00e4rgistamiseks.<\/p>\n","protected":false},"featured_media":2491386,"comment_status":"closed","ping_status":"closed","template":"","meta":{"_themeisle_gutenberg_block_has_review":false},"product_cat":[13376,13616],"product_tag":[],"class_list":{"0":"post-2491238","1":"product","2":"type-product","3":"status-publish","4":"has-post-thumbnail","6":"product_cat-etiketid","7":"product_cat-etiketid-tootjale","9":"first","10":"instock","11":"shipping-taxable","12":"purchasable","13":"product-type-simple"},"yoast_head":"<!-- This site is optimized with the Yoast SEO plugin v24.0 - https:\/\/yoast.com\/wordpress\/plugins\/seo\/ -->\n<title>P\u00f5imetikett valge 220 x 19,12mm lehed ca 1000tk - Horticom<\/title>\n<meta name=\"robots\" content=\"index, follow, max-snippet:-1, max-image-preview:large, max-video-preview:-1\" \/>\n<link rel=\"canonical\" href=\"https:\/\/horticom.ee\/e-pood\/toode\/poimetikett-valge-220-x-1912mm-lehed-ca-1000tk\/\" \/>\n<meta property=\"og:locale\" content=\"ru_RU\" \/>\n<meta property=\"og:type\" content=\"article\" \/>\n<meta property=\"og:title\" content=\"P\u00f5imetikett valge 220 x 19,12mm lehed ca 1000tk - Horticom\" \/>\n<meta property=\"og:description\" content=\"P\u00f5imetikett sobib taimede m\u00e4rgistamiseks.\" \/>\n<meta property=\"og:url\" content=\"https:\/\/horticom.ee\/e-pood\/toode\/poimetikett-valge-220-x-1912mm-lehed-ca-1000tk\/\" \/>\n<meta property=\"og:site_name\" content=\"Horticom.ee\" \/>\n<meta property=\"article:publisher\" content=\"https:\/\/www.facebook.com\/horticom.ee\/e-pood\" \/>\n<meta property=\"article:modified_time\" content=\"2026-04-24T00:11:52+00:00\" \/>\n<meta property=\"og:image\" content=\"https:\/\/horticom.ee\/e-pood\/wp-content\/uploads\/importedmedia\/product_2491238_0_252065.jpg\" \/>\n\t<meta property=\"og:image:width\" content=\"999\" \/>\n\t<meta property=\"og:image:height\" content=\"665\" \/>\n\t<meta property=\"og:image:type\" content=\"image\/jpeg\" \/>\n<meta name=\"twitter:card\" content=\"summary_large_image\" \/>\n<script type=\"application\/ld+json\" class=\"yoast-schema-graph\">{\"@context\":\"https:\/\/schema.org\",\"@graph\":[{\"@type\":\"WebPage\",\"@id\":\"https:\/\/horticom.ee\/e-pood\/toode\/poimetikett-valge-220-x-1912mm-lehed-ca-1000tk\/\",\"url\":\"https:\/\/horticom.ee\/e-pood\/toode\/poimetikett-valge-220-x-1912mm-lehed-ca-1000tk\/\",\"name\":\"P\u00f5imetikett valge 220 x 19,12mm lehed ca 1000tk - Horticom\",\"isPartOf\":{\"@id\":\"https:\/\/horticom.ee\/e-pood\/#website\"},\"primaryImageOfPage\":{\"@id\":\"https:\/\/horticom.ee\/e-pood\/toode\/poimetikett-valge-220-x-1912mm-lehed-ca-1000tk\/#primaryimage\"},\"image\":{\"@id\":\"https:\/\/horticom.ee\/e-pood\/toode\/poimetikett-valge-220-x-1912mm-lehed-ca-1000tk\/#primaryimage\"},\"thumbnailUrl\":\"https:\/\/horticom.ee\/e-pood\/wp-content\/uploads\/importedmedia\/product_2491238_0_252065.jpg\",\"datePublished\":\"2025-11-10T15:00:27+00:00\",\"dateModified\":\"2026-04-24T00:11:52+00:00\",\"breadcrumb\":{\"@id\":\"https:\/\/horticom.ee\/e-pood\/toode\/poimetikett-valge-220-x-1912mm-lehed-ca-1000tk\/#breadcrumb\"},\"inLanguage\":\"ru-RU\",\"potentialAction\":[{\"@type\":\"ReadAction\",\"target\":[\"https:\/\/horticom.ee\/e-pood\/toode\/poimetikett-valge-220-x-1912mm-lehed-ca-1000tk\/\"]}]},{\"@type\":\"ImageObject\",\"inLanguage\":\"ru-RU\",\"@id\":\"https:\/\/horticom.ee\/e-pood\/toode\/poimetikett-valge-220-x-1912mm-lehed-ca-1000tk\/#primaryimage\",\"url\":\"https:\/\/horticom.ee\/e-pood\/wp-content\/uploads\/importedmedia\/product_2491238_0_252065.jpg\",\"contentUrl\":\"https:\/\/horticom.ee\/e-pood\/wp-content\/uploads\/importedmedia\/product_2491238_0_252065.jpg\",\"width\":999,\"height\":665},{\"@type\":\"BreadcrumbList\",\"@id\":\"https:\/\/horticom.ee\/e-pood\/toode\/poimetikett-valge-220-x-1912mm-lehed-ca-1000tk\/#breadcrumb\",\"itemListElement\":[{\"@type\":\"ListItem\",\"position\":1,\"name\":\"Home\",\"item\":\"https:\/\/horticom.ee\/e-pood\/\"},{\"@type\":\"ListItem\",\"position\":2,\"name\":\"Pood\",\"item\":\"https:\/\/horticom.ee\/e-pood\/pood\/\"},{\"@type\":\"ListItem\",\"position\":3,\"name\":\"P\u00f5imetikett valge 220 x 19,12mm lehed ca 1000tk\"}]},{\"@type\":\"WebSite\",\"@id\":\"https:\/\/horticom.ee\/e-pood\/#website\",\"url\":\"https:\/\/horticom.ee\/e-pood\/\",\"name\":\"Horticom.ee\",\"description\":\"Aianduskaubad ja kodukaubad nii harrastajatele kui professionaalidele\",\"potentialAction\":[{\"@type\":\"SearchAction\",\"target\":{\"@type\":\"EntryPoint\",\"urlTemplate\":\"https:\/\/horticom.ee\/e-pood\/?s={search_term_string}\"},\"query-input\":{\"@type\":\"PropertyValueSpecification\",\"valueRequired\":true,\"valueName\":\"search_term_string\"}}],\"inLanguage\":\"ru-RU\"}]}<\/script>\n<!-- \/ Yoast SEO plugin. -->","yoast_head_json":{"title":"P\u00f5imetikett valge 220 x 19,12mm lehed ca 1000tk - Horticom","robots":{"index":"index","follow":"follow","max-snippet":"max-snippet:-1","max-image-preview":"max-image-preview:large","max-video-preview":"max-video-preview:-1"},"canonical":"https:\/\/horticom.ee\/e-pood\/toode\/poimetikett-valge-220-x-1912mm-lehed-ca-1000tk\/","og_locale":"ru_RU","og_type":"article","og_title":"P\u00f5imetikett valge 220 x 19,12mm lehed ca 1000tk - Horticom","og_description":"P\u00f5imetikett sobib taimede m\u00e4rgistamiseks.","og_url":"https:\/\/horticom.ee\/e-pood\/toode\/poimetikett-valge-220-x-1912mm-lehed-ca-1000tk\/","og_site_name":"Horticom.ee","article_publisher":"https:\/\/www.facebook.com\/horticom.ee\/e-pood","article_modified_time":"2026-04-24T00:11:52+00:00","og_image":[{"width":999,"height":665,"url":"https:\/\/horticom.ee\/e-pood\/wp-content\/uploads\/importedmedia\/product_2491238_0_252065.jpg","type":"image\/jpeg"}],"twitter_card":"summary_large_image","schema":{"@context":"https:\/\/schema.org","@graph":[{"@type":"WebPage","@id":"https:\/\/horticom.ee\/e-pood\/toode\/poimetikett-valge-220-x-1912mm-lehed-ca-1000tk\/","url":"https:\/\/horticom.ee\/e-pood\/toode\/poimetikett-valge-220-x-1912mm-lehed-ca-1000tk\/","name":"P\u00f5imetikett valge 220 x 19,12mm lehed ca 1000tk - Horticom","isPartOf":{"@id":"https:\/\/horticom.ee\/e-pood\/#website"},"primaryImageOfPage":{"@id":"https:\/\/horticom.ee\/e-pood\/toode\/poimetikett-valge-220-x-1912mm-lehed-ca-1000tk\/#primaryimage"},"image":{"@id":"https:\/\/horticom.ee\/e-pood\/toode\/poimetikett-valge-220-x-1912mm-lehed-ca-1000tk\/#primaryimage"},"thumbnailUrl":"https:\/\/horticom.ee\/e-pood\/wp-content\/uploads\/importedmedia\/product_2491238_0_252065.jpg","datePublished":"2025-11-10T15:00:27+00:00","dateModified":"2026-04-24T00:11:52+00:00","breadcrumb":{"@id":"https:\/\/horticom.ee\/e-pood\/toode\/poimetikett-valge-220-x-1912mm-lehed-ca-1000tk\/#breadcrumb"},"inLanguage":"ru-RU","potentialAction":[{"@type":"ReadAction","target":["https:\/\/horticom.ee\/e-pood\/toode\/poimetikett-valge-220-x-1912mm-lehed-ca-1000tk\/"]}]},{"@type":"ImageObject","inLanguage":"ru-RU","@id":"https:\/\/horticom.ee\/e-pood\/toode\/poimetikett-valge-220-x-1912mm-lehed-ca-1000tk\/#primaryimage","url":"https:\/\/horticom.ee\/e-pood\/wp-content\/uploads\/importedmedia\/product_2491238_0_252065.jpg","contentUrl":"https:\/\/horticom.ee\/e-pood\/wp-content\/uploads\/importedmedia\/product_2491238_0_252065.jpg","width":999,"height":665},{"@type":"BreadcrumbList","@id":"https:\/\/horticom.ee\/e-pood\/toode\/poimetikett-valge-220-x-1912mm-lehed-ca-1000tk\/#breadcrumb","itemListElement":[{"@type":"ListItem","position":1,"name":"Home","item":"https:\/\/horticom.ee\/e-pood\/"},{"@type":"ListItem","position":2,"name":"Pood","item":"https:\/\/horticom.ee\/e-pood\/pood\/"},{"@type":"ListItem","position":3,"name":"P\u00f5imetikett valge 220 x 19,12mm lehed ca 1000tk"}]},{"@type":"WebSite","@id":"https:\/\/horticom.ee\/e-pood\/#website","url":"https:\/\/horticom.ee\/e-pood\/","name":"Horticom.ee","description":"Aianduskaubad ja kodukaubad nii harrastajatele kui professionaalidele","potentialAction":[{"@type":"SearchAction","target":{"@type":"EntryPoint","urlTemplate":"https:\/\/horticom.ee\/e-pood\/?s={search_term_string}"},"query-input":{"@type":"PropertyValueSpecification","valueRequired":true,"valueName":"search_term_string"}}],"inLanguage":"ru-RU"}]}},"_links":{"self":[{"href":"https:\/\/horticom.ee\/e-pood\/ru\/wp-json\/wp\/v2\/product\/2491238","targetHints":{"allow":["GET"]}}],"collection":[{"href":"https:\/\/horticom.ee\/e-pood\/ru\/wp-json\/wp\/v2\/product"}],"about":[{"href":"https:\/\/horticom.ee\/e-pood\/ru\/wp-json\/wp\/v2\/types\/product"}],"replies":[{"embeddable":true,"href":"https:\/\/horticom.ee\/e-pood\/ru\/wp-json\/wp\/v2\/comments?post=2491238"}],"wp:featuredmedia":[{"embeddable":true,"href":"https:\/\/horticom.ee\/e-pood\/ru\/wp-json\/wp\/v2\/media\/2491386"}],"wp:attachment":[{"href":"https:\/\/horticom.ee\/e-pood\/ru\/wp-json\/wp\/v2\/media?parent=2491238"}],"wp:term":[{"taxonomy":"product_cat","embeddable":true,"href":"https:\/\/horticom.ee\/e-pood\/ru\/wp-json\/wp\/v2\/product_cat?post=2491238"},{"taxonomy":"product_tag","embeddable":true,"href":"https:\/\/horticom.ee\/e-pood\/ru\/wp-json\/wp\/v2\/product_tag?post=2491238"}],"curies":[{"name":"wp","href":"https:\/\/api.w.org\/{rel}","templated":true}]}}