{"id":2491303,"date":"2025-11-10T17:00:47","date_gmt":"2025-11-10T15:00:47","guid":{"rendered":"https:\/\/horticom.ee\/e-pood\/toode\/kokkupandav-oksasaag-felco-602-loike-d80mm-kaal-160g-tera-16cm\/"},"modified":"2026-04-24T03:13:59","modified_gmt":"2026-04-24T00:13:59","slug":"kokkupandav-oksasaag-felco-602-loike-d80mm-kaal-160g-tera-16cm","status":"publish","type":"product","link":"https:\/\/horticom.ee\/e-pood\/ru\/toode\/kokkupandav-oksasaag-felco-602-loike-d80mm-kaal-160g-tera-16cm\/","title":{"rendered":"Kokkupandav oksasaag Felco 602 l\u00f5ike d80mm kaal 160g tera 16cm"},"content":{"rendered":"<p>Saag on disainitud laiema l\u00e4bim\u00f5\u00f5duga okste t\u00e4pseks l\u00f5ikamiseks. Roostevabast terasest oksasaag on varustatud libisemiskindla k\u00e4epidemega. Tera hambad on \u00fclevalt peenemad ja alt laiema ehitusega Saag on mugav nii v\u00e4ikses kui ka suures k\u00e4es hoides . Tera 80mm ja kaal 160g.<\/p>\n","protected":false},"excerpt":{"rendered":"<p>Saag on disainitud laiema l\u00e4bim\u00f5\u00f5duga okste t\u00e4pseks l\u00f5ikamiseks. Roostevabast terasest oksasaag on varustatud libisemiskindla k\u00e4epidemega. Tera hambad on \u00fclevalt peenemad ja alt laiema ehitusega Saag on mugav nii v\u00e4ikses kui ka suures k\u00e4es hoides . Tera 80mm ja kaal 160g.<\/p>\n","protected":false},"featured_media":2600510,"comment_status":"closed","ping_status":"closed","template":"","meta":{"_themeisle_gutenberg_block_has_review":false},"product_cat":[13341,13622],"product_tag":[],"class_list":{"0":"post-2491303","1":"product","2":"type-product","3":"status-publish","4":"has-post-thumbnail","6":"product_cat-oksasaed","7":"product_cat-aiatooriistad-tootjale","9":"first","10":"instock","11":"shipping-taxable","12":"purchasable","13":"product-type-simple"},"yoast_head":"<!-- This site is optimized with the Yoast SEO plugin v24.0 - https:\/\/yoast.com\/wordpress\/plugins\/seo\/ -->\n<title>Kokkupandav oksasaag Felco 602 l\u00f5ike d80mm kaal 160g tera 16cm - Horticom<\/title>\n<meta name=\"robots\" content=\"index, follow, max-snippet:-1, max-image-preview:large, max-video-preview:-1\" \/>\n<link rel=\"canonical\" href=\"https:\/\/horticom.ee\/e-pood\/toode\/kokkupandav-oksasaag-felco-602-loike-d80mm-kaal-160g-tera-16cm\/\" \/>\n<meta property=\"og:locale\" content=\"ru_RU\" \/>\n<meta property=\"og:type\" content=\"article\" \/>\n<meta property=\"og:title\" content=\"Kokkupandav oksasaag Felco 602 l\u00f5ike d80mm kaal 160g tera 16cm - Horticom\" \/>\n<meta property=\"og:description\" content=\"Saag on disainitud laiema l\u00e4bim\u00f5\u00f5duga okste t\u00e4pseks l\u00f5ikamiseks. Roostevabast terasest oksasaag on varustatud libisemiskindla k\u00e4epidemega. Tera hambad on \u00fclevalt peenemad ja alt laiema ehitusega Saag on mugav nii v\u00e4ikses kui ka suures k\u00e4es hoides . Tera 80mm ja kaal 160g.\" \/>\n<meta property=\"og:url\" content=\"https:\/\/horticom.ee\/e-pood\/toode\/kokkupandav-oksasaag-felco-602-loike-d80mm-kaal-160g-tera-16cm\/\" \/>\n<meta property=\"og:site_name\" content=\"Horticom.ee\" \/>\n<meta property=\"article:publisher\" content=\"https:\/\/www.facebook.com\/horticom.ee\/e-pood\" \/>\n<meta property=\"article:modified_time\" content=\"2026-04-24T00:13:59+00:00\" \/>\n<meta property=\"og:image\" content=\"https:\/\/horticom.ee\/e-pood\/wp-content\/uploads\/importedmedia\/product_2491303_0_3600070.jpg\" \/>\n\t<meta property=\"og:image:width\" content=\"1000\" \/>\n\t<meta property=\"og:image:height\" content=\"1000\" \/>\n\t<meta property=\"og:image:type\" content=\"image\/jpeg\" \/>\n<meta name=\"twitter:card\" content=\"summary_large_image\" \/>\n<script type=\"application\/ld+json\" class=\"yoast-schema-graph\">{\"@context\":\"https:\/\/schema.org\",\"@graph\":[{\"@type\":\"WebPage\",\"@id\":\"https:\/\/horticom.ee\/e-pood\/toode\/kokkupandav-oksasaag-felco-602-loike-d80mm-kaal-160g-tera-16cm\/\",\"url\":\"https:\/\/horticom.ee\/e-pood\/toode\/kokkupandav-oksasaag-felco-602-loike-d80mm-kaal-160g-tera-16cm\/\",\"name\":\"Kokkupandav oksasaag Felco 602 l\u00f5ike d80mm kaal 160g tera 16cm - Horticom\",\"isPartOf\":{\"@id\":\"https:\/\/horticom.ee\/e-pood\/#website\"},\"primaryImageOfPage\":{\"@id\":\"https:\/\/horticom.ee\/e-pood\/toode\/kokkupandav-oksasaag-felco-602-loike-d80mm-kaal-160g-tera-16cm\/#primaryimage\"},\"image\":{\"@id\":\"https:\/\/horticom.ee\/e-pood\/toode\/kokkupandav-oksasaag-felco-602-loike-d80mm-kaal-160g-tera-16cm\/#primaryimage\"},\"thumbnailUrl\":\"https:\/\/horticom.ee\/e-pood\/wp-content\/uploads\/importedmedia\/product_2491303_0_3600070.jpg\",\"datePublished\":\"2025-11-10T15:00:47+00:00\",\"dateModified\":\"2026-04-24T00:13:59+00:00\",\"breadcrumb\":{\"@id\":\"https:\/\/horticom.ee\/e-pood\/toode\/kokkupandav-oksasaag-felco-602-loike-d80mm-kaal-160g-tera-16cm\/#breadcrumb\"},\"inLanguage\":\"ru-RU\",\"potentialAction\":[{\"@type\":\"ReadAction\",\"target\":[\"https:\/\/horticom.ee\/e-pood\/toode\/kokkupandav-oksasaag-felco-602-loike-d80mm-kaal-160g-tera-16cm\/\"]}]},{\"@type\":\"ImageObject\",\"inLanguage\":\"ru-RU\",\"@id\":\"https:\/\/horticom.ee\/e-pood\/toode\/kokkupandav-oksasaag-felco-602-loike-d80mm-kaal-160g-tera-16cm\/#primaryimage\",\"url\":\"https:\/\/horticom.ee\/e-pood\/wp-content\/uploads\/importedmedia\/product_2491303_0_3600070.jpg\",\"contentUrl\":\"https:\/\/horticom.ee\/e-pood\/wp-content\/uploads\/importedmedia\/product_2491303_0_3600070.jpg\",\"width\":1000,\"height\":1000},{\"@type\":\"BreadcrumbList\",\"@id\":\"https:\/\/horticom.ee\/e-pood\/toode\/kokkupandav-oksasaag-felco-602-loike-d80mm-kaal-160g-tera-16cm\/#breadcrumb\",\"itemListElement\":[{\"@type\":\"ListItem\",\"position\":1,\"name\":\"Home\",\"item\":\"https:\/\/horticom.ee\/e-pood\/\"},{\"@type\":\"ListItem\",\"position\":2,\"name\":\"Pood\",\"item\":\"https:\/\/horticom.ee\/e-pood\/pood\/\"},{\"@type\":\"ListItem\",\"position\":3,\"name\":\"Kokkupandav oksasaag Felco 602 l\u00f5ike d80mm kaal 160g tera 16cm\"}]},{\"@type\":\"WebSite\",\"@id\":\"https:\/\/horticom.ee\/e-pood\/#website\",\"url\":\"https:\/\/horticom.ee\/e-pood\/\",\"name\":\"Horticom.ee\",\"description\":\"Aianduskaubad ja kodukaubad nii harrastajatele kui professionaalidele\",\"potentialAction\":[{\"@type\":\"SearchAction\",\"target\":{\"@type\":\"EntryPoint\",\"urlTemplate\":\"https:\/\/horticom.ee\/e-pood\/?s={search_term_string}\"},\"query-input\":{\"@type\":\"PropertyValueSpecification\",\"valueRequired\":true,\"valueName\":\"search_term_string\"}}],\"inLanguage\":\"ru-RU\"}]}<\/script>\n<!-- \/ Yoast SEO plugin. -->","yoast_head_json":{"title":"Kokkupandav oksasaag Felco 602 l\u00f5ike d80mm kaal 160g tera 16cm - Horticom","robots":{"index":"index","follow":"follow","max-snippet":"max-snippet:-1","max-image-preview":"max-image-preview:large","max-video-preview":"max-video-preview:-1"},"canonical":"https:\/\/horticom.ee\/e-pood\/toode\/kokkupandav-oksasaag-felco-602-loike-d80mm-kaal-160g-tera-16cm\/","og_locale":"ru_RU","og_type":"article","og_title":"Kokkupandav oksasaag Felco 602 l\u00f5ike d80mm kaal 160g tera 16cm - Horticom","og_description":"Saag on disainitud laiema l\u00e4bim\u00f5\u00f5duga okste t\u00e4pseks l\u00f5ikamiseks. Roostevabast terasest oksasaag on varustatud libisemiskindla k\u00e4epidemega. Tera hambad on \u00fclevalt peenemad ja alt laiema ehitusega Saag on mugav nii v\u00e4ikses kui ka suures k\u00e4es hoides . Tera 80mm ja kaal 160g.","og_url":"https:\/\/horticom.ee\/e-pood\/toode\/kokkupandav-oksasaag-felco-602-loike-d80mm-kaal-160g-tera-16cm\/","og_site_name":"Horticom.ee","article_publisher":"https:\/\/www.facebook.com\/horticom.ee\/e-pood","article_modified_time":"2026-04-24T00:13:59+00:00","og_image":[{"width":1000,"height":1000,"url":"https:\/\/horticom.ee\/e-pood\/wp-content\/uploads\/importedmedia\/product_2491303_0_3600070.jpg","type":"image\/jpeg"}],"twitter_card":"summary_large_image","schema":{"@context":"https:\/\/schema.org","@graph":[{"@type":"WebPage","@id":"https:\/\/horticom.ee\/e-pood\/toode\/kokkupandav-oksasaag-felco-602-loike-d80mm-kaal-160g-tera-16cm\/","url":"https:\/\/horticom.ee\/e-pood\/toode\/kokkupandav-oksasaag-felco-602-loike-d80mm-kaal-160g-tera-16cm\/","name":"Kokkupandav oksasaag Felco 602 l\u00f5ike d80mm kaal 160g tera 16cm - Horticom","isPartOf":{"@id":"https:\/\/horticom.ee\/e-pood\/#website"},"primaryImageOfPage":{"@id":"https:\/\/horticom.ee\/e-pood\/toode\/kokkupandav-oksasaag-felco-602-loike-d80mm-kaal-160g-tera-16cm\/#primaryimage"},"image":{"@id":"https:\/\/horticom.ee\/e-pood\/toode\/kokkupandav-oksasaag-felco-602-loike-d80mm-kaal-160g-tera-16cm\/#primaryimage"},"thumbnailUrl":"https:\/\/horticom.ee\/e-pood\/wp-content\/uploads\/importedmedia\/product_2491303_0_3600070.jpg","datePublished":"2025-11-10T15:00:47+00:00","dateModified":"2026-04-24T00:13:59+00:00","breadcrumb":{"@id":"https:\/\/horticom.ee\/e-pood\/toode\/kokkupandav-oksasaag-felco-602-loike-d80mm-kaal-160g-tera-16cm\/#breadcrumb"},"inLanguage":"ru-RU","potentialAction":[{"@type":"ReadAction","target":["https:\/\/horticom.ee\/e-pood\/toode\/kokkupandav-oksasaag-felco-602-loike-d80mm-kaal-160g-tera-16cm\/"]}]},{"@type":"ImageObject","inLanguage":"ru-RU","@id":"https:\/\/horticom.ee\/e-pood\/toode\/kokkupandav-oksasaag-felco-602-loike-d80mm-kaal-160g-tera-16cm\/#primaryimage","url":"https:\/\/horticom.ee\/e-pood\/wp-content\/uploads\/importedmedia\/product_2491303_0_3600070.jpg","contentUrl":"https:\/\/horticom.ee\/e-pood\/wp-content\/uploads\/importedmedia\/product_2491303_0_3600070.jpg","width":1000,"height":1000},{"@type":"BreadcrumbList","@id":"https:\/\/horticom.ee\/e-pood\/toode\/kokkupandav-oksasaag-felco-602-loike-d80mm-kaal-160g-tera-16cm\/#breadcrumb","itemListElement":[{"@type":"ListItem","position":1,"name":"Home","item":"https:\/\/horticom.ee\/e-pood\/"},{"@type":"ListItem","position":2,"name":"Pood","item":"https:\/\/horticom.ee\/e-pood\/pood\/"},{"@type":"ListItem","position":3,"name":"Kokkupandav oksasaag Felco 602 l\u00f5ike d80mm kaal 160g tera 16cm"}]},{"@type":"WebSite","@id":"https:\/\/horticom.ee\/e-pood\/#website","url":"https:\/\/horticom.ee\/e-pood\/","name":"Horticom.ee","description":"Aianduskaubad ja kodukaubad nii harrastajatele kui professionaalidele","potentialAction":[{"@type":"SearchAction","target":{"@type":"EntryPoint","urlTemplate":"https:\/\/horticom.ee\/e-pood\/?s={search_term_string}"},"query-input":{"@type":"PropertyValueSpecification","valueRequired":true,"valueName":"search_term_string"}}],"inLanguage":"ru-RU"}]}},"_links":{"self":[{"href":"https:\/\/horticom.ee\/e-pood\/ru\/wp-json\/wp\/v2\/product\/2491303","targetHints":{"allow":["GET"]}}],"collection":[{"href":"https:\/\/horticom.ee\/e-pood\/ru\/wp-json\/wp\/v2\/product"}],"about":[{"href":"https:\/\/horticom.ee\/e-pood\/ru\/wp-json\/wp\/v2\/types\/product"}],"replies":[{"embeddable":true,"href":"https:\/\/horticom.ee\/e-pood\/ru\/wp-json\/wp\/v2\/comments?post=2491303"}],"wp:featuredmedia":[{"embeddable":true,"href":"https:\/\/horticom.ee\/e-pood\/ru\/wp-json\/wp\/v2\/media\/2600510"}],"wp:attachment":[{"href":"https:\/\/horticom.ee\/e-pood\/ru\/wp-json\/wp\/v2\/media?parent=2491303"}],"wp:term":[{"taxonomy":"product_cat","embeddable":true,"href":"https:\/\/horticom.ee\/e-pood\/ru\/wp-json\/wp\/v2\/product_cat?post=2491303"},{"taxonomy":"product_tag","embeddable":true,"href":"https:\/\/horticom.ee\/e-pood\/ru\/wp-json\/wp\/v2\/product_tag?post=2491303"}],"curies":[{"name":"wp","href":"https:\/\/api.w.org\/{rel}","templated":true}]}}