{"id":2506275,"date":"2025-12-03T17:00:14","date_gmt":"2025-12-03T15:00:14","guid":{"rendered":"https:\/\/horticom.ee\/e-pood\/toode\/vaetis-marjadele-seklos-750g\/"},"modified":"2026-04-30T03:04:18","modified_gmt":"2026-04-30T00:04:18","slug":"vaetis-marjadele-seklos-750g","status":"publish","type":"product","link":"https:\/\/horticom.ee\/e-pood\/ru\/toode\/vaetis-marjadele-seklos-750g\/","title":{"rendered":"V\u00e4etis marjadele Seklos 750g"},"content":{"rendered":"<p>Granuleeritud kompleksv\u00e4etis marjap\u00f5\u00f5sastele ja viljapuudele. T\u00e4nu tasakaalustatud koostisele  t\u00f5useb taimede eluj\u00f5ud ja istikud juurduvad paremini. Kiireneb marjade ja viljade valmimine ning suureneb saak. Taimed \u00f5itsevad paremini ja muutuvad \u00fcldiselt vastupidavamaks keskkonna negatiivsete m\u00f5jude suhtes.<\/p>\n","protected":false},"excerpt":{"rendered":"<p>Granuleeritud kompleksv\u00e4etis marjap\u00f5\u00f5sastele ja viljapuudele. T\u00e4nu tasakaalustatud koostisele t\u00f5useb taimede eluj\u00f5ud ja istikud juurduvad paremini. Kiireneb marjade ja viljade valmimine ning suureneb saak. Taimed \u00f5itsevad paremini ja muutuvad \u00fcldiselt vastupidavamaks keskkonna negatiivsete m\u00f5jude suhtes.<\/p>\n","protected":false},"featured_media":2506374,"comment_status":"closed","ping_status":"closed","template":"","meta":{"_themeisle_gutenberg_block_has_review":false},"product_cat":[16966],"product_tag":[],"class_list":{"0":"post-2506275","1":"product","2":"type-product","3":"status-publish","4":"has-post-thumbnail","6":"product_cat-marjadele-ja-puuviljadele","8":"first","9":"outofstock","10":"sale","11":"shipping-taxable","12":"purchasable","13":"product-type-simple"},"yoast_head":"<!-- This site is optimized with the Yoast SEO plugin v24.0 - https:\/\/yoast.com\/wordpress\/plugins\/seo\/ -->\n<title>V\u00e4etis marjadele Seklos 750g - Horticom<\/title>\n<meta name=\"robots\" content=\"index, follow, max-snippet:-1, max-image-preview:large, max-video-preview:-1\" \/>\n<link rel=\"canonical\" href=\"https:\/\/horticom.ee\/e-pood\/toode\/vaetis-marjadele-seklos-750g\/\" \/>\n<meta property=\"og:locale\" content=\"ru_RU\" \/>\n<meta property=\"og:type\" content=\"article\" \/>\n<meta property=\"og:title\" content=\"V\u00e4etis marjadele Seklos 750g - Horticom\" \/>\n<meta property=\"og:description\" content=\"Granuleeritud kompleksv\u00e4etis marjap\u00f5\u00f5sastele ja viljapuudele. T\u00e4nu tasakaalustatud koostisele t\u00f5useb taimede eluj\u00f5ud ja istikud juurduvad paremini. Kiireneb marjade ja viljade valmimine ning suureneb saak. Taimed \u00f5itsevad paremini ja muutuvad \u00fcldiselt vastupidavamaks keskkonna negatiivsete m\u00f5jude suhtes.\" \/>\n<meta property=\"og:url\" content=\"https:\/\/horticom.ee\/e-pood\/toode\/vaetis-marjadele-seklos-750g\/\" \/>\n<meta property=\"og:site_name\" content=\"Horticom.ee\" \/>\n<meta property=\"article:publisher\" content=\"https:\/\/www.facebook.com\/horticom.ee\/e-pood\" \/>\n<meta property=\"article:modified_time\" content=\"2026-04-30T00:04:18+00:00\" \/>\n<meta property=\"og:image\" content=\"https:\/\/horticom.ee\/e-pood\/wp-content\/uploads\/importedmedia\/product_2506275_0_91S036.jpg\" \/>\n\t<meta property=\"og:image:width\" content=\"1000\" \/>\n\t<meta property=\"og:image:height\" content=\"1333\" \/>\n\t<meta property=\"og:image:type\" content=\"image\/jpeg\" \/>\n<meta name=\"twitter:card\" content=\"summary_large_image\" \/>\n<script type=\"application\/ld+json\" class=\"yoast-schema-graph\">{\"@context\":\"https:\/\/schema.org\",\"@graph\":[{\"@type\":\"WebPage\",\"@id\":\"https:\/\/horticom.ee\/e-pood\/toode\/vaetis-marjadele-seklos-750g\/\",\"url\":\"https:\/\/horticom.ee\/e-pood\/toode\/vaetis-marjadele-seklos-750g\/\",\"name\":\"V\u00e4etis marjadele Seklos 750g - Horticom\",\"isPartOf\":{\"@id\":\"https:\/\/horticom.ee\/e-pood\/#website\"},\"primaryImageOfPage\":{\"@id\":\"https:\/\/horticom.ee\/e-pood\/toode\/vaetis-marjadele-seklos-750g\/#primaryimage\"},\"image\":{\"@id\":\"https:\/\/horticom.ee\/e-pood\/toode\/vaetis-marjadele-seklos-750g\/#primaryimage\"},\"thumbnailUrl\":\"https:\/\/horticom.ee\/e-pood\/wp-content\/uploads\/importedmedia\/product_2506275_0_91S036.jpg\",\"datePublished\":\"2025-12-03T15:00:14+00:00\",\"dateModified\":\"2026-04-30T00:04:18+00:00\",\"breadcrumb\":{\"@id\":\"https:\/\/horticom.ee\/e-pood\/toode\/vaetis-marjadele-seklos-750g\/#breadcrumb\"},\"inLanguage\":\"ru-RU\",\"potentialAction\":[{\"@type\":\"ReadAction\",\"target\":[\"https:\/\/horticom.ee\/e-pood\/toode\/vaetis-marjadele-seklos-750g\/\"]}]},{\"@type\":\"ImageObject\",\"inLanguage\":\"ru-RU\",\"@id\":\"https:\/\/horticom.ee\/e-pood\/toode\/vaetis-marjadele-seklos-750g\/#primaryimage\",\"url\":\"https:\/\/horticom.ee\/e-pood\/wp-content\/uploads\/importedmedia\/product_2506275_0_91S036.jpg\",\"contentUrl\":\"https:\/\/horticom.ee\/e-pood\/wp-content\/uploads\/importedmedia\/product_2506275_0_91S036.jpg\",\"width\":1000,\"height\":1333},{\"@type\":\"BreadcrumbList\",\"@id\":\"https:\/\/horticom.ee\/e-pood\/toode\/vaetis-marjadele-seklos-750g\/#breadcrumb\",\"itemListElement\":[{\"@type\":\"ListItem\",\"position\":1,\"name\":\"Home\",\"item\":\"https:\/\/horticom.ee\/e-pood\/\"},{\"@type\":\"ListItem\",\"position\":2,\"name\":\"Pood\",\"item\":\"https:\/\/horticom.ee\/e-pood\/pood\/\"},{\"@type\":\"ListItem\",\"position\":3,\"name\":\"V\u00e4etis marjadele Seklos 750g\"}]},{\"@type\":\"WebSite\",\"@id\":\"https:\/\/horticom.ee\/e-pood\/#website\",\"url\":\"https:\/\/horticom.ee\/e-pood\/\",\"name\":\"Horticom.ee\",\"description\":\"Aianduskaubad ja kodukaubad nii harrastajatele kui professionaalidele\",\"potentialAction\":[{\"@type\":\"SearchAction\",\"target\":{\"@type\":\"EntryPoint\",\"urlTemplate\":\"https:\/\/horticom.ee\/e-pood\/?s={search_term_string}\"},\"query-input\":{\"@type\":\"PropertyValueSpecification\",\"valueRequired\":true,\"valueName\":\"search_term_string\"}}],\"inLanguage\":\"ru-RU\"}]}<\/script>\n<!-- \/ Yoast SEO plugin. -->","yoast_head_json":{"title":"V\u00e4etis marjadele Seklos 750g - Horticom","robots":{"index":"index","follow":"follow","max-snippet":"max-snippet:-1","max-image-preview":"max-image-preview:large","max-video-preview":"max-video-preview:-1"},"canonical":"https:\/\/horticom.ee\/e-pood\/toode\/vaetis-marjadele-seklos-750g\/","og_locale":"ru_RU","og_type":"article","og_title":"V\u00e4etis marjadele Seklos 750g - Horticom","og_description":"Granuleeritud kompleksv\u00e4etis marjap\u00f5\u00f5sastele ja viljapuudele. T\u00e4nu tasakaalustatud koostisele t\u00f5useb taimede eluj\u00f5ud ja istikud juurduvad paremini. Kiireneb marjade ja viljade valmimine ning suureneb saak. Taimed \u00f5itsevad paremini ja muutuvad \u00fcldiselt vastupidavamaks keskkonna negatiivsete m\u00f5jude suhtes.","og_url":"https:\/\/horticom.ee\/e-pood\/toode\/vaetis-marjadele-seklos-750g\/","og_site_name":"Horticom.ee","article_publisher":"https:\/\/www.facebook.com\/horticom.ee\/e-pood","article_modified_time":"2026-04-30T00:04:18+00:00","og_image":[{"width":1000,"height":1333,"url":"https:\/\/horticom.ee\/e-pood\/wp-content\/uploads\/importedmedia\/product_2506275_0_91S036.jpg","type":"image\/jpeg"}],"twitter_card":"summary_large_image","schema":{"@context":"https:\/\/schema.org","@graph":[{"@type":"WebPage","@id":"https:\/\/horticom.ee\/e-pood\/toode\/vaetis-marjadele-seklos-750g\/","url":"https:\/\/horticom.ee\/e-pood\/toode\/vaetis-marjadele-seklos-750g\/","name":"V\u00e4etis marjadele Seklos 750g - Horticom","isPartOf":{"@id":"https:\/\/horticom.ee\/e-pood\/#website"},"primaryImageOfPage":{"@id":"https:\/\/horticom.ee\/e-pood\/toode\/vaetis-marjadele-seklos-750g\/#primaryimage"},"image":{"@id":"https:\/\/horticom.ee\/e-pood\/toode\/vaetis-marjadele-seklos-750g\/#primaryimage"},"thumbnailUrl":"https:\/\/horticom.ee\/e-pood\/wp-content\/uploads\/importedmedia\/product_2506275_0_91S036.jpg","datePublished":"2025-12-03T15:00:14+00:00","dateModified":"2026-04-30T00:04:18+00:00","breadcrumb":{"@id":"https:\/\/horticom.ee\/e-pood\/toode\/vaetis-marjadele-seklos-750g\/#breadcrumb"},"inLanguage":"ru-RU","potentialAction":[{"@type":"ReadAction","target":["https:\/\/horticom.ee\/e-pood\/toode\/vaetis-marjadele-seklos-750g\/"]}]},{"@type":"ImageObject","inLanguage":"ru-RU","@id":"https:\/\/horticom.ee\/e-pood\/toode\/vaetis-marjadele-seklos-750g\/#primaryimage","url":"https:\/\/horticom.ee\/e-pood\/wp-content\/uploads\/importedmedia\/product_2506275_0_91S036.jpg","contentUrl":"https:\/\/horticom.ee\/e-pood\/wp-content\/uploads\/importedmedia\/product_2506275_0_91S036.jpg","width":1000,"height":1333},{"@type":"BreadcrumbList","@id":"https:\/\/horticom.ee\/e-pood\/toode\/vaetis-marjadele-seklos-750g\/#breadcrumb","itemListElement":[{"@type":"ListItem","position":1,"name":"Home","item":"https:\/\/horticom.ee\/e-pood\/"},{"@type":"ListItem","position":2,"name":"Pood","item":"https:\/\/horticom.ee\/e-pood\/pood\/"},{"@type":"ListItem","position":3,"name":"V\u00e4etis marjadele Seklos 750g"}]},{"@type":"WebSite","@id":"https:\/\/horticom.ee\/e-pood\/#website","url":"https:\/\/horticom.ee\/e-pood\/","name":"Horticom.ee","description":"Aianduskaubad ja kodukaubad nii harrastajatele kui professionaalidele","potentialAction":[{"@type":"SearchAction","target":{"@type":"EntryPoint","urlTemplate":"https:\/\/horticom.ee\/e-pood\/?s={search_term_string}"},"query-input":{"@type":"PropertyValueSpecification","valueRequired":true,"valueName":"search_term_string"}}],"inLanguage":"ru-RU"}]}},"_links":{"self":[{"href":"https:\/\/horticom.ee\/e-pood\/ru\/wp-json\/wp\/v2\/product\/2506275","targetHints":{"allow":["GET"]}}],"collection":[{"href":"https:\/\/horticom.ee\/e-pood\/ru\/wp-json\/wp\/v2\/product"}],"about":[{"href":"https:\/\/horticom.ee\/e-pood\/ru\/wp-json\/wp\/v2\/types\/product"}],"replies":[{"embeddable":true,"href":"https:\/\/horticom.ee\/e-pood\/ru\/wp-json\/wp\/v2\/comments?post=2506275"}],"wp:featuredmedia":[{"embeddable":true,"href":"https:\/\/horticom.ee\/e-pood\/ru\/wp-json\/wp\/v2\/media\/2506374"}],"wp:attachment":[{"href":"https:\/\/horticom.ee\/e-pood\/ru\/wp-json\/wp\/v2\/media?parent=2506275"}],"wp:term":[{"taxonomy":"product_cat","embeddable":true,"href":"https:\/\/horticom.ee\/e-pood\/ru\/wp-json\/wp\/v2\/product_cat?post=2506275"},{"taxonomy":"product_tag","embeddable":true,"href":"https:\/\/horticom.ee\/e-pood\/ru\/wp-json\/wp\/v2\/product_tag?post=2506275"}],"curies":[{"name":"wp","href":"https:\/\/api.w.org\/{rel}","templated":true}]}}