{"id":2534439,"date":"2026-01-15T13:00:30","date_gmt":"2026-01-15T11:00:30","guid":{"rendered":"https:\/\/horticom.ee\/e-pood\/toode\/aiakingad-naistele-one\/"},"modified":"2026-01-15T13:00:30","modified_gmt":"2026-01-15T11:00:30","slug":"aiakingad-naistele-one","status":"publish","type":"product","link":"https:\/\/horticom.ee\/e-pood\/ru\/toode\/aiakingad-naistele-one\/","title":{"rendered":"Aiakingad naistele One"},"content":{"rendered":"<p>Aiakingad naistele One on ultrakerged, kaaluga ca 220-235g. Pealismaterjal  on EVA light, sisetald on valmistatud pehmest vahtmaterjalist ja v\u00e4listald EVA materjalist. EVA materjali sees on \u00f5humulliksesed , mis tagab v\u00e4ga hea paindlikkuse ehk mugavuse jalale.<\/p>\n","protected":false},"excerpt":{"rendered":"<p>Aiakingad naistele One on ultrakerged, kaaluga ca 220-235g. Pealismaterjal on EVA light, sisetald on valmistatud pehmest vahtmaterjalist ja v\u00e4listald EVA materjalist. EVA materjali sees on \u00f5humulliksesed , mis tagab v\u00e4ga hea paindlikkuse ehk mugavuse jalale.<\/p>\n","protected":false},"featured_media":2534807,"comment_status":"closed","ping_status":"closed","template":"","meta":{"_themeisle_gutenberg_block_has_review":false},"product_cat":[18563,13418],"product_tag":[],"class_list":{"0":"post-2534439","1":"product","2":"type-product","3":"status-publish","4":"has-post-thumbnail","6":"product_cat-lopumuugitooted","7":"product_cat-jalanoud","9":"first","10":"outofstock","11":"sale","12":"shipping-taxable","13":"purchasable","14":"product-type-simple"},"yoast_head":"<!-- This site is optimized with the Yoast SEO plugin v24.0 - https:\/\/yoast.com\/wordpress\/plugins\/seo\/ -->\n<title>Aiakingad naistele One - Horticom<\/title>\n<meta name=\"robots\" content=\"index, follow, max-snippet:-1, max-image-preview:large, max-video-preview:-1\" \/>\n<link rel=\"canonical\" href=\"https:\/\/horticom.ee\/e-pood\/toode\/aiakingad-naistele-one\/\" \/>\n<meta property=\"og:locale\" content=\"ru_RU\" \/>\n<meta property=\"og:type\" content=\"article\" \/>\n<meta property=\"og:title\" content=\"Aiakingad naistele One - Horticom\" \/>\n<meta property=\"og:description\" content=\"Aiakingad naistele One on ultrakerged, kaaluga ca 220-235g. Pealismaterjal on EVA light, sisetald on valmistatud pehmest vahtmaterjalist ja v\u00e4listald EVA materjalist. EVA materjali sees on \u00f5humulliksesed , mis tagab v\u00e4ga hea paindlikkuse ehk mugavuse jalale.\" \/>\n<meta property=\"og:url\" content=\"https:\/\/horticom.ee\/e-pood\/toode\/aiakingad-naistele-one\/\" \/>\n<meta property=\"og:site_name\" content=\"Horticom.ee\" \/>\n<meta property=\"article:publisher\" content=\"https:\/\/www.facebook.com\/horticom.ee\/e-pood\" \/>\n<meta name=\"twitter:card\" content=\"summary_large_image\" \/>\n<script type=\"application\/ld+json\" class=\"yoast-schema-graph\">{\"@context\":\"https:\/\/schema.org\",\"@graph\":[{\"@type\":\"WebPage\",\"@id\":\"https:\/\/horticom.ee\/e-pood\/toode\/aiakingad-naistele-one\/\",\"url\":\"https:\/\/horticom.ee\/e-pood\/toode\/aiakingad-naistele-one\/\",\"name\":\"Aiakingad naistele One - Horticom\",\"isPartOf\":{\"@id\":\"https:\/\/horticom.ee\/e-pood\/#website\"},\"primaryImageOfPage\":{\"@id\":\"https:\/\/horticom.ee\/e-pood\/toode\/aiakingad-naistele-one\/#primaryimage\"},\"image\":{\"@id\":\"https:\/\/horticom.ee\/e-pood\/toode\/aiakingad-naistele-one\/#primaryimage\"},\"thumbnailUrl\":\"https:\/\/horticom.ee\/e-pood\/wp-content\/uploads\/importedmedia\/product_2534439_0_203RCAKNONE.jpg\",\"datePublished\":\"2026-01-15T11:00:30+00:00\",\"dateModified\":\"2026-01-15T11:00:30+00:00\",\"breadcrumb\":{\"@id\":\"https:\/\/horticom.ee\/e-pood\/toode\/aiakingad-naistele-one\/#breadcrumb\"},\"inLanguage\":\"ru-RU\",\"potentialAction\":[{\"@type\":\"ReadAction\",\"target\":[\"https:\/\/horticom.ee\/e-pood\/toode\/aiakingad-naistele-one\/\"]}]},{\"@type\":\"ImageObject\",\"inLanguage\":\"ru-RU\",\"@id\":\"https:\/\/horticom.ee\/e-pood\/toode\/aiakingad-naistele-one\/#primaryimage\",\"url\":\"https:\/\/horticom.ee\/e-pood\/wp-content\/uploads\/importedmedia\/product_2534439_0_203RCAKNONE.jpg\",\"contentUrl\":\"https:\/\/horticom.ee\/e-pood\/wp-content\/uploads\/importedmedia\/product_2534439_0_203RCAKNONE.jpg\",\"width\":1000,\"height\":1191},{\"@type\":\"BreadcrumbList\",\"@id\":\"https:\/\/horticom.ee\/e-pood\/toode\/aiakingad-naistele-one\/#breadcrumb\",\"itemListElement\":[{\"@type\":\"ListItem\",\"position\":1,\"name\":\"Home\",\"item\":\"https:\/\/horticom.ee\/e-pood\/\"},{\"@type\":\"ListItem\",\"position\":2,\"name\":\"Pood\",\"item\":\"https:\/\/horticom.ee\/e-pood\/pood\/\"},{\"@type\":\"ListItem\",\"position\":3,\"name\":\"Aiakingad naistele One\"}]},{\"@type\":\"WebSite\",\"@id\":\"https:\/\/horticom.ee\/e-pood\/#website\",\"url\":\"https:\/\/horticom.ee\/e-pood\/\",\"name\":\"Horticom.ee\",\"description\":\"Aianduskaubad ja kodukaubad nii harrastajatele kui professionaalidele\",\"potentialAction\":[{\"@type\":\"SearchAction\",\"target\":{\"@type\":\"EntryPoint\",\"urlTemplate\":\"https:\/\/horticom.ee\/e-pood\/?s={search_term_string}\"},\"query-input\":{\"@type\":\"PropertyValueSpecification\",\"valueRequired\":true,\"valueName\":\"search_term_string\"}}],\"inLanguage\":\"ru-RU\"}]}<\/script>\n<!-- \/ Yoast SEO plugin. -->","yoast_head_json":{"title":"Aiakingad naistele One - Horticom","robots":{"index":"index","follow":"follow","max-snippet":"max-snippet:-1","max-image-preview":"max-image-preview:large","max-video-preview":"max-video-preview:-1"},"canonical":"https:\/\/horticom.ee\/e-pood\/toode\/aiakingad-naistele-one\/","og_locale":"ru_RU","og_type":"article","og_title":"Aiakingad naistele One - Horticom","og_description":"Aiakingad naistele One on ultrakerged, kaaluga ca 220-235g. Pealismaterjal on EVA light, sisetald on valmistatud pehmest vahtmaterjalist ja v\u00e4listald EVA materjalist. EVA materjali sees on \u00f5humulliksesed , mis tagab v\u00e4ga hea paindlikkuse ehk mugavuse jalale.","og_url":"https:\/\/horticom.ee\/e-pood\/toode\/aiakingad-naistele-one\/","og_site_name":"Horticom.ee","article_publisher":"https:\/\/www.facebook.com\/horticom.ee\/e-pood","twitter_card":"summary_large_image","schema":{"@context":"https:\/\/schema.org","@graph":[{"@type":"WebPage","@id":"https:\/\/horticom.ee\/e-pood\/toode\/aiakingad-naistele-one\/","url":"https:\/\/horticom.ee\/e-pood\/toode\/aiakingad-naistele-one\/","name":"Aiakingad naistele One - Horticom","isPartOf":{"@id":"https:\/\/horticom.ee\/e-pood\/#website"},"primaryImageOfPage":{"@id":"https:\/\/horticom.ee\/e-pood\/toode\/aiakingad-naistele-one\/#primaryimage"},"image":{"@id":"https:\/\/horticom.ee\/e-pood\/toode\/aiakingad-naistele-one\/#primaryimage"},"thumbnailUrl":"https:\/\/horticom.ee\/e-pood\/wp-content\/uploads\/importedmedia\/product_2534439_0_203RCAKNONE.jpg","datePublished":"2026-01-15T11:00:30+00:00","dateModified":"2026-01-15T11:00:30+00:00","breadcrumb":{"@id":"https:\/\/horticom.ee\/e-pood\/toode\/aiakingad-naistele-one\/#breadcrumb"},"inLanguage":"ru-RU","potentialAction":[{"@type":"ReadAction","target":["https:\/\/horticom.ee\/e-pood\/toode\/aiakingad-naistele-one\/"]}]},{"@type":"ImageObject","inLanguage":"ru-RU","@id":"https:\/\/horticom.ee\/e-pood\/toode\/aiakingad-naistele-one\/#primaryimage","url":"https:\/\/horticom.ee\/e-pood\/wp-content\/uploads\/importedmedia\/product_2534439_0_203RCAKNONE.jpg","contentUrl":"https:\/\/horticom.ee\/e-pood\/wp-content\/uploads\/importedmedia\/product_2534439_0_203RCAKNONE.jpg","width":1000,"height":1191},{"@type":"BreadcrumbList","@id":"https:\/\/horticom.ee\/e-pood\/toode\/aiakingad-naistele-one\/#breadcrumb","itemListElement":[{"@type":"ListItem","position":1,"name":"Home","item":"https:\/\/horticom.ee\/e-pood\/"},{"@type":"ListItem","position":2,"name":"Pood","item":"https:\/\/horticom.ee\/e-pood\/pood\/"},{"@type":"ListItem","position":3,"name":"Aiakingad naistele One"}]},{"@type":"WebSite","@id":"https:\/\/horticom.ee\/e-pood\/#website","url":"https:\/\/horticom.ee\/e-pood\/","name":"Horticom.ee","description":"Aianduskaubad ja kodukaubad nii harrastajatele kui professionaalidele","potentialAction":[{"@type":"SearchAction","target":{"@type":"EntryPoint","urlTemplate":"https:\/\/horticom.ee\/e-pood\/?s={search_term_string}"},"query-input":{"@type":"PropertyValueSpecification","valueRequired":true,"valueName":"search_term_string"}}],"inLanguage":"ru-RU"}]}},"_links":{"self":[{"href":"https:\/\/horticom.ee\/e-pood\/ru\/wp-json\/wp\/v2\/product\/2534439","targetHints":{"allow":["GET"]}}],"collection":[{"href":"https:\/\/horticom.ee\/e-pood\/ru\/wp-json\/wp\/v2\/product"}],"about":[{"href":"https:\/\/horticom.ee\/e-pood\/ru\/wp-json\/wp\/v2\/types\/product"}],"replies":[{"embeddable":true,"href":"https:\/\/horticom.ee\/e-pood\/ru\/wp-json\/wp\/v2\/comments?post=2534439"}],"wp:featuredmedia":[{"embeddable":true,"href":"https:\/\/horticom.ee\/e-pood\/ru\/wp-json\/wp\/v2\/media\/2534807"}],"wp:attachment":[{"href":"https:\/\/horticom.ee\/e-pood\/ru\/wp-json\/wp\/v2\/media?parent=2534439"}],"wp:term":[{"taxonomy":"product_cat","embeddable":true,"href":"https:\/\/horticom.ee\/e-pood\/ru\/wp-json\/wp\/v2\/product_cat?post=2534439"},{"taxonomy":"product_tag","embeddable":true,"href":"https:\/\/horticom.ee\/e-pood\/ru\/wp-json\/wp\/v2\/product_tag?post=2534439"}],"curies":[{"name":"wp","href":"https:\/\/api.w.org\/{rel}","templated":true}]}}