{"id":2538404,"date":"2026-01-21T17:00:26","date_gmt":"2026-01-21T15:00:26","guid":{"rendered":"https:\/\/horticom.ee\/e-pood\/toode\/tigude-ja-nalkjate-looduslik-torjevahend-snail_slimak-stop-650g\/"},"modified":"2026-05-02T03:11:14","modified_gmt":"2026-05-02T00:11:14","slug":"tigude-ja-nalkjate-looduslik-torjevahend-snail_slimak-stop-650g","status":"publish","type":"product","link":"https:\/\/horticom.ee\/e-pood\/ru\/toode\/tigude-ja-nalkjate-looduslik-torjevahend-snail_slimak-stop-650g\/","title":{"rendered":"Tigude ja n\u00e4lkjate looduslik t\u00f5rjevahend Snail_\u015alimak Stop 650g"},"content":{"rendered":"<p>Snail_\u015alimak  Stop  on looduslikel merekarpidel p\u00f5hinev toode, mis on loodud tigude eest barj\u00e4\u00e4ri loomiseks. Toode loob purustatud, teravate servadega karpidest f\u00fc\u00fcsilise barj\u00e4\u00e4ri, mis takistab tigude sisenemist p\u00f5llukultuuridesse. \u00dcle toote l\u00e4bi tungida \u00fcritavad teod ja n\u00e4lkjad p\u00f5rkavad kokku karpide teravate servadega. See sunnib neid taanduma, hoides \u00e4ra taimede kahjustumise. Toode on vihmakindel.<br \/>\nTigude ja n\u00e4lkjate  looduslik t\u00f5rjevahend Snail_\u015alimak  Stop<br \/>\n&#8211; looduslik kaitse tigude ja n\u00e4lkjate eest<br \/>\n&#8211; ohutu loomadele ja inimestele<br \/>\n&#8211; toetab \u00f6koloogilist aiakaitset<br \/>\n&#8211; rikastab mulda mineraalidega<br \/>\n&#8211; ei sisalda keemilisi pestitsiide<br \/>\n&#8211; vihmakindel<br \/>\n&#8211; keskkonnas\u00f5bralik kaitse: looduslik koostis, ei sisalda keemilisi<br \/>\npestitsiide \u2013 ohutu keskkonnale, inimestele ja loomadele<\/p>\n","protected":false},"excerpt":{"rendered":"<p>Snail_\u015alimak Stop on looduslikel merekarpidel p\u00f5hinev toode, mis on loodud tigude eest barj\u00e4\u00e4ri loomiseks. Toode loob purustatud, teravate servadega karpidest f\u00fc\u00fcsilise barj\u00e4\u00e4ri, mis takistab tigude sisenemist p\u00f5llukultuuridesse. \u00dcle toote l\u00e4bi tungida \u00fcritavad teod ja n\u00e4lkjad p\u00f5rkavad kokku karpide teravate servadega. See sunnib neid taanduma, hoides \u00e4ra taimede kahjustumise. Toode on vihmakindel. Tigude ja n\u00e4lkjate looduslik [&hellip;]<\/p>\n","protected":false},"featured_media":2538427,"comment_status":"closed","ping_status":"closed","template":"","meta":{"_themeisle_gutenberg_block_has_review":false},"product_cat":[13595],"product_tag":[],"class_list":{"0":"post-2538404","1":"product","2":"type-product","3":"status-publish","4":"has-post-thumbnail","6":"product_cat-teod","8":"first","9":"instock","10":"shipping-taxable","11":"purchasable","12":"product-type-simple"},"yoast_head":"<!-- This site is optimized with the Yoast SEO plugin v24.0 - https:\/\/yoast.com\/wordpress\/plugins\/seo\/ -->\n<title>Tigude ja n\u00e4lkjate looduslik t\u00f5rjevahend Snail_\u015alimak Stop 650g - Horticom<\/title>\n<meta name=\"robots\" content=\"index, follow, max-snippet:-1, max-image-preview:large, max-video-preview:-1\" \/>\n<link rel=\"canonical\" href=\"https:\/\/horticom.ee\/e-pood\/toode\/tigude-ja-nalkjate-looduslik-torjevahend-snail_slimak-stop-650g\/\" \/>\n<meta property=\"og:locale\" content=\"ru_RU\" \/>\n<meta property=\"og:type\" content=\"article\" \/>\n<meta property=\"og:title\" content=\"Tigude ja n\u00e4lkjate looduslik t\u00f5rjevahend Snail_\u015alimak Stop 650g - Horticom\" \/>\n<meta property=\"og:description\" content=\"Snail_\u015alimak Stop on looduslikel merekarpidel p\u00f5hinev toode, mis on loodud tigude eest barj\u00e4\u00e4ri loomiseks. Toode loob purustatud, teravate servadega karpidest f\u00fc\u00fcsilise barj\u00e4\u00e4ri, mis takistab tigude sisenemist p\u00f5llukultuuridesse. \u00dcle toote l\u00e4bi tungida \u00fcritavad teod ja n\u00e4lkjad p\u00f5rkavad kokku karpide teravate servadega. See sunnib neid taanduma, hoides \u00e4ra taimede kahjustumise. Toode on vihmakindel. Tigude ja n\u00e4lkjate looduslik [&hellip;]\" \/>\n<meta property=\"og:url\" content=\"https:\/\/horticom.ee\/e-pood\/toode\/tigude-ja-nalkjate-looduslik-torjevahend-snail_slimak-stop-650g\/\" \/>\n<meta property=\"og:site_name\" content=\"Horticom.ee\" \/>\n<meta property=\"article:publisher\" content=\"https:\/\/www.facebook.com\/horticom.ee\/e-pood\" \/>\n<meta property=\"article:modified_time\" content=\"2026-05-02T00:11:14+00:00\" \/>\n<meta property=\"og:image\" content=\"https:\/\/horticom.ee\/e-pood\/wp-content\/uploads\/importedmedia\/product_2538404_0_P02281.jpg\" \/>\n\t<meta property=\"og:image:width\" content=\"1000\" \/>\n\t<meta property=\"og:image:height\" content=\"1000\" \/>\n\t<meta property=\"og:image:type\" content=\"image\/jpeg\" \/>\n<meta name=\"twitter:card\" content=\"summary_large_image\" \/>\n<meta name=\"twitter:label1\" content=\"\u041f\u0440\u0438\u043c\u0435\u0440\u043d\u043e\u0435 \u0432\u0440\u0435\u043c\u044f \u0434\u043b\u044f \u0447\u0442\u0435\u043d\u0438\u044f\" \/>\n\t<meta name=\"twitter:data1\" content=\"1 \u043c\u0438\u043d\u0443\u0442\u0430\" \/>\n<script type=\"application\/ld+json\" class=\"yoast-schema-graph\">{\"@context\":\"https:\/\/schema.org\",\"@graph\":[{\"@type\":\"WebPage\",\"@id\":\"https:\/\/horticom.ee\/e-pood\/toode\/tigude-ja-nalkjate-looduslik-torjevahend-snail_slimak-stop-650g\/\",\"url\":\"https:\/\/horticom.ee\/e-pood\/toode\/tigude-ja-nalkjate-looduslik-torjevahend-snail_slimak-stop-650g\/\",\"name\":\"Tigude ja n\u00e4lkjate looduslik t\u00f5rjevahend Snail_\u015alimak Stop 650g - Horticom\",\"isPartOf\":{\"@id\":\"https:\/\/horticom.ee\/e-pood\/#website\"},\"primaryImageOfPage\":{\"@id\":\"https:\/\/horticom.ee\/e-pood\/toode\/tigude-ja-nalkjate-looduslik-torjevahend-snail_slimak-stop-650g\/#primaryimage\"},\"image\":{\"@id\":\"https:\/\/horticom.ee\/e-pood\/toode\/tigude-ja-nalkjate-looduslik-torjevahend-snail_slimak-stop-650g\/#primaryimage\"},\"thumbnailUrl\":\"https:\/\/horticom.ee\/e-pood\/wp-content\/uploads\/importedmedia\/product_2538404_0_P02281.jpg\",\"datePublished\":\"2026-01-21T15:00:26+00:00\",\"dateModified\":\"2026-05-02T00:11:14+00:00\",\"breadcrumb\":{\"@id\":\"https:\/\/horticom.ee\/e-pood\/toode\/tigude-ja-nalkjate-looduslik-torjevahend-snail_slimak-stop-650g\/#breadcrumb\"},\"inLanguage\":\"ru-RU\",\"potentialAction\":[{\"@type\":\"ReadAction\",\"target\":[\"https:\/\/horticom.ee\/e-pood\/toode\/tigude-ja-nalkjate-looduslik-torjevahend-snail_slimak-stop-650g\/\"]}]},{\"@type\":\"ImageObject\",\"inLanguage\":\"ru-RU\",\"@id\":\"https:\/\/horticom.ee\/e-pood\/toode\/tigude-ja-nalkjate-looduslik-torjevahend-snail_slimak-stop-650g\/#primaryimage\",\"url\":\"https:\/\/horticom.ee\/e-pood\/wp-content\/uploads\/importedmedia\/product_2538404_0_P02281.jpg\",\"contentUrl\":\"https:\/\/horticom.ee\/e-pood\/wp-content\/uploads\/importedmedia\/product_2538404_0_P02281.jpg\",\"width\":1000,\"height\":1000},{\"@type\":\"BreadcrumbList\",\"@id\":\"https:\/\/horticom.ee\/e-pood\/toode\/tigude-ja-nalkjate-looduslik-torjevahend-snail_slimak-stop-650g\/#breadcrumb\",\"itemListElement\":[{\"@type\":\"ListItem\",\"position\":1,\"name\":\"Home\",\"item\":\"https:\/\/horticom.ee\/e-pood\/\"},{\"@type\":\"ListItem\",\"position\":2,\"name\":\"Pood\",\"item\":\"https:\/\/horticom.ee\/e-pood\/pood\/\"},{\"@type\":\"ListItem\",\"position\":3,\"name\":\"Tigude ja n\u00e4lkjate looduslik t\u00f5rjevahend Snail_\u015alimak Stop 650g\"}]},{\"@type\":\"WebSite\",\"@id\":\"https:\/\/horticom.ee\/e-pood\/#website\",\"url\":\"https:\/\/horticom.ee\/e-pood\/\",\"name\":\"Horticom.ee\",\"description\":\"Aianduskaubad ja kodukaubad nii harrastajatele kui professionaalidele\",\"potentialAction\":[{\"@type\":\"SearchAction\",\"target\":{\"@type\":\"EntryPoint\",\"urlTemplate\":\"https:\/\/horticom.ee\/e-pood\/?s={search_term_string}\"},\"query-input\":{\"@type\":\"PropertyValueSpecification\",\"valueRequired\":true,\"valueName\":\"search_term_string\"}}],\"inLanguage\":\"ru-RU\"}]}<\/script>\n<!-- \/ Yoast SEO plugin. -->","yoast_head_json":{"title":"Tigude ja n\u00e4lkjate looduslik t\u00f5rjevahend Snail_\u015alimak Stop 650g - Horticom","robots":{"index":"index","follow":"follow","max-snippet":"max-snippet:-1","max-image-preview":"max-image-preview:large","max-video-preview":"max-video-preview:-1"},"canonical":"https:\/\/horticom.ee\/e-pood\/toode\/tigude-ja-nalkjate-looduslik-torjevahend-snail_slimak-stop-650g\/","og_locale":"ru_RU","og_type":"article","og_title":"Tigude ja n\u00e4lkjate looduslik t\u00f5rjevahend Snail_\u015alimak Stop 650g - Horticom","og_description":"Snail_\u015alimak Stop on looduslikel merekarpidel p\u00f5hinev toode, mis on loodud tigude eest barj\u00e4\u00e4ri loomiseks. Toode loob purustatud, teravate servadega karpidest f\u00fc\u00fcsilise barj\u00e4\u00e4ri, mis takistab tigude sisenemist p\u00f5llukultuuridesse. \u00dcle toote l\u00e4bi tungida \u00fcritavad teod ja n\u00e4lkjad p\u00f5rkavad kokku karpide teravate servadega. See sunnib neid taanduma, hoides \u00e4ra taimede kahjustumise. Toode on vihmakindel. Tigude ja n\u00e4lkjate looduslik [&hellip;]","og_url":"https:\/\/horticom.ee\/e-pood\/toode\/tigude-ja-nalkjate-looduslik-torjevahend-snail_slimak-stop-650g\/","og_site_name":"Horticom.ee","article_publisher":"https:\/\/www.facebook.com\/horticom.ee\/e-pood","article_modified_time":"2026-05-02T00:11:14+00:00","og_image":[{"width":1000,"height":1000,"url":"https:\/\/horticom.ee\/e-pood\/wp-content\/uploads\/importedmedia\/product_2538404_0_P02281.jpg","type":"image\/jpeg"}],"twitter_card":"summary_large_image","twitter_misc":{"\u041f\u0440\u0438\u043c\u0435\u0440\u043d\u043e\u0435 \u0432\u0440\u0435\u043c\u044f \u0434\u043b\u044f \u0447\u0442\u0435\u043d\u0438\u044f":"1 \u043c\u0438\u043d\u0443\u0442\u0430"},"schema":{"@context":"https:\/\/schema.org","@graph":[{"@type":"WebPage","@id":"https:\/\/horticom.ee\/e-pood\/toode\/tigude-ja-nalkjate-looduslik-torjevahend-snail_slimak-stop-650g\/","url":"https:\/\/horticom.ee\/e-pood\/toode\/tigude-ja-nalkjate-looduslik-torjevahend-snail_slimak-stop-650g\/","name":"Tigude ja n\u00e4lkjate looduslik t\u00f5rjevahend Snail_\u015alimak Stop 650g - Horticom","isPartOf":{"@id":"https:\/\/horticom.ee\/e-pood\/#website"},"primaryImageOfPage":{"@id":"https:\/\/horticom.ee\/e-pood\/toode\/tigude-ja-nalkjate-looduslik-torjevahend-snail_slimak-stop-650g\/#primaryimage"},"image":{"@id":"https:\/\/horticom.ee\/e-pood\/toode\/tigude-ja-nalkjate-looduslik-torjevahend-snail_slimak-stop-650g\/#primaryimage"},"thumbnailUrl":"https:\/\/horticom.ee\/e-pood\/wp-content\/uploads\/importedmedia\/product_2538404_0_P02281.jpg","datePublished":"2026-01-21T15:00:26+00:00","dateModified":"2026-05-02T00:11:14+00:00","breadcrumb":{"@id":"https:\/\/horticom.ee\/e-pood\/toode\/tigude-ja-nalkjate-looduslik-torjevahend-snail_slimak-stop-650g\/#breadcrumb"},"inLanguage":"ru-RU","potentialAction":[{"@type":"ReadAction","target":["https:\/\/horticom.ee\/e-pood\/toode\/tigude-ja-nalkjate-looduslik-torjevahend-snail_slimak-stop-650g\/"]}]},{"@type":"ImageObject","inLanguage":"ru-RU","@id":"https:\/\/horticom.ee\/e-pood\/toode\/tigude-ja-nalkjate-looduslik-torjevahend-snail_slimak-stop-650g\/#primaryimage","url":"https:\/\/horticom.ee\/e-pood\/wp-content\/uploads\/importedmedia\/product_2538404_0_P02281.jpg","contentUrl":"https:\/\/horticom.ee\/e-pood\/wp-content\/uploads\/importedmedia\/product_2538404_0_P02281.jpg","width":1000,"height":1000},{"@type":"BreadcrumbList","@id":"https:\/\/horticom.ee\/e-pood\/toode\/tigude-ja-nalkjate-looduslik-torjevahend-snail_slimak-stop-650g\/#breadcrumb","itemListElement":[{"@type":"ListItem","position":1,"name":"Home","item":"https:\/\/horticom.ee\/e-pood\/"},{"@type":"ListItem","position":2,"name":"Pood","item":"https:\/\/horticom.ee\/e-pood\/pood\/"},{"@type":"ListItem","position":3,"name":"Tigude ja n\u00e4lkjate looduslik t\u00f5rjevahend Snail_\u015alimak Stop 650g"}]},{"@type":"WebSite","@id":"https:\/\/horticom.ee\/e-pood\/#website","url":"https:\/\/horticom.ee\/e-pood\/","name":"Horticom.ee","description":"Aianduskaubad ja kodukaubad nii harrastajatele kui professionaalidele","potentialAction":[{"@type":"SearchAction","target":{"@type":"EntryPoint","urlTemplate":"https:\/\/horticom.ee\/e-pood\/?s={search_term_string}"},"query-input":{"@type":"PropertyValueSpecification","valueRequired":true,"valueName":"search_term_string"}}],"inLanguage":"ru-RU"}]}},"_links":{"self":[{"href":"https:\/\/horticom.ee\/e-pood\/ru\/wp-json\/wp\/v2\/product\/2538404","targetHints":{"allow":["GET"]}}],"collection":[{"href":"https:\/\/horticom.ee\/e-pood\/ru\/wp-json\/wp\/v2\/product"}],"about":[{"href":"https:\/\/horticom.ee\/e-pood\/ru\/wp-json\/wp\/v2\/types\/product"}],"replies":[{"embeddable":true,"href":"https:\/\/horticom.ee\/e-pood\/ru\/wp-json\/wp\/v2\/comments?post=2538404"}],"wp:featuredmedia":[{"embeddable":true,"href":"https:\/\/horticom.ee\/e-pood\/ru\/wp-json\/wp\/v2\/media\/2538427"}],"wp:attachment":[{"href":"https:\/\/horticom.ee\/e-pood\/ru\/wp-json\/wp\/v2\/media?parent=2538404"}],"wp:term":[{"taxonomy":"product_cat","embeddable":true,"href":"https:\/\/horticom.ee\/e-pood\/ru\/wp-json\/wp\/v2\/product_cat?post=2538404"},{"taxonomy":"product_tag","embeddable":true,"href":"https:\/\/horticom.ee\/e-pood\/ru\/wp-json\/wp\/v2\/product_tag?post=2538404"}],"curies":[{"name":"wp","href":"https:\/\/api.w.org\/{rel}","templated":true}]}}