{"id":2542914,"date":"2026-01-27T17:00:27","date_gmt":"2026-01-27T15:00:27","guid":{"rendered":"https:\/\/horticom.ee\/e-pood\/toode\/rotiloks-puur-traat-2\/"},"modified":"2026-05-13T03:13:19","modified_gmt":"2026-05-13T00:13:19","slug":"rotiloks-puur-traat-2","status":"publish","type":"product","link":"https:\/\/horticom.ee\/e-pood\/ru\/toode\/rotiloks-puur-traat-2\/","title":{"rendered":"Rotil\u00f5ks puur traat"},"content":{"rendered":"<p>S\u00f5bralik puur roti kindlaks k\u00e4ttesaamiseks, ei tapa!. L\u00f5ksu disain v\u00f5imaldab h\u00f5lpsalt n\u00e4ha, kas olete roti kinni p\u00fc\u00fcdnud.  Parim on kinnip\u00fc\u00fctud rotid vabastada m\u00f5ne kilomeetri kaugusel oma asukohast. See traadist rotil\u00f5ks on valmistatud tsingitud terasest ja puidust, M\u00f5\u00f5dud: 29 x 13 x 11,5 cm (pikkus x k\u00f5rgus x laius).<\/p>\n","protected":false},"excerpt":{"rendered":"<p>S\u00f5bralik puur roti kindlaks k\u00e4ttesaamiseks, ei tapa!. L\u00f5ksu disain v\u00f5imaldab h\u00f5lpsalt n\u00e4ha, kas olete roti kinni p\u00fc\u00fcdnud. Parim on kinnip\u00fc\u00fctud rotid vabastada m\u00f5ne kilomeetri kaugusel oma asukohast. See traadist rotil\u00f5ks on valmistatud tsingitud terasest ja puidust, M\u00f5\u00f5dud: 29 x 13 x 11,5 cm (pikkus x k\u00f5rgus x laius).<\/p>\n","protected":false},"featured_media":2543792,"comment_status":"closed","ping_status":"closed","template":"","meta":{"_themeisle_gutenberg_block_has_review":false},"product_cat":[13604],"product_tag":[],"class_list":{"0":"post-2542914","1":"product","2":"type-product","3":"status-publish","4":"has-post-thumbnail","6":"product_cat-hiired-ja-rotid","8":"first","9":"instock","10":"shipping-taxable","11":"purchasable","12":"product-type-simple"},"yoast_head":"<!-- This site is optimized with the Yoast SEO plugin v24.0 - https:\/\/yoast.com\/wordpress\/plugins\/seo\/ -->\n<title>Rotil\u00f5ks puur traat - Horticom<\/title>\n<meta name=\"robots\" content=\"index, follow, max-snippet:-1, max-image-preview:large, max-video-preview:-1\" \/>\n<link rel=\"canonical\" href=\"https:\/\/horticom.ee\/e-pood\/toode\/rotiloks-puur-traat-2\/\" \/>\n<meta property=\"og:locale\" content=\"ru_RU\" \/>\n<meta property=\"og:type\" content=\"article\" \/>\n<meta property=\"og:title\" content=\"Rotil\u00f5ks puur traat - Horticom\" \/>\n<meta property=\"og:description\" content=\"S\u00f5bralik puur roti kindlaks k\u00e4ttesaamiseks, ei tapa!. L\u00f5ksu disain v\u00f5imaldab h\u00f5lpsalt n\u00e4ha, kas olete roti kinni p\u00fc\u00fcdnud. Parim on kinnip\u00fc\u00fctud rotid vabastada m\u00f5ne kilomeetri kaugusel oma asukohast. See traadist rotil\u00f5ks on valmistatud tsingitud terasest ja puidust, M\u00f5\u00f5dud: 29 x 13 x 11,5 cm (pikkus x k\u00f5rgus x laius).\" \/>\n<meta property=\"og:url\" content=\"https:\/\/horticom.ee\/e-pood\/toode\/rotiloks-puur-traat-2\/\" \/>\n<meta property=\"og:site_name\" content=\"Horticom.ee\" \/>\n<meta property=\"article:publisher\" content=\"https:\/\/www.facebook.com\/horticom.ee\/e-pood\" \/>\n<meta property=\"article:modified_time\" content=\"2026-05-13T00:13:19+00:00\" \/>\n<meta property=\"og:image\" content=\"https:\/\/horticom.ee\/e-pood\/wp-content\/uploads\/importedmedia\/product_2542914_0_P0137.jpg\" \/>\n\t<meta property=\"og:image:width\" content=\"999\" \/>\n\t<meta property=\"og:image:height\" content=\"665\" \/>\n\t<meta property=\"og:image:type\" content=\"image\/jpeg\" \/>\n<meta name=\"twitter:card\" content=\"summary_large_image\" \/>\n<script type=\"application\/ld+json\" class=\"yoast-schema-graph\">{\"@context\":\"https:\/\/schema.org\",\"@graph\":[{\"@type\":\"WebPage\",\"@id\":\"https:\/\/horticom.ee\/e-pood\/toode\/rotiloks-puur-traat-2\/\",\"url\":\"https:\/\/horticom.ee\/e-pood\/toode\/rotiloks-puur-traat-2\/\",\"name\":\"Rotil\u00f5ks puur traat - Horticom\",\"isPartOf\":{\"@id\":\"https:\/\/horticom.ee\/e-pood\/#website\"},\"primaryImageOfPage\":{\"@id\":\"https:\/\/horticom.ee\/e-pood\/toode\/rotiloks-puur-traat-2\/#primaryimage\"},\"image\":{\"@id\":\"https:\/\/horticom.ee\/e-pood\/toode\/rotiloks-puur-traat-2\/#primaryimage\"},\"thumbnailUrl\":\"https:\/\/horticom.ee\/e-pood\/wp-content\/uploads\/importedmedia\/product_2542914_0_P0137.jpg\",\"datePublished\":\"2026-01-27T15:00:27+00:00\",\"dateModified\":\"2026-05-13T00:13:19+00:00\",\"breadcrumb\":{\"@id\":\"https:\/\/horticom.ee\/e-pood\/toode\/rotiloks-puur-traat-2\/#breadcrumb\"},\"inLanguage\":\"ru-RU\",\"potentialAction\":[{\"@type\":\"ReadAction\",\"target\":[\"https:\/\/horticom.ee\/e-pood\/toode\/rotiloks-puur-traat-2\/\"]}]},{\"@type\":\"ImageObject\",\"inLanguage\":\"ru-RU\",\"@id\":\"https:\/\/horticom.ee\/e-pood\/toode\/rotiloks-puur-traat-2\/#primaryimage\",\"url\":\"https:\/\/horticom.ee\/e-pood\/wp-content\/uploads\/importedmedia\/product_2542914_0_P0137.jpg\",\"contentUrl\":\"https:\/\/horticom.ee\/e-pood\/wp-content\/uploads\/importedmedia\/product_2542914_0_P0137.jpg\",\"width\":999,\"height\":665},{\"@type\":\"BreadcrumbList\",\"@id\":\"https:\/\/horticom.ee\/e-pood\/toode\/rotiloks-puur-traat-2\/#breadcrumb\",\"itemListElement\":[{\"@type\":\"ListItem\",\"position\":1,\"name\":\"Home\",\"item\":\"https:\/\/horticom.ee\/e-pood\/\"},{\"@type\":\"ListItem\",\"position\":2,\"name\":\"Pood\",\"item\":\"https:\/\/horticom.ee\/e-pood\/pood\/\"},{\"@type\":\"ListItem\",\"position\":3,\"name\":\"Rotil\u00f5ks puur traat\"}]},{\"@type\":\"WebSite\",\"@id\":\"https:\/\/horticom.ee\/e-pood\/#website\",\"url\":\"https:\/\/horticom.ee\/e-pood\/\",\"name\":\"Horticom.ee\",\"description\":\"Aianduskaubad ja kodukaubad nii harrastajatele kui professionaalidele\",\"potentialAction\":[{\"@type\":\"SearchAction\",\"target\":{\"@type\":\"EntryPoint\",\"urlTemplate\":\"https:\/\/horticom.ee\/e-pood\/?s={search_term_string}\"},\"query-input\":{\"@type\":\"PropertyValueSpecification\",\"valueRequired\":true,\"valueName\":\"search_term_string\"}}],\"inLanguage\":\"ru-RU\"}]}<\/script>\n<!-- \/ Yoast SEO plugin. -->","yoast_head_json":{"title":"Rotil\u00f5ks puur traat - Horticom","robots":{"index":"index","follow":"follow","max-snippet":"max-snippet:-1","max-image-preview":"max-image-preview:large","max-video-preview":"max-video-preview:-1"},"canonical":"https:\/\/horticom.ee\/e-pood\/toode\/rotiloks-puur-traat-2\/","og_locale":"ru_RU","og_type":"article","og_title":"Rotil\u00f5ks puur traat - Horticom","og_description":"S\u00f5bralik puur roti kindlaks k\u00e4ttesaamiseks, ei tapa!. L\u00f5ksu disain v\u00f5imaldab h\u00f5lpsalt n\u00e4ha, kas olete roti kinni p\u00fc\u00fcdnud. Parim on kinnip\u00fc\u00fctud rotid vabastada m\u00f5ne kilomeetri kaugusel oma asukohast. See traadist rotil\u00f5ks on valmistatud tsingitud terasest ja puidust, M\u00f5\u00f5dud: 29 x 13 x 11,5 cm (pikkus x k\u00f5rgus x laius).","og_url":"https:\/\/horticom.ee\/e-pood\/toode\/rotiloks-puur-traat-2\/","og_site_name":"Horticom.ee","article_publisher":"https:\/\/www.facebook.com\/horticom.ee\/e-pood","article_modified_time":"2026-05-13T00:13:19+00:00","og_image":[{"width":999,"height":665,"url":"https:\/\/horticom.ee\/e-pood\/wp-content\/uploads\/importedmedia\/product_2542914_0_P0137.jpg","type":"image\/jpeg"}],"twitter_card":"summary_large_image","schema":{"@context":"https:\/\/schema.org","@graph":[{"@type":"WebPage","@id":"https:\/\/horticom.ee\/e-pood\/toode\/rotiloks-puur-traat-2\/","url":"https:\/\/horticom.ee\/e-pood\/toode\/rotiloks-puur-traat-2\/","name":"Rotil\u00f5ks puur traat - Horticom","isPartOf":{"@id":"https:\/\/horticom.ee\/e-pood\/#website"},"primaryImageOfPage":{"@id":"https:\/\/horticom.ee\/e-pood\/toode\/rotiloks-puur-traat-2\/#primaryimage"},"image":{"@id":"https:\/\/horticom.ee\/e-pood\/toode\/rotiloks-puur-traat-2\/#primaryimage"},"thumbnailUrl":"https:\/\/horticom.ee\/e-pood\/wp-content\/uploads\/importedmedia\/product_2542914_0_P0137.jpg","datePublished":"2026-01-27T15:00:27+00:00","dateModified":"2026-05-13T00:13:19+00:00","breadcrumb":{"@id":"https:\/\/horticom.ee\/e-pood\/toode\/rotiloks-puur-traat-2\/#breadcrumb"},"inLanguage":"ru-RU","potentialAction":[{"@type":"ReadAction","target":["https:\/\/horticom.ee\/e-pood\/toode\/rotiloks-puur-traat-2\/"]}]},{"@type":"ImageObject","inLanguage":"ru-RU","@id":"https:\/\/horticom.ee\/e-pood\/toode\/rotiloks-puur-traat-2\/#primaryimage","url":"https:\/\/horticom.ee\/e-pood\/wp-content\/uploads\/importedmedia\/product_2542914_0_P0137.jpg","contentUrl":"https:\/\/horticom.ee\/e-pood\/wp-content\/uploads\/importedmedia\/product_2542914_0_P0137.jpg","width":999,"height":665},{"@type":"BreadcrumbList","@id":"https:\/\/horticom.ee\/e-pood\/toode\/rotiloks-puur-traat-2\/#breadcrumb","itemListElement":[{"@type":"ListItem","position":1,"name":"Home","item":"https:\/\/horticom.ee\/e-pood\/"},{"@type":"ListItem","position":2,"name":"Pood","item":"https:\/\/horticom.ee\/e-pood\/pood\/"},{"@type":"ListItem","position":3,"name":"Rotil\u00f5ks puur traat"}]},{"@type":"WebSite","@id":"https:\/\/horticom.ee\/e-pood\/#website","url":"https:\/\/horticom.ee\/e-pood\/","name":"Horticom.ee","description":"Aianduskaubad ja kodukaubad nii harrastajatele kui professionaalidele","potentialAction":[{"@type":"SearchAction","target":{"@type":"EntryPoint","urlTemplate":"https:\/\/horticom.ee\/e-pood\/?s={search_term_string}"},"query-input":{"@type":"PropertyValueSpecification","valueRequired":true,"valueName":"search_term_string"}}],"inLanguage":"ru-RU"}]}},"_links":{"self":[{"href":"https:\/\/horticom.ee\/e-pood\/ru\/wp-json\/wp\/v2\/product\/2542914","targetHints":{"allow":["GET"]}}],"collection":[{"href":"https:\/\/horticom.ee\/e-pood\/ru\/wp-json\/wp\/v2\/product"}],"about":[{"href":"https:\/\/horticom.ee\/e-pood\/ru\/wp-json\/wp\/v2\/types\/product"}],"replies":[{"embeddable":true,"href":"https:\/\/horticom.ee\/e-pood\/ru\/wp-json\/wp\/v2\/comments?post=2542914"}],"wp:featuredmedia":[{"embeddable":true,"href":"https:\/\/horticom.ee\/e-pood\/ru\/wp-json\/wp\/v2\/media\/2543792"}],"wp:attachment":[{"href":"https:\/\/horticom.ee\/e-pood\/ru\/wp-json\/wp\/v2\/media?parent=2542914"}],"wp:term":[{"taxonomy":"product_cat","embeddable":true,"href":"https:\/\/horticom.ee\/e-pood\/ru\/wp-json\/wp\/v2\/product_cat?post=2542914"},{"taxonomy":"product_tag","embeddable":true,"href":"https:\/\/horticom.ee\/e-pood\/ru\/wp-json\/wp\/v2\/product_tag?post=2542914"}],"curies":[{"name":"wp","href":"https:\/\/api.w.org\/{rel}","templated":true}]}}