{"id":2549978,"date":"2026-02-06T17:00:36","date_gmt":"2026-02-06T15:00:36","guid":{"rendered":"https:\/\/horticom.ee\/e-pood\/toode\/bio-universaalne-vedelvaetis-complete-compo-500ml\/"},"modified":"2026-04-15T03:14:31","modified_gmt":"2026-04-15T00:14:31","slug":"bio-universaalne-vedelvaetis-complete-compo-500ml","status":"publish","type":"product","link":"https:\/\/horticom.ee\/e-pood\/ru\/toode\/bio-universaalne-vedelvaetis-complete-compo-500ml\/","title":{"rendered":"BIO universaalne vedelv\u00e4etis COMPLETE Compo 500ml"},"content":{"rendered":"<p>Orgaaniline vedelv\u00e4etis k\u00f5ikidele taimeliikidele &#8211; lilledele, p\u00f5\u00f5sastele, k\u00f6\u00f6giviljadele ja viljapuudele<br \/>\nKvaliteetne koostis, mis stimuleerib juurekasvu ja arengut, muutes taimed vastupidavamaks stressile ja haigustele. Vedelas vormis v\u00e4etis, mis tagab kiire ja \u00fchtlase jaotumise. T\u00e4ielikult orgaaniline, mis on ohutu nii keskkonnale, kui ka kasutajatele<\/p>\n","protected":false},"excerpt":{"rendered":"<p>Orgaaniline vedelv\u00e4etis k\u00f5ikidele taimeliikidele &#8211; lilledele, p\u00f5\u00f5sastele, k\u00f6\u00f6giviljadele ja viljapuudele Kvaliteetne koostis, mis stimuleerib juurekasvu ja arengut, muutes taimed vastupidavamaks stressile ja haigustele. Vedelas vormis v\u00e4etis, mis tagab kiire ja \u00fchtlase jaotumise. T\u00e4ielikult orgaaniline, mis on ohutu nii keskkonnale, kui ka kasutajatele<\/p>\n","protected":false},"featured_media":2550044,"comment_status":"closed","ping_status":"closed","template":"","meta":{"_themeisle_gutenberg_block_has_review":false},"product_cat":[16962,16965,16960,13572],"product_tag":[],"class_list":{"0":"post-2549978","1":"product","2":"type-product","3":"status-publish","4":"has-post-thumbnail","6":"product_cat-ilupoosastele-ja-pusikutele","7":"product_cat-koogiviljadele-ja-maitsetaimedele","8":"product_cat-universaalvaetised","9":"product_cat-vaetised-lilledele","11":"first","12":"instock","13":"shipping-taxable","14":"purchasable","15":"product-type-simple"},"yoast_head":"<!-- This site is optimized with the Yoast SEO plugin v24.0 - https:\/\/yoast.com\/wordpress\/plugins\/seo\/ -->\n<title>BIO universaalne vedelv\u00e4etis COMPLETE Compo 500ml - Horticom<\/title>\n<meta name=\"robots\" content=\"index, follow, max-snippet:-1, max-image-preview:large, max-video-preview:-1\" \/>\n<link rel=\"canonical\" href=\"https:\/\/horticom.ee\/e-pood\/toode\/bio-universaalne-vedelvaetis-complete-compo-500ml\/\" \/>\n<meta property=\"og:locale\" content=\"ru_RU\" \/>\n<meta property=\"og:type\" content=\"article\" \/>\n<meta property=\"og:title\" content=\"BIO universaalne vedelv\u00e4etis COMPLETE Compo 500ml - Horticom\" \/>\n<meta property=\"og:description\" content=\"Orgaaniline vedelv\u00e4etis k\u00f5ikidele taimeliikidele &#8211; lilledele, p\u00f5\u00f5sastele, k\u00f6\u00f6giviljadele ja viljapuudele Kvaliteetne koostis, mis stimuleerib juurekasvu ja arengut, muutes taimed vastupidavamaks stressile ja haigustele. Vedelas vormis v\u00e4etis, mis tagab kiire ja \u00fchtlase jaotumise. T\u00e4ielikult orgaaniline, mis on ohutu nii keskkonnale, kui ka kasutajatele\" \/>\n<meta property=\"og:url\" content=\"https:\/\/horticom.ee\/e-pood\/toode\/bio-universaalne-vedelvaetis-complete-compo-500ml\/\" \/>\n<meta property=\"og:site_name\" content=\"Horticom.ee\" \/>\n<meta property=\"article:publisher\" content=\"https:\/\/www.facebook.com\/horticom.ee\/e-pood\" \/>\n<meta property=\"article:modified_time\" content=\"2026-04-15T00:14:31+00:00\" \/>\n<meta property=\"og:image\" content=\"https:\/\/horticom.ee\/e-pood\/wp-content\/uploads\/importedmedia\/product_2549978_0_670101_2.jpg\" \/>\n\t<meta property=\"og:image:width\" content=\"1000\" \/>\n\t<meta property=\"og:image:height\" content=\"1415\" \/>\n\t<meta property=\"og:image:type\" content=\"image\/jpeg\" \/>\n<meta name=\"twitter:card\" content=\"summary_large_image\" \/>\n<script type=\"application\/ld+json\" class=\"yoast-schema-graph\">{\"@context\":\"https:\/\/schema.org\",\"@graph\":[{\"@type\":\"WebPage\",\"@id\":\"https:\/\/horticom.ee\/e-pood\/toode\/bio-universaalne-vedelvaetis-complete-compo-500ml\/\",\"url\":\"https:\/\/horticom.ee\/e-pood\/toode\/bio-universaalne-vedelvaetis-complete-compo-500ml\/\",\"name\":\"BIO universaalne vedelv\u00e4etis COMPLETE Compo 500ml - Horticom\",\"isPartOf\":{\"@id\":\"https:\/\/horticom.ee\/e-pood\/#website\"},\"primaryImageOfPage\":{\"@id\":\"https:\/\/horticom.ee\/e-pood\/toode\/bio-universaalne-vedelvaetis-complete-compo-500ml\/#primaryimage\"},\"image\":{\"@id\":\"https:\/\/horticom.ee\/e-pood\/toode\/bio-universaalne-vedelvaetis-complete-compo-500ml\/#primaryimage\"},\"thumbnailUrl\":\"https:\/\/horticom.ee\/e-pood\/wp-content\/uploads\/importedmedia\/product_2549978_0_670101_2.jpg\",\"datePublished\":\"2026-02-06T15:00:36+00:00\",\"dateModified\":\"2026-04-15T00:14:31+00:00\",\"breadcrumb\":{\"@id\":\"https:\/\/horticom.ee\/e-pood\/toode\/bio-universaalne-vedelvaetis-complete-compo-500ml\/#breadcrumb\"},\"inLanguage\":\"ru-RU\",\"potentialAction\":[{\"@type\":\"ReadAction\",\"target\":[\"https:\/\/horticom.ee\/e-pood\/toode\/bio-universaalne-vedelvaetis-complete-compo-500ml\/\"]}]},{\"@type\":\"ImageObject\",\"inLanguage\":\"ru-RU\",\"@id\":\"https:\/\/horticom.ee\/e-pood\/toode\/bio-universaalne-vedelvaetis-complete-compo-500ml\/#primaryimage\",\"url\":\"https:\/\/horticom.ee\/e-pood\/wp-content\/uploads\/importedmedia\/product_2549978_0_670101_2.jpg\",\"contentUrl\":\"https:\/\/horticom.ee\/e-pood\/wp-content\/uploads\/importedmedia\/product_2549978_0_670101_2.jpg\",\"width\":1000,\"height\":1415},{\"@type\":\"BreadcrumbList\",\"@id\":\"https:\/\/horticom.ee\/e-pood\/toode\/bio-universaalne-vedelvaetis-complete-compo-500ml\/#breadcrumb\",\"itemListElement\":[{\"@type\":\"ListItem\",\"position\":1,\"name\":\"Home\",\"item\":\"https:\/\/horticom.ee\/e-pood\/\"},{\"@type\":\"ListItem\",\"position\":2,\"name\":\"Pood\",\"item\":\"https:\/\/horticom.ee\/e-pood\/pood\/\"},{\"@type\":\"ListItem\",\"position\":3,\"name\":\"BIO universaalne vedelv\u00e4etis COMPLETE Compo 500ml\"}]},{\"@type\":\"WebSite\",\"@id\":\"https:\/\/horticom.ee\/e-pood\/#website\",\"url\":\"https:\/\/horticom.ee\/e-pood\/\",\"name\":\"Horticom.ee\",\"description\":\"Aianduskaubad ja kodukaubad nii harrastajatele kui professionaalidele\",\"potentialAction\":[{\"@type\":\"SearchAction\",\"target\":{\"@type\":\"EntryPoint\",\"urlTemplate\":\"https:\/\/horticom.ee\/e-pood\/?s={search_term_string}\"},\"query-input\":{\"@type\":\"PropertyValueSpecification\",\"valueRequired\":true,\"valueName\":\"search_term_string\"}}],\"inLanguage\":\"ru-RU\"}]}<\/script>\n<!-- \/ Yoast SEO plugin. -->","yoast_head_json":{"title":"BIO universaalne vedelv\u00e4etis COMPLETE Compo 500ml - Horticom","robots":{"index":"index","follow":"follow","max-snippet":"max-snippet:-1","max-image-preview":"max-image-preview:large","max-video-preview":"max-video-preview:-1"},"canonical":"https:\/\/horticom.ee\/e-pood\/toode\/bio-universaalne-vedelvaetis-complete-compo-500ml\/","og_locale":"ru_RU","og_type":"article","og_title":"BIO universaalne vedelv\u00e4etis COMPLETE Compo 500ml - Horticom","og_description":"Orgaaniline vedelv\u00e4etis k\u00f5ikidele taimeliikidele &#8211; lilledele, p\u00f5\u00f5sastele, k\u00f6\u00f6giviljadele ja viljapuudele Kvaliteetne koostis, mis stimuleerib juurekasvu ja arengut, muutes taimed vastupidavamaks stressile ja haigustele. Vedelas vormis v\u00e4etis, mis tagab kiire ja \u00fchtlase jaotumise. T\u00e4ielikult orgaaniline, mis on ohutu nii keskkonnale, kui ka kasutajatele","og_url":"https:\/\/horticom.ee\/e-pood\/toode\/bio-universaalne-vedelvaetis-complete-compo-500ml\/","og_site_name":"Horticom.ee","article_publisher":"https:\/\/www.facebook.com\/horticom.ee\/e-pood","article_modified_time":"2026-04-15T00:14:31+00:00","og_image":[{"width":1000,"height":1415,"url":"https:\/\/horticom.ee\/e-pood\/wp-content\/uploads\/importedmedia\/product_2549978_0_670101_2.jpg","type":"image\/jpeg"}],"twitter_card":"summary_large_image","schema":{"@context":"https:\/\/schema.org","@graph":[{"@type":"WebPage","@id":"https:\/\/horticom.ee\/e-pood\/toode\/bio-universaalne-vedelvaetis-complete-compo-500ml\/","url":"https:\/\/horticom.ee\/e-pood\/toode\/bio-universaalne-vedelvaetis-complete-compo-500ml\/","name":"BIO universaalne vedelv\u00e4etis COMPLETE Compo 500ml - Horticom","isPartOf":{"@id":"https:\/\/horticom.ee\/e-pood\/#website"},"primaryImageOfPage":{"@id":"https:\/\/horticom.ee\/e-pood\/toode\/bio-universaalne-vedelvaetis-complete-compo-500ml\/#primaryimage"},"image":{"@id":"https:\/\/horticom.ee\/e-pood\/toode\/bio-universaalne-vedelvaetis-complete-compo-500ml\/#primaryimage"},"thumbnailUrl":"https:\/\/horticom.ee\/e-pood\/wp-content\/uploads\/importedmedia\/product_2549978_0_670101_2.jpg","datePublished":"2026-02-06T15:00:36+00:00","dateModified":"2026-04-15T00:14:31+00:00","breadcrumb":{"@id":"https:\/\/horticom.ee\/e-pood\/toode\/bio-universaalne-vedelvaetis-complete-compo-500ml\/#breadcrumb"},"inLanguage":"ru-RU","potentialAction":[{"@type":"ReadAction","target":["https:\/\/horticom.ee\/e-pood\/toode\/bio-universaalne-vedelvaetis-complete-compo-500ml\/"]}]},{"@type":"ImageObject","inLanguage":"ru-RU","@id":"https:\/\/horticom.ee\/e-pood\/toode\/bio-universaalne-vedelvaetis-complete-compo-500ml\/#primaryimage","url":"https:\/\/horticom.ee\/e-pood\/wp-content\/uploads\/importedmedia\/product_2549978_0_670101_2.jpg","contentUrl":"https:\/\/horticom.ee\/e-pood\/wp-content\/uploads\/importedmedia\/product_2549978_0_670101_2.jpg","width":1000,"height":1415},{"@type":"BreadcrumbList","@id":"https:\/\/horticom.ee\/e-pood\/toode\/bio-universaalne-vedelvaetis-complete-compo-500ml\/#breadcrumb","itemListElement":[{"@type":"ListItem","position":1,"name":"Home","item":"https:\/\/horticom.ee\/e-pood\/"},{"@type":"ListItem","position":2,"name":"Pood","item":"https:\/\/horticom.ee\/e-pood\/pood\/"},{"@type":"ListItem","position":3,"name":"BIO universaalne vedelv\u00e4etis COMPLETE Compo 500ml"}]},{"@type":"WebSite","@id":"https:\/\/horticom.ee\/e-pood\/#website","url":"https:\/\/horticom.ee\/e-pood\/","name":"Horticom.ee","description":"Aianduskaubad ja kodukaubad nii harrastajatele kui professionaalidele","potentialAction":[{"@type":"SearchAction","target":{"@type":"EntryPoint","urlTemplate":"https:\/\/horticom.ee\/e-pood\/?s={search_term_string}"},"query-input":{"@type":"PropertyValueSpecification","valueRequired":true,"valueName":"search_term_string"}}],"inLanguage":"ru-RU"}]}},"_links":{"self":[{"href":"https:\/\/horticom.ee\/e-pood\/ru\/wp-json\/wp\/v2\/product\/2549978","targetHints":{"allow":["GET"]}}],"collection":[{"href":"https:\/\/horticom.ee\/e-pood\/ru\/wp-json\/wp\/v2\/product"}],"about":[{"href":"https:\/\/horticom.ee\/e-pood\/ru\/wp-json\/wp\/v2\/types\/product"}],"replies":[{"embeddable":true,"href":"https:\/\/horticom.ee\/e-pood\/ru\/wp-json\/wp\/v2\/comments?post=2549978"}],"wp:featuredmedia":[{"embeddable":true,"href":"https:\/\/horticom.ee\/e-pood\/ru\/wp-json\/wp\/v2\/media\/2550044"}],"wp:attachment":[{"href":"https:\/\/horticom.ee\/e-pood\/ru\/wp-json\/wp\/v2\/media?parent=2549978"}],"wp:term":[{"taxonomy":"product_cat","embeddable":true,"href":"https:\/\/horticom.ee\/e-pood\/ru\/wp-json\/wp\/v2\/product_cat?post=2549978"},{"taxonomy":"product_tag","embeddable":true,"href":"https:\/\/horticom.ee\/e-pood\/ru\/wp-json\/wp\/v2\/product_tag?post=2549978"}],"curies":[{"name":"wp","href":"https:\/\/api.w.org\/{rel}","templated":true}]}}