{"id":2549979,"date":"2026-02-06T17:00:37","date_gmt":"2026-02-06T15:00:37","guid":{"rendered":"https:\/\/horticom.ee\/e-pood\/toode\/bio-aiamuld-kompostiga-compo-40l\/"},"modified":"2026-04-15T03:14:31","modified_gmt":"2026-04-15T00:14:31","slug":"bio-aiamuld-kompostiga-compo-40l","status":"publish","type":"product","link":"https:\/\/horticom.ee\/e-pood\/ru\/toode\/bio-aiamuld-kompostiga-compo-40l\/","title":{"rendered":"BIO aiamuld kompostiga Compo 40L"},"content":{"rendered":"<p>COMPO BIO Kompost on parim mullaomadusi parandav vahend, mis on toodetud  kompostitud rohelistest ja taimsetest toorainetest. Kompost parandab mulla struktuuri, suurendab selle bioloogilist aktiivsust ja optimeerib toitainete hoidmist taimede jaoks. Seda v\u00f5ib kasutada vaesemate muldade rikastamiseks ning see sobib suurep\u00e4raselt \u00f6koloogiliseks kasvatamiseks kastides, k\u00f5rgpeenardes, kasvuhoonetes ja aias. Turbavaba.<\/p>\n","protected":false},"excerpt":{"rendered":"<p>COMPO BIO Kompost on parim mullaomadusi parandav vahend, mis on toodetud kompostitud rohelistest ja taimsetest toorainetest. Kompost parandab mulla struktuuri, suurendab selle bioloogilist aktiivsust ja optimeerib toitainete hoidmist taimede jaoks. Seda v\u00f5ib kasutada vaesemate muldade rikastamiseks ning see sobib suurep\u00e4raselt \u00f6koloogiliseks kasvatamiseks kastides, k\u00f5rgpeenardes, kasvuhoonetes ja aias. Turbavaba.<\/p>\n","protected":false},"featured_media":2550032,"comment_status":"closed","ping_status":"closed","template":"","meta":{"_themeisle_gutenberg_block_has_review":false},"product_cat":[13575],"product_tag":[],"class_list":{"0":"post-2549979","1":"product","2":"type-product","3":"status-publish","4":"has-post-thumbnail","6":"product_cat-mullad-ja-turbad","8":"first","9":"instock","10":"shipping-taxable","11":"purchasable","12":"product-type-simple"},"yoast_head":"<!-- This site is optimized with the Yoast SEO plugin v24.0 - https:\/\/yoast.com\/wordpress\/plugins\/seo\/ -->\n<title>BIO aiamuld kompostiga Compo 40L - Horticom<\/title>\n<meta name=\"robots\" content=\"index, follow, max-snippet:-1, max-image-preview:large, max-video-preview:-1\" \/>\n<link rel=\"canonical\" href=\"https:\/\/horticom.ee\/e-pood\/toode\/bio-aiamuld-kompostiga-compo-40l\/\" \/>\n<meta property=\"og:locale\" content=\"ru_RU\" \/>\n<meta property=\"og:type\" content=\"article\" \/>\n<meta property=\"og:title\" content=\"BIO aiamuld kompostiga Compo 40L - Horticom\" \/>\n<meta property=\"og:description\" content=\"COMPO BIO Kompost on parim mullaomadusi parandav vahend, mis on toodetud kompostitud rohelistest ja taimsetest toorainetest. Kompost parandab mulla struktuuri, suurendab selle bioloogilist aktiivsust ja optimeerib toitainete hoidmist taimede jaoks. Seda v\u00f5ib kasutada vaesemate muldade rikastamiseks ning see sobib suurep\u00e4raselt \u00f6koloogiliseks kasvatamiseks kastides, k\u00f5rgpeenardes, kasvuhoonetes ja aias. Turbavaba.\" \/>\n<meta property=\"og:url\" content=\"https:\/\/horticom.ee\/e-pood\/toode\/bio-aiamuld-kompostiga-compo-40l\/\" \/>\n<meta property=\"og:site_name\" content=\"Horticom.ee\" \/>\n<meta property=\"article:publisher\" content=\"https:\/\/www.facebook.com\/horticom.ee\/e-pood\" \/>\n<meta property=\"article:modified_time\" content=\"2026-04-15T00:14:31+00:00\" \/>\n<meta property=\"og:image\" content=\"https:\/\/horticom.ee\/e-pood\/wp-content\/uploads\/importedmedia\/product_2549979_0_6701385.jpg\" \/>\n\t<meta property=\"og:image:width\" content=\"1000\" \/>\n\t<meta property=\"og:image:height\" content=\"1000\" \/>\n\t<meta property=\"og:image:type\" content=\"image\/jpeg\" \/>\n<meta name=\"twitter:card\" content=\"summary_large_image\" \/>\n<script type=\"application\/ld+json\" class=\"yoast-schema-graph\">{\"@context\":\"https:\/\/schema.org\",\"@graph\":[{\"@type\":\"WebPage\",\"@id\":\"https:\/\/horticom.ee\/e-pood\/toode\/bio-aiamuld-kompostiga-compo-40l\/\",\"url\":\"https:\/\/horticom.ee\/e-pood\/toode\/bio-aiamuld-kompostiga-compo-40l\/\",\"name\":\"BIO aiamuld kompostiga Compo 40L - Horticom\",\"isPartOf\":{\"@id\":\"https:\/\/horticom.ee\/e-pood\/#website\"},\"primaryImageOfPage\":{\"@id\":\"https:\/\/horticom.ee\/e-pood\/toode\/bio-aiamuld-kompostiga-compo-40l\/#primaryimage\"},\"image\":{\"@id\":\"https:\/\/horticom.ee\/e-pood\/toode\/bio-aiamuld-kompostiga-compo-40l\/#primaryimage\"},\"thumbnailUrl\":\"https:\/\/horticom.ee\/e-pood\/wp-content\/uploads\/importedmedia\/product_2549979_0_6701385.jpg\",\"datePublished\":\"2026-02-06T15:00:37+00:00\",\"dateModified\":\"2026-04-15T00:14:31+00:00\",\"breadcrumb\":{\"@id\":\"https:\/\/horticom.ee\/e-pood\/toode\/bio-aiamuld-kompostiga-compo-40l\/#breadcrumb\"},\"inLanguage\":\"ru-RU\",\"potentialAction\":[{\"@type\":\"ReadAction\",\"target\":[\"https:\/\/horticom.ee\/e-pood\/toode\/bio-aiamuld-kompostiga-compo-40l\/\"]}]},{\"@type\":\"ImageObject\",\"inLanguage\":\"ru-RU\",\"@id\":\"https:\/\/horticom.ee\/e-pood\/toode\/bio-aiamuld-kompostiga-compo-40l\/#primaryimage\",\"url\":\"https:\/\/horticom.ee\/e-pood\/wp-content\/uploads\/importedmedia\/product_2549979_0_6701385.jpg\",\"contentUrl\":\"https:\/\/horticom.ee\/e-pood\/wp-content\/uploads\/importedmedia\/product_2549979_0_6701385.jpg\",\"width\":1000,\"height\":1000},{\"@type\":\"BreadcrumbList\",\"@id\":\"https:\/\/horticom.ee\/e-pood\/toode\/bio-aiamuld-kompostiga-compo-40l\/#breadcrumb\",\"itemListElement\":[{\"@type\":\"ListItem\",\"position\":1,\"name\":\"Home\",\"item\":\"https:\/\/horticom.ee\/e-pood\/\"},{\"@type\":\"ListItem\",\"position\":2,\"name\":\"Pood\",\"item\":\"https:\/\/horticom.ee\/e-pood\/pood\/\"},{\"@type\":\"ListItem\",\"position\":3,\"name\":\"BIO aiamuld kompostiga Compo 40L\"}]},{\"@type\":\"WebSite\",\"@id\":\"https:\/\/horticom.ee\/e-pood\/#website\",\"url\":\"https:\/\/horticom.ee\/e-pood\/\",\"name\":\"Horticom.ee\",\"description\":\"Aianduskaubad ja kodukaubad nii harrastajatele kui professionaalidele\",\"potentialAction\":[{\"@type\":\"SearchAction\",\"target\":{\"@type\":\"EntryPoint\",\"urlTemplate\":\"https:\/\/horticom.ee\/e-pood\/?s={search_term_string}\"},\"query-input\":{\"@type\":\"PropertyValueSpecification\",\"valueRequired\":true,\"valueName\":\"search_term_string\"}}],\"inLanguage\":\"ru-RU\"}]}<\/script>\n<!-- \/ Yoast SEO plugin. -->","yoast_head_json":{"title":"BIO aiamuld kompostiga Compo 40L - Horticom","robots":{"index":"index","follow":"follow","max-snippet":"max-snippet:-1","max-image-preview":"max-image-preview:large","max-video-preview":"max-video-preview:-1"},"canonical":"https:\/\/horticom.ee\/e-pood\/toode\/bio-aiamuld-kompostiga-compo-40l\/","og_locale":"ru_RU","og_type":"article","og_title":"BIO aiamuld kompostiga Compo 40L - Horticom","og_description":"COMPO BIO Kompost on parim mullaomadusi parandav vahend, mis on toodetud kompostitud rohelistest ja taimsetest toorainetest. Kompost parandab mulla struktuuri, suurendab selle bioloogilist aktiivsust ja optimeerib toitainete hoidmist taimede jaoks. Seda v\u00f5ib kasutada vaesemate muldade rikastamiseks ning see sobib suurep\u00e4raselt \u00f6koloogiliseks kasvatamiseks kastides, k\u00f5rgpeenardes, kasvuhoonetes ja aias. Turbavaba.","og_url":"https:\/\/horticom.ee\/e-pood\/toode\/bio-aiamuld-kompostiga-compo-40l\/","og_site_name":"Horticom.ee","article_publisher":"https:\/\/www.facebook.com\/horticom.ee\/e-pood","article_modified_time":"2026-04-15T00:14:31+00:00","og_image":[{"width":1000,"height":1000,"url":"https:\/\/horticom.ee\/e-pood\/wp-content\/uploads\/importedmedia\/product_2549979_0_6701385.jpg","type":"image\/jpeg"}],"twitter_card":"summary_large_image","schema":{"@context":"https:\/\/schema.org","@graph":[{"@type":"WebPage","@id":"https:\/\/horticom.ee\/e-pood\/toode\/bio-aiamuld-kompostiga-compo-40l\/","url":"https:\/\/horticom.ee\/e-pood\/toode\/bio-aiamuld-kompostiga-compo-40l\/","name":"BIO aiamuld kompostiga Compo 40L - Horticom","isPartOf":{"@id":"https:\/\/horticom.ee\/e-pood\/#website"},"primaryImageOfPage":{"@id":"https:\/\/horticom.ee\/e-pood\/toode\/bio-aiamuld-kompostiga-compo-40l\/#primaryimage"},"image":{"@id":"https:\/\/horticom.ee\/e-pood\/toode\/bio-aiamuld-kompostiga-compo-40l\/#primaryimage"},"thumbnailUrl":"https:\/\/horticom.ee\/e-pood\/wp-content\/uploads\/importedmedia\/product_2549979_0_6701385.jpg","datePublished":"2026-02-06T15:00:37+00:00","dateModified":"2026-04-15T00:14:31+00:00","breadcrumb":{"@id":"https:\/\/horticom.ee\/e-pood\/toode\/bio-aiamuld-kompostiga-compo-40l\/#breadcrumb"},"inLanguage":"ru-RU","potentialAction":[{"@type":"ReadAction","target":["https:\/\/horticom.ee\/e-pood\/toode\/bio-aiamuld-kompostiga-compo-40l\/"]}]},{"@type":"ImageObject","inLanguage":"ru-RU","@id":"https:\/\/horticom.ee\/e-pood\/toode\/bio-aiamuld-kompostiga-compo-40l\/#primaryimage","url":"https:\/\/horticom.ee\/e-pood\/wp-content\/uploads\/importedmedia\/product_2549979_0_6701385.jpg","contentUrl":"https:\/\/horticom.ee\/e-pood\/wp-content\/uploads\/importedmedia\/product_2549979_0_6701385.jpg","width":1000,"height":1000},{"@type":"BreadcrumbList","@id":"https:\/\/horticom.ee\/e-pood\/toode\/bio-aiamuld-kompostiga-compo-40l\/#breadcrumb","itemListElement":[{"@type":"ListItem","position":1,"name":"Home","item":"https:\/\/horticom.ee\/e-pood\/"},{"@type":"ListItem","position":2,"name":"Pood","item":"https:\/\/horticom.ee\/e-pood\/pood\/"},{"@type":"ListItem","position":3,"name":"BIO aiamuld kompostiga Compo 40L"}]},{"@type":"WebSite","@id":"https:\/\/horticom.ee\/e-pood\/#website","url":"https:\/\/horticom.ee\/e-pood\/","name":"Horticom.ee","description":"Aianduskaubad ja kodukaubad nii harrastajatele kui professionaalidele","potentialAction":[{"@type":"SearchAction","target":{"@type":"EntryPoint","urlTemplate":"https:\/\/horticom.ee\/e-pood\/?s={search_term_string}"},"query-input":{"@type":"PropertyValueSpecification","valueRequired":true,"valueName":"search_term_string"}}],"inLanguage":"ru-RU"}]}},"_links":{"self":[{"href":"https:\/\/horticom.ee\/e-pood\/ru\/wp-json\/wp\/v2\/product\/2549979","targetHints":{"allow":["GET"]}}],"collection":[{"href":"https:\/\/horticom.ee\/e-pood\/ru\/wp-json\/wp\/v2\/product"}],"about":[{"href":"https:\/\/horticom.ee\/e-pood\/ru\/wp-json\/wp\/v2\/types\/product"}],"replies":[{"embeddable":true,"href":"https:\/\/horticom.ee\/e-pood\/ru\/wp-json\/wp\/v2\/comments?post=2549979"}],"wp:featuredmedia":[{"embeddable":true,"href":"https:\/\/horticom.ee\/e-pood\/ru\/wp-json\/wp\/v2\/media\/2550032"}],"wp:attachment":[{"href":"https:\/\/horticom.ee\/e-pood\/ru\/wp-json\/wp\/v2\/media?parent=2549979"}],"wp:term":[{"taxonomy":"product_cat","embeddable":true,"href":"https:\/\/horticom.ee\/e-pood\/ru\/wp-json\/wp\/v2\/product_cat?post=2549979"},{"taxonomy":"product_tag","embeddable":true,"href":"https:\/\/horticom.ee\/e-pood\/ru\/wp-json\/wp\/v2\/product_tag?post=2549979"}],"curies":[{"name":"wp","href":"https:\/\/api.w.org\/{rel}","templated":true}]}}