{"id":2549980,"date":"2026-02-06T17:00:37","date_gmt":"2026-02-06T15:00:37","guid":{"rendered":"https:\/\/horticom.ee\/e-pood\/toode\/bio-istutusmuld-compo-40l\/"},"modified":"2026-04-24T03:14:00","modified_gmt":"2026-04-24T00:14:00","slug":"bio-istutusmuld-compo-40l","status":"publish","type":"product","link":"https:\/\/horticom.ee\/e-pood\/ru\/toode\/bio-istutusmuld-compo-40l\/","title":{"rendered":"BIO istutusmuld Compo 40L"},"content":{"rendered":"<p>BIO universaalne istutusmuld on 100% turbavaba orgaaniline muld, mis sobib k\u00f5rgema toitainevajadusega taimedele. 100% looduslikest koostisosadest muld sisaldab kvaliteetset komposti, puidukiudu, kookosturvast ning on rikastatud sarvejahu ning s\u00f5nnikuga. Muld on neutraalne, \u00f5hulise struktuuriga, hea veeimamisv\u00f5imega. Lisatud on v\u00e4etiste kompleks, mis on kohandatud noorte taimede ja seemnete vajadustele idanemise ja tugeva kasvu tagamiseks. Sisaldab Guano linnus\u00f5nnikut, mille mahedad toitained hoolitsevad taimede terve kasvu, s\u00fcgavroheliste lehtede ja tervislike viljade eest. Muld sobib k\u00f5rgema toitainevajadusega taimedele. COMPO Guano on kvaliteetne, puhtalt orgaaniline looduslik v\u00e4etis merelindude s\u00f5nnikust. Selle ainulaadne koostis koos kontsentreeritud v\u00e4etisv\u00f5imsusega suurendab taimede eluj\u00f5udu ja toetab ka lille- ja lehtede moodustumist. Annab taimedele k\u00f5ik vajaliku rikkaliku ja maitsva saagi saamiseks.<\/p>\n","protected":false},"excerpt":{"rendered":"<p>BIO universaalne istutusmuld on 100% turbavaba orgaaniline muld, mis sobib k\u00f5rgema toitainevajadusega taimedele. 100% looduslikest koostisosadest muld sisaldab kvaliteetset komposti, puidukiudu, kookosturvast ning on rikastatud sarvejahu ning s\u00f5nnikuga. Muld on neutraalne, \u00f5hulise struktuuriga, hea veeimamisv\u00f5imega. Lisatud on v\u00e4etiste kompleks, mis on kohandatud noorte taimede ja seemnete vajadustele idanemise ja tugeva kasvu tagamiseks. Sisaldab Guano linnus\u00f5nnikut, [&hellip;]<\/p>\n","protected":false},"featured_media":2550034,"comment_status":"closed","ping_status":"closed","template":"","meta":{"_themeisle_gutenberg_block_has_review":false},"product_cat":[13575],"product_tag":[],"class_list":{"0":"post-2549980","1":"product","2":"type-product","3":"status-publish","4":"has-post-thumbnail","6":"product_cat-mullad-ja-turbad","8":"first","9":"instock","10":"shipping-taxable","11":"purchasable","12":"product-type-simple"},"yoast_head":"<!-- This site is optimized with the Yoast SEO plugin v24.0 - https:\/\/yoast.com\/wordpress\/plugins\/seo\/ -->\n<title>BIO istutusmuld Compo 40L - Horticom<\/title>\n<meta name=\"robots\" content=\"index, follow, max-snippet:-1, max-image-preview:large, max-video-preview:-1\" \/>\n<link rel=\"canonical\" href=\"https:\/\/horticom.ee\/e-pood\/toode\/bio-istutusmuld-compo-40l\/\" \/>\n<meta property=\"og:locale\" content=\"ru_RU\" \/>\n<meta property=\"og:type\" content=\"article\" \/>\n<meta property=\"og:title\" content=\"BIO istutusmuld Compo 40L - Horticom\" \/>\n<meta property=\"og:description\" content=\"BIO universaalne istutusmuld on 100% turbavaba orgaaniline muld, mis sobib k\u00f5rgema toitainevajadusega taimedele. 100% looduslikest koostisosadest muld sisaldab kvaliteetset komposti, puidukiudu, kookosturvast ning on rikastatud sarvejahu ning s\u00f5nnikuga. Muld on neutraalne, \u00f5hulise struktuuriga, hea veeimamisv\u00f5imega. Lisatud on v\u00e4etiste kompleks, mis on kohandatud noorte taimede ja seemnete vajadustele idanemise ja tugeva kasvu tagamiseks. Sisaldab Guano linnus\u00f5nnikut, [&hellip;]\" \/>\n<meta property=\"og:url\" content=\"https:\/\/horticom.ee\/e-pood\/toode\/bio-istutusmuld-compo-40l\/\" \/>\n<meta property=\"og:site_name\" content=\"Horticom.ee\" \/>\n<meta property=\"article:publisher\" content=\"https:\/\/www.facebook.com\/horticom.ee\/e-pood\" \/>\n<meta property=\"article:modified_time\" content=\"2026-04-24T00:14:00+00:00\" \/>\n<meta property=\"og:image\" content=\"https:\/\/horticom.ee\/e-pood\/wp-content\/uploads\/importedmedia\/product_2549980_0_6701386.jpg\" \/>\n\t<meta property=\"og:image:width\" content=\"1000\" \/>\n\t<meta property=\"og:image:height\" content=\"1000\" \/>\n\t<meta property=\"og:image:type\" content=\"image\/jpeg\" \/>\n<meta name=\"twitter:card\" content=\"summary_large_image\" \/>\n<meta name=\"twitter:label1\" content=\"\u041f\u0440\u0438\u043c\u0435\u0440\u043d\u043e\u0435 \u0432\u0440\u0435\u043c\u044f \u0434\u043b\u044f \u0447\u0442\u0435\u043d\u0438\u044f\" \/>\n\t<meta name=\"twitter:data1\" content=\"1 \u043c\u0438\u043d\u0443\u0442\u0430\" \/>\n<script type=\"application\/ld+json\" class=\"yoast-schema-graph\">{\"@context\":\"https:\/\/schema.org\",\"@graph\":[{\"@type\":\"WebPage\",\"@id\":\"https:\/\/horticom.ee\/e-pood\/toode\/bio-istutusmuld-compo-40l\/\",\"url\":\"https:\/\/horticom.ee\/e-pood\/toode\/bio-istutusmuld-compo-40l\/\",\"name\":\"BIO istutusmuld Compo 40L - Horticom\",\"isPartOf\":{\"@id\":\"https:\/\/horticom.ee\/e-pood\/#website\"},\"primaryImageOfPage\":{\"@id\":\"https:\/\/horticom.ee\/e-pood\/toode\/bio-istutusmuld-compo-40l\/#primaryimage\"},\"image\":{\"@id\":\"https:\/\/horticom.ee\/e-pood\/toode\/bio-istutusmuld-compo-40l\/#primaryimage\"},\"thumbnailUrl\":\"https:\/\/horticom.ee\/e-pood\/wp-content\/uploads\/importedmedia\/product_2549980_0_6701386.jpg\",\"datePublished\":\"2026-02-06T15:00:37+00:00\",\"dateModified\":\"2026-04-24T00:14:00+00:00\",\"breadcrumb\":{\"@id\":\"https:\/\/horticom.ee\/e-pood\/toode\/bio-istutusmuld-compo-40l\/#breadcrumb\"},\"inLanguage\":\"ru-RU\",\"potentialAction\":[{\"@type\":\"ReadAction\",\"target\":[\"https:\/\/horticom.ee\/e-pood\/toode\/bio-istutusmuld-compo-40l\/\"]}]},{\"@type\":\"ImageObject\",\"inLanguage\":\"ru-RU\",\"@id\":\"https:\/\/horticom.ee\/e-pood\/toode\/bio-istutusmuld-compo-40l\/#primaryimage\",\"url\":\"https:\/\/horticom.ee\/e-pood\/wp-content\/uploads\/importedmedia\/product_2549980_0_6701386.jpg\",\"contentUrl\":\"https:\/\/horticom.ee\/e-pood\/wp-content\/uploads\/importedmedia\/product_2549980_0_6701386.jpg\",\"width\":1000,\"height\":1000},{\"@type\":\"BreadcrumbList\",\"@id\":\"https:\/\/horticom.ee\/e-pood\/toode\/bio-istutusmuld-compo-40l\/#breadcrumb\",\"itemListElement\":[{\"@type\":\"ListItem\",\"position\":1,\"name\":\"Home\",\"item\":\"https:\/\/horticom.ee\/e-pood\/\"},{\"@type\":\"ListItem\",\"position\":2,\"name\":\"Pood\",\"item\":\"https:\/\/horticom.ee\/e-pood\/pood\/\"},{\"@type\":\"ListItem\",\"position\":3,\"name\":\"BIO istutusmuld Compo 40L\"}]},{\"@type\":\"WebSite\",\"@id\":\"https:\/\/horticom.ee\/e-pood\/#website\",\"url\":\"https:\/\/horticom.ee\/e-pood\/\",\"name\":\"Horticom.ee\",\"description\":\"Aianduskaubad ja kodukaubad nii harrastajatele kui professionaalidele\",\"potentialAction\":[{\"@type\":\"SearchAction\",\"target\":{\"@type\":\"EntryPoint\",\"urlTemplate\":\"https:\/\/horticom.ee\/e-pood\/?s={search_term_string}\"},\"query-input\":{\"@type\":\"PropertyValueSpecification\",\"valueRequired\":true,\"valueName\":\"search_term_string\"}}],\"inLanguage\":\"ru-RU\"}]}<\/script>\n<!-- \/ Yoast SEO plugin. -->","yoast_head_json":{"title":"BIO istutusmuld Compo 40L - Horticom","robots":{"index":"index","follow":"follow","max-snippet":"max-snippet:-1","max-image-preview":"max-image-preview:large","max-video-preview":"max-video-preview:-1"},"canonical":"https:\/\/horticom.ee\/e-pood\/toode\/bio-istutusmuld-compo-40l\/","og_locale":"ru_RU","og_type":"article","og_title":"BIO istutusmuld Compo 40L - Horticom","og_description":"BIO universaalne istutusmuld on 100% turbavaba orgaaniline muld, mis sobib k\u00f5rgema toitainevajadusega taimedele. 100% looduslikest koostisosadest muld sisaldab kvaliteetset komposti, puidukiudu, kookosturvast ning on rikastatud sarvejahu ning s\u00f5nnikuga. Muld on neutraalne, \u00f5hulise struktuuriga, hea veeimamisv\u00f5imega. Lisatud on v\u00e4etiste kompleks, mis on kohandatud noorte taimede ja seemnete vajadustele idanemise ja tugeva kasvu tagamiseks. Sisaldab Guano linnus\u00f5nnikut, [&hellip;]","og_url":"https:\/\/horticom.ee\/e-pood\/toode\/bio-istutusmuld-compo-40l\/","og_site_name":"Horticom.ee","article_publisher":"https:\/\/www.facebook.com\/horticom.ee\/e-pood","article_modified_time":"2026-04-24T00:14:00+00:00","og_image":[{"width":1000,"height":1000,"url":"https:\/\/horticom.ee\/e-pood\/wp-content\/uploads\/importedmedia\/product_2549980_0_6701386.jpg","type":"image\/jpeg"}],"twitter_card":"summary_large_image","twitter_misc":{"\u041f\u0440\u0438\u043c\u0435\u0440\u043d\u043e\u0435 \u0432\u0440\u0435\u043c\u044f \u0434\u043b\u044f \u0447\u0442\u0435\u043d\u0438\u044f":"1 \u043c\u0438\u043d\u0443\u0442\u0430"},"schema":{"@context":"https:\/\/schema.org","@graph":[{"@type":"WebPage","@id":"https:\/\/horticom.ee\/e-pood\/toode\/bio-istutusmuld-compo-40l\/","url":"https:\/\/horticom.ee\/e-pood\/toode\/bio-istutusmuld-compo-40l\/","name":"BIO istutusmuld Compo 40L - Horticom","isPartOf":{"@id":"https:\/\/horticom.ee\/e-pood\/#website"},"primaryImageOfPage":{"@id":"https:\/\/horticom.ee\/e-pood\/toode\/bio-istutusmuld-compo-40l\/#primaryimage"},"image":{"@id":"https:\/\/horticom.ee\/e-pood\/toode\/bio-istutusmuld-compo-40l\/#primaryimage"},"thumbnailUrl":"https:\/\/horticom.ee\/e-pood\/wp-content\/uploads\/importedmedia\/product_2549980_0_6701386.jpg","datePublished":"2026-02-06T15:00:37+00:00","dateModified":"2026-04-24T00:14:00+00:00","breadcrumb":{"@id":"https:\/\/horticom.ee\/e-pood\/toode\/bio-istutusmuld-compo-40l\/#breadcrumb"},"inLanguage":"ru-RU","potentialAction":[{"@type":"ReadAction","target":["https:\/\/horticom.ee\/e-pood\/toode\/bio-istutusmuld-compo-40l\/"]}]},{"@type":"ImageObject","inLanguage":"ru-RU","@id":"https:\/\/horticom.ee\/e-pood\/toode\/bio-istutusmuld-compo-40l\/#primaryimage","url":"https:\/\/horticom.ee\/e-pood\/wp-content\/uploads\/importedmedia\/product_2549980_0_6701386.jpg","contentUrl":"https:\/\/horticom.ee\/e-pood\/wp-content\/uploads\/importedmedia\/product_2549980_0_6701386.jpg","width":1000,"height":1000},{"@type":"BreadcrumbList","@id":"https:\/\/horticom.ee\/e-pood\/toode\/bio-istutusmuld-compo-40l\/#breadcrumb","itemListElement":[{"@type":"ListItem","position":1,"name":"Home","item":"https:\/\/horticom.ee\/e-pood\/"},{"@type":"ListItem","position":2,"name":"Pood","item":"https:\/\/horticom.ee\/e-pood\/pood\/"},{"@type":"ListItem","position":3,"name":"BIO istutusmuld Compo 40L"}]},{"@type":"WebSite","@id":"https:\/\/horticom.ee\/e-pood\/#website","url":"https:\/\/horticom.ee\/e-pood\/","name":"Horticom.ee","description":"Aianduskaubad ja kodukaubad nii harrastajatele kui professionaalidele","potentialAction":[{"@type":"SearchAction","target":{"@type":"EntryPoint","urlTemplate":"https:\/\/horticom.ee\/e-pood\/?s={search_term_string}"},"query-input":{"@type":"PropertyValueSpecification","valueRequired":true,"valueName":"search_term_string"}}],"inLanguage":"ru-RU"}]}},"_links":{"self":[{"href":"https:\/\/horticom.ee\/e-pood\/ru\/wp-json\/wp\/v2\/product\/2549980","targetHints":{"allow":["GET"]}}],"collection":[{"href":"https:\/\/horticom.ee\/e-pood\/ru\/wp-json\/wp\/v2\/product"}],"about":[{"href":"https:\/\/horticom.ee\/e-pood\/ru\/wp-json\/wp\/v2\/types\/product"}],"replies":[{"embeddable":true,"href":"https:\/\/horticom.ee\/e-pood\/ru\/wp-json\/wp\/v2\/comments?post=2549980"}],"wp:featuredmedia":[{"embeddable":true,"href":"https:\/\/horticom.ee\/e-pood\/ru\/wp-json\/wp\/v2\/media\/2550034"}],"wp:attachment":[{"href":"https:\/\/horticom.ee\/e-pood\/ru\/wp-json\/wp\/v2\/media?parent=2549980"}],"wp:term":[{"taxonomy":"product_cat","embeddable":true,"href":"https:\/\/horticom.ee\/e-pood\/ru\/wp-json\/wp\/v2\/product_cat?post=2549980"},{"taxonomy":"product_tag","embeddable":true,"href":"https:\/\/horticom.ee\/e-pood\/ru\/wp-json\/wp\/v2\/product_tag?post=2549980"}],"curies":[{"name":"wp","href":"https:\/\/api.w.org\/{rel}","templated":true}]}}