{"id":2549991,"date":"2026-02-06T17:00:40","date_gmt":"2026-02-06T15:00:40","guid":{"rendered":"https:\/\/horticom.ee\/e-pood\/toode\/vedelvaetis-vahemere-taimedele-compo-500ml\/"},"modified":"2026-04-19T03:13:02","modified_gmt":"2026-04-19T00:13:02","slug":"vedelvaetis-vahemere-taimedele-compo-500ml","status":"publish","type":"product","link":"https:\/\/horticom.ee\/e-pood\/ru\/toode\/vedelvaetis-vahemere-taimedele-compo-500ml\/","title":{"rendered":"Vedelv\u00e4etis Vahemere taimedele Compo 500ml"},"content":{"rendered":"<p>COMPO Vahemere taimede v\u00e4etis on spetsiaalne, k\u00f5rgekvaliteediline vedelv\u00e4etis soojalembestele taimedele, nagu tsitruselised, oliivipuu, lavendel, hibisk ja viigipuu. See tagab t\u00e4isv\u00e4\u00e4rtusliku toitumise k\u00f5igile Vahemere taimedele ning sobib kasutamiseks nii toataimede kui ka r\u00f5dutaimede puhul.<br \/>\nT\u00e4nu tasakaalustatud makro- ja mikrotoitainete koostisele toetab v\u00e4etis taimede tervet kasvu, soodustab rikkalikku \u00f5itsemist ning suurendab vastupidavust.<\/p>\n","protected":false},"excerpt":{"rendered":"<p>COMPO Vahemere taimede v\u00e4etis on spetsiaalne, k\u00f5rgekvaliteediline vedelv\u00e4etis soojalembestele taimedele, nagu tsitruselised, oliivipuu, lavendel, hibisk ja viigipuu. See tagab t\u00e4isv\u00e4\u00e4rtusliku toitumise k\u00f5igile Vahemere taimedele ning sobib kasutamiseks nii toataimede kui ka r\u00f5dutaimede puhul. T\u00e4nu tasakaalustatud makro- ja mikrotoitainete koostisele toetab v\u00e4etis taimede tervet kasvu, soodustab rikkalikku \u00f5itsemist ning suurendab vastupidavust.<\/p>\n","protected":false},"featured_media":2550016,"comment_status":"closed","ping_status":"closed","template":"","meta":{"_themeisle_gutenberg_block_has_review":false},"product_cat":[16962],"product_tag":[],"class_list":{"0":"post-2549991","1":"product","2":"type-product","3":"status-publish","4":"has-post-thumbnail","6":"product_cat-ilupoosastele-ja-pusikutele","8":"first","9":"instock","10":"shipping-taxable","11":"purchasable","12":"product-type-simple"},"yoast_head":"<!-- This site is optimized with the Yoast SEO plugin v24.0 - https:\/\/yoast.com\/wordpress\/plugins\/seo\/ -->\n<title>Vedelv\u00e4etis Vahemere taimedele Compo 500ml - Horticom<\/title>\n<meta name=\"robots\" content=\"index, follow, max-snippet:-1, max-image-preview:large, max-video-preview:-1\" \/>\n<link rel=\"canonical\" href=\"https:\/\/horticom.ee\/e-pood\/toode\/vedelvaetis-vahemere-taimedele-compo-500ml\/\" \/>\n<meta property=\"og:locale\" content=\"ru_RU\" \/>\n<meta property=\"og:type\" content=\"article\" \/>\n<meta property=\"og:title\" content=\"Vedelv\u00e4etis Vahemere taimedele Compo 500ml - Horticom\" \/>\n<meta property=\"og:description\" content=\"COMPO Vahemere taimede v\u00e4etis on spetsiaalne, k\u00f5rgekvaliteediline vedelv\u00e4etis soojalembestele taimedele, nagu tsitruselised, oliivipuu, lavendel, hibisk ja viigipuu. See tagab t\u00e4isv\u00e4\u00e4rtusliku toitumise k\u00f5igile Vahemere taimedele ning sobib kasutamiseks nii toataimede kui ka r\u00f5dutaimede puhul. T\u00e4nu tasakaalustatud makro- ja mikrotoitainete koostisele toetab v\u00e4etis taimede tervet kasvu, soodustab rikkalikku \u00f5itsemist ning suurendab vastupidavust.\" \/>\n<meta property=\"og:url\" content=\"https:\/\/horticom.ee\/e-pood\/toode\/vedelvaetis-vahemere-taimedele-compo-500ml\/\" \/>\n<meta property=\"og:site_name\" content=\"Horticom.ee\" \/>\n<meta property=\"article:publisher\" content=\"https:\/\/www.facebook.com\/horticom.ee\/e-pood\" \/>\n<meta property=\"article:modified_time\" content=\"2026-04-19T00:13:02+00:00\" \/>\n<meta property=\"og:image\" content=\"https:\/\/horticom.ee\/e-pood\/wp-content\/uploads\/importedmedia\/product_2549991_0_67014164.jpg\" \/>\n\t<meta property=\"og:image:width\" content=\"1000\" \/>\n\t<meta property=\"og:image:height\" content=\"1000\" \/>\n\t<meta property=\"og:image:type\" content=\"image\/jpeg\" \/>\n<meta name=\"twitter:card\" content=\"summary_large_image\" \/>\n<script type=\"application\/ld+json\" class=\"yoast-schema-graph\">{\"@context\":\"https:\/\/schema.org\",\"@graph\":[{\"@type\":\"WebPage\",\"@id\":\"https:\/\/horticom.ee\/e-pood\/toode\/vedelvaetis-vahemere-taimedele-compo-500ml\/\",\"url\":\"https:\/\/horticom.ee\/e-pood\/toode\/vedelvaetis-vahemere-taimedele-compo-500ml\/\",\"name\":\"Vedelv\u00e4etis Vahemere taimedele Compo 500ml - Horticom\",\"isPartOf\":{\"@id\":\"https:\/\/horticom.ee\/e-pood\/#website\"},\"primaryImageOfPage\":{\"@id\":\"https:\/\/horticom.ee\/e-pood\/toode\/vedelvaetis-vahemere-taimedele-compo-500ml\/#primaryimage\"},\"image\":{\"@id\":\"https:\/\/horticom.ee\/e-pood\/toode\/vedelvaetis-vahemere-taimedele-compo-500ml\/#primaryimage\"},\"thumbnailUrl\":\"https:\/\/horticom.ee\/e-pood\/wp-content\/uploads\/importedmedia\/product_2549991_0_67014164.jpg\",\"datePublished\":\"2026-02-06T15:00:40+00:00\",\"dateModified\":\"2026-04-19T00:13:02+00:00\",\"breadcrumb\":{\"@id\":\"https:\/\/horticom.ee\/e-pood\/toode\/vedelvaetis-vahemere-taimedele-compo-500ml\/#breadcrumb\"},\"inLanguage\":\"ru-RU\",\"potentialAction\":[{\"@type\":\"ReadAction\",\"target\":[\"https:\/\/horticom.ee\/e-pood\/toode\/vedelvaetis-vahemere-taimedele-compo-500ml\/\"]}]},{\"@type\":\"ImageObject\",\"inLanguage\":\"ru-RU\",\"@id\":\"https:\/\/horticom.ee\/e-pood\/toode\/vedelvaetis-vahemere-taimedele-compo-500ml\/#primaryimage\",\"url\":\"https:\/\/horticom.ee\/e-pood\/wp-content\/uploads\/importedmedia\/product_2549991_0_67014164.jpg\",\"contentUrl\":\"https:\/\/horticom.ee\/e-pood\/wp-content\/uploads\/importedmedia\/product_2549991_0_67014164.jpg\",\"width\":1000,\"height\":1000},{\"@type\":\"BreadcrumbList\",\"@id\":\"https:\/\/horticom.ee\/e-pood\/toode\/vedelvaetis-vahemere-taimedele-compo-500ml\/#breadcrumb\",\"itemListElement\":[{\"@type\":\"ListItem\",\"position\":1,\"name\":\"Home\",\"item\":\"https:\/\/horticom.ee\/e-pood\/\"},{\"@type\":\"ListItem\",\"position\":2,\"name\":\"Pood\",\"item\":\"https:\/\/horticom.ee\/e-pood\/pood\/\"},{\"@type\":\"ListItem\",\"position\":3,\"name\":\"Vedelv\u00e4etis Vahemere taimedele Compo 500ml\"}]},{\"@type\":\"WebSite\",\"@id\":\"https:\/\/horticom.ee\/e-pood\/#website\",\"url\":\"https:\/\/horticom.ee\/e-pood\/\",\"name\":\"Horticom.ee\",\"description\":\"Aianduskaubad ja kodukaubad nii harrastajatele kui professionaalidele\",\"potentialAction\":[{\"@type\":\"SearchAction\",\"target\":{\"@type\":\"EntryPoint\",\"urlTemplate\":\"https:\/\/horticom.ee\/e-pood\/?s={search_term_string}\"},\"query-input\":{\"@type\":\"PropertyValueSpecification\",\"valueRequired\":true,\"valueName\":\"search_term_string\"}}],\"inLanguage\":\"ru-RU\"}]}<\/script>\n<!-- \/ Yoast SEO plugin. -->","yoast_head_json":{"title":"Vedelv\u00e4etis Vahemere taimedele Compo 500ml - Horticom","robots":{"index":"index","follow":"follow","max-snippet":"max-snippet:-1","max-image-preview":"max-image-preview:large","max-video-preview":"max-video-preview:-1"},"canonical":"https:\/\/horticom.ee\/e-pood\/toode\/vedelvaetis-vahemere-taimedele-compo-500ml\/","og_locale":"ru_RU","og_type":"article","og_title":"Vedelv\u00e4etis Vahemere taimedele Compo 500ml - Horticom","og_description":"COMPO Vahemere taimede v\u00e4etis on spetsiaalne, k\u00f5rgekvaliteediline vedelv\u00e4etis soojalembestele taimedele, nagu tsitruselised, oliivipuu, lavendel, hibisk ja viigipuu. See tagab t\u00e4isv\u00e4\u00e4rtusliku toitumise k\u00f5igile Vahemere taimedele ning sobib kasutamiseks nii toataimede kui ka r\u00f5dutaimede puhul. T\u00e4nu tasakaalustatud makro- ja mikrotoitainete koostisele toetab v\u00e4etis taimede tervet kasvu, soodustab rikkalikku \u00f5itsemist ning suurendab vastupidavust.","og_url":"https:\/\/horticom.ee\/e-pood\/toode\/vedelvaetis-vahemere-taimedele-compo-500ml\/","og_site_name":"Horticom.ee","article_publisher":"https:\/\/www.facebook.com\/horticom.ee\/e-pood","article_modified_time":"2026-04-19T00:13:02+00:00","og_image":[{"width":1000,"height":1000,"url":"https:\/\/horticom.ee\/e-pood\/wp-content\/uploads\/importedmedia\/product_2549991_0_67014164.jpg","type":"image\/jpeg"}],"twitter_card":"summary_large_image","schema":{"@context":"https:\/\/schema.org","@graph":[{"@type":"WebPage","@id":"https:\/\/horticom.ee\/e-pood\/toode\/vedelvaetis-vahemere-taimedele-compo-500ml\/","url":"https:\/\/horticom.ee\/e-pood\/toode\/vedelvaetis-vahemere-taimedele-compo-500ml\/","name":"Vedelv\u00e4etis Vahemere taimedele Compo 500ml - Horticom","isPartOf":{"@id":"https:\/\/horticom.ee\/e-pood\/#website"},"primaryImageOfPage":{"@id":"https:\/\/horticom.ee\/e-pood\/toode\/vedelvaetis-vahemere-taimedele-compo-500ml\/#primaryimage"},"image":{"@id":"https:\/\/horticom.ee\/e-pood\/toode\/vedelvaetis-vahemere-taimedele-compo-500ml\/#primaryimage"},"thumbnailUrl":"https:\/\/horticom.ee\/e-pood\/wp-content\/uploads\/importedmedia\/product_2549991_0_67014164.jpg","datePublished":"2026-02-06T15:00:40+00:00","dateModified":"2026-04-19T00:13:02+00:00","breadcrumb":{"@id":"https:\/\/horticom.ee\/e-pood\/toode\/vedelvaetis-vahemere-taimedele-compo-500ml\/#breadcrumb"},"inLanguage":"ru-RU","potentialAction":[{"@type":"ReadAction","target":["https:\/\/horticom.ee\/e-pood\/toode\/vedelvaetis-vahemere-taimedele-compo-500ml\/"]}]},{"@type":"ImageObject","inLanguage":"ru-RU","@id":"https:\/\/horticom.ee\/e-pood\/toode\/vedelvaetis-vahemere-taimedele-compo-500ml\/#primaryimage","url":"https:\/\/horticom.ee\/e-pood\/wp-content\/uploads\/importedmedia\/product_2549991_0_67014164.jpg","contentUrl":"https:\/\/horticom.ee\/e-pood\/wp-content\/uploads\/importedmedia\/product_2549991_0_67014164.jpg","width":1000,"height":1000},{"@type":"BreadcrumbList","@id":"https:\/\/horticom.ee\/e-pood\/toode\/vedelvaetis-vahemere-taimedele-compo-500ml\/#breadcrumb","itemListElement":[{"@type":"ListItem","position":1,"name":"Home","item":"https:\/\/horticom.ee\/e-pood\/"},{"@type":"ListItem","position":2,"name":"Pood","item":"https:\/\/horticom.ee\/e-pood\/pood\/"},{"@type":"ListItem","position":3,"name":"Vedelv\u00e4etis Vahemere taimedele Compo 500ml"}]},{"@type":"WebSite","@id":"https:\/\/horticom.ee\/e-pood\/#website","url":"https:\/\/horticom.ee\/e-pood\/","name":"Horticom.ee","description":"Aianduskaubad ja kodukaubad nii harrastajatele kui professionaalidele","potentialAction":[{"@type":"SearchAction","target":{"@type":"EntryPoint","urlTemplate":"https:\/\/horticom.ee\/e-pood\/?s={search_term_string}"},"query-input":{"@type":"PropertyValueSpecification","valueRequired":true,"valueName":"search_term_string"}}],"inLanguage":"ru-RU"}]}},"_links":{"self":[{"href":"https:\/\/horticom.ee\/e-pood\/ru\/wp-json\/wp\/v2\/product\/2549991","targetHints":{"allow":["GET"]}}],"collection":[{"href":"https:\/\/horticom.ee\/e-pood\/ru\/wp-json\/wp\/v2\/product"}],"about":[{"href":"https:\/\/horticom.ee\/e-pood\/ru\/wp-json\/wp\/v2\/types\/product"}],"replies":[{"embeddable":true,"href":"https:\/\/horticom.ee\/e-pood\/ru\/wp-json\/wp\/v2\/comments?post=2549991"}],"wp:featuredmedia":[{"embeddable":true,"href":"https:\/\/horticom.ee\/e-pood\/ru\/wp-json\/wp\/v2\/media\/2550016"}],"wp:attachment":[{"href":"https:\/\/horticom.ee\/e-pood\/ru\/wp-json\/wp\/v2\/media?parent=2549991"}],"wp:term":[{"taxonomy":"product_cat","embeddable":true,"href":"https:\/\/horticom.ee\/e-pood\/ru\/wp-json\/wp\/v2\/product_cat?post=2549991"},{"taxonomy":"product_tag","embeddable":true,"href":"https:\/\/horticom.ee\/e-pood\/ru\/wp-json\/wp\/v2\/product_tag?post=2549991"}],"curies":[{"name":"wp","href":"https:\/\/api.w.org\/{rel}","templated":true}]}}