{"id":2565367,"date":"2026-03-02T17:00:40","date_gmt":"2026-03-02T15:00:40","guid":{"rendered":"https:\/\/horticom.ee\/e-pood\/toode\/liilia-special-regale-1tk-b\/"},"modified":"2026-04-30T03:11:46","modified_gmt":"2026-04-30T00:11:46","slug":"liilia-special-regale-1tk-b","status":"publish","type":"product","link":"https:\/\/horticom.ee\/e-pood\/ru\/toode\/liilia-special-regale-1tk-b\/","title":{"rendered":"Liilia (special) Regale 1tk B"},"content":{"rendered":"<p>Liilia Regale Trumpet \u00f5ied on valget v\u00e4rvi, millel on roosakat varjundit. Suurte \u00f5itega ja aeglase kasvuga sibullill. Trompetliiliat soovitatakse paljudeks aastateks samale kohale j\u00e4tta, kuna see talub \u00fcmberistutamist halvasti. Taimed ei kannata seisvat vett ja vajavad kevadel hiliste \u00f6\u00f6k\u00fclmade kahjustuse eest katet. Lille \u00f5ied on meeldiva l\u00f5hnaga ja asetsevad horisontaalselt. Liilia \u00f5itseb ja kasvab paremini p\u00e4ikesek\u00fcllases paigas. Rikkalikuks \u00f5itsemiseks vajab taim viljakat mulda. Taime k\u00f5rgus kuni 150cm.<\/p>\n","protected":false},"excerpt":{"rendered":"<p>Liilia Regale Trumpet \u00f5ied on valget v\u00e4rvi, millel on roosakat varjundit. Suurte \u00f5itega ja aeglase kasvuga sibullill. Trompetliiliat soovitatakse paljudeks aastateks samale kohale j\u00e4tta, kuna see talub \u00fcmberistutamist halvasti. Taimed ei kannata seisvat vett ja vajavad kevadel hiliste \u00f6\u00f6k\u00fclmade kahjustuse eest katet. Lille \u00f5ied on meeldiva l\u00f5hnaga ja asetsevad horisontaalselt. Liilia \u00f5itseb ja kasvab paremini [&hellip;]<\/p>\n","protected":false},"featured_media":2570873,"comment_status":"closed","ping_status":"closed","template":"","meta":{"_themeisle_gutenberg_block_has_review":false},"product_cat":[18332,13548],"product_tag":[],"class_list":{"0":"post-2565367","1":"product","2":"type-product","3":"status-publish","4":"has-post-thumbnail","6":"product_cat-liilia","7":"product_cat-sibullilled-koduaeda","9":"first","10":"instock","11":"sale","12":"shipping-taxable","13":"purchasable","14":"product-type-simple"},"yoast_head":"<!-- This site is optimized with the Yoast SEO plugin v24.0 - https:\/\/yoast.com\/wordpress\/plugins\/seo\/ -->\n<title>Liilia (special) Regale 1tk B - Horticom<\/title>\n<meta name=\"robots\" content=\"index, follow, max-snippet:-1, max-image-preview:large, max-video-preview:-1\" \/>\n<link rel=\"canonical\" href=\"https:\/\/horticom.ee\/e-pood\/toode\/liilia-special-regale-1tk-b\/\" \/>\n<meta property=\"og:locale\" content=\"ru_RU\" \/>\n<meta property=\"og:type\" content=\"article\" \/>\n<meta property=\"og:title\" content=\"Liilia (special) Regale 1tk B - Horticom\" \/>\n<meta property=\"og:description\" content=\"Liilia Regale Trumpet \u00f5ied on valget v\u00e4rvi, millel on roosakat varjundit. Suurte \u00f5itega ja aeglase kasvuga sibullill. Trompetliiliat soovitatakse paljudeks aastateks samale kohale j\u00e4tta, kuna see talub \u00fcmberistutamist halvasti. Taimed ei kannata seisvat vett ja vajavad kevadel hiliste \u00f6\u00f6k\u00fclmade kahjustuse eest katet. Lille \u00f5ied on meeldiva l\u00f5hnaga ja asetsevad horisontaalselt. Liilia \u00f5itseb ja kasvab paremini [&hellip;]\" \/>\n<meta property=\"og:url\" content=\"https:\/\/horticom.ee\/e-pood\/toode\/liilia-special-regale-1tk-b\/\" \/>\n<meta property=\"og:site_name\" content=\"Horticom.ee\" \/>\n<meta property=\"article:publisher\" content=\"https:\/\/www.facebook.com\/horticom.ee\/e-pood\" \/>\n<meta property=\"article:modified_time\" content=\"2026-04-30T00:11:46+00:00\" \/>\n<meta property=\"og:image\" content=\"https:\/\/horticom.ee\/e-pood\/wp-content\/uploads\/2026\/03\/8712438988035.jpg\" \/>\n\t<meta property=\"og:image:width\" content=\"323\" \/>\n\t<meta property=\"og:image:height\" content=\"500\" \/>\n\t<meta property=\"og:image:type\" content=\"image\/jpeg\" \/>\n<meta name=\"twitter:card\" content=\"summary_large_image\" \/>\n<meta name=\"twitter:label1\" content=\"\u041f\u0440\u0438\u043c\u0435\u0440\u043d\u043e\u0435 \u0432\u0440\u0435\u043c\u044f \u0434\u043b\u044f \u0447\u0442\u0435\u043d\u0438\u044f\" \/>\n\t<meta name=\"twitter:data1\" content=\"1 \u043c\u0438\u043d\u0443\u0442\u0430\" \/>\n<script type=\"application\/ld+json\" class=\"yoast-schema-graph\">{\"@context\":\"https:\/\/schema.org\",\"@graph\":[{\"@type\":\"WebPage\",\"@id\":\"https:\/\/horticom.ee\/e-pood\/toode\/liilia-special-regale-1tk-b\/\",\"url\":\"https:\/\/horticom.ee\/e-pood\/toode\/liilia-special-regale-1tk-b\/\",\"name\":\"Liilia (special) Regale 1tk B - Horticom\",\"isPartOf\":{\"@id\":\"https:\/\/horticom.ee\/e-pood\/#website\"},\"primaryImageOfPage\":{\"@id\":\"https:\/\/horticom.ee\/e-pood\/toode\/liilia-special-regale-1tk-b\/#primaryimage\"},\"image\":{\"@id\":\"https:\/\/horticom.ee\/e-pood\/toode\/liilia-special-regale-1tk-b\/#primaryimage\"},\"thumbnailUrl\":\"https:\/\/horticom.ee\/e-pood\/wp-content\/uploads\/2026\/03\/8712438988035.jpg\",\"datePublished\":\"2026-03-02T15:00:40+00:00\",\"dateModified\":\"2026-04-30T00:11:46+00:00\",\"breadcrumb\":{\"@id\":\"https:\/\/horticom.ee\/e-pood\/toode\/liilia-special-regale-1tk-b\/#breadcrumb\"},\"inLanguage\":\"ru-RU\",\"potentialAction\":[{\"@type\":\"ReadAction\",\"target\":[\"https:\/\/horticom.ee\/e-pood\/toode\/liilia-special-regale-1tk-b\/\"]}]},{\"@type\":\"ImageObject\",\"inLanguage\":\"ru-RU\",\"@id\":\"https:\/\/horticom.ee\/e-pood\/toode\/liilia-special-regale-1tk-b\/#primaryimage\",\"url\":\"https:\/\/horticom.ee\/e-pood\/wp-content\/uploads\/2026\/03\/8712438988035.jpg\",\"contentUrl\":\"https:\/\/horticom.ee\/e-pood\/wp-content\/uploads\/2026\/03\/8712438988035.jpg\",\"width\":323,\"height\":500},{\"@type\":\"BreadcrumbList\",\"@id\":\"https:\/\/horticom.ee\/e-pood\/toode\/liilia-special-regale-1tk-b\/#breadcrumb\",\"itemListElement\":[{\"@type\":\"ListItem\",\"position\":1,\"name\":\"Home\",\"item\":\"https:\/\/horticom.ee\/e-pood\/\"},{\"@type\":\"ListItem\",\"position\":2,\"name\":\"Pood\",\"item\":\"https:\/\/horticom.ee\/e-pood\/pood\/\"},{\"@type\":\"ListItem\",\"position\":3,\"name\":\"Liilia (special) Regale 1tk B\"}]},{\"@type\":\"WebSite\",\"@id\":\"https:\/\/horticom.ee\/e-pood\/#website\",\"url\":\"https:\/\/horticom.ee\/e-pood\/\",\"name\":\"Horticom.ee\",\"description\":\"Aianduskaubad ja kodukaubad nii harrastajatele kui professionaalidele\",\"potentialAction\":[{\"@type\":\"SearchAction\",\"target\":{\"@type\":\"EntryPoint\",\"urlTemplate\":\"https:\/\/horticom.ee\/e-pood\/?s={search_term_string}\"},\"query-input\":{\"@type\":\"PropertyValueSpecification\",\"valueRequired\":true,\"valueName\":\"search_term_string\"}}],\"inLanguage\":\"ru-RU\"}]}<\/script>\n<!-- \/ Yoast SEO plugin. -->","yoast_head_json":{"title":"Liilia (special) Regale 1tk B - Horticom","robots":{"index":"index","follow":"follow","max-snippet":"max-snippet:-1","max-image-preview":"max-image-preview:large","max-video-preview":"max-video-preview:-1"},"canonical":"https:\/\/horticom.ee\/e-pood\/toode\/liilia-special-regale-1tk-b\/","og_locale":"ru_RU","og_type":"article","og_title":"Liilia (special) Regale 1tk B - Horticom","og_description":"Liilia Regale Trumpet \u00f5ied on valget v\u00e4rvi, millel on roosakat varjundit. Suurte \u00f5itega ja aeglase kasvuga sibullill. Trompetliiliat soovitatakse paljudeks aastateks samale kohale j\u00e4tta, kuna see talub \u00fcmberistutamist halvasti. Taimed ei kannata seisvat vett ja vajavad kevadel hiliste \u00f6\u00f6k\u00fclmade kahjustuse eest katet. Lille \u00f5ied on meeldiva l\u00f5hnaga ja asetsevad horisontaalselt. Liilia \u00f5itseb ja kasvab paremini [&hellip;]","og_url":"https:\/\/horticom.ee\/e-pood\/toode\/liilia-special-regale-1tk-b\/","og_site_name":"Horticom.ee","article_publisher":"https:\/\/www.facebook.com\/horticom.ee\/e-pood","article_modified_time":"2026-04-30T00:11:46+00:00","og_image":[{"width":323,"height":500,"url":"https:\/\/horticom.ee\/e-pood\/wp-content\/uploads\/2026\/03\/8712438988035.jpg","type":"image\/jpeg"}],"twitter_card":"summary_large_image","twitter_misc":{"\u041f\u0440\u0438\u043c\u0435\u0440\u043d\u043e\u0435 \u0432\u0440\u0435\u043c\u044f \u0434\u043b\u044f \u0447\u0442\u0435\u043d\u0438\u044f":"1 \u043c\u0438\u043d\u0443\u0442\u0430"},"schema":{"@context":"https:\/\/schema.org","@graph":[{"@type":"WebPage","@id":"https:\/\/horticom.ee\/e-pood\/toode\/liilia-special-regale-1tk-b\/","url":"https:\/\/horticom.ee\/e-pood\/toode\/liilia-special-regale-1tk-b\/","name":"Liilia (special) Regale 1tk B - Horticom","isPartOf":{"@id":"https:\/\/horticom.ee\/e-pood\/#website"},"primaryImageOfPage":{"@id":"https:\/\/horticom.ee\/e-pood\/toode\/liilia-special-regale-1tk-b\/#primaryimage"},"image":{"@id":"https:\/\/horticom.ee\/e-pood\/toode\/liilia-special-regale-1tk-b\/#primaryimage"},"thumbnailUrl":"https:\/\/horticom.ee\/e-pood\/wp-content\/uploads\/2026\/03\/8712438988035.jpg","datePublished":"2026-03-02T15:00:40+00:00","dateModified":"2026-04-30T00:11:46+00:00","breadcrumb":{"@id":"https:\/\/horticom.ee\/e-pood\/toode\/liilia-special-regale-1tk-b\/#breadcrumb"},"inLanguage":"ru-RU","potentialAction":[{"@type":"ReadAction","target":["https:\/\/horticom.ee\/e-pood\/toode\/liilia-special-regale-1tk-b\/"]}]},{"@type":"ImageObject","inLanguage":"ru-RU","@id":"https:\/\/horticom.ee\/e-pood\/toode\/liilia-special-regale-1tk-b\/#primaryimage","url":"https:\/\/horticom.ee\/e-pood\/wp-content\/uploads\/2026\/03\/8712438988035.jpg","contentUrl":"https:\/\/horticom.ee\/e-pood\/wp-content\/uploads\/2026\/03\/8712438988035.jpg","width":323,"height":500},{"@type":"BreadcrumbList","@id":"https:\/\/horticom.ee\/e-pood\/toode\/liilia-special-regale-1tk-b\/#breadcrumb","itemListElement":[{"@type":"ListItem","position":1,"name":"Home","item":"https:\/\/horticom.ee\/e-pood\/"},{"@type":"ListItem","position":2,"name":"Pood","item":"https:\/\/horticom.ee\/e-pood\/pood\/"},{"@type":"ListItem","position":3,"name":"Liilia (special) Regale 1tk B"}]},{"@type":"WebSite","@id":"https:\/\/horticom.ee\/e-pood\/#website","url":"https:\/\/horticom.ee\/e-pood\/","name":"Horticom.ee","description":"Aianduskaubad ja kodukaubad nii harrastajatele kui professionaalidele","potentialAction":[{"@type":"SearchAction","target":{"@type":"EntryPoint","urlTemplate":"https:\/\/horticom.ee\/e-pood\/?s={search_term_string}"},"query-input":{"@type":"PropertyValueSpecification","valueRequired":true,"valueName":"search_term_string"}}],"inLanguage":"ru-RU"}]}},"_links":{"self":[{"href":"https:\/\/horticom.ee\/e-pood\/ru\/wp-json\/wp\/v2\/product\/2565367","targetHints":{"allow":["GET"]}}],"collection":[{"href":"https:\/\/horticom.ee\/e-pood\/ru\/wp-json\/wp\/v2\/product"}],"about":[{"href":"https:\/\/horticom.ee\/e-pood\/ru\/wp-json\/wp\/v2\/types\/product"}],"replies":[{"embeddable":true,"href":"https:\/\/horticom.ee\/e-pood\/ru\/wp-json\/wp\/v2\/comments?post=2565367"}],"wp:featuredmedia":[{"embeddable":true,"href":"https:\/\/horticom.ee\/e-pood\/ru\/wp-json\/wp\/v2\/media\/2570873"}],"wp:attachment":[{"href":"https:\/\/horticom.ee\/e-pood\/ru\/wp-json\/wp\/v2\/media?parent=2565367"}],"wp:term":[{"taxonomy":"product_cat","embeddable":true,"href":"https:\/\/horticom.ee\/e-pood\/ru\/wp-json\/wp\/v2\/product_cat?post=2565367"},{"taxonomy":"product_tag","embeddable":true,"href":"https:\/\/horticom.ee\/e-pood\/ru\/wp-json\/wp\/v2\/product_tag?post=2565367"}],"curies":[{"name":"wp","href":"https:\/\/api.w.org\/{rel}","templated":true}]}}