{"id":2565377,"date":"2026-03-02T17:00:42","date_gmt":"2026-03-02T15:00:42","guid":{"rendered":"https:\/\/horticom.ee\/e-pood\/toode\/gladiool-suureoieline-mix-10tk-b\/"},"modified":"2026-04-30T03:11:54","modified_gmt":"2026-04-30T00:11:54","slug":"gladiool-suureoieline-mix-10tk-b","status":"publish","type":"product","link":"https:\/\/horticom.ee\/e-pood\/ru\/toode\/gladiool-suureoieline-mix-10tk-b\/","title":{"rendered":"Gladiool (suure\u00f5ieline) Mix 10tk B"},"content":{"rendered":"<p>Gladiool Mix \u00f5ied on erineva v\u00e4rvusega. Sobib nii aias kasvamiseks kui ka l\u00f5ikelilleks. Kuigi kaunid gladioolid kasvavad meie kliimas v\u00f5rdlemisi h\u00e4sti, on nad k\u00fclma\u00f5rnad. \u00dcletalve tuleb gladioolide mugulsibulaid hoida sisetingimustes. Sibulad suurusega 12\/14 \u00f5itsevad tavaliselt rikkalikult, \u00f5isik on normaal suurusega, vars tugev ja v\u00f5imalik saada normaalse suurusega t\u00fctarsibulaid. Lehtede v\u00e4rvus on heledast kuni sinakasroheliseni. Nad on tugevad ja kaetud vahakihiga. Lehtede pikkus on 30\u2013140 cm, laius aga 2\u20138,5 cm. Gladioolid armastavad p\u00e4ikselist kasvukohta, kus muld on 30\u201340 s\u00fcgavuselt haritud, viljakas ja kergelt happeline. Gladioolid armastavad p\u00e4ikselist kasvukohta. Lille k\u00f5rgus on 100cm.<\/p>\n","protected":false},"excerpt":{"rendered":"<p>Gladiool Mix \u00f5ied on erineva v\u00e4rvusega. Sobib nii aias kasvamiseks kui ka l\u00f5ikelilleks. Kuigi kaunid gladioolid kasvavad meie kliimas v\u00f5rdlemisi h\u00e4sti, on nad k\u00fclma\u00f5rnad. \u00dcletalve tuleb gladioolide mugulsibulaid hoida sisetingimustes. Sibulad suurusega 12\/14 \u00f5itsevad tavaliselt rikkalikult, \u00f5isik on normaal suurusega, vars tugev ja v\u00f5imalik saada normaalse suurusega t\u00fctarsibulaid. Lehtede v\u00e4rvus on heledast kuni sinakasroheliseni. Nad [&hellip;]<\/p>\n","protected":false},"featured_media":2570809,"comment_status":"closed","ping_status":"closed","template":"","meta":{"_themeisle_gutenberg_block_has_review":false},"product_cat":[18328,13548],"product_tag":[],"class_list":{"0":"post-2565377","1":"product","2":"type-product","3":"status-publish","4":"has-post-thumbnail","6":"product_cat-gladiool","7":"product_cat-sibullilled-koduaeda","9":"first","10":"outofstock","11":"sale","12":"shipping-taxable","13":"purchasable","14":"product-type-simple"},"yoast_head":"<!-- This site is optimized with the Yoast SEO plugin v24.0 - https:\/\/yoast.com\/wordpress\/plugins\/seo\/ -->\n<title>Gladiool (suure\u00f5ieline) Mix 10tk B - Horticom<\/title>\n<meta name=\"robots\" content=\"index, follow, max-snippet:-1, max-image-preview:large, max-video-preview:-1\" \/>\n<link rel=\"canonical\" href=\"https:\/\/horticom.ee\/e-pood\/toode\/gladiool-suureoieline-mix-10tk-b\/\" \/>\n<meta property=\"og:locale\" content=\"ru_RU\" \/>\n<meta property=\"og:type\" content=\"article\" \/>\n<meta property=\"og:title\" content=\"Gladiool (suure\u00f5ieline) Mix 10tk B - Horticom\" \/>\n<meta property=\"og:description\" content=\"Gladiool Mix \u00f5ied on erineva v\u00e4rvusega. Sobib nii aias kasvamiseks kui ka l\u00f5ikelilleks. Kuigi kaunid gladioolid kasvavad meie kliimas v\u00f5rdlemisi h\u00e4sti, on nad k\u00fclma\u00f5rnad. \u00dcletalve tuleb gladioolide mugulsibulaid hoida sisetingimustes. Sibulad suurusega 12\/14 \u00f5itsevad tavaliselt rikkalikult, \u00f5isik on normaal suurusega, vars tugev ja v\u00f5imalik saada normaalse suurusega t\u00fctarsibulaid. Lehtede v\u00e4rvus on heledast kuni sinakasroheliseni. Nad [&hellip;]\" \/>\n<meta property=\"og:url\" content=\"https:\/\/horticom.ee\/e-pood\/toode\/gladiool-suureoieline-mix-10tk-b\/\" \/>\n<meta property=\"og:site_name\" content=\"Horticom.ee\" \/>\n<meta property=\"article:publisher\" content=\"https:\/\/www.facebook.com\/horticom.ee\/e-pood\" \/>\n<meta property=\"article:modified_time\" content=\"2026-04-30T00:11:54+00:00\" \/>\n<meta property=\"og:image\" content=\"https:\/\/horticom.ee\/e-pood\/wp-content\/uploads\/2026\/03\/8712438996337.jpg\" \/>\n\t<meta property=\"og:image:width\" content=\"323\" \/>\n\t<meta property=\"og:image:height\" content=\"500\" \/>\n\t<meta property=\"og:image:type\" content=\"image\/jpeg\" \/>\n<meta name=\"twitter:card\" content=\"summary_large_image\" \/>\n<meta name=\"twitter:label1\" content=\"\u041f\u0440\u0438\u043c\u0435\u0440\u043d\u043e\u0435 \u0432\u0440\u0435\u043c\u044f \u0434\u043b\u044f \u0447\u0442\u0435\u043d\u0438\u044f\" \/>\n\t<meta name=\"twitter:data1\" content=\"1 \u043c\u0438\u043d\u0443\u0442\u0430\" \/>\n<script type=\"application\/ld+json\" class=\"yoast-schema-graph\">{\"@context\":\"https:\/\/schema.org\",\"@graph\":[{\"@type\":\"WebPage\",\"@id\":\"https:\/\/horticom.ee\/e-pood\/toode\/gladiool-suureoieline-mix-10tk-b\/\",\"url\":\"https:\/\/horticom.ee\/e-pood\/toode\/gladiool-suureoieline-mix-10tk-b\/\",\"name\":\"Gladiool (suure\u00f5ieline) Mix 10tk B - Horticom\",\"isPartOf\":{\"@id\":\"https:\/\/horticom.ee\/e-pood\/#website\"},\"primaryImageOfPage\":{\"@id\":\"https:\/\/horticom.ee\/e-pood\/toode\/gladiool-suureoieline-mix-10tk-b\/#primaryimage\"},\"image\":{\"@id\":\"https:\/\/horticom.ee\/e-pood\/toode\/gladiool-suureoieline-mix-10tk-b\/#primaryimage\"},\"thumbnailUrl\":\"https:\/\/horticom.ee\/e-pood\/wp-content\/uploads\/2026\/03\/8712438996337.jpg\",\"datePublished\":\"2026-03-02T15:00:42+00:00\",\"dateModified\":\"2026-04-30T00:11:54+00:00\",\"breadcrumb\":{\"@id\":\"https:\/\/horticom.ee\/e-pood\/toode\/gladiool-suureoieline-mix-10tk-b\/#breadcrumb\"},\"inLanguage\":\"ru-RU\",\"potentialAction\":[{\"@type\":\"ReadAction\",\"target\":[\"https:\/\/horticom.ee\/e-pood\/toode\/gladiool-suureoieline-mix-10tk-b\/\"]}]},{\"@type\":\"ImageObject\",\"inLanguage\":\"ru-RU\",\"@id\":\"https:\/\/horticom.ee\/e-pood\/toode\/gladiool-suureoieline-mix-10tk-b\/#primaryimage\",\"url\":\"https:\/\/horticom.ee\/e-pood\/wp-content\/uploads\/2026\/03\/8712438996337.jpg\",\"contentUrl\":\"https:\/\/horticom.ee\/e-pood\/wp-content\/uploads\/2026\/03\/8712438996337.jpg\",\"width\":323,\"height\":500},{\"@type\":\"BreadcrumbList\",\"@id\":\"https:\/\/horticom.ee\/e-pood\/toode\/gladiool-suureoieline-mix-10tk-b\/#breadcrumb\",\"itemListElement\":[{\"@type\":\"ListItem\",\"position\":1,\"name\":\"Home\",\"item\":\"https:\/\/horticom.ee\/e-pood\/\"},{\"@type\":\"ListItem\",\"position\":2,\"name\":\"Pood\",\"item\":\"https:\/\/horticom.ee\/e-pood\/pood\/\"},{\"@type\":\"ListItem\",\"position\":3,\"name\":\"Gladiool (suure\u00f5ieline) Mix 10tk B\"}]},{\"@type\":\"WebSite\",\"@id\":\"https:\/\/horticom.ee\/e-pood\/#website\",\"url\":\"https:\/\/horticom.ee\/e-pood\/\",\"name\":\"Horticom.ee\",\"description\":\"Aianduskaubad ja kodukaubad nii harrastajatele kui professionaalidele\",\"potentialAction\":[{\"@type\":\"SearchAction\",\"target\":{\"@type\":\"EntryPoint\",\"urlTemplate\":\"https:\/\/horticom.ee\/e-pood\/?s={search_term_string}\"},\"query-input\":{\"@type\":\"PropertyValueSpecification\",\"valueRequired\":true,\"valueName\":\"search_term_string\"}}],\"inLanguage\":\"ru-RU\"}]}<\/script>\n<!-- \/ Yoast SEO plugin. -->","yoast_head_json":{"title":"Gladiool (suure\u00f5ieline) Mix 10tk B - Horticom","robots":{"index":"index","follow":"follow","max-snippet":"max-snippet:-1","max-image-preview":"max-image-preview:large","max-video-preview":"max-video-preview:-1"},"canonical":"https:\/\/horticom.ee\/e-pood\/toode\/gladiool-suureoieline-mix-10tk-b\/","og_locale":"ru_RU","og_type":"article","og_title":"Gladiool (suure\u00f5ieline) Mix 10tk B - Horticom","og_description":"Gladiool Mix \u00f5ied on erineva v\u00e4rvusega. Sobib nii aias kasvamiseks kui ka l\u00f5ikelilleks. Kuigi kaunid gladioolid kasvavad meie kliimas v\u00f5rdlemisi h\u00e4sti, on nad k\u00fclma\u00f5rnad. \u00dcletalve tuleb gladioolide mugulsibulaid hoida sisetingimustes. Sibulad suurusega 12\/14 \u00f5itsevad tavaliselt rikkalikult, \u00f5isik on normaal suurusega, vars tugev ja v\u00f5imalik saada normaalse suurusega t\u00fctarsibulaid. Lehtede v\u00e4rvus on heledast kuni sinakasroheliseni. Nad [&hellip;]","og_url":"https:\/\/horticom.ee\/e-pood\/toode\/gladiool-suureoieline-mix-10tk-b\/","og_site_name":"Horticom.ee","article_publisher":"https:\/\/www.facebook.com\/horticom.ee\/e-pood","article_modified_time":"2026-04-30T00:11:54+00:00","og_image":[{"width":323,"height":500,"url":"https:\/\/horticom.ee\/e-pood\/wp-content\/uploads\/2026\/03\/8712438996337.jpg","type":"image\/jpeg"}],"twitter_card":"summary_large_image","twitter_misc":{"\u041f\u0440\u0438\u043c\u0435\u0440\u043d\u043e\u0435 \u0432\u0440\u0435\u043c\u044f \u0434\u043b\u044f \u0447\u0442\u0435\u043d\u0438\u044f":"1 \u043c\u0438\u043d\u0443\u0442\u0430"},"schema":{"@context":"https:\/\/schema.org","@graph":[{"@type":"WebPage","@id":"https:\/\/horticom.ee\/e-pood\/toode\/gladiool-suureoieline-mix-10tk-b\/","url":"https:\/\/horticom.ee\/e-pood\/toode\/gladiool-suureoieline-mix-10tk-b\/","name":"Gladiool (suure\u00f5ieline) Mix 10tk B - Horticom","isPartOf":{"@id":"https:\/\/horticom.ee\/e-pood\/#website"},"primaryImageOfPage":{"@id":"https:\/\/horticom.ee\/e-pood\/toode\/gladiool-suureoieline-mix-10tk-b\/#primaryimage"},"image":{"@id":"https:\/\/horticom.ee\/e-pood\/toode\/gladiool-suureoieline-mix-10tk-b\/#primaryimage"},"thumbnailUrl":"https:\/\/horticom.ee\/e-pood\/wp-content\/uploads\/2026\/03\/8712438996337.jpg","datePublished":"2026-03-02T15:00:42+00:00","dateModified":"2026-04-30T00:11:54+00:00","breadcrumb":{"@id":"https:\/\/horticom.ee\/e-pood\/toode\/gladiool-suureoieline-mix-10tk-b\/#breadcrumb"},"inLanguage":"ru-RU","potentialAction":[{"@type":"ReadAction","target":["https:\/\/horticom.ee\/e-pood\/toode\/gladiool-suureoieline-mix-10tk-b\/"]}]},{"@type":"ImageObject","inLanguage":"ru-RU","@id":"https:\/\/horticom.ee\/e-pood\/toode\/gladiool-suureoieline-mix-10tk-b\/#primaryimage","url":"https:\/\/horticom.ee\/e-pood\/wp-content\/uploads\/2026\/03\/8712438996337.jpg","contentUrl":"https:\/\/horticom.ee\/e-pood\/wp-content\/uploads\/2026\/03\/8712438996337.jpg","width":323,"height":500},{"@type":"BreadcrumbList","@id":"https:\/\/horticom.ee\/e-pood\/toode\/gladiool-suureoieline-mix-10tk-b\/#breadcrumb","itemListElement":[{"@type":"ListItem","position":1,"name":"Home","item":"https:\/\/horticom.ee\/e-pood\/"},{"@type":"ListItem","position":2,"name":"Pood","item":"https:\/\/horticom.ee\/e-pood\/pood\/"},{"@type":"ListItem","position":3,"name":"Gladiool (suure\u00f5ieline) Mix 10tk B"}]},{"@type":"WebSite","@id":"https:\/\/horticom.ee\/e-pood\/#website","url":"https:\/\/horticom.ee\/e-pood\/","name":"Horticom.ee","description":"Aianduskaubad ja kodukaubad nii harrastajatele kui professionaalidele","potentialAction":[{"@type":"SearchAction","target":{"@type":"EntryPoint","urlTemplate":"https:\/\/horticom.ee\/e-pood\/?s={search_term_string}"},"query-input":{"@type":"PropertyValueSpecification","valueRequired":true,"valueName":"search_term_string"}}],"inLanguage":"ru-RU"}]}},"_links":{"self":[{"href":"https:\/\/horticom.ee\/e-pood\/ru\/wp-json\/wp\/v2\/product\/2565377","targetHints":{"allow":["GET"]}}],"collection":[{"href":"https:\/\/horticom.ee\/e-pood\/ru\/wp-json\/wp\/v2\/product"}],"about":[{"href":"https:\/\/horticom.ee\/e-pood\/ru\/wp-json\/wp\/v2\/types\/product"}],"replies":[{"embeddable":true,"href":"https:\/\/horticom.ee\/e-pood\/ru\/wp-json\/wp\/v2\/comments?post=2565377"}],"wp:featuredmedia":[{"embeddable":true,"href":"https:\/\/horticom.ee\/e-pood\/ru\/wp-json\/wp\/v2\/media\/2570809"}],"wp:attachment":[{"href":"https:\/\/horticom.ee\/e-pood\/ru\/wp-json\/wp\/v2\/media?parent=2565377"}],"wp:term":[{"taxonomy":"product_cat","embeddable":true,"href":"https:\/\/horticom.ee\/e-pood\/ru\/wp-json\/wp\/v2\/product_cat?post=2565377"},{"taxonomy":"product_tag","embeddable":true,"href":"https:\/\/horticom.ee\/e-pood\/ru\/wp-json\/wp\/v2\/product_tag?post=2565377"}],"curies":[{"name":"wp","href":"https:\/\/api.w.org\/{rel}","templated":true}]}}