{"id":2565924,"date":"2026-03-03T06:00:38","date_gmt":"2026-03-03T04:00:38","guid":{"rendered":"https:\/\/horticom.ee\/e-pood\/toode\/vikerois-ixia-mabel-20tk-a\/"},"modified":"2026-04-30T03:11:57","modified_gmt":"2026-04-30T00:11:57","slug":"vikerois-ixia-mabel-20tk-a","status":"publish","type":"product","link":"https:\/\/horticom.ee\/e-pood\/ru\/toode\/vikerois-ixia-mabel-20tk-a\/","title":{"rendered":"Viker\u00f5is Ixia Mabel 20tk A"},"content":{"rendered":"<p>Viker\u00f5is Ixia Mabel \u00f5ied on kauni roosa v\u00e4rvusega. Ideaalne valik neile, kes hindavad pilkup\u00fc\u00fcdvat peenrailu ilma liigse hooldusvajaduseta. See h\u00f5lpsasti kasvatatav sibullill pakub rikkalikku \u00f5itsemist juba esimesel kasvuaastal, tuues aeda v\u00e4rskust ja kergust oma saledate varte ning intensiivsete \u00f5itega. Sobib h\u00e4sti nii madalatele peenardele kui ka konteineritesse. \u00d5itsemisaeg on juuni &#8211; juuli. Kasvab kuni 40cm k\u00f5rguseks.<\/p>\n","protected":false},"excerpt":{"rendered":"<p>Viker\u00f5is Ixia Mabel \u00f5ied on kauni roosa v\u00e4rvusega. Ideaalne valik neile, kes hindavad pilkup\u00fc\u00fcdvat peenrailu ilma liigse hooldusvajaduseta. See h\u00f5lpsasti kasvatatav sibullill pakub rikkalikku \u00f5itsemist juba esimesel kasvuaastal, tuues aeda v\u00e4rskust ja kergust oma saledate varte ning intensiivsete \u00f5itega. Sobib h\u00e4sti nii madalatele peenardele kui ka konteineritesse. \u00d5itsemisaeg on juuni &#8211; juuli. Kasvab kuni 40cm [&hellip;]<\/p>\n","protected":false},"featured_media":2570877,"comment_status":"closed","ping_status":"closed","template":"","meta":{"_themeisle_gutenberg_block_has_review":false},"product_cat":[19101,13548],"product_tag":[],"class_list":{"0":"post-2565924","1":"product","2":"type-product","3":"status-publish","4":"has-post-thumbnail","6":"product_cat-vikerois","7":"product_cat-sibullilled-koduaeda","9":"first","10":"outofstock","11":"sale","12":"shipping-taxable","13":"purchasable","14":"product-type-simple"},"yoast_head":"<!-- This site is optimized with the Yoast SEO plugin v24.0 - https:\/\/yoast.com\/wordpress\/plugins\/seo\/ -->\n<title>Viker\u00f5is Ixia Mabel 20tk A - Horticom<\/title>\n<meta name=\"robots\" content=\"index, follow, max-snippet:-1, max-image-preview:large, max-video-preview:-1\" \/>\n<link rel=\"canonical\" href=\"https:\/\/horticom.ee\/e-pood\/toode\/vikerois-ixia-mabel-20tk-a\/\" \/>\n<meta property=\"og:locale\" content=\"ru_RU\" \/>\n<meta property=\"og:type\" content=\"article\" \/>\n<meta property=\"og:title\" content=\"Viker\u00f5is Ixia Mabel 20tk A - Horticom\" \/>\n<meta property=\"og:description\" content=\"Viker\u00f5is Ixia Mabel \u00f5ied on kauni roosa v\u00e4rvusega. Ideaalne valik neile, kes hindavad pilkup\u00fc\u00fcdvat peenrailu ilma liigse hooldusvajaduseta. See h\u00f5lpsasti kasvatatav sibullill pakub rikkalikku \u00f5itsemist juba esimesel kasvuaastal, tuues aeda v\u00e4rskust ja kergust oma saledate varte ning intensiivsete \u00f5itega. Sobib h\u00e4sti nii madalatele peenardele kui ka konteineritesse. \u00d5itsemisaeg on juuni &#8211; juuli. Kasvab kuni 40cm [&hellip;]\" \/>\n<meta property=\"og:url\" content=\"https:\/\/horticom.ee\/e-pood\/toode\/vikerois-ixia-mabel-20tk-a\/\" \/>\n<meta property=\"og:site_name\" content=\"Horticom.ee\" \/>\n<meta property=\"article:publisher\" content=\"https:\/\/www.facebook.com\/horticom.ee\/e-pood\" \/>\n<meta property=\"article:modified_time\" content=\"2026-04-30T00:11:57+00:00\" \/>\n<meta property=\"og:image\" content=\"https:\/\/horticom.ee\/e-pood\/wp-content\/uploads\/2026\/03\/8720873006894.jpg\" \/>\n\t<meta property=\"og:image:width\" content=\"323\" \/>\n\t<meta property=\"og:image:height\" content=\"500\" \/>\n\t<meta property=\"og:image:type\" content=\"image\/jpeg\" \/>\n<meta name=\"twitter:card\" content=\"summary_large_image\" \/>\n<meta name=\"twitter:label1\" content=\"\u041f\u0440\u0438\u043c\u0435\u0440\u043d\u043e\u0435 \u0432\u0440\u0435\u043c\u044f \u0434\u043b\u044f \u0447\u0442\u0435\u043d\u0438\u044f\" \/>\n\t<meta name=\"twitter:data1\" content=\"1 \u043c\u0438\u043d\u0443\u0442\u0430\" \/>\n<script type=\"application\/ld+json\" class=\"yoast-schema-graph\">{\"@context\":\"https:\/\/schema.org\",\"@graph\":[{\"@type\":\"WebPage\",\"@id\":\"https:\/\/horticom.ee\/e-pood\/toode\/vikerois-ixia-mabel-20tk-a\/\",\"url\":\"https:\/\/horticom.ee\/e-pood\/toode\/vikerois-ixia-mabel-20tk-a\/\",\"name\":\"Viker\u00f5is Ixia Mabel 20tk A - Horticom\",\"isPartOf\":{\"@id\":\"https:\/\/horticom.ee\/e-pood\/#website\"},\"primaryImageOfPage\":{\"@id\":\"https:\/\/horticom.ee\/e-pood\/toode\/vikerois-ixia-mabel-20tk-a\/#primaryimage\"},\"image\":{\"@id\":\"https:\/\/horticom.ee\/e-pood\/toode\/vikerois-ixia-mabel-20tk-a\/#primaryimage\"},\"thumbnailUrl\":\"https:\/\/horticom.ee\/e-pood\/wp-content\/uploads\/2026\/03\/8720873006894.jpg\",\"datePublished\":\"2026-03-03T04:00:38+00:00\",\"dateModified\":\"2026-04-30T00:11:57+00:00\",\"breadcrumb\":{\"@id\":\"https:\/\/horticom.ee\/e-pood\/toode\/vikerois-ixia-mabel-20tk-a\/#breadcrumb\"},\"inLanguage\":\"ru-RU\",\"potentialAction\":[{\"@type\":\"ReadAction\",\"target\":[\"https:\/\/horticom.ee\/e-pood\/toode\/vikerois-ixia-mabel-20tk-a\/\"]}]},{\"@type\":\"ImageObject\",\"inLanguage\":\"ru-RU\",\"@id\":\"https:\/\/horticom.ee\/e-pood\/toode\/vikerois-ixia-mabel-20tk-a\/#primaryimage\",\"url\":\"https:\/\/horticom.ee\/e-pood\/wp-content\/uploads\/2026\/03\/8720873006894.jpg\",\"contentUrl\":\"https:\/\/horticom.ee\/e-pood\/wp-content\/uploads\/2026\/03\/8720873006894.jpg\",\"width\":323,\"height\":500},{\"@type\":\"BreadcrumbList\",\"@id\":\"https:\/\/horticom.ee\/e-pood\/toode\/vikerois-ixia-mabel-20tk-a\/#breadcrumb\",\"itemListElement\":[{\"@type\":\"ListItem\",\"position\":1,\"name\":\"Home\",\"item\":\"https:\/\/horticom.ee\/e-pood\/\"},{\"@type\":\"ListItem\",\"position\":2,\"name\":\"Pood\",\"item\":\"https:\/\/horticom.ee\/e-pood\/pood\/\"},{\"@type\":\"ListItem\",\"position\":3,\"name\":\"Viker\u00f5is Ixia Mabel 20tk A\"}]},{\"@type\":\"WebSite\",\"@id\":\"https:\/\/horticom.ee\/e-pood\/#website\",\"url\":\"https:\/\/horticom.ee\/e-pood\/\",\"name\":\"Horticom.ee\",\"description\":\"Aianduskaubad ja kodukaubad nii harrastajatele kui professionaalidele\",\"potentialAction\":[{\"@type\":\"SearchAction\",\"target\":{\"@type\":\"EntryPoint\",\"urlTemplate\":\"https:\/\/horticom.ee\/e-pood\/?s={search_term_string}\"},\"query-input\":{\"@type\":\"PropertyValueSpecification\",\"valueRequired\":true,\"valueName\":\"search_term_string\"}}],\"inLanguage\":\"ru-RU\"}]}<\/script>\n<!-- \/ Yoast SEO plugin. -->","yoast_head_json":{"title":"Viker\u00f5is Ixia Mabel 20tk A - Horticom","robots":{"index":"index","follow":"follow","max-snippet":"max-snippet:-1","max-image-preview":"max-image-preview:large","max-video-preview":"max-video-preview:-1"},"canonical":"https:\/\/horticom.ee\/e-pood\/toode\/vikerois-ixia-mabel-20tk-a\/","og_locale":"ru_RU","og_type":"article","og_title":"Viker\u00f5is Ixia Mabel 20tk A - Horticom","og_description":"Viker\u00f5is Ixia Mabel \u00f5ied on kauni roosa v\u00e4rvusega. Ideaalne valik neile, kes hindavad pilkup\u00fc\u00fcdvat peenrailu ilma liigse hooldusvajaduseta. See h\u00f5lpsasti kasvatatav sibullill pakub rikkalikku \u00f5itsemist juba esimesel kasvuaastal, tuues aeda v\u00e4rskust ja kergust oma saledate varte ning intensiivsete \u00f5itega. Sobib h\u00e4sti nii madalatele peenardele kui ka konteineritesse. \u00d5itsemisaeg on juuni &#8211; juuli. Kasvab kuni 40cm [&hellip;]","og_url":"https:\/\/horticom.ee\/e-pood\/toode\/vikerois-ixia-mabel-20tk-a\/","og_site_name":"Horticom.ee","article_publisher":"https:\/\/www.facebook.com\/horticom.ee\/e-pood","article_modified_time":"2026-04-30T00:11:57+00:00","og_image":[{"width":323,"height":500,"url":"https:\/\/horticom.ee\/e-pood\/wp-content\/uploads\/2026\/03\/8720873006894.jpg","type":"image\/jpeg"}],"twitter_card":"summary_large_image","twitter_misc":{"\u041f\u0440\u0438\u043c\u0435\u0440\u043d\u043e\u0435 \u0432\u0440\u0435\u043c\u044f \u0434\u043b\u044f \u0447\u0442\u0435\u043d\u0438\u044f":"1 \u043c\u0438\u043d\u0443\u0442\u0430"},"schema":{"@context":"https:\/\/schema.org","@graph":[{"@type":"WebPage","@id":"https:\/\/horticom.ee\/e-pood\/toode\/vikerois-ixia-mabel-20tk-a\/","url":"https:\/\/horticom.ee\/e-pood\/toode\/vikerois-ixia-mabel-20tk-a\/","name":"Viker\u00f5is Ixia Mabel 20tk A - Horticom","isPartOf":{"@id":"https:\/\/horticom.ee\/e-pood\/#website"},"primaryImageOfPage":{"@id":"https:\/\/horticom.ee\/e-pood\/toode\/vikerois-ixia-mabel-20tk-a\/#primaryimage"},"image":{"@id":"https:\/\/horticom.ee\/e-pood\/toode\/vikerois-ixia-mabel-20tk-a\/#primaryimage"},"thumbnailUrl":"https:\/\/horticom.ee\/e-pood\/wp-content\/uploads\/2026\/03\/8720873006894.jpg","datePublished":"2026-03-03T04:00:38+00:00","dateModified":"2026-04-30T00:11:57+00:00","breadcrumb":{"@id":"https:\/\/horticom.ee\/e-pood\/toode\/vikerois-ixia-mabel-20tk-a\/#breadcrumb"},"inLanguage":"ru-RU","potentialAction":[{"@type":"ReadAction","target":["https:\/\/horticom.ee\/e-pood\/toode\/vikerois-ixia-mabel-20tk-a\/"]}]},{"@type":"ImageObject","inLanguage":"ru-RU","@id":"https:\/\/horticom.ee\/e-pood\/toode\/vikerois-ixia-mabel-20tk-a\/#primaryimage","url":"https:\/\/horticom.ee\/e-pood\/wp-content\/uploads\/2026\/03\/8720873006894.jpg","contentUrl":"https:\/\/horticom.ee\/e-pood\/wp-content\/uploads\/2026\/03\/8720873006894.jpg","width":323,"height":500},{"@type":"BreadcrumbList","@id":"https:\/\/horticom.ee\/e-pood\/toode\/vikerois-ixia-mabel-20tk-a\/#breadcrumb","itemListElement":[{"@type":"ListItem","position":1,"name":"Home","item":"https:\/\/horticom.ee\/e-pood\/"},{"@type":"ListItem","position":2,"name":"Pood","item":"https:\/\/horticom.ee\/e-pood\/pood\/"},{"@type":"ListItem","position":3,"name":"Viker\u00f5is Ixia Mabel 20tk A"}]},{"@type":"WebSite","@id":"https:\/\/horticom.ee\/e-pood\/#website","url":"https:\/\/horticom.ee\/e-pood\/","name":"Horticom.ee","description":"Aianduskaubad ja kodukaubad nii harrastajatele kui professionaalidele","potentialAction":[{"@type":"SearchAction","target":{"@type":"EntryPoint","urlTemplate":"https:\/\/horticom.ee\/e-pood\/?s={search_term_string}"},"query-input":{"@type":"PropertyValueSpecification","valueRequired":true,"valueName":"search_term_string"}}],"inLanguage":"ru-RU"}]}},"_links":{"self":[{"href":"https:\/\/horticom.ee\/e-pood\/ru\/wp-json\/wp\/v2\/product\/2565924","targetHints":{"allow":["GET"]}}],"collection":[{"href":"https:\/\/horticom.ee\/e-pood\/ru\/wp-json\/wp\/v2\/product"}],"about":[{"href":"https:\/\/horticom.ee\/e-pood\/ru\/wp-json\/wp\/v2\/types\/product"}],"replies":[{"embeddable":true,"href":"https:\/\/horticom.ee\/e-pood\/ru\/wp-json\/wp\/v2\/comments?post=2565924"}],"wp:featuredmedia":[{"embeddable":true,"href":"https:\/\/horticom.ee\/e-pood\/ru\/wp-json\/wp\/v2\/media\/2570877"}],"wp:attachment":[{"href":"https:\/\/horticom.ee\/e-pood\/ru\/wp-json\/wp\/v2\/media?parent=2565924"}],"wp:term":[{"taxonomy":"product_cat","embeddable":true,"href":"https:\/\/horticom.ee\/e-pood\/ru\/wp-json\/wp\/v2\/product_cat?post=2565924"},{"taxonomy":"product_tag","embeddable":true,"href":"https:\/\/horticom.ee\/e-pood\/ru\/wp-json\/wp\/v2\/product_tag?post=2565924"}],"curies":[{"name":"wp","href":"https:\/\/api.w.org\/{rel}","templated":true}]}}