{"id":2565976,"date":"2026-03-03T13:00:28","date_gmt":"2026-03-03T11:00:28","guid":{"rendered":"https:\/\/horticom.ee\/e-pood\/toode\/vaetis-novatec-n-max-npk-24-5-52mgo-me-25kg\/"},"modified":"2026-04-30T03:07:59","modified_gmt":"2026-04-30T00:07:59","slug":"vaetis-novatec-n-max-npk-24-5-52mgo-me-25kg","status":"publish","type":"product","link":"https:\/\/horticom.ee\/e-pood\/ru\/toode\/vaetis-novatec-n-max-npk-24-5-52mgo-me-25kg\/","title":{"rendered":"V\u00e4etis Novatec N-Max NPK 24-5-5+2MgO +me 25kg"},"content":{"rendered":"<p>V\u00e4etis Novatec N-Max Npk 24-5-5+2MgO +me originaalne toime p\u00f5hineb v\u00e4etises sisalduval \u00fchendil DMPP, mis aeglustab mulda viidud ammooniuml\u00e4mmastiku \u00fcleminekut nitraatl\u00e4mmastikuks 6 kuni 10 n\u00e4dala jooksul. Kuigi taimestik omastab p\u00f5hiliselt nitraatl\u00e4mmastikku (NO3), v\u00f5ivad nad teatud oludes kasutada taimekasvuks v\u00e4ikeses koguses paralleelselt ka ammooniuml\u00e4mmastikku (NH4). Taimestik kasutab mulda viidud l\u00e4mmastikku \u00fchtlasemalt ning ei teki taimetoitainete (l\u00e4mmastiku) defitsiiti. Praktikas on oluline, et taim oleks varustatud piisava l\u00e4mmastikuga, sest intensiivsema kasvu korral vajatakse antud toitainet rohkem. Novatec v\u00e4etisega ei teki nitraatide defitsiiti ega \u00fclek\u00fcllust, mis on tavaliselt omane traditsioonilisi v\u00e4etisi kasutades. Pikaajaliselt toimiv k\u00f5rgekvaliteediline graanulv\u00e4etis, mis sobib rist\u00f5ielistele (nt kapsas, hernes) ja teistele kultuuridele, mis millel on k\u00f5rgem l\u00e4mmastiku vajadus.<\/p>\n","protected":false},"excerpt":{"rendered":"<p>V\u00e4etis Novatec N-Max Npk 24-5-5+2MgO +me originaalne toime p\u00f5hineb v\u00e4etises sisalduval \u00fchendil DMPP, mis aeglustab mulda viidud ammooniuml\u00e4mmastiku \u00fcleminekut nitraatl\u00e4mmastikuks 6 kuni 10 n\u00e4dala jooksul. Kuigi taimestik omastab p\u00f5hiliselt nitraatl\u00e4mmastikku (NO3), v\u00f5ivad nad teatud oludes kasutada taimekasvuks v\u00e4ikeses koguses paralleelselt ka ammooniuml\u00e4mmastikku (NH4). Taimestik kasutab mulda viidud l\u00e4mmastikku \u00fchtlasemalt ning ei teki taimetoitainete (l\u00e4mmastiku) defitsiiti. [&hellip;]<\/p>\n","protected":false},"featured_media":2566428,"comment_status":"closed","ping_status":"closed","template":"","meta":{"_themeisle_gutenberg_block_has_review":false},"product_cat":[16965],"product_tag":[],"class_list":{"0":"post-2565976","1":"product","2":"type-product","3":"status-publish","4":"has-post-thumbnail","6":"product_cat-koogiviljadele-ja-maitsetaimedele","8":"first","9":"instock","10":"shipping-taxable","11":"purchasable","12":"product-type-simple"},"yoast_head":"<!-- This site is optimized with the Yoast SEO plugin v24.0 - https:\/\/yoast.com\/wordpress\/plugins\/seo\/ -->\n<title>V\u00e4etis Novatec N-Max NPK 24-5-5+2MgO +me 25kg - Horticom<\/title>\n<meta name=\"robots\" content=\"index, follow, max-snippet:-1, max-image-preview:large, max-video-preview:-1\" \/>\n<link rel=\"canonical\" href=\"https:\/\/horticom.ee\/e-pood\/toode\/vaetis-novatec-n-max-npk-24-5-52mgo-me-25kg\/\" \/>\n<meta property=\"og:locale\" content=\"ru_RU\" \/>\n<meta property=\"og:type\" content=\"article\" \/>\n<meta property=\"og:title\" content=\"V\u00e4etis Novatec N-Max NPK 24-5-5+2MgO +me 25kg - Horticom\" \/>\n<meta property=\"og:description\" content=\"V\u00e4etis Novatec N-Max Npk 24-5-5+2MgO +me originaalne toime p\u00f5hineb v\u00e4etises sisalduval \u00fchendil DMPP, mis aeglustab mulda viidud ammooniuml\u00e4mmastiku \u00fcleminekut nitraatl\u00e4mmastikuks 6 kuni 10 n\u00e4dala jooksul. Kuigi taimestik omastab p\u00f5hiliselt nitraatl\u00e4mmastikku (NO3), v\u00f5ivad nad teatud oludes kasutada taimekasvuks v\u00e4ikeses koguses paralleelselt ka ammooniuml\u00e4mmastikku (NH4). Taimestik kasutab mulda viidud l\u00e4mmastikku \u00fchtlasemalt ning ei teki taimetoitainete (l\u00e4mmastiku) defitsiiti. [&hellip;]\" \/>\n<meta property=\"og:url\" content=\"https:\/\/horticom.ee\/e-pood\/toode\/vaetis-novatec-n-max-npk-24-5-52mgo-me-25kg\/\" \/>\n<meta property=\"og:site_name\" content=\"Horticom.ee\" \/>\n<meta property=\"article:publisher\" content=\"https:\/\/www.facebook.com\/horticom.ee\/e-pood\" \/>\n<meta property=\"article:modified_time\" content=\"2026-04-30T00:07:59+00:00\" \/>\n<meta property=\"og:image\" content=\"https:\/\/horticom.ee\/e-pood\/wp-content\/uploads\/importedmedia\/product_2565976_0_432031.jpg\" \/>\n\t<meta property=\"og:image:width\" content=\"1000\" \/>\n\t<meta property=\"og:image:height\" content=\"1990\" \/>\n\t<meta property=\"og:image:type\" content=\"image\/jpeg\" \/>\n<meta name=\"twitter:card\" content=\"summary_large_image\" \/>\n<meta name=\"twitter:label1\" content=\"\u041f\u0440\u0438\u043c\u0435\u0440\u043d\u043e\u0435 \u0432\u0440\u0435\u043c\u044f \u0434\u043b\u044f \u0447\u0442\u0435\u043d\u0438\u044f\" \/>\n\t<meta name=\"twitter:data1\" content=\"1 \u043c\u0438\u043d\u0443\u0442\u0430\" \/>\n<script type=\"application\/ld+json\" class=\"yoast-schema-graph\">{\"@context\":\"https:\/\/schema.org\",\"@graph\":[{\"@type\":\"WebPage\",\"@id\":\"https:\/\/horticom.ee\/e-pood\/toode\/vaetis-novatec-n-max-npk-24-5-52mgo-me-25kg\/\",\"url\":\"https:\/\/horticom.ee\/e-pood\/toode\/vaetis-novatec-n-max-npk-24-5-52mgo-me-25kg\/\",\"name\":\"V\u00e4etis Novatec N-Max NPK 24-5-5+2MgO +me 25kg - Horticom\",\"isPartOf\":{\"@id\":\"https:\/\/horticom.ee\/e-pood\/#website\"},\"primaryImageOfPage\":{\"@id\":\"https:\/\/horticom.ee\/e-pood\/toode\/vaetis-novatec-n-max-npk-24-5-52mgo-me-25kg\/#primaryimage\"},\"image\":{\"@id\":\"https:\/\/horticom.ee\/e-pood\/toode\/vaetis-novatec-n-max-npk-24-5-52mgo-me-25kg\/#primaryimage\"},\"thumbnailUrl\":\"https:\/\/horticom.ee\/e-pood\/wp-content\/uploads\/importedmedia\/product_2565976_0_432031.jpg\",\"datePublished\":\"2026-03-03T11:00:28+00:00\",\"dateModified\":\"2026-04-30T00:07:59+00:00\",\"breadcrumb\":{\"@id\":\"https:\/\/horticom.ee\/e-pood\/toode\/vaetis-novatec-n-max-npk-24-5-52mgo-me-25kg\/#breadcrumb\"},\"inLanguage\":\"ru-RU\",\"potentialAction\":[{\"@type\":\"ReadAction\",\"target\":[\"https:\/\/horticom.ee\/e-pood\/toode\/vaetis-novatec-n-max-npk-24-5-52mgo-me-25kg\/\"]}]},{\"@type\":\"ImageObject\",\"inLanguage\":\"ru-RU\",\"@id\":\"https:\/\/horticom.ee\/e-pood\/toode\/vaetis-novatec-n-max-npk-24-5-52mgo-me-25kg\/#primaryimage\",\"url\":\"https:\/\/horticom.ee\/e-pood\/wp-content\/uploads\/importedmedia\/product_2565976_0_432031.jpg\",\"contentUrl\":\"https:\/\/horticom.ee\/e-pood\/wp-content\/uploads\/importedmedia\/product_2565976_0_432031.jpg\",\"width\":1000,\"height\":1990},{\"@type\":\"BreadcrumbList\",\"@id\":\"https:\/\/horticom.ee\/e-pood\/toode\/vaetis-novatec-n-max-npk-24-5-52mgo-me-25kg\/#breadcrumb\",\"itemListElement\":[{\"@type\":\"ListItem\",\"position\":1,\"name\":\"Home\",\"item\":\"https:\/\/horticom.ee\/e-pood\/\"},{\"@type\":\"ListItem\",\"position\":2,\"name\":\"Pood\",\"item\":\"https:\/\/horticom.ee\/e-pood\/pood\/\"},{\"@type\":\"ListItem\",\"position\":3,\"name\":\"V\u00e4etis Novatec N-Max NPK 24-5-5+2MgO +me 25kg\"}]},{\"@type\":\"WebSite\",\"@id\":\"https:\/\/horticom.ee\/e-pood\/#website\",\"url\":\"https:\/\/horticom.ee\/e-pood\/\",\"name\":\"Horticom.ee\",\"description\":\"Aianduskaubad ja kodukaubad nii harrastajatele kui professionaalidele\",\"potentialAction\":[{\"@type\":\"SearchAction\",\"target\":{\"@type\":\"EntryPoint\",\"urlTemplate\":\"https:\/\/horticom.ee\/e-pood\/?s={search_term_string}\"},\"query-input\":{\"@type\":\"PropertyValueSpecification\",\"valueRequired\":true,\"valueName\":\"search_term_string\"}}],\"inLanguage\":\"ru-RU\"}]}<\/script>\n<!-- \/ Yoast SEO plugin. -->","yoast_head_json":{"title":"V\u00e4etis Novatec N-Max NPK 24-5-5+2MgO +me 25kg - Horticom","robots":{"index":"index","follow":"follow","max-snippet":"max-snippet:-1","max-image-preview":"max-image-preview:large","max-video-preview":"max-video-preview:-1"},"canonical":"https:\/\/horticom.ee\/e-pood\/toode\/vaetis-novatec-n-max-npk-24-5-52mgo-me-25kg\/","og_locale":"ru_RU","og_type":"article","og_title":"V\u00e4etis Novatec N-Max NPK 24-5-5+2MgO +me 25kg - Horticom","og_description":"V\u00e4etis Novatec N-Max Npk 24-5-5+2MgO +me originaalne toime p\u00f5hineb v\u00e4etises sisalduval \u00fchendil DMPP, mis aeglustab mulda viidud ammooniuml\u00e4mmastiku \u00fcleminekut nitraatl\u00e4mmastikuks 6 kuni 10 n\u00e4dala jooksul. Kuigi taimestik omastab p\u00f5hiliselt nitraatl\u00e4mmastikku (NO3), v\u00f5ivad nad teatud oludes kasutada taimekasvuks v\u00e4ikeses koguses paralleelselt ka ammooniuml\u00e4mmastikku (NH4). Taimestik kasutab mulda viidud l\u00e4mmastikku \u00fchtlasemalt ning ei teki taimetoitainete (l\u00e4mmastiku) defitsiiti. [&hellip;]","og_url":"https:\/\/horticom.ee\/e-pood\/toode\/vaetis-novatec-n-max-npk-24-5-52mgo-me-25kg\/","og_site_name":"Horticom.ee","article_publisher":"https:\/\/www.facebook.com\/horticom.ee\/e-pood","article_modified_time":"2026-04-30T00:07:59+00:00","og_image":[{"width":1000,"height":1990,"url":"https:\/\/horticom.ee\/e-pood\/wp-content\/uploads\/importedmedia\/product_2565976_0_432031.jpg","type":"image\/jpeg"}],"twitter_card":"summary_large_image","twitter_misc":{"\u041f\u0440\u0438\u043c\u0435\u0440\u043d\u043e\u0435 \u0432\u0440\u0435\u043c\u044f \u0434\u043b\u044f \u0447\u0442\u0435\u043d\u0438\u044f":"1 \u043c\u0438\u043d\u0443\u0442\u0430"},"schema":{"@context":"https:\/\/schema.org","@graph":[{"@type":"WebPage","@id":"https:\/\/horticom.ee\/e-pood\/toode\/vaetis-novatec-n-max-npk-24-5-52mgo-me-25kg\/","url":"https:\/\/horticom.ee\/e-pood\/toode\/vaetis-novatec-n-max-npk-24-5-52mgo-me-25kg\/","name":"V\u00e4etis Novatec N-Max NPK 24-5-5+2MgO +me 25kg - Horticom","isPartOf":{"@id":"https:\/\/horticom.ee\/e-pood\/#website"},"primaryImageOfPage":{"@id":"https:\/\/horticom.ee\/e-pood\/toode\/vaetis-novatec-n-max-npk-24-5-52mgo-me-25kg\/#primaryimage"},"image":{"@id":"https:\/\/horticom.ee\/e-pood\/toode\/vaetis-novatec-n-max-npk-24-5-52mgo-me-25kg\/#primaryimage"},"thumbnailUrl":"https:\/\/horticom.ee\/e-pood\/wp-content\/uploads\/importedmedia\/product_2565976_0_432031.jpg","datePublished":"2026-03-03T11:00:28+00:00","dateModified":"2026-04-30T00:07:59+00:00","breadcrumb":{"@id":"https:\/\/horticom.ee\/e-pood\/toode\/vaetis-novatec-n-max-npk-24-5-52mgo-me-25kg\/#breadcrumb"},"inLanguage":"ru-RU","potentialAction":[{"@type":"ReadAction","target":["https:\/\/horticom.ee\/e-pood\/toode\/vaetis-novatec-n-max-npk-24-5-52mgo-me-25kg\/"]}]},{"@type":"ImageObject","inLanguage":"ru-RU","@id":"https:\/\/horticom.ee\/e-pood\/toode\/vaetis-novatec-n-max-npk-24-5-52mgo-me-25kg\/#primaryimage","url":"https:\/\/horticom.ee\/e-pood\/wp-content\/uploads\/importedmedia\/product_2565976_0_432031.jpg","contentUrl":"https:\/\/horticom.ee\/e-pood\/wp-content\/uploads\/importedmedia\/product_2565976_0_432031.jpg","width":1000,"height":1990},{"@type":"BreadcrumbList","@id":"https:\/\/horticom.ee\/e-pood\/toode\/vaetis-novatec-n-max-npk-24-5-52mgo-me-25kg\/#breadcrumb","itemListElement":[{"@type":"ListItem","position":1,"name":"Home","item":"https:\/\/horticom.ee\/e-pood\/"},{"@type":"ListItem","position":2,"name":"Pood","item":"https:\/\/horticom.ee\/e-pood\/pood\/"},{"@type":"ListItem","position":3,"name":"V\u00e4etis Novatec N-Max NPK 24-5-5+2MgO +me 25kg"}]},{"@type":"WebSite","@id":"https:\/\/horticom.ee\/e-pood\/#website","url":"https:\/\/horticom.ee\/e-pood\/","name":"Horticom.ee","description":"Aianduskaubad ja kodukaubad nii harrastajatele kui professionaalidele","potentialAction":[{"@type":"SearchAction","target":{"@type":"EntryPoint","urlTemplate":"https:\/\/horticom.ee\/e-pood\/?s={search_term_string}"},"query-input":{"@type":"PropertyValueSpecification","valueRequired":true,"valueName":"search_term_string"}}],"inLanguage":"ru-RU"}]}},"_links":{"self":[{"href":"https:\/\/horticom.ee\/e-pood\/ru\/wp-json\/wp\/v2\/product\/2565976","targetHints":{"allow":["GET"]}}],"collection":[{"href":"https:\/\/horticom.ee\/e-pood\/ru\/wp-json\/wp\/v2\/product"}],"about":[{"href":"https:\/\/horticom.ee\/e-pood\/ru\/wp-json\/wp\/v2\/types\/product"}],"replies":[{"embeddable":true,"href":"https:\/\/horticom.ee\/e-pood\/ru\/wp-json\/wp\/v2\/comments?post=2565976"}],"wp:featuredmedia":[{"embeddable":true,"href":"https:\/\/horticom.ee\/e-pood\/ru\/wp-json\/wp\/v2\/media\/2566428"}],"wp:attachment":[{"href":"https:\/\/horticom.ee\/e-pood\/ru\/wp-json\/wp\/v2\/media?parent=2565976"}],"wp:term":[{"taxonomy":"product_cat","embeddable":true,"href":"https:\/\/horticom.ee\/e-pood\/ru\/wp-json\/wp\/v2\/product_cat?post=2565976"},{"taxonomy":"product_tag","embeddable":true,"href":"https:\/\/horticom.ee\/e-pood\/ru\/wp-json\/wp\/v2\/product_tag?post=2565976"}],"curies":[{"name":"wp","href":"https:\/\/api.w.org\/{rel}","templated":true}]}}