{"id":2572703,"date":"2026-03-11T06:00:37","date_gmt":"2026-03-11T04:00:37","guid":{"rendered":"https:\/\/horticom.ee\/e-pood\/toode\/kirsstomat-luther-h-10s\/"},"modified":"2026-05-02T03:11:14","modified_gmt":"2026-05-02T00:11:14","slug":"kirsstomat-luther-h-10s","status":"publish","type":"product","link":"https:\/\/horticom.ee\/e-pood\/ru\/toode\/kirsstomat-luther-h-10s\/","title":{"rendered":"Kirsstomat Luther H 10s"},"content":{"rendered":"<p>Varajane, k\u00f5rgekasvuline, haiguskindel ja saagikas h\u00fcbriidsort, mis sobib kasvatamiseks nii kasvuhoones kui ka avamaal. Viljade mass on 20\u201325 g, need on v\u00e4ljast tumedalt kirsipunased ja seest punased. Viljad p\u00fcsivad kobarates kaua, ilma l\u00f5henemata ja maha pudenemata. Igas kobaras valmib kuni 12 tomatit. Viljad valmivad peaaegu \u00fcheaegselt ning neid saab korjata kobaratena. K\u00fclvisubstraadi temperatuur peab olema v\u00e4hemalt +21\u201326 \u00b0C, ruumi temperatuur v\u00e4hemalt +23 \u00b0C. Kui taimedele ilmub 2\u20134 p\u00e4rislehte, istutatakse taimed \u00fckshaaval p\u00fcsivasse kasvukohta. K\u00fclvata tuleks 15\u201320% rohkem seemneid kui on planeeritud taimede arv.<\/p>\n","protected":false},"excerpt":{"rendered":"<p>Varajane, k\u00f5rgekasvuline, haiguskindel ja saagikas h\u00fcbriidsort, mis sobib kasvatamiseks nii kasvuhoones kui ka avamaal. Viljade mass on 20\u201325 g, need on v\u00e4ljast tumedalt kirsipunased ja seest punased. Viljad p\u00fcsivad kobarates kaua, ilma l\u00f5henemata ja maha pudenemata. Igas kobaras valmib kuni 12 tomatit. Viljad valmivad peaaegu \u00fcheaegselt ning neid saab korjata kobaratena. K\u00fclvisubstraadi temperatuur peab olema [&hellip;]<\/p>\n","protected":false},"featured_media":2572915,"comment_status":"closed","ping_status":"closed","template":"","meta":{"_themeisle_gutenberg_block_has_review":false},"product_cat":[13481],"product_tag":[],"class_list":{"0":"post-2572703","1":"product","2":"type-product","3":"status-publish","4":"has-post-thumbnail","6":"product_cat-tomat","8":"first","9":"instock","10":"shipping-taxable","11":"purchasable","12":"product-type-simple"},"yoast_head":"<!-- This site is optimized with the Yoast SEO plugin v24.0 - https:\/\/yoast.com\/wordpress\/plugins\/seo\/ -->\n<title>Kirsstomat Luther H 10s - Horticom<\/title>\n<meta name=\"robots\" content=\"index, follow, max-snippet:-1, max-image-preview:large, max-video-preview:-1\" \/>\n<link rel=\"canonical\" href=\"https:\/\/horticom.ee\/e-pood\/toode\/kirsstomat-luther-h-10s\/\" \/>\n<meta property=\"og:locale\" content=\"ru_RU\" \/>\n<meta property=\"og:type\" content=\"article\" \/>\n<meta property=\"og:title\" content=\"Kirsstomat Luther H 10s - Horticom\" \/>\n<meta property=\"og:description\" content=\"Varajane, k\u00f5rgekasvuline, haiguskindel ja saagikas h\u00fcbriidsort, mis sobib kasvatamiseks nii kasvuhoones kui ka avamaal. Viljade mass on 20\u201325 g, need on v\u00e4ljast tumedalt kirsipunased ja seest punased. Viljad p\u00fcsivad kobarates kaua, ilma l\u00f5henemata ja maha pudenemata. Igas kobaras valmib kuni 12 tomatit. Viljad valmivad peaaegu \u00fcheaegselt ning neid saab korjata kobaratena. K\u00fclvisubstraadi temperatuur peab olema [&hellip;]\" \/>\n<meta property=\"og:url\" content=\"https:\/\/horticom.ee\/e-pood\/toode\/kirsstomat-luther-h-10s\/\" \/>\n<meta property=\"og:site_name\" content=\"Horticom.ee\" \/>\n<meta property=\"article:publisher\" content=\"https:\/\/www.facebook.com\/horticom.ee\/e-pood\" \/>\n<meta property=\"article:modified_time\" content=\"2026-05-02T00:11:14+00:00\" \/>\n<meta property=\"og:image\" content=\"https:\/\/horticom.ee\/e-pood\/wp-content\/uploads\/importedmedia\/product_2572703_0_LU2993123.jpg\" \/>\n\t<meta property=\"og:image:width\" content=\"999\" \/>\n\t<meta property=\"og:image:height\" content=\"1067\" \/>\n\t<meta property=\"og:image:type\" content=\"image\/jpeg\" \/>\n<meta name=\"twitter:card\" content=\"summary_large_image\" \/>\n<script type=\"application\/ld+json\" class=\"yoast-schema-graph\">{\"@context\":\"https:\/\/schema.org\",\"@graph\":[{\"@type\":\"WebPage\",\"@id\":\"https:\/\/horticom.ee\/e-pood\/toode\/kirsstomat-luther-h-10s\/\",\"url\":\"https:\/\/horticom.ee\/e-pood\/toode\/kirsstomat-luther-h-10s\/\",\"name\":\"Kirsstomat Luther H 10s - Horticom\",\"isPartOf\":{\"@id\":\"https:\/\/horticom.ee\/e-pood\/#website\"},\"primaryImageOfPage\":{\"@id\":\"https:\/\/horticom.ee\/e-pood\/toode\/kirsstomat-luther-h-10s\/#primaryimage\"},\"image\":{\"@id\":\"https:\/\/horticom.ee\/e-pood\/toode\/kirsstomat-luther-h-10s\/#primaryimage\"},\"thumbnailUrl\":\"https:\/\/horticom.ee\/e-pood\/wp-content\/uploads\/importedmedia\/product_2572703_0_LU2993123.jpg\",\"datePublished\":\"2026-03-11T04:00:37+00:00\",\"dateModified\":\"2026-05-02T00:11:14+00:00\",\"breadcrumb\":{\"@id\":\"https:\/\/horticom.ee\/e-pood\/toode\/kirsstomat-luther-h-10s\/#breadcrumb\"},\"inLanguage\":\"ru-RU\",\"potentialAction\":[{\"@type\":\"ReadAction\",\"target\":[\"https:\/\/horticom.ee\/e-pood\/toode\/kirsstomat-luther-h-10s\/\"]}]},{\"@type\":\"ImageObject\",\"inLanguage\":\"ru-RU\",\"@id\":\"https:\/\/horticom.ee\/e-pood\/toode\/kirsstomat-luther-h-10s\/#primaryimage\",\"url\":\"https:\/\/horticom.ee\/e-pood\/wp-content\/uploads\/importedmedia\/product_2572703_0_LU2993123.jpg\",\"contentUrl\":\"https:\/\/horticom.ee\/e-pood\/wp-content\/uploads\/importedmedia\/product_2572703_0_LU2993123.jpg\",\"width\":999,\"height\":1067},{\"@type\":\"BreadcrumbList\",\"@id\":\"https:\/\/horticom.ee\/e-pood\/toode\/kirsstomat-luther-h-10s\/#breadcrumb\",\"itemListElement\":[{\"@type\":\"ListItem\",\"position\":1,\"name\":\"Home\",\"item\":\"https:\/\/horticom.ee\/e-pood\/\"},{\"@type\":\"ListItem\",\"position\":2,\"name\":\"Pood\",\"item\":\"https:\/\/horticom.ee\/e-pood\/pood\/\"},{\"@type\":\"ListItem\",\"position\":3,\"name\":\"Kirsstomat Luther H 10s\"}]},{\"@type\":\"WebSite\",\"@id\":\"https:\/\/horticom.ee\/e-pood\/#website\",\"url\":\"https:\/\/horticom.ee\/e-pood\/\",\"name\":\"Horticom.ee\",\"description\":\"Aianduskaubad ja kodukaubad nii harrastajatele kui professionaalidele\",\"potentialAction\":[{\"@type\":\"SearchAction\",\"target\":{\"@type\":\"EntryPoint\",\"urlTemplate\":\"https:\/\/horticom.ee\/e-pood\/?s={search_term_string}\"},\"query-input\":{\"@type\":\"PropertyValueSpecification\",\"valueRequired\":true,\"valueName\":\"search_term_string\"}}],\"inLanguage\":\"ru-RU\"}]}<\/script>\n<!-- \/ Yoast SEO plugin. -->","yoast_head_json":{"title":"Kirsstomat Luther H 10s - Horticom","robots":{"index":"index","follow":"follow","max-snippet":"max-snippet:-1","max-image-preview":"max-image-preview:large","max-video-preview":"max-video-preview:-1"},"canonical":"https:\/\/horticom.ee\/e-pood\/toode\/kirsstomat-luther-h-10s\/","og_locale":"ru_RU","og_type":"article","og_title":"Kirsstomat Luther H 10s - Horticom","og_description":"Varajane, k\u00f5rgekasvuline, haiguskindel ja saagikas h\u00fcbriidsort, mis sobib kasvatamiseks nii kasvuhoones kui ka avamaal. Viljade mass on 20\u201325 g, need on v\u00e4ljast tumedalt kirsipunased ja seest punased. Viljad p\u00fcsivad kobarates kaua, ilma l\u00f5henemata ja maha pudenemata. Igas kobaras valmib kuni 12 tomatit. Viljad valmivad peaaegu \u00fcheaegselt ning neid saab korjata kobaratena. K\u00fclvisubstraadi temperatuur peab olema [&hellip;]","og_url":"https:\/\/horticom.ee\/e-pood\/toode\/kirsstomat-luther-h-10s\/","og_site_name":"Horticom.ee","article_publisher":"https:\/\/www.facebook.com\/horticom.ee\/e-pood","article_modified_time":"2026-05-02T00:11:14+00:00","og_image":[{"width":999,"height":1067,"url":"https:\/\/horticom.ee\/e-pood\/wp-content\/uploads\/importedmedia\/product_2572703_0_LU2993123.jpg","type":"image\/jpeg"}],"twitter_card":"summary_large_image","schema":{"@context":"https:\/\/schema.org","@graph":[{"@type":"WebPage","@id":"https:\/\/horticom.ee\/e-pood\/toode\/kirsstomat-luther-h-10s\/","url":"https:\/\/horticom.ee\/e-pood\/toode\/kirsstomat-luther-h-10s\/","name":"Kirsstomat Luther H 10s - Horticom","isPartOf":{"@id":"https:\/\/horticom.ee\/e-pood\/#website"},"primaryImageOfPage":{"@id":"https:\/\/horticom.ee\/e-pood\/toode\/kirsstomat-luther-h-10s\/#primaryimage"},"image":{"@id":"https:\/\/horticom.ee\/e-pood\/toode\/kirsstomat-luther-h-10s\/#primaryimage"},"thumbnailUrl":"https:\/\/horticom.ee\/e-pood\/wp-content\/uploads\/importedmedia\/product_2572703_0_LU2993123.jpg","datePublished":"2026-03-11T04:00:37+00:00","dateModified":"2026-05-02T00:11:14+00:00","breadcrumb":{"@id":"https:\/\/horticom.ee\/e-pood\/toode\/kirsstomat-luther-h-10s\/#breadcrumb"},"inLanguage":"ru-RU","potentialAction":[{"@type":"ReadAction","target":["https:\/\/horticom.ee\/e-pood\/toode\/kirsstomat-luther-h-10s\/"]}]},{"@type":"ImageObject","inLanguage":"ru-RU","@id":"https:\/\/horticom.ee\/e-pood\/toode\/kirsstomat-luther-h-10s\/#primaryimage","url":"https:\/\/horticom.ee\/e-pood\/wp-content\/uploads\/importedmedia\/product_2572703_0_LU2993123.jpg","contentUrl":"https:\/\/horticom.ee\/e-pood\/wp-content\/uploads\/importedmedia\/product_2572703_0_LU2993123.jpg","width":999,"height":1067},{"@type":"BreadcrumbList","@id":"https:\/\/horticom.ee\/e-pood\/toode\/kirsstomat-luther-h-10s\/#breadcrumb","itemListElement":[{"@type":"ListItem","position":1,"name":"Home","item":"https:\/\/horticom.ee\/e-pood\/"},{"@type":"ListItem","position":2,"name":"Pood","item":"https:\/\/horticom.ee\/e-pood\/pood\/"},{"@type":"ListItem","position":3,"name":"Kirsstomat Luther H 10s"}]},{"@type":"WebSite","@id":"https:\/\/horticom.ee\/e-pood\/#website","url":"https:\/\/horticom.ee\/e-pood\/","name":"Horticom.ee","description":"Aianduskaubad ja kodukaubad nii harrastajatele kui professionaalidele","potentialAction":[{"@type":"SearchAction","target":{"@type":"EntryPoint","urlTemplate":"https:\/\/horticom.ee\/e-pood\/?s={search_term_string}"},"query-input":{"@type":"PropertyValueSpecification","valueRequired":true,"valueName":"search_term_string"}}],"inLanguage":"ru-RU"}]}},"_links":{"self":[{"href":"https:\/\/horticom.ee\/e-pood\/ru\/wp-json\/wp\/v2\/product\/2572703","targetHints":{"allow":["GET"]}}],"collection":[{"href":"https:\/\/horticom.ee\/e-pood\/ru\/wp-json\/wp\/v2\/product"}],"about":[{"href":"https:\/\/horticom.ee\/e-pood\/ru\/wp-json\/wp\/v2\/types\/product"}],"replies":[{"embeddable":true,"href":"https:\/\/horticom.ee\/e-pood\/ru\/wp-json\/wp\/v2\/comments?post=2572703"}],"wp:featuredmedia":[{"embeddable":true,"href":"https:\/\/horticom.ee\/e-pood\/ru\/wp-json\/wp\/v2\/media\/2572915"}],"wp:attachment":[{"href":"https:\/\/horticom.ee\/e-pood\/ru\/wp-json\/wp\/v2\/media?parent=2572703"}],"wp:term":[{"taxonomy":"product_cat","embeddable":true,"href":"https:\/\/horticom.ee\/e-pood\/ru\/wp-json\/wp\/v2\/product_cat?post=2572703"},{"taxonomy":"product_tag","embeddable":true,"href":"https:\/\/horticom.ee\/e-pood\/ru\/wp-json\/wp\/v2\/product_tag?post=2572703"}],"curies":[{"name":"wp","href":"https:\/\/api.w.org\/{rel}","templated":true}]}}