{"id":2572865,"date":"2026-03-11T17:00:53","date_gmt":"2026-03-11T15:00:53","guid":{"rendered":"https:\/\/horticom.ee\/e-pood\/toode\/kurk-alpaka-f1-puhtimata-250tks\/"},"modified":"2026-04-29T03:11:20","modified_gmt":"2026-04-29T00:11:20","slug":"kurk-alpaka-f1-puhtimata-250tks","status":"publish","type":"product","link":"https:\/\/horticom.ee\/e-pood\/ru\/toode\/kurk-alpaka-f1-puhtimata-250tks\/","title":{"rendered":"Kurk Alpaka F1 puhtimata 250tks"},"content":{"rendered":"<p>57-60p. Varane ja pika saagiajaga isetolmlev h\u00fcbriid.  Katteloori ja kilemult\u0161i kasutamine kiirendab saagi algust. Taim tugeva kasvuga ja v\u00e4ga vastupidav haigustele. Vili tumeroheline, tugeva konsistentsiga ja sihvakas. Sobib v\u00e4rskelt, konserveerimiseks ja hapendamiseks.<\/p>\n","protected":false},"excerpt":{"rendered":"<p>57-60p. Varane ja pika saagiajaga isetolmlev h\u00fcbriid. Katteloori ja kilemult\u0161i kasutamine kiirendab saagi algust. Taim tugeva kasvuga ja v\u00e4ga vastupidav haigustele. Vili tumeroheline, tugeva konsistentsiga ja sihvakas. Sobib v\u00e4rskelt, konserveerimiseks ja hapendamiseks.<\/p>\n","protected":false},"featured_media":2572909,"comment_status":"closed","ping_status":"closed","template":"","meta":{"_themeisle_gutenberg_block_has_review":false},"product_cat":[13493],"product_tag":[],"class_list":{"0":"post-2572865","1":"product","2":"type-product","3":"status-publish","4":"has-post-thumbnail","6":"product_cat-kurk","8":"first","9":"instock","10":"shipping-taxable","11":"purchasable","12":"product-type-simple"},"yoast_head":"<!-- This site is optimized with the Yoast SEO plugin v24.0 - https:\/\/yoast.com\/wordpress\/plugins\/seo\/ -->\n<title>Kurk Alpaka F1 puhtimata 250tks - Horticom<\/title>\n<meta name=\"robots\" content=\"index, follow, max-snippet:-1, max-image-preview:large, max-video-preview:-1\" \/>\n<link rel=\"canonical\" href=\"https:\/\/horticom.ee\/e-pood\/toode\/kurk-alpaka-f1-puhtimata-250tks\/\" \/>\n<meta property=\"og:locale\" content=\"ru_RU\" \/>\n<meta property=\"og:type\" content=\"article\" \/>\n<meta property=\"og:title\" content=\"Kurk Alpaka F1 puhtimata 250tks - Horticom\" \/>\n<meta property=\"og:description\" content=\"57-60p. Varane ja pika saagiajaga isetolmlev h\u00fcbriid. Katteloori ja kilemult\u0161i kasutamine kiirendab saagi algust. Taim tugeva kasvuga ja v\u00e4ga vastupidav haigustele. Vili tumeroheline, tugeva konsistentsiga ja sihvakas. Sobib v\u00e4rskelt, konserveerimiseks ja hapendamiseks.\" \/>\n<meta property=\"og:url\" content=\"https:\/\/horticom.ee\/e-pood\/toode\/kurk-alpaka-f1-puhtimata-250tks\/\" \/>\n<meta property=\"og:site_name\" content=\"Horticom.ee\" \/>\n<meta property=\"article:publisher\" content=\"https:\/\/www.facebook.com\/horticom.ee\/e-pood\" \/>\n<meta property=\"article:modified_time\" content=\"2026-04-29T00:11:20+00:00\" \/>\n<meta property=\"og:image\" content=\"https:\/\/horticom.ee\/e-pood\/wp-content\/uploads\/importedmedia\/product_2572865_0_804458449.jpg\" \/>\n\t<meta property=\"og:image:width\" content=\"1000\" \/>\n\t<meta property=\"og:image:height\" content=\"1000\" \/>\n\t<meta property=\"og:image:type\" content=\"image\/jpeg\" \/>\n<meta name=\"twitter:card\" content=\"summary_large_image\" \/>\n<script type=\"application\/ld+json\" class=\"yoast-schema-graph\">{\"@context\":\"https:\/\/schema.org\",\"@graph\":[{\"@type\":\"WebPage\",\"@id\":\"https:\/\/horticom.ee\/e-pood\/toode\/kurk-alpaka-f1-puhtimata-250tks\/\",\"url\":\"https:\/\/horticom.ee\/e-pood\/toode\/kurk-alpaka-f1-puhtimata-250tks\/\",\"name\":\"Kurk Alpaka F1 puhtimata 250tks - Horticom\",\"isPartOf\":{\"@id\":\"https:\/\/horticom.ee\/e-pood\/#website\"},\"primaryImageOfPage\":{\"@id\":\"https:\/\/horticom.ee\/e-pood\/toode\/kurk-alpaka-f1-puhtimata-250tks\/#primaryimage\"},\"image\":{\"@id\":\"https:\/\/horticom.ee\/e-pood\/toode\/kurk-alpaka-f1-puhtimata-250tks\/#primaryimage\"},\"thumbnailUrl\":\"https:\/\/horticom.ee\/e-pood\/wp-content\/uploads\/importedmedia\/product_2572865_0_804458449.jpg\",\"datePublished\":\"2026-03-11T15:00:53+00:00\",\"dateModified\":\"2026-04-29T00:11:20+00:00\",\"breadcrumb\":{\"@id\":\"https:\/\/horticom.ee\/e-pood\/toode\/kurk-alpaka-f1-puhtimata-250tks\/#breadcrumb\"},\"inLanguage\":\"ru-RU\",\"potentialAction\":[{\"@type\":\"ReadAction\",\"target\":[\"https:\/\/horticom.ee\/e-pood\/toode\/kurk-alpaka-f1-puhtimata-250tks\/\"]}]},{\"@type\":\"ImageObject\",\"inLanguage\":\"ru-RU\",\"@id\":\"https:\/\/horticom.ee\/e-pood\/toode\/kurk-alpaka-f1-puhtimata-250tks\/#primaryimage\",\"url\":\"https:\/\/horticom.ee\/e-pood\/wp-content\/uploads\/importedmedia\/product_2572865_0_804458449.jpg\",\"contentUrl\":\"https:\/\/horticom.ee\/e-pood\/wp-content\/uploads\/importedmedia\/product_2572865_0_804458449.jpg\",\"width\":1000,\"height\":1000},{\"@type\":\"BreadcrumbList\",\"@id\":\"https:\/\/horticom.ee\/e-pood\/toode\/kurk-alpaka-f1-puhtimata-250tks\/#breadcrumb\",\"itemListElement\":[{\"@type\":\"ListItem\",\"position\":1,\"name\":\"Home\",\"item\":\"https:\/\/horticom.ee\/e-pood\/\"},{\"@type\":\"ListItem\",\"position\":2,\"name\":\"Pood\",\"item\":\"https:\/\/horticom.ee\/e-pood\/pood\/\"},{\"@type\":\"ListItem\",\"position\":3,\"name\":\"Kurk Alpaka F1 puhtimata 250tks\"}]},{\"@type\":\"WebSite\",\"@id\":\"https:\/\/horticom.ee\/e-pood\/#website\",\"url\":\"https:\/\/horticom.ee\/e-pood\/\",\"name\":\"Horticom.ee\",\"description\":\"Aianduskaubad ja kodukaubad nii harrastajatele kui professionaalidele\",\"potentialAction\":[{\"@type\":\"SearchAction\",\"target\":{\"@type\":\"EntryPoint\",\"urlTemplate\":\"https:\/\/horticom.ee\/e-pood\/?s={search_term_string}\"},\"query-input\":{\"@type\":\"PropertyValueSpecification\",\"valueRequired\":true,\"valueName\":\"search_term_string\"}}],\"inLanguage\":\"ru-RU\"}]}<\/script>\n<!-- \/ Yoast SEO plugin. -->","yoast_head_json":{"title":"Kurk Alpaka F1 puhtimata 250tks - Horticom","robots":{"index":"index","follow":"follow","max-snippet":"max-snippet:-1","max-image-preview":"max-image-preview:large","max-video-preview":"max-video-preview:-1"},"canonical":"https:\/\/horticom.ee\/e-pood\/toode\/kurk-alpaka-f1-puhtimata-250tks\/","og_locale":"ru_RU","og_type":"article","og_title":"Kurk Alpaka F1 puhtimata 250tks - Horticom","og_description":"57-60p. Varane ja pika saagiajaga isetolmlev h\u00fcbriid. Katteloori ja kilemult\u0161i kasutamine kiirendab saagi algust. Taim tugeva kasvuga ja v\u00e4ga vastupidav haigustele. Vili tumeroheline, tugeva konsistentsiga ja sihvakas. Sobib v\u00e4rskelt, konserveerimiseks ja hapendamiseks.","og_url":"https:\/\/horticom.ee\/e-pood\/toode\/kurk-alpaka-f1-puhtimata-250tks\/","og_site_name":"Horticom.ee","article_publisher":"https:\/\/www.facebook.com\/horticom.ee\/e-pood","article_modified_time":"2026-04-29T00:11:20+00:00","og_image":[{"width":1000,"height":1000,"url":"https:\/\/horticom.ee\/e-pood\/wp-content\/uploads\/importedmedia\/product_2572865_0_804458449.jpg","type":"image\/jpeg"}],"twitter_card":"summary_large_image","schema":{"@context":"https:\/\/schema.org","@graph":[{"@type":"WebPage","@id":"https:\/\/horticom.ee\/e-pood\/toode\/kurk-alpaka-f1-puhtimata-250tks\/","url":"https:\/\/horticom.ee\/e-pood\/toode\/kurk-alpaka-f1-puhtimata-250tks\/","name":"Kurk Alpaka F1 puhtimata 250tks - Horticom","isPartOf":{"@id":"https:\/\/horticom.ee\/e-pood\/#website"},"primaryImageOfPage":{"@id":"https:\/\/horticom.ee\/e-pood\/toode\/kurk-alpaka-f1-puhtimata-250tks\/#primaryimage"},"image":{"@id":"https:\/\/horticom.ee\/e-pood\/toode\/kurk-alpaka-f1-puhtimata-250tks\/#primaryimage"},"thumbnailUrl":"https:\/\/horticom.ee\/e-pood\/wp-content\/uploads\/importedmedia\/product_2572865_0_804458449.jpg","datePublished":"2026-03-11T15:00:53+00:00","dateModified":"2026-04-29T00:11:20+00:00","breadcrumb":{"@id":"https:\/\/horticom.ee\/e-pood\/toode\/kurk-alpaka-f1-puhtimata-250tks\/#breadcrumb"},"inLanguage":"ru-RU","potentialAction":[{"@type":"ReadAction","target":["https:\/\/horticom.ee\/e-pood\/toode\/kurk-alpaka-f1-puhtimata-250tks\/"]}]},{"@type":"ImageObject","inLanguage":"ru-RU","@id":"https:\/\/horticom.ee\/e-pood\/toode\/kurk-alpaka-f1-puhtimata-250tks\/#primaryimage","url":"https:\/\/horticom.ee\/e-pood\/wp-content\/uploads\/importedmedia\/product_2572865_0_804458449.jpg","contentUrl":"https:\/\/horticom.ee\/e-pood\/wp-content\/uploads\/importedmedia\/product_2572865_0_804458449.jpg","width":1000,"height":1000},{"@type":"BreadcrumbList","@id":"https:\/\/horticom.ee\/e-pood\/toode\/kurk-alpaka-f1-puhtimata-250tks\/#breadcrumb","itemListElement":[{"@type":"ListItem","position":1,"name":"Home","item":"https:\/\/horticom.ee\/e-pood\/"},{"@type":"ListItem","position":2,"name":"Pood","item":"https:\/\/horticom.ee\/e-pood\/pood\/"},{"@type":"ListItem","position":3,"name":"Kurk Alpaka F1 puhtimata 250tks"}]},{"@type":"WebSite","@id":"https:\/\/horticom.ee\/e-pood\/#website","url":"https:\/\/horticom.ee\/e-pood\/","name":"Horticom.ee","description":"Aianduskaubad ja kodukaubad nii harrastajatele kui professionaalidele","potentialAction":[{"@type":"SearchAction","target":{"@type":"EntryPoint","urlTemplate":"https:\/\/horticom.ee\/e-pood\/?s={search_term_string}"},"query-input":{"@type":"PropertyValueSpecification","valueRequired":true,"valueName":"search_term_string"}}],"inLanguage":"ru-RU"}]}},"_links":{"self":[{"href":"https:\/\/horticom.ee\/e-pood\/ru\/wp-json\/wp\/v2\/product\/2572865","targetHints":{"allow":["GET"]}}],"collection":[{"href":"https:\/\/horticom.ee\/e-pood\/ru\/wp-json\/wp\/v2\/product"}],"about":[{"href":"https:\/\/horticom.ee\/e-pood\/ru\/wp-json\/wp\/v2\/types\/product"}],"replies":[{"embeddable":true,"href":"https:\/\/horticom.ee\/e-pood\/ru\/wp-json\/wp\/v2\/comments?post=2572865"}],"wp:featuredmedia":[{"embeddable":true,"href":"https:\/\/horticom.ee\/e-pood\/ru\/wp-json\/wp\/v2\/media\/2572909"}],"wp:attachment":[{"href":"https:\/\/horticom.ee\/e-pood\/ru\/wp-json\/wp\/v2\/media?parent=2572865"}],"wp:term":[{"taxonomy":"product_cat","embeddable":true,"href":"https:\/\/horticom.ee\/e-pood\/ru\/wp-json\/wp\/v2\/product_cat?post=2572865"},{"taxonomy":"product_tag","embeddable":true,"href":"https:\/\/horticom.ee\/e-pood\/ru\/wp-json\/wp\/v2\/product_tag?post=2572865"}],"curies":[{"name":"wp","href":"https:\/\/api.w.org\/{rel}","templated":true}]}}