{"id":2588010,"date":"2026-03-27T17:01:27","date_gmt":"2026-03-27T15:01:27","guid":{"rendered":"https:\/\/horticom.ee\/e-pood\/toode\/aiakaarid-lillede-loikeks-ja-saagikoristuseks-felco-322-loike-d10mm-190mm-kaal-112g-sirge-kroomitud-tera\/"},"modified":"2026-04-09T03:13:06","modified_gmt":"2026-04-09T00:13:06","slug":"aiakaarid-lillede-loikeks-ja-saagikoristuseks-felco-322-loike-d10mm-190mm-kaal-112g-sirge-kroomitud-tera","status":"publish","type":"product","link":"https:\/\/horticom.ee\/e-pood\/ru\/toode\/aiakaarid-lillede-loikeks-ja-saagikoristuseks-felco-322-loike-d10mm-190mm-kaal-112g-sirge-kroomitud-tera\/","title":{"rendered":"Aiak\u00e4\u00e4rid lillede l\u00f5ikeks ja saagikoristuseks Felco 322 l\u00f5ike d10mm 190mm kaal 112g sirge\/kroomitud tera"},"content":{"rendered":"<p>T\u00e4nu pol\u00fcuretaanist amortisaatoritele pakuvad need l\u00f5ikamisel maksimaalset mugavust. Saagikoristuseks ja p\u00fcgamiseks m\u00f5eldud k\u00e4\u00e4rid, mis on disainitud professionaalseks kasutamiseks viinapuukasvatuses, puukoolides, kasvuhoonetes ning lillesalongides. Need sobivad ka n\u00f5udlikele aiandushuvilistele. Kroomitud s\u00fcsinikterasest terad, mis on korrosioonikindlad ja tagavad sujuva l\u00f5ike. Mustaks v\u00e4rvitud pressitud terasest k\u00e4epidemed, mis tagavad optimaalse vastupidavuse. Pol\u00fcuretaanist p\u00f5rutusvastased padjad v\u00e4hendavad lihaspinget. Roostevabast terasest vedru tagab sujuva liikumise. Ambidestroossed, sobivad nii parema- kui vasakuk\u00e4elistele kasutajatele.<\/p>\n","protected":false},"excerpt":{"rendered":"<p>T\u00e4nu pol\u00fcuretaanist amortisaatoritele pakuvad need l\u00f5ikamisel maksimaalset mugavust. Saagikoristuseks ja p\u00fcgamiseks m\u00f5eldud k\u00e4\u00e4rid, mis on disainitud professionaalseks kasutamiseks viinapuukasvatuses, puukoolides, kasvuhoonetes ning lillesalongides. Need sobivad ka n\u00f5udlikele aiandushuvilistele. Kroomitud s\u00fcsinikterasest terad, mis on korrosioonikindlad ja tagavad sujuva l\u00f5ike. Mustaks v\u00e4rvitud pressitud terasest k\u00e4epidemed, mis tagavad optimaalse vastupidavuse. Pol\u00fcuretaanist p\u00f5rutusvastased padjad v\u00e4hendavad lihaspinget. Roostevabast terasest vedru [&hellip;]<\/p>\n","protected":false},"featured_media":2588082,"comment_status":"closed","ping_status":"closed","template":"","meta":{"_themeisle_gutenberg_block_has_review":false},"product_cat":[13349,13622],"product_tag":[],"class_list":{"0":"post-2588010","1":"product","2":"type-product","3":"status-publish","4":"has-post-thumbnail","6":"product_cat-kaarid","7":"product_cat-aiatooriistad-tootjale","9":"first","10":"instock","11":"shipping-taxable","12":"purchasable","13":"product-type-simple"},"yoast_head":"<!-- This site is optimized with the Yoast SEO plugin v24.0 - https:\/\/yoast.com\/wordpress\/plugins\/seo\/ -->\n<title>Aiak\u00e4\u00e4rid lillede l\u00f5ikeks ja saagikoristuseks Felco 322 l\u00f5ike d10mm 190mm kaal 112g sirge\/kroomitud tera - Horticom<\/title>\n<meta name=\"robots\" content=\"index, follow, max-snippet:-1, max-image-preview:large, max-video-preview:-1\" \/>\n<link rel=\"canonical\" href=\"https:\/\/horticom.ee\/e-pood\/toode\/aiakaarid-lillede-loikeks-ja-saagikoristuseks-felco-322-loike-d10mm-190mm-kaal-112g-sirge-kroomitud-tera\/\" \/>\n<meta property=\"og:locale\" content=\"ru_RU\" \/>\n<meta property=\"og:type\" content=\"article\" \/>\n<meta property=\"og:title\" content=\"Aiak\u00e4\u00e4rid lillede l\u00f5ikeks ja saagikoristuseks Felco 322 l\u00f5ike d10mm 190mm kaal 112g sirge\/kroomitud tera - Horticom\" \/>\n<meta property=\"og:description\" content=\"T\u00e4nu pol\u00fcuretaanist amortisaatoritele pakuvad need l\u00f5ikamisel maksimaalset mugavust. Saagikoristuseks ja p\u00fcgamiseks m\u00f5eldud k\u00e4\u00e4rid, mis on disainitud professionaalseks kasutamiseks viinapuukasvatuses, puukoolides, kasvuhoonetes ning lillesalongides. Need sobivad ka n\u00f5udlikele aiandushuvilistele. Kroomitud s\u00fcsinikterasest terad, mis on korrosioonikindlad ja tagavad sujuva l\u00f5ike. Mustaks v\u00e4rvitud pressitud terasest k\u00e4epidemed, mis tagavad optimaalse vastupidavuse. Pol\u00fcuretaanist p\u00f5rutusvastased padjad v\u00e4hendavad lihaspinget. Roostevabast terasest vedru [&hellip;]\" \/>\n<meta property=\"og:url\" content=\"https:\/\/horticom.ee\/e-pood\/toode\/aiakaarid-lillede-loikeks-ja-saagikoristuseks-felco-322-loike-d10mm-190mm-kaal-112g-sirge-kroomitud-tera\/\" \/>\n<meta property=\"og:site_name\" content=\"Horticom.ee\" \/>\n<meta property=\"article:publisher\" content=\"https:\/\/www.facebook.com\/horticom.ee\/e-pood\" \/>\n<meta property=\"article:modified_time\" content=\"2026-04-09T00:13:06+00:00\" \/>\n<meta property=\"og:image\" content=\"https:\/\/horticom.ee\/e-pood\/wp-content\/uploads\/importedmedia\/product_2588010_0_3600068.jpg\" \/>\n\t<meta property=\"og:image:width\" content=\"1000\" \/>\n\t<meta property=\"og:image:height\" content=\"1000\" \/>\n\t<meta property=\"og:image:type\" content=\"image\/jpeg\" \/>\n<meta name=\"twitter:card\" content=\"summary_large_image\" \/>\n<script type=\"application\/ld+json\" class=\"yoast-schema-graph\">{\"@context\":\"https:\/\/schema.org\",\"@graph\":[{\"@type\":\"WebPage\",\"@id\":\"https:\/\/horticom.ee\/e-pood\/toode\/aiakaarid-lillede-loikeks-ja-saagikoristuseks-felco-322-loike-d10mm-190mm-kaal-112g-sirge-kroomitud-tera\/\",\"url\":\"https:\/\/horticom.ee\/e-pood\/toode\/aiakaarid-lillede-loikeks-ja-saagikoristuseks-felco-322-loike-d10mm-190mm-kaal-112g-sirge-kroomitud-tera\/\",\"name\":\"Aiak\u00e4\u00e4rid lillede l\u00f5ikeks ja saagikoristuseks Felco 322 l\u00f5ike d10mm 190mm kaal 112g sirge\/kroomitud tera - Horticom\",\"isPartOf\":{\"@id\":\"https:\/\/horticom.ee\/e-pood\/#website\"},\"primaryImageOfPage\":{\"@id\":\"https:\/\/horticom.ee\/e-pood\/toode\/aiakaarid-lillede-loikeks-ja-saagikoristuseks-felco-322-loike-d10mm-190mm-kaal-112g-sirge-kroomitud-tera\/#primaryimage\"},\"image\":{\"@id\":\"https:\/\/horticom.ee\/e-pood\/toode\/aiakaarid-lillede-loikeks-ja-saagikoristuseks-felco-322-loike-d10mm-190mm-kaal-112g-sirge-kroomitud-tera\/#primaryimage\"},\"thumbnailUrl\":\"https:\/\/horticom.ee\/e-pood\/wp-content\/uploads\/importedmedia\/product_2588010_0_3600068.jpg\",\"datePublished\":\"2026-03-27T15:01:27+00:00\",\"dateModified\":\"2026-04-09T00:13:06+00:00\",\"breadcrumb\":{\"@id\":\"https:\/\/horticom.ee\/e-pood\/toode\/aiakaarid-lillede-loikeks-ja-saagikoristuseks-felco-322-loike-d10mm-190mm-kaal-112g-sirge-kroomitud-tera\/#breadcrumb\"},\"inLanguage\":\"ru-RU\",\"potentialAction\":[{\"@type\":\"ReadAction\",\"target\":[\"https:\/\/horticom.ee\/e-pood\/toode\/aiakaarid-lillede-loikeks-ja-saagikoristuseks-felco-322-loike-d10mm-190mm-kaal-112g-sirge-kroomitud-tera\/\"]}]},{\"@type\":\"ImageObject\",\"inLanguage\":\"ru-RU\",\"@id\":\"https:\/\/horticom.ee\/e-pood\/toode\/aiakaarid-lillede-loikeks-ja-saagikoristuseks-felco-322-loike-d10mm-190mm-kaal-112g-sirge-kroomitud-tera\/#primaryimage\",\"url\":\"https:\/\/horticom.ee\/e-pood\/wp-content\/uploads\/importedmedia\/product_2588010_0_3600068.jpg\",\"contentUrl\":\"https:\/\/horticom.ee\/e-pood\/wp-content\/uploads\/importedmedia\/product_2588010_0_3600068.jpg\",\"width\":1000,\"height\":1000},{\"@type\":\"BreadcrumbList\",\"@id\":\"https:\/\/horticom.ee\/e-pood\/toode\/aiakaarid-lillede-loikeks-ja-saagikoristuseks-felco-322-loike-d10mm-190mm-kaal-112g-sirge-kroomitud-tera\/#breadcrumb\",\"itemListElement\":[{\"@type\":\"ListItem\",\"position\":1,\"name\":\"Home\",\"item\":\"https:\/\/horticom.ee\/e-pood\/\"},{\"@type\":\"ListItem\",\"position\":2,\"name\":\"Pood\",\"item\":\"https:\/\/horticom.ee\/e-pood\/pood\/\"},{\"@type\":\"ListItem\",\"position\":3,\"name\":\"Aiak\u00e4\u00e4rid lillede l\u00f5ikeks ja saagikoristuseks Felco 322 l\u00f5ike d10mm 190mm kaal 112g sirge\/kroomitud tera\"}]},{\"@type\":\"WebSite\",\"@id\":\"https:\/\/horticom.ee\/e-pood\/#website\",\"url\":\"https:\/\/horticom.ee\/e-pood\/\",\"name\":\"Horticom.ee\",\"description\":\"Aianduskaubad ja kodukaubad nii harrastajatele kui professionaalidele\",\"potentialAction\":[{\"@type\":\"SearchAction\",\"target\":{\"@type\":\"EntryPoint\",\"urlTemplate\":\"https:\/\/horticom.ee\/e-pood\/?s={search_term_string}\"},\"query-input\":{\"@type\":\"PropertyValueSpecification\",\"valueRequired\":true,\"valueName\":\"search_term_string\"}}],\"inLanguage\":\"ru-RU\"}]}<\/script>\n<!-- \/ Yoast SEO plugin. -->","yoast_head_json":{"title":"Aiak\u00e4\u00e4rid lillede l\u00f5ikeks ja saagikoristuseks Felco 322 l\u00f5ike d10mm 190mm kaal 112g sirge\/kroomitud tera - Horticom","robots":{"index":"index","follow":"follow","max-snippet":"max-snippet:-1","max-image-preview":"max-image-preview:large","max-video-preview":"max-video-preview:-1"},"canonical":"https:\/\/horticom.ee\/e-pood\/toode\/aiakaarid-lillede-loikeks-ja-saagikoristuseks-felco-322-loike-d10mm-190mm-kaal-112g-sirge-kroomitud-tera\/","og_locale":"ru_RU","og_type":"article","og_title":"Aiak\u00e4\u00e4rid lillede l\u00f5ikeks ja saagikoristuseks Felco 322 l\u00f5ike d10mm 190mm kaal 112g sirge\/kroomitud tera - Horticom","og_description":"T\u00e4nu pol\u00fcuretaanist amortisaatoritele pakuvad need l\u00f5ikamisel maksimaalset mugavust. Saagikoristuseks ja p\u00fcgamiseks m\u00f5eldud k\u00e4\u00e4rid, mis on disainitud professionaalseks kasutamiseks viinapuukasvatuses, puukoolides, kasvuhoonetes ning lillesalongides. Need sobivad ka n\u00f5udlikele aiandushuvilistele. Kroomitud s\u00fcsinikterasest terad, mis on korrosioonikindlad ja tagavad sujuva l\u00f5ike. Mustaks v\u00e4rvitud pressitud terasest k\u00e4epidemed, mis tagavad optimaalse vastupidavuse. Pol\u00fcuretaanist p\u00f5rutusvastased padjad v\u00e4hendavad lihaspinget. Roostevabast terasest vedru [&hellip;]","og_url":"https:\/\/horticom.ee\/e-pood\/toode\/aiakaarid-lillede-loikeks-ja-saagikoristuseks-felco-322-loike-d10mm-190mm-kaal-112g-sirge-kroomitud-tera\/","og_site_name":"Horticom.ee","article_publisher":"https:\/\/www.facebook.com\/horticom.ee\/e-pood","article_modified_time":"2026-04-09T00:13:06+00:00","og_image":[{"width":1000,"height":1000,"url":"https:\/\/horticom.ee\/e-pood\/wp-content\/uploads\/importedmedia\/product_2588010_0_3600068.jpg","type":"image\/jpeg"}],"twitter_card":"summary_large_image","schema":{"@context":"https:\/\/schema.org","@graph":[{"@type":"WebPage","@id":"https:\/\/horticom.ee\/e-pood\/toode\/aiakaarid-lillede-loikeks-ja-saagikoristuseks-felco-322-loike-d10mm-190mm-kaal-112g-sirge-kroomitud-tera\/","url":"https:\/\/horticom.ee\/e-pood\/toode\/aiakaarid-lillede-loikeks-ja-saagikoristuseks-felco-322-loike-d10mm-190mm-kaal-112g-sirge-kroomitud-tera\/","name":"Aiak\u00e4\u00e4rid lillede l\u00f5ikeks ja saagikoristuseks Felco 322 l\u00f5ike d10mm 190mm kaal 112g sirge\/kroomitud tera - Horticom","isPartOf":{"@id":"https:\/\/horticom.ee\/e-pood\/#website"},"primaryImageOfPage":{"@id":"https:\/\/horticom.ee\/e-pood\/toode\/aiakaarid-lillede-loikeks-ja-saagikoristuseks-felco-322-loike-d10mm-190mm-kaal-112g-sirge-kroomitud-tera\/#primaryimage"},"image":{"@id":"https:\/\/horticom.ee\/e-pood\/toode\/aiakaarid-lillede-loikeks-ja-saagikoristuseks-felco-322-loike-d10mm-190mm-kaal-112g-sirge-kroomitud-tera\/#primaryimage"},"thumbnailUrl":"https:\/\/horticom.ee\/e-pood\/wp-content\/uploads\/importedmedia\/product_2588010_0_3600068.jpg","datePublished":"2026-03-27T15:01:27+00:00","dateModified":"2026-04-09T00:13:06+00:00","breadcrumb":{"@id":"https:\/\/horticom.ee\/e-pood\/toode\/aiakaarid-lillede-loikeks-ja-saagikoristuseks-felco-322-loike-d10mm-190mm-kaal-112g-sirge-kroomitud-tera\/#breadcrumb"},"inLanguage":"ru-RU","potentialAction":[{"@type":"ReadAction","target":["https:\/\/horticom.ee\/e-pood\/toode\/aiakaarid-lillede-loikeks-ja-saagikoristuseks-felco-322-loike-d10mm-190mm-kaal-112g-sirge-kroomitud-tera\/"]}]},{"@type":"ImageObject","inLanguage":"ru-RU","@id":"https:\/\/horticom.ee\/e-pood\/toode\/aiakaarid-lillede-loikeks-ja-saagikoristuseks-felco-322-loike-d10mm-190mm-kaal-112g-sirge-kroomitud-tera\/#primaryimage","url":"https:\/\/horticom.ee\/e-pood\/wp-content\/uploads\/importedmedia\/product_2588010_0_3600068.jpg","contentUrl":"https:\/\/horticom.ee\/e-pood\/wp-content\/uploads\/importedmedia\/product_2588010_0_3600068.jpg","width":1000,"height":1000},{"@type":"BreadcrumbList","@id":"https:\/\/horticom.ee\/e-pood\/toode\/aiakaarid-lillede-loikeks-ja-saagikoristuseks-felco-322-loike-d10mm-190mm-kaal-112g-sirge-kroomitud-tera\/#breadcrumb","itemListElement":[{"@type":"ListItem","position":1,"name":"Home","item":"https:\/\/horticom.ee\/e-pood\/"},{"@type":"ListItem","position":2,"name":"Pood","item":"https:\/\/horticom.ee\/e-pood\/pood\/"},{"@type":"ListItem","position":3,"name":"Aiak\u00e4\u00e4rid lillede l\u00f5ikeks ja saagikoristuseks Felco 322 l\u00f5ike d10mm 190mm kaal 112g sirge\/kroomitud tera"}]},{"@type":"WebSite","@id":"https:\/\/horticom.ee\/e-pood\/#website","url":"https:\/\/horticom.ee\/e-pood\/","name":"Horticom.ee","description":"Aianduskaubad ja kodukaubad nii harrastajatele kui professionaalidele","potentialAction":[{"@type":"SearchAction","target":{"@type":"EntryPoint","urlTemplate":"https:\/\/horticom.ee\/e-pood\/?s={search_term_string}"},"query-input":{"@type":"PropertyValueSpecification","valueRequired":true,"valueName":"search_term_string"}}],"inLanguage":"ru-RU"}]}},"_links":{"self":[{"href":"https:\/\/horticom.ee\/e-pood\/ru\/wp-json\/wp\/v2\/product\/2588010","targetHints":{"allow":["GET"]}}],"collection":[{"href":"https:\/\/horticom.ee\/e-pood\/ru\/wp-json\/wp\/v2\/product"}],"about":[{"href":"https:\/\/horticom.ee\/e-pood\/ru\/wp-json\/wp\/v2\/types\/product"}],"replies":[{"embeddable":true,"href":"https:\/\/horticom.ee\/e-pood\/ru\/wp-json\/wp\/v2\/comments?post=2588010"}],"wp:featuredmedia":[{"embeddable":true,"href":"https:\/\/horticom.ee\/e-pood\/ru\/wp-json\/wp\/v2\/media\/2588082"}],"wp:attachment":[{"href":"https:\/\/horticom.ee\/e-pood\/ru\/wp-json\/wp\/v2\/media?parent=2588010"}],"wp:term":[{"taxonomy":"product_cat","embeddable":true,"href":"https:\/\/horticom.ee\/e-pood\/ru\/wp-json\/wp\/v2\/product_cat?post=2588010"},{"taxonomy":"product_tag","embeddable":true,"href":"https:\/\/horticom.ee\/e-pood\/ru\/wp-json\/wp\/v2\/product_tag?post=2588010"}],"curies":[{"name":"wp","href":"https:\/\/api.w.org\/{rel}","templated":true}]}}