{"id":2592926,"date":"2026-04-02T16:01:41","date_gmt":"2026-04-02T13:01:41","guid":{"rendered":"https:\/\/horticom.ee\/e-pood\/toode\/rodukast-venezia-altkastmisega-100cm-tumepruun\/"},"modified":"2026-04-08T03:11:01","modified_gmt":"2026-04-08T00:11:01","slug":"rodukast-venezia-altkastmisega-100cm-tumepruun","status":"publish","type":"product","link":"https:\/\/horticom.ee\/e-pood\/ru\/toode\/rodukast-venezia-altkastmisega-100cm-tumepruun\/","title":{"rendered":"R\u00f5dukast Venezia altkastmisega 100cm tumepruun"},"content":{"rendered":"<p>R\u00f5dukast Venezia on UV-kindlast tugevast plastikust r\u00f5dukast altkastmisplaadi, suure veereservuaari ning veem\u00f5\u00f5dikuga. Optimaalne taimekasv t\u00e4nu suurele kasvusubstraadi mahule. Taime juured ei vetti t\u00e4nu vaheplaadile. Kerge puhastada, kuna vett ja substraati eraldavat plaati on kerge eemaldada.  Komplekis veetaseme n\u00e4idik, mis aitab kerge vaevaga monitoorida taime veevajadust. Veereservuaar umbes 8L ja kasvusubstraat 25L.<\/p>\n","protected":false},"excerpt":{"rendered":"<p>R\u00f5dukast Venezia on UV-kindlast tugevast plastikust r\u00f5dukast altkastmisplaadi, suure veereservuaari ning veem\u00f5\u00f5dikuga. Optimaalne taimekasv t\u00e4nu suurele kasvusubstraadi mahule. Taime juured ei vetti t\u00e4nu vaheplaadile. Kerge puhastada, kuna vett ja substraati eraldavat plaati on kerge eemaldada. Komplekis veetaseme n\u00e4idik, mis aitab kerge vaevaga monitoorida taime veevajadust. Veereservuaar umbes 8L ja kasvusubstraat 25L.<\/p>\n","protected":false},"featured_media":2593090,"comment_status":"closed","ping_status":"closed","template":"","meta":{"_themeisle_gutenberg_block_has_review":false},"product_cat":[13444],"product_tag":[],"class_list":{"0":"post-2592926","1":"product","2":"type-product","3":"status-publish","4":"has-post-thumbnail","6":"product_cat-rodukastid","8":"first","9":"instock","10":"shipping-taxable","11":"purchasable","12":"product-type-simple"},"yoast_head":"<!-- This site is optimized with the Yoast SEO plugin v24.0 - https:\/\/yoast.com\/wordpress\/plugins\/seo\/ -->\n<title>R\u00f5dukast Venezia altkastmisega 100cm tumepruun - Horticom<\/title>\n<meta name=\"robots\" content=\"index, follow, max-snippet:-1, max-image-preview:large, max-video-preview:-1\" \/>\n<link rel=\"canonical\" href=\"https:\/\/horticom.ee\/e-pood\/toode\/rodukast-venezia-altkastmisega-100cm-tumepruun\/\" \/>\n<meta property=\"og:locale\" content=\"ru_RU\" \/>\n<meta property=\"og:type\" content=\"article\" \/>\n<meta property=\"og:title\" content=\"R\u00f5dukast Venezia altkastmisega 100cm tumepruun - Horticom\" \/>\n<meta property=\"og:description\" content=\"R\u00f5dukast Venezia on UV-kindlast tugevast plastikust r\u00f5dukast altkastmisplaadi, suure veereservuaari ning veem\u00f5\u00f5dikuga. Optimaalne taimekasv t\u00e4nu suurele kasvusubstraadi mahule. Taime juured ei vetti t\u00e4nu vaheplaadile. Kerge puhastada, kuna vett ja substraati eraldavat plaati on kerge eemaldada. Komplekis veetaseme n\u00e4idik, mis aitab kerge vaevaga monitoorida taime veevajadust. Veereservuaar umbes 8L ja kasvusubstraat 25L.\" \/>\n<meta property=\"og:url\" content=\"https:\/\/horticom.ee\/e-pood\/toode\/rodukast-venezia-altkastmisega-100cm-tumepruun\/\" \/>\n<meta property=\"og:site_name\" content=\"Horticom.ee\" \/>\n<meta property=\"article:publisher\" content=\"https:\/\/www.facebook.com\/horticom.ee\/e-pood\" \/>\n<meta property=\"article:modified_time\" content=\"2026-04-08T00:11:01+00:00\" \/>\n<meta property=\"og:image\" content=\"https:\/\/horticom.ee\/e-pood\/wp-content\/uploads\/importedmedia\/product_2592926_0_643035_TPR.jpg\" \/>\n\t<meta property=\"og:image:width\" content=\"1000\" \/>\n\t<meta property=\"og:image:height\" content=\"665\" \/>\n\t<meta property=\"og:image:type\" content=\"image\/jpeg\" \/>\n<meta name=\"twitter:card\" content=\"summary_large_image\" \/>\n<script type=\"application\/ld+json\" class=\"yoast-schema-graph\">{\"@context\":\"https:\/\/schema.org\",\"@graph\":[{\"@type\":\"WebPage\",\"@id\":\"https:\/\/horticom.ee\/e-pood\/toode\/rodukast-venezia-altkastmisega-100cm-tumepruun\/\",\"url\":\"https:\/\/horticom.ee\/e-pood\/toode\/rodukast-venezia-altkastmisega-100cm-tumepruun\/\",\"name\":\"R\u00f5dukast Venezia altkastmisega 100cm tumepruun - Horticom\",\"isPartOf\":{\"@id\":\"https:\/\/horticom.ee\/e-pood\/#website\"},\"primaryImageOfPage\":{\"@id\":\"https:\/\/horticom.ee\/e-pood\/toode\/rodukast-venezia-altkastmisega-100cm-tumepruun\/#primaryimage\"},\"image\":{\"@id\":\"https:\/\/horticom.ee\/e-pood\/toode\/rodukast-venezia-altkastmisega-100cm-tumepruun\/#primaryimage\"},\"thumbnailUrl\":\"https:\/\/horticom.ee\/e-pood\/wp-content\/uploads\/importedmedia\/product_2592926_0_643035_TPR.jpg\",\"datePublished\":\"2026-04-02T13:01:41+00:00\",\"dateModified\":\"2026-04-08T00:11:01+00:00\",\"breadcrumb\":{\"@id\":\"https:\/\/horticom.ee\/e-pood\/toode\/rodukast-venezia-altkastmisega-100cm-tumepruun\/#breadcrumb\"},\"inLanguage\":\"ru-RU\",\"potentialAction\":[{\"@type\":\"ReadAction\",\"target\":[\"https:\/\/horticom.ee\/e-pood\/toode\/rodukast-venezia-altkastmisega-100cm-tumepruun\/\"]}]},{\"@type\":\"ImageObject\",\"inLanguage\":\"ru-RU\",\"@id\":\"https:\/\/horticom.ee\/e-pood\/toode\/rodukast-venezia-altkastmisega-100cm-tumepruun\/#primaryimage\",\"url\":\"https:\/\/horticom.ee\/e-pood\/wp-content\/uploads\/importedmedia\/product_2592926_0_643035_TPR.jpg\",\"contentUrl\":\"https:\/\/horticom.ee\/e-pood\/wp-content\/uploads\/importedmedia\/product_2592926_0_643035_TPR.jpg\",\"width\":1000,\"height\":665},{\"@type\":\"BreadcrumbList\",\"@id\":\"https:\/\/horticom.ee\/e-pood\/toode\/rodukast-venezia-altkastmisega-100cm-tumepruun\/#breadcrumb\",\"itemListElement\":[{\"@type\":\"ListItem\",\"position\":1,\"name\":\"Home\",\"item\":\"https:\/\/horticom.ee\/e-pood\/\"},{\"@type\":\"ListItem\",\"position\":2,\"name\":\"Pood\",\"item\":\"https:\/\/horticom.ee\/e-pood\/pood\/\"},{\"@type\":\"ListItem\",\"position\":3,\"name\":\"R\u00f5dukast Venezia altkastmisega 100cm tumepruun\"}]},{\"@type\":\"WebSite\",\"@id\":\"https:\/\/horticom.ee\/e-pood\/#website\",\"url\":\"https:\/\/horticom.ee\/e-pood\/\",\"name\":\"Horticom.ee\",\"description\":\"Aianduskaubad ja kodukaubad nii harrastajatele kui professionaalidele\",\"potentialAction\":[{\"@type\":\"SearchAction\",\"target\":{\"@type\":\"EntryPoint\",\"urlTemplate\":\"https:\/\/horticom.ee\/e-pood\/?s={search_term_string}\"},\"query-input\":{\"@type\":\"PropertyValueSpecification\",\"valueRequired\":true,\"valueName\":\"search_term_string\"}}],\"inLanguage\":\"ru-RU\"}]}<\/script>\n<!-- \/ Yoast SEO plugin. -->","yoast_head_json":{"title":"R\u00f5dukast Venezia altkastmisega 100cm tumepruun - Horticom","robots":{"index":"index","follow":"follow","max-snippet":"max-snippet:-1","max-image-preview":"max-image-preview:large","max-video-preview":"max-video-preview:-1"},"canonical":"https:\/\/horticom.ee\/e-pood\/toode\/rodukast-venezia-altkastmisega-100cm-tumepruun\/","og_locale":"ru_RU","og_type":"article","og_title":"R\u00f5dukast Venezia altkastmisega 100cm tumepruun - Horticom","og_description":"R\u00f5dukast Venezia on UV-kindlast tugevast plastikust r\u00f5dukast altkastmisplaadi, suure veereservuaari ning veem\u00f5\u00f5dikuga. Optimaalne taimekasv t\u00e4nu suurele kasvusubstraadi mahule. Taime juured ei vetti t\u00e4nu vaheplaadile. Kerge puhastada, kuna vett ja substraati eraldavat plaati on kerge eemaldada. Komplekis veetaseme n\u00e4idik, mis aitab kerge vaevaga monitoorida taime veevajadust. Veereservuaar umbes 8L ja kasvusubstraat 25L.","og_url":"https:\/\/horticom.ee\/e-pood\/toode\/rodukast-venezia-altkastmisega-100cm-tumepruun\/","og_site_name":"Horticom.ee","article_publisher":"https:\/\/www.facebook.com\/horticom.ee\/e-pood","article_modified_time":"2026-04-08T00:11:01+00:00","og_image":[{"width":1000,"height":665,"url":"https:\/\/horticom.ee\/e-pood\/wp-content\/uploads\/importedmedia\/product_2592926_0_643035_TPR.jpg","type":"image\/jpeg"}],"twitter_card":"summary_large_image","schema":{"@context":"https:\/\/schema.org","@graph":[{"@type":"WebPage","@id":"https:\/\/horticom.ee\/e-pood\/toode\/rodukast-venezia-altkastmisega-100cm-tumepruun\/","url":"https:\/\/horticom.ee\/e-pood\/toode\/rodukast-venezia-altkastmisega-100cm-tumepruun\/","name":"R\u00f5dukast Venezia altkastmisega 100cm tumepruun - Horticom","isPartOf":{"@id":"https:\/\/horticom.ee\/e-pood\/#website"},"primaryImageOfPage":{"@id":"https:\/\/horticom.ee\/e-pood\/toode\/rodukast-venezia-altkastmisega-100cm-tumepruun\/#primaryimage"},"image":{"@id":"https:\/\/horticom.ee\/e-pood\/toode\/rodukast-venezia-altkastmisega-100cm-tumepruun\/#primaryimage"},"thumbnailUrl":"https:\/\/horticom.ee\/e-pood\/wp-content\/uploads\/importedmedia\/product_2592926_0_643035_TPR.jpg","datePublished":"2026-04-02T13:01:41+00:00","dateModified":"2026-04-08T00:11:01+00:00","breadcrumb":{"@id":"https:\/\/horticom.ee\/e-pood\/toode\/rodukast-venezia-altkastmisega-100cm-tumepruun\/#breadcrumb"},"inLanguage":"ru-RU","potentialAction":[{"@type":"ReadAction","target":["https:\/\/horticom.ee\/e-pood\/toode\/rodukast-venezia-altkastmisega-100cm-tumepruun\/"]}]},{"@type":"ImageObject","inLanguage":"ru-RU","@id":"https:\/\/horticom.ee\/e-pood\/toode\/rodukast-venezia-altkastmisega-100cm-tumepruun\/#primaryimage","url":"https:\/\/horticom.ee\/e-pood\/wp-content\/uploads\/importedmedia\/product_2592926_0_643035_TPR.jpg","contentUrl":"https:\/\/horticom.ee\/e-pood\/wp-content\/uploads\/importedmedia\/product_2592926_0_643035_TPR.jpg","width":1000,"height":665},{"@type":"BreadcrumbList","@id":"https:\/\/horticom.ee\/e-pood\/toode\/rodukast-venezia-altkastmisega-100cm-tumepruun\/#breadcrumb","itemListElement":[{"@type":"ListItem","position":1,"name":"Home","item":"https:\/\/horticom.ee\/e-pood\/"},{"@type":"ListItem","position":2,"name":"Pood","item":"https:\/\/horticom.ee\/e-pood\/pood\/"},{"@type":"ListItem","position":3,"name":"R\u00f5dukast Venezia altkastmisega 100cm tumepruun"}]},{"@type":"WebSite","@id":"https:\/\/horticom.ee\/e-pood\/#website","url":"https:\/\/horticom.ee\/e-pood\/","name":"Horticom.ee","description":"Aianduskaubad ja kodukaubad nii harrastajatele kui professionaalidele","potentialAction":[{"@type":"SearchAction","target":{"@type":"EntryPoint","urlTemplate":"https:\/\/horticom.ee\/e-pood\/?s={search_term_string}"},"query-input":{"@type":"PropertyValueSpecification","valueRequired":true,"valueName":"search_term_string"}}],"inLanguage":"ru-RU"}]}},"_links":{"self":[{"href":"https:\/\/horticom.ee\/e-pood\/ru\/wp-json\/wp\/v2\/product\/2592926","targetHints":{"allow":["GET"]}}],"collection":[{"href":"https:\/\/horticom.ee\/e-pood\/ru\/wp-json\/wp\/v2\/product"}],"about":[{"href":"https:\/\/horticom.ee\/e-pood\/ru\/wp-json\/wp\/v2\/types\/product"}],"replies":[{"embeddable":true,"href":"https:\/\/horticom.ee\/e-pood\/ru\/wp-json\/wp\/v2\/comments?post=2592926"}],"wp:featuredmedia":[{"embeddable":true,"href":"https:\/\/horticom.ee\/e-pood\/ru\/wp-json\/wp\/v2\/media\/2593090"}],"wp:attachment":[{"href":"https:\/\/horticom.ee\/e-pood\/ru\/wp-json\/wp\/v2\/media?parent=2592926"}],"wp:term":[{"taxonomy":"product_cat","embeddable":true,"href":"https:\/\/horticom.ee\/e-pood\/ru\/wp-json\/wp\/v2\/product_cat?post=2592926"},{"taxonomy":"product_tag","embeddable":true,"href":"https:\/\/horticom.ee\/e-pood\/ru\/wp-json\/wp\/v2\/product_tag?post=2592926"}],"curies":[{"name":"wp","href":"https:\/\/api.w.org\/{rel}","templated":true}]}}