{"id":2599650,"date":"2026-04-09T17:01:25","date_gmt":"2026-04-09T14:01:25","guid":{"rendered":"https:\/\/horticom.ee\/e-pood\/toode\/aeduba-kollane-goldelfe-phaseolus-vulgaris\/"},"modified":"2026-04-16T03:16:25","modified_gmt":"2026-04-16T00:16:25","slug":"aeduba-kollane-goldelfe-phaseolus-vulgaris","status":"publish","type":"product","link":"https:\/\/horticom.ee\/e-pood\/ru\/toode\/aeduba-kollane-goldelfe-phaseolus-vulgaris\/","title":{"rendered":"Aeduba kollane Goldelfe Phaseolus vulgaris"},"content":{"rendered":"<p>Annab hea saagi viljakatel, huumusrikastel, soojadel ja l\u00e4bilaskvatel muldadel. K\u00fclvata pesadesse 2-3 seemet iga 50cm tagant tugede, lattide v\u00f5i k\u00f5rgete aedade vastu. Keskvarane lattoa sort. Mammuti t\u00fc\u00fcpi,  v\u00e4ga pikad (20\u201325 cm), laiad, kuldkollased ja kiududeta kaunad. Maitsvad ja saagikad. Valmib umbes 55 p\u00e4evaga. Sobib v\u00e4rskelt tarbimiseks, k\u00fclmutamiseks ja konserveerimiseks.<\/p>\n","protected":false},"excerpt":{"rendered":"<p>Annab hea saagi viljakatel, huumusrikastel, soojadel ja l\u00e4bilaskvatel muldadel. K\u00fclvata pesadesse 2-3 seemet iga 50cm tagant tugede, lattide v\u00f5i k\u00f5rgete aedade vastu. Keskvarane lattoa sort. Mammuti t\u00fc\u00fcpi, v\u00e4ga pikad (20\u201325 cm), laiad, kuldkollased ja kiududeta kaunad. Maitsvad ja saagikad. Valmib umbes 55 p\u00e4evaga. Sobib v\u00e4rskelt tarbimiseks, k\u00fclmutamiseks ja konserveerimiseks.<\/p>\n","protected":false},"featured_media":2599804,"comment_status":"closed","ping_status":"closed","template":"","meta":{"_themeisle_gutenberg_block_has_review":false},"product_cat":[13480],"product_tag":[],"class_list":{"0":"post-2599650","1":"product","2":"type-product","3":"status-publish","4":"has-post-thumbnail","6":"product_cat-uba","8":"first","9":"instock","10":"shipping-taxable","11":"purchasable","12":"product-type-simple"},"yoast_head":"<!-- This site is optimized with the Yoast SEO plugin v24.0 - https:\/\/yoast.com\/wordpress\/plugins\/seo\/ -->\n<title>Aeduba kollane Goldelfe Phaseolus vulgaris - Horticom<\/title>\n<meta name=\"robots\" content=\"index, follow, max-snippet:-1, max-image-preview:large, max-video-preview:-1\" \/>\n<link rel=\"canonical\" href=\"https:\/\/horticom.ee\/e-pood\/toode\/aeduba-kollane-goldelfe-phaseolus-vulgaris\/\" \/>\n<meta property=\"og:locale\" content=\"ru_RU\" \/>\n<meta property=\"og:type\" content=\"article\" \/>\n<meta property=\"og:title\" content=\"Aeduba kollane Goldelfe Phaseolus vulgaris - Horticom\" \/>\n<meta property=\"og:description\" content=\"Annab hea saagi viljakatel, huumusrikastel, soojadel ja l\u00e4bilaskvatel muldadel. K\u00fclvata pesadesse 2-3 seemet iga 50cm tagant tugede, lattide v\u00f5i k\u00f5rgete aedade vastu. Keskvarane lattoa sort. Mammuti t\u00fc\u00fcpi, v\u00e4ga pikad (20\u201325 cm), laiad, kuldkollased ja kiududeta kaunad. Maitsvad ja saagikad. Valmib umbes 55 p\u00e4evaga. Sobib v\u00e4rskelt tarbimiseks, k\u00fclmutamiseks ja konserveerimiseks.\" \/>\n<meta property=\"og:url\" content=\"https:\/\/horticom.ee\/e-pood\/toode\/aeduba-kollane-goldelfe-phaseolus-vulgaris\/\" \/>\n<meta property=\"og:site_name\" content=\"Horticom.ee\" \/>\n<meta property=\"article:publisher\" content=\"https:\/\/www.facebook.com\/horticom.ee\/e-pood\" \/>\n<meta property=\"article:modified_time\" content=\"2026-04-16T00:16:25+00:00\" \/>\n<meta property=\"og:image\" content=\"https:\/\/horticom.ee\/e-pood\/wp-content\/uploads\/importedmedia\/product_2599650_0_VC3127.jpg\" \/>\n\t<meta property=\"og:image:width\" content=\"1000\" \/>\n\t<meta property=\"og:image:height\" content=\"1390\" \/>\n\t<meta property=\"og:image:type\" content=\"image\/jpeg\" \/>\n<meta name=\"twitter:card\" content=\"summary_large_image\" \/>\n<script type=\"application\/ld+json\" class=\"yoast-schema-graph\">{\"@context\":\"https:\/\/schema.org\",\"@graph\":[{\"@type\":\"WebPage\",\"@id\":\"https:\/\/horticom.ee\/e-pood\/toode\/aeduba-kollane-goldelfe-phaseolus-vulgaris\/\",\"url\":\"https:\/\/horticom.ee\/e-pood\/toode\/aeduba-kollane-goldelfe-phaseolus-vulgaris\/\",\"name\":\"Aeduba kollane Goldelfe Phaseolus vulgaris - Horticom\",\"isPartOf\":{\"@id\":\"https:\/\/horticom.ee\/e-pood\/#website\"},\"primaryImageOfPage\":{\"@id\":\"https:\/\/horticom.ee\/e-pood\/toode\/aeduba-kollane-goldelfe-phaseolus-vulgaris\/#primaryimage\"},\"image\":{\"@id\":\"https:\/\/horticom.ee\/e-pood\/toode\/aeduba-kollane-goldelfe-phaseolus-vulgaris\/#primaryimage\"},\"thumbnailUrl\":\"https:\/\/horticom.ee\/e-pood\/wp-content\/uploads\/importedmedia\/product_2599650_0_VC3127.jpg\",\"datePublished\":\"2026-04-09T14:01:25+00:00\",\"dateModified\":\"2026-04-16T00:16:25+00:00\",\"breadcrumb\":{\"@id\":\"https:\/\/horticom.ee\/e-pood\/toode\/aeduba-kollane-goldelfe-phaseolus-vulgaris\/#breadcrumb\"},\"inLanguage\":\"ru-RU\",\"potentialAction\":[{\"@type\":\"ReadAction\",\"target\":[\"https:\/\/horticom.ee\/e-pood\/toode\/aeduba-kollane-goldelfe-phaseolus-vulgaris\/\"]}]},{\"@type\":\"ImageObject\",\"inLanguage\":\"ru-RU\",\"@id\":\"https:\/\/horticom.ee\/e-pood\/toode\/aeduba-kollane-goldelfe-phaseolus-vulgaris\/#primaryimage\",\"url\":\"https:\/\/horticom.ee\/e-pood\/wp-content\/uploads\/importedmedia\/product_2599650_0_VC3127.jpg\",\"contentUrl\":\"https:\/\/horticom.ee\/e-pood\/wp-content\/uploads\/importedmedia\/product_2599650_0_VC3127.jpg\",\"width\":1000,\"height\":1390},{\"@type\":\"BreadcrumbList\",\"@id\":\"https:\/\/horticom.ee\/e-pood\/toode\/aeduba-kollane-goldelfe-phaseolus-vulgaris\/#breadcrumb\",\"itemListElement\":[{\"@type\":\"ListItem\",\"position\":1,\"name\":\"Home\",\"item\":\"https:\/\/horticom.ee\/e-pood\/\"},{\"@type\":\"ListItem\",\"position\":2,\"name\":\"Pood\",\"item\":\"https:\/\/horticom.ee\/e-pood\/pood\/\"},{\"@type\":\"ListItem\",\"position\":3,\"name\":\"Aeduba kollane Goldelfe Phaseolus vulgaris\"}]},{\"@type\":\"WebSite\",\"@id\":\"https:\/\/horticom.ee\/e-pood\/#website\",\"url\":\"https:\/\/horticom.ee\/e-pood\/\",\"name\":\"Horticom.ee\",\"description\":\"Aianduskaubad ja kodukaubad nii harrastajatele kui professionaalidele\",\"potentialAction\":[{\"@type\":\"SearchAction\",\"target\":{\"@type\":\"EntryPoint\",\"urlTemplate\":\"https:\/\/horticom.ee\/e-pood\/?s={search_term_string}\"},\"query-input\":{\"@type\":\"PropertyValueSpecification\",\"valueRequired\":true,\"valueName\":\"search_term_string\"}}],\"inLanguage\":\"ru-RU\"}]}<\/script>\n<!-- \/ Yoast SEO plugin. -->","yoast_head_json":{"title":"Aeduba kollane Goldelfe Phaseolus vulgaris - Horticom","robots":{"index":"index","follow":"follow","max-snippet":"max-snippet:-1","max-image-preview":"max-image-preview:large","max-video-preview":"max-video-preview:-1"},"canonical":"https:\/\/horticom.ee\/e-pood\/toode\/aeduba-kollane-goldelfe-phaseolus-vulgaris\/","og_locale":"ru_RU","og_type":"article","og_title":"Aeduba kollane Goldelfe Phaseolus vulgaris - Horticom","og_description":"Annab hea saagi viljakatel, huumusrikastel, soojadel ja l\u00e4bilaskvatel muldadel. K\u00fclvata pesadesse 2-3 seemet iga 50cm tagant tugede, lattide v\u00f5i k\u00f5rgete aedade vastu. Keskvarane lattoa sort. Mammuti t\u00fc\u00fcpi, v\u00e4ga pikad (20\u201325 cm), laiad, kuldkollased ja kiududeta kaunad. Maitsvad ja saagikad. Valmib umbes 55 p\u00e4evaga. Sobib v\u00e4rskelt tarbimiseks, k\u00fclmutamiseks ja konserveerimiseks.","og_url":"https:\/\/horticom.ee\/e-pood\/toode\/aeduba-kollane-goldelfe-phaseolus-vulgaris\/","og_site_name":"Horticom.ee","article_publisher":"https:\/\/www.facebook.com\/horticom.ee\/e-pood","article_modified_time":"2026-04-16T00:16:25+00:00","og_image":[{"width":1000,"height":1390,"url":"https:\/\/horticom.ee\/e-pood\/wp-content\/uploads\/importedmedia\/product_2599650_0_VC3127.jpg","type":"image\/jpeg"}],"twitter_card":"summary_large_image","schema":{"@context":"https:\/\/schema.org","@graph":[{"@type":"WebPage","@id":"https:\/\/horticom.ee\/e-pood\/toode\/aeduba-kollane-goldelfe-phaseolus-vulgaris\/","url":"https:\/\/horticom.ee\/e-pood\/toode\/aeduba-kollane-goldelfe-phaseolus-vulgaris\/","name":"Aeduba kollane Goldelfe Phaseolus vulgaris - Horticom","isPartOf":{"@id":"https:\/\/horticom.ee\/e-pood\/#website"},"primaryImageOfPage":{"@id":"https:\/\/horticom.ee\/e-pood\/toode\/aeduba-kollane-goldelfe-phaseolus-vulgaris\/#primaryimage"},"image":{"@id":"https:\/\/horticom.ee\/e-pood\/toode\/aeduba-kollane-goldelfe-phaseolus-vulgaris\/#primaryimage"},"thumbnailUrl":"https:\/\/horticom.ee\/e-pood\/wp-content\/uploads\/importedmedia\/product_2599650_0_VC3127.jpg","datePublished":"2026-04-09T14:01:25+00:00","dateModified":"2026-04-16T00:16:25+00:00","breadcrumb":{"@id":"https:\/\/horticom.ee\/e-pood\/toode\/aeduba-kollane-goldelfe-phaseolus-vulgaris\/#breadcrumb"},"inLanguage":"ru-RU","potentialAction":[{"@type":"ReadAction","target":["https:\/\/horticom.ee\/e-pood\/toode\/aeduba-kollane-goldelfe-phaseolus-vulgaris\/"]}]},{"@type":"ImageObject","inLanguage":"ru-RU","@id":"https:\/\/horticom.ee\/e-pood\/toode\/aeduba-kollane-goldelfe-phaseolus-vulgaris\/#primaryimage","url":"https:\/\/horticom.ee\/e-pood\/wp-content\/uploads\/importedmedia\/product_2599650_0_VC3127.jpg","contentUrl":"https:\/\/horticom.ee\/e-pood\/wp-content\/uploads\/importedmedia\/product_2599650_0_VC3127.jpg","width":1000,"height":1390},{"@type":"BreadcrumbList","@id":"https:\/\/horticom.ee\/e-pood\/toode\/aeduba-kollane-goldelfe-phaseolus-vulgaris\/#breadcrumb","itemListElement":[{"@type":"ListItem","position":1,"name":"Home","item":"https:\/\/horticom.ee\/e-pood\/"},{"@type":"ListItem","position":2,"name":"Pood","item":"https:\/\/horticom.ee\/e-pood\/pood\/"},{"@type":"ListItem","position":3,"name":"Aeduba kollane Goldelfe Phaseolus vulgaris"}]},{"@type":"WebSite","@id":"https:\/\/horticom.ee\/e-pood\/#website","url":"https:\/\/horticom.ee\/e-pood\/","name":"Horticom.ee","description":"Aianduskaubad ja kodukaubad nii harrastajatele kui professionaalidele","potentialAction":[{"@type":"SearchAction","target":{"@type":"EntryPoint","urlTemplate":"https:\/\/horticom.ee\/e-pood\/?s={search_term_string}"},"query-input":{"@type":"PropertyValueSpecification","valueRequired":true,"valueName":"search_term_string"}}],"inLanguage":"ru-RU"}]}},"_links":{"self":[{"href":"https:\/\/horticom.ee\/e-pood\/ru\/wp-json\/wp\/v2\/product\/2599650","targetHints":{"allow":["GET"]}}],"collection":[{"href":"https:\/\/horticom.ee\/e-pood\/ru\/wp-json\/wp\/v2\/product"}],"about":[{"href":"https:\/\/horticom.ee\/e-pood\/ru\/wp-json\/wp\/v2\/types\/product"}],"replies":[{"embeddable":true,"href":"https:\/\/horticom.ee\/e-pood\/ru\/wp-json\/wp\/v2\/comments?post=2599650"}],"wp:featuredmedia":[{"embeddable":true,"href":"https:\/\/horticom.ee\/e-pood\/ru\/wp-json\/wp\/v2\/media\/2599804"}],"wp:attachment":[{"href":"https:\/\/horticom.ee\/e-pood\/ru\/wp-json\/wp\/v2\/media?parent=2599650"}],"wp:term":[{"taxonomy":"product_cat","embeddable":true,"href":"https:\/\/horticom.ee\/e-pood\/ru\/wp-json\/wp\/v2\/product_cat?post=2599650"},{"taxonomy":"product_tag","embeddable":true,"href":"https:\/\/horticom.ee\/e-pood\/ru\/wp-json\/wp\/v2\/product_tag?post=2599650"}],"curies":[{"name":"wp","href":"https:\/\/api.w.org\/{rel}","templated":true}]}}