{"id":2599655,"date":"2026-04-09T17:01:26","date_gmt":"2026-04-09T14:01:26","guid":{"rendered":"https:\/\/horticom.ee\/e-pood\/toode\/turbasubstraat-maasikate-ja-muude-marjapoosastele-40l-seklos\/"},"modified":"2026-04-22T03:12:47","modified_gmt":"2026-04-22T00:12:47","slug":"turbasubstraat-maasikate-ja-muude-marjapoosastele-40l-seklos","status":"publish","type":"product","link":"https:\/\/horticom.ee\/e-pood\/ru\/toode\/turbasubstraat-maasikate-ja-muude-marjapoosastele-40l-seklos\/","title":{"rendered":"Turbasubstraat maasikate ja muude marjap\u00f5\u00f5sastele 40L Seklos"},"content":{"rendered":"<p>Segu heledast ja tumedast turbast, millele on lisatud perliiti, pikaajalise toimega orgaanilisi v\u00e4etisi ja juurdumist soodustavat aktivaatorit. Sobib maasikate, metsmaasikate ja teiste marjap\u00f5\u00f5saste kasvatamiseks, \u00fcmberistutamiseks ja paljundamiseks, samuti aiamaa mulla t\u00e4iendamiseks ja mult\u0161imiseks. Turbasegus sisalduv orgaaniline v\u00e4etis varustab taimi toitainetega kuni 3 kuu jooksul ning juurdumisaktivaator aitab maasikataimedel ja marjap\u00f5\u00f5saste istikutel kiiremini ja kergemini juurduda. Substraadilisandid suurendavad taimede eluj\u00f5ulisust ja viljakust, v\u00e4hendades lisav\u00e4etamise vajadust kasvuperioodi jooksul. Perliit seob niiskust ja parandab turbasegu \u00f5hul\u00e4bilaskvust.<\/p>\n","protected":false},"excerpt":{"rendered":"<p>Segu heledast ja tumedast turbast, millele on lisatud perliiti, pikaajalise toimega orgaanilisi v\u00e4etisi ja juurdumist soodustavat aktivaatorit. Sobib maasikate, metsmaasikate ja teiste marjap\u00f5\u00f5saste kasvatamiseks, \u00fcmberistutamiseks ja paljundamiseks, samuti aiamaa mulla t\u00e4iendamiseks ja mult\u0161imiseks. Turbasegus sisalduv orgaaniline v\u00e4etis varustab taimi toitainetega kuni 3 kuu jooksul ning juurdumisaktivaator aitab maasikataimedel ja marjap\u00f5\u00f5saste istikutel kiiremini ja kergemini juurduda. [&hellip;]<\/p>\n","protected":false},"featured_media":2599800,"comment_status":"closed","ping_status":"closed","template":"","meta":{"_themeisle_gutenberg_block_has_review":false},"product_cat":[13575],"product_tag":[],"class_list":{"0":"post-2599655","1":"product","2":"type-product","3":"status-publish","4":"has-post-thumbnail","6":"product_cat-mullad-ja-turbad","8":"first","9":"instock","10":"shipping-taxable","11":"purchasable","12":"product-type-simple"},"yoast_head":"<!-- This site is optimized with the Yoast SEO plugin v24.0 - https:\/\/yoast.com\/wordpress\/plugins\/seo\/ -->\n<title>Turbasubstraat maasikate ja muude marjap\u00f5\u00f5sastele 40L Seklos - Horticom<\/title>\n<meta name=\"robots\" content=\"index, follow, max-snippet:-1, max-image-preview:large, max-video-preview:-1\" \/>\n<link rel=\"canonical\" href=\"https:\/\/horticom.ee\/e-pood\/toode\/turbasubstraat-maasikate-ja-muude-marjapoosastele-40l-seklos\/\" \/>\n<meta property=\"og:locale\" content=\"ru_RU\" \/>\n<meta property=\"og:type\" content=\"article\" \/>\n<meta property=\"og:title\" content=\"Turbasubstraat maasikate ja muude marjap\u00f5\u00f5sastele 40L Seklos - Horticom\" \/>\n<meta property=\"og:description\" content=\"Segu heledast ja tumedast turbast, millele on lisatud perliiti, pikaajalise toimega orgaanilisi v\u00e4etisi ja juurdumist soodustavat aktivaatorit. Sobib maasikate, metsmaasikate ja teiste marjap\u00f5\u00f5saste kasvatamiseks, \u00fcmberistutamiseks ja paljundamiseks, samuti aiamaa mulla t\u00e4iendamiseks ja mult\u0161imiseks. Turbasegus sisalduv orgaaniline v\u00e4etis varustab taimi toitainetega kuni 3 kuu jooksul ning juurdumisaktivaator aitab maasikataimedel ja marjap\u00f5\u00f5saste istikutel kiiremini ja kergemini juurduda. [&hellip;]\" \/>\n<meta property=\"og:url\" content=\"https:\/\/horticom.ee\/e-pood\/toode\/turbasubstraat-maasikate-ja-muude-marjapoosastele-40l-seklos\/\" \/>\n<meta property=\"og:site_name\" content=\"Horticom.ee\" \/>\n<meta property=\"article:publisher\" content=\"https:\/\/www.facebook.com\/horticom.ee\/e-pood\" \/>\n<meta property=\"article:modified_time\" content=\"2026-04-22T00:12:47+00:00\" \/>\n<meta property=\"og:image\" content=\"https:\/\/horticom.ee\/e-pood\/wp-content\/uploads\/importedmedia\/product_2599655_0_90396.jpg\" \/>\n\t<meta property=\"og:image:width\" content=\"1000\" \/>\n\t<meta property=\"og:image:height\" content=\"1033\" \/>\n\t<meta property=\"og:image:type\" content=\"image\/jpeg\" \/>\n<meta name=\"twitter:card\" content=\"summary_large_image\" \/>\n<script type=\"application\/ld+json\" class=\"yoast-schema-graph\">{\"@context\":\"https:\/\/schema.org\",\"@graph\":[{\"@type\":\"WebPage\",\"@id\":\"https:\/\/horticom.ee\/e-pood\/toode\/turbasubstraat-maasikate-ja-muude-marjapoosastele-40l-seklos\/\",\"url\":\"https:\/\/horticom.ee\/e-pood\/toode\/turbasubstraat-maasikate-ja-muude-marjapoosastele-40l-seklos\/\",\"name\":\"Turbasubstraat maasikate ja muude marjap\u00f5\u00f5sastele 40L Seklos - Horticom\",\"isPartOf\":{\"@id\":\"https:\/\/horticom.ee\/e-pood\/#website\"},\"primaryImageOfPage\":{\"@id\":\"https:\/\/horticom.ee\/e-pood\/toode\/turbasubstraat-maasikate-ja-muude-marjapoosastele-40l-seklos\/#primaryimage\"},\"image\":{\"@id\":\"https:\/\/horticom.ee\/e-pood\/toode\/turbasubstraat-maasikate-ja-muude-marjapoosastele-40l-seklos\/#primaryimage\"},\"thumbnailUrl\":\"https:\/\/horticom.ee\/e-pood\/wp-content\/uploads\/importedmedia\/product_2599655_0_90396.jpg\",\"datePublished\":\"2026-04-09T14:01:26+00:00\",\"dateModified\":\"2026-04-22T00:12:47+00:00\",\"breadcrumb\":{\"@id\":\"https:\/\/horticom.ee\/e-pood\/toode\/turbasubstraat-maasikate-ja-muude-marjapoosastele-40l-seklos\/#breadcrumb\"},\"inLanguage\":\"ru-RU\",\"potentialAction\":[{\"@type\":\"ReadAction\",\"target\":[\"https:\/\/horticom.ee\/e-pood\/toode\/turbasubstraat-maasikate-ja-muude-marjapoosastele-40l-seklos\/\"]}]},{\"@type\":\"ImageObject\",\"inLanguage\":\"ru-RU\",\"@id\":\"https:\/\/horticom.ee\/e-pood\/toode\/turbasubstraat-maasikate-ja-muude-marjapoosastele-40l-seklos\/#primaryimage\",\"url\":\"https:\/\/horticom.ee\/e-pood\/wp-content\/uploads\/importedmedia\/product_2599655_0_90396.jpg\",\"contentUrl\":\"https:\/\/horticom.ee\/e-pood\/wp-content\/uploads\/importedmedia\/product_2599655_0_90396.jpg\",\"width\":1000,\"height\":1033},{\"@type\":\"BreadcrumbList\",\"@id\":\"https:\/\/horticom.ee\/e-pood\/toode\/turbasubstraat-maasikate-ja-muude-marjapoosastele-40l-seklos\/#breadcrumb\",\"itemListElement\":[{\"@type\":\"ListItem\",\"position\":1,\"name\":\"Home\",\"item\":\"https:\/\/horticom.ee\/e-pood\/\"},{\"@type\":\"ListItem\",\"position\":2,\"name\":\"Pood\",\"item\":\"https:\/\/horticom.ee\/e-pood\/pood\/\"},{\"@type\":\"ListItem\",\"position\":3,\"name\":\"Turbasubstraat maasikate ja muude marjap\u00f5\u00f5sastele 40L Seklos\"}]},{\"@type\":\"WebSite\",\"@id\":\"https:\/\/horticom.ee\/e-pood\/#website\",\"url\":\"https:\/\/horticom.ee\/e-pood\/\",\"name\":\"Horticom.ee\",\"description\":\"Aianduskaubad ja kodukaubad nii harrastajatele kui professionaalidele\",\"potentialAction\":[{\"@type\":\"SearchAction\",\"target\":{\"@type\":\"EntryPoint\",\"urlTemplate\":\"https:\/\/horticom.ee\/e-pood\/?s={search_term_string}\"},\"query-input\":{\"@type\":\"PropertyValueSpecification\",\"valueRequired\":true,\"valueName\":\"search_term_string\"}}],\"inLanguage\":\"ru-RU\"}]}<\/script>\n<!-- \/ Yoast SEO plugin. -->","yoast_head_json":{"title":"Turbasubstraat maasikate ja muude marjap\u00f5\u00f5sastele 40L Seklos - Horticom","robots":{"index":"index","follow":"follow","max-snippet":"max-snippet:-1","max-image-preview":"max-image-preview:large","max-video-preview":"max-video-preview:-1"},"canonical":"https:\/\/horticom.ee\/e-pood\/toode\/turbasubstraat-maasikate-ja-muude-marjapoosastele-40l-seklos\/","og_locale":"ru_RU","og_type":"article","og_title":"Turbasubstraat maasikate ja muude marjap\u00f5\u00f5sastele 40L Seklos - Horticom","og_description":"Segu heledast ja tumedast turbast, millele on lisatud perliiti, pikaajalise toimega orgaanilisi v\u00e4etisi ja juurdumist soodustavat aktivaatorit. Sobib maasikate, metsmaasikate ja teiste marjap\u00f5\u00f5saste kasvatamiseks, \u00fcmberistutamiseks ja paljundamiseks, samuti aiamaa mulla t\u00e4iendamiseks ja mult\u0161imiseks. Turbasegus sisalduv orgaaniline v\u00e4etis varustab taimi toitainetega kuni 3 kuu jooksul ning juurdumisaktivaator aitab maasikataimedel ja marjap\u00f5\u00f5saste istikutel kiiremini ja kergemini juurduda. [&hellip;]","og_url":"https:\/\/horticom.ee\/e-pood\/toode\/turbasubstraat-maasikate-ja-muude-marjapoosastele-40l-seklos\/","og_site_name":"Horticom.ee","article_publisher":"https:\/\/www.facebook.com\/horticom.ee\/e-pood","article_modified_time":"2026-04-22T00:12:47+00:00","og_image":[{"width":1000,"height":1033,"url":"https:\/\/horticom.ee\/e-pood\/wp-content\/uploads\/importedmedia\/product_2599655_0_90396.jpg","type":"image\/jpeg"}],"twitter_card":"summary_large_image","schema":{"@context":"https:\/\/schema.org","@graph":[{"@type":"WebPage","@id":"https:\/\/horticom.ee\/e-pood\/toode\/turbasubstraat-maasikate-ja-muude-marjapoosastele-40l-seklos\/","url":"https:\/\/horticom.ee\/e-pood\/toode\/turbasubstraat-maasikate-ja-muude-marjapoosastele-40l-seklos\/","name":"Turbasubstraat maasikate ja muude marjap\u00f5\u00f5sastele 40L Seklos - Horticom","isPartOf":{"@id":"https:\/\/horticom.ee\/e-pood\/#website"},"primaryImageOfPage":{"@id":"https:\/\/horticom.ee\/e-pood\/toode\/turbasubstraat-maasikate-ja-muude-marjapoosastele-40l-seklos\/#primaryimage"},"image":{"@id":"https:\/\/horticom.ee\/e-pood\/toode\/turbasubstraat-maasikate-ja-muude-marjapoosastele-40l-seklos\/#primaryimage"},"thumbnailUrl":"https:\/\/horticom.ee\/e-pood\/wp-content\/uploads\/importedmedia\/product_2599655_0_90396.jpg","datePublished":"2026-04-09T14:01:26+00:00","dateModified":"2026-04-22T00:12:47+00:00","breadcrumb":{"@id":"https:\/\/horticom.ee\/e-pood\/toode\/turbasubstraat-maasikate-ja-muude-marjapoosastele-40l-seklos\/#breadcrumb"},"inLanguage":"ru-RU","potentialAction":[{"@type":"ReadAction","target":["https:\/\/horticom.ee\/e-pood\/toode\/turbasubstraat-maasikate-ja-muude-marjapoosastele-40l-seklos\/"]}]},{"@type":"ImageObject","inLanguage":"ru-RU","@id":"https:\/\/horticom.ee\/e-pood\/toode\/turbasubstraat-maasikate-ja-muude-marjapoosastele-40l-seklos\/#primaryimage","url":"https:\/\/horticom.ee\/e-pood\/wp-content\/uploads\/importedmedia\/product_2599655_0_90396.jpg","contentUrl":"https:\/\/horticom.ee\/e-pood\/wp-content\/uploads\/importedmedia\/product_2599655_0_90396.jpg","width":1000,"height":1033},{"@type":"BreadcrumbList","@id":"https:\/\/horticom.ee\/e-pood\/toode\/turbasubstraat-maasikate-ja-muude-marjapoosastele-40l-seklos\/#breadcrumb","itemListElement":[{"@type":"ListItem","position":1,"name":"Home","item":"https:\/\/horticom.ee\/e-pood\/"},{"@type":"ListItem","position":2,"name":"Pood","item":"https:\/\/horticom.ee\/e-pood\/pood\/"},{"@type":"ListItem","position":3,"name":"Turbasubstraat maasikate ja muude marjap\u00f5\u00f5sastele 40L Seklos"}]},{"@type":"WebSite","@id":"https:\/\/horticom.ee\/e-pood\/#website","url":"https:\/\/horticom.ee\/e-pood\/","name":"Horticom.ee","description":"Aianduskaubad ja kodukaubad nii harrastajatele kui professionaalidele","potentialAction":[{"@type":"SearchAction","target":{"@type":"EntryPoint","urlTemplate":"https:\/\/horticom.ee\/e-pood\/?s={search_term_string}"},"query-input":{"@type":"PropertyValueSpecification","valueRequired":true,"valueName":"search_term_string"}}],"inLanguage":"ru-RU"}]}},"_links":{"self":[{"href":"https:\/\/horticom.ee\/e-pood\/ru\/wp-json\/wp\/v2\/product\/2599655","targetHints":{"allow":["GET"]}}],"collection":[{"href":"https:\/\/horticom.ee\/e-pood\/ru\/wp-json\/wp\/v2\/product"}],"about":[{"href":"https:\/\/horticom.ee\/e-pood\/ru\/wp-json\/wp\/v2\/types\/product"}],"replies":[{"embeddable":true,"href":"https:\/\/horticom.ee\/e-pood\/ru\/wp-json\/wp\/v2\/comments?post=2599655"}],"wp:featuredmedia":[{"embeddable":true,"href":"https:\/\/horticom.ee\/e-pood\/ru\/wp-json\/wp\/v2\/media\/2599800"}],"wp:attachment":[{"href":"https:\/\/horticom.ee\/e-pood\/ru\/wp-json\/wp\/v2\/media?parent=2599655"}],"wp:term":[{"taxonomy":"product_cat","embeddable":true,"href":"https:\/\/horticom.ee\/e-pood\/ru\/wp-json\/wp\/v2\/product_cat?post=2599655"},{"taxonomy":"product_tag","embeddable":true,"href":"https:\/\/horticom.ee\/e-pood\/ru\/wp-json\/wp\/v2\/product_tag?post=2599655"}],"curies":[{"name":"wp","href":"https:\/\/api.w.org\/{rel}","templated":true}]}}