{"id":2599656,"date":"2026-04-09T17:01:26","date_gmt":"2026-04-09T14:01:26","guid":{"rendered":"https:\/\/horticom.ee\/e-pood\/toode\/universaalne-orgaaniline-kompost-perliidiga-12l-seklos\/"},"modified":"2026-04-22T03:12:47","modified_gmt":"2026-04-22T00:12:47","slug":"universaalne-orgaaniline-kompost-perliidiga-12l-seklos","status":"publish","type":"product","link":"https:\/\/horticom.ee\/e-pood\/ru\/toode\/universaalne-orgaaniline-kompost-perliidiga-12l-seklos\/","title":{"rendered":"Universaalne orgaaniline kompost perliidiga 12L Seklos"},"content":{"rendered":"<p>Segu turbast ja taimse p\u00e4ritoluga kompostist, millele on lisatud perliiti ja v\u00e4etisi. Sobib erinevate k\u00f6\u00f6givilja- ja lilleseemnete idanemiseks, taimede paljundamiseks ja ettekasvatamiseks, samuti k\u00f6\u00f6giviljade ja lillede istutamiseks ning \u00fcmberistutamiseks nii avamaal kui kasvuhoones. Sobib ka toataimede kasvatamiseks ja \u00fcmberistutamiseks ning aiamaa mulla parandamiseks ja mult\u0161imiseks. Kompostis sisalduvad makro- ja mikroelemendid imenduvad kergesti &#8211; taimed juurduvad ja kasvavad kiiremini, muutuvad tugevamaks ja viljakamaks ning lisav\u00e4etise vajadus kasvuperioodi jooksul v\u00e4heneb. Kompostis olev perliit seob niiskust ja parandab \u00f5hul\u00e4bilaskvust.<\/p>\n","protected":false},"excerpt":{"rendered":"<p>Segu turbast ja taimse p\u00e4ritoluga kompostist, millele on lisatud perliiti ja v\u00e4etisi. Sobib erinevate k\u00f6\u00f6givilja- ja lilleseemnete idanemiseks, taimede paljundamiseks ja ettekasvatamiseks, samuti k\u00f6\u00f6giviljade ja lillede istutamiseks ning \u00fcmberistutamiseks nii avamaal kui kasvuhoones. Sobib ka toataimede kasvatamiseks ja \u00fcmberistutamiseks ning aiamaa mulla parandamiseks ja mult\u0161imiseks. Kompostis sisalduvad makro- ja mikroelemendid imenduvad kergesti &#8211; taimed juurduvad [&hellip;]<\/p>\n","protected":false},"featured_media":2599796,"comment_status":"closed","ping_status":"closed","template":"","meta":{"_themeisle_gutenberg_block_has_review":false},"product_cat":[13575],"product_tag":[],"class_list":{"0":"post-2599656","1":"product","2":"type-product","3":"status-publish","4":"has-post-thumbnail","6":"product_cat-mullad-ja-turbad","8":"first","9":"instock","10":"shipping-taxable","11":"purchasable","12":"product-type-simple"},"yoast_head":"<!-- This site is optimized with the Yoast SEO plugin v24.0 - https:\/\/yoast.com\/wordpress\/plugins\/seo\/ -->\n<title>Universaalne orgaaniline kompost perliidiga 12L Seklos - Horticom<\/title>\n<meta name=\"robots\" content=\"index, follow, max-snippet:-1, max-image-preview:large, max-video-preview:-1\" \/>\n<link rel=\"canonical\" href=\"https:\/\/horticom.ee\/e-pood\/toode\/universaalne-orgaaniline-kompost-perliidiga-12l-seklos\/\" \/>\n<meta property=\"og:locale\" content=\"ru_RU\" \/>\n<meta property=\"og:type\" content=\"article\" \/>\n<meta property=\"og:title\" content=\"Universaalne orgaaniline kompost perliidiga 12L Seklos - Horticom\" \/>\n<meta property=\"og:description\" content=\"Segu turbast ja taimse p\u00e4ritoluga kompostist, millele on lisatud perliiti ja v\u00e4etisi. Sobib erinevate k\u00f6\u00f6givilja- ja lilleseemnete idanemiseks, taimede paljundamiseks ja ettekasvatamiseks, samuti k\u00f6\u00f6giviljade ja lillede istutamiseks ning \u00fcmberistutamiseks nii avamaal kui kasvuhoones. Sobib ka toataimede kasvatamiseks ja \u00fcmberistutamiseks ning aiamaa mulla parandamiseks ja mult\u0161imiseks. Kompostis sisalduvad makro- ja mikroelemendid imenduvad kergesti &#8211; taimed juurduvad [&hellip;]\" \/>\n<meta property=\"og:url\" content=\"https:\/\/horticom.ee\/e-pood\/toode\/universaalne-orgaaniline-kompost-perliidiga-12l-seklos\/\" \/>\n<meta property=\"og:site_name\" content=\"Horticom.ee\" \/>\n<meta property=\"article:publisher\" content=\"https:\/\/www.facebook.com\/horticom.ee\/e-pood\" \/>\n<meta property=\"article:modified_time\" content=\"2026-04-22T00:12:47+00:00\" \/>\n<meta property=\"og:image\" content=\"https:\/\/horticom.ee\/e-pood\/wp-content\/uploads\/importedmedia\/product_2599656_0_90397.jpg\" \/>\n\t<meta property=\"og:image:width\" content=\"999\" \/>\n\t<meta property=\"og:image:height\" content=\"945\" \/>\n\t<meta property=\"og:image:type\" content=\"image\/jpeg\" \/>\n<meta name=\"twitter:card\" content=\"summary_large_image\" \/>\n<script type=\"application\/ld+json\" class=\"yoast-schema-graph\">{\"@context\":\"https:\/\/schema.org\",\"@graph\":[{\"@type\":\"WebPage\",\"@id\":\"https:\/\/horticom.ee\/e-pood\/toode\/universaalne-orgaaniline-kompost-perliidiga-12l-seklos\/\",\"url\":\"https:\/\/horticom.ee\/e-pood\/toode\/universaalne-orgaaniline-kompost-perliidiga-12l-seklos\/\",\"name\":\"Universaalne orgaaniline kompost perliidiga 12L Seklos - Horticom\",\"isPartOf\":{\"@id\":\"https:\/\/horticom.ee\/e-pood\/#website\"},\"primaryImageOfPage\":{\"@id\":\"https:\/\/horticom.ee\/e-pood\/toode\/universaalne-orgaaniline-kompost-perliidiga-12l-seklos\/#primaryimage\"},\"image\":{\"@id\":\"https:\/\/horticom.ee\/e-pood\/toode\/universaalne-orgaaniline-kompost-perliidiga-12l-seklos\/#primaryimage\"},\"thumbnailUrl\":\"https:\/\/horticom.ee\/e-pood\/wp-content\/uploads\/importedmedia\/product_2599656_0_90397.jpg\",\"datePublished\":\"2026-04-09T14:01:26+00:00\",\"dateModified\":\"2026-04-22T00:12:47+00:00\",\"breadcrumb\":{\"@id\":\"https:\/\/horticom.ee\/e-pood\/toode\/universaalne-orgaaniline-kompost-perliidiga-12l-seklos\/#breadcrumb\"},\"inLanguage\":\"ru-RU\",\"potentialAction\":[{\"@type\":\"ReadAction\",\"target\":[\"https:\/\/horticom.ee\/e-pood\/toode\/universaalne-orgaaniline-kompost-perliidiga-12l-seklos\/\"]}]},{\"@type\":\"ImageObject\",\"inLanguage\":\"ru-RU\",\"@id\":\"https:\/\/horticom.ee\/e-pood\/toode\/universaalne-orgaaniline-kompost-perliidiga-12l-seklos\/#primaryimage\",\"url\":\"https:\/\/horticom.ee\/e-pood\/wp-content\/uploads\/importedmedia\/product_2599656_0_90397.jpg\",\"contentUrl\":\"https:\/\/horticom.ee\/e-pood\/wp-content\/uploads\/importedmedia\/product_2599656_0_90397.jpg\",\"width\":999,\"height\":945},{\"@type\":\"BreadcrumbList\",\"@id\":\"https:\/\/horticom.ee\/e-pood\/toode\/universaalne-orgaaniline-kompost-perliidiga-12l-seklos\/#breadcrumb\",\"itemListElement\":[{\"@type\":\"ListItem\",\"position\":1,\"name\":\"Home\",\"item\":\"https:\/\/horticom.ee\/e-pood\/\"},{\"@type\":\"ListItem\",\"position\":2,\"name\":\"Pood\",\"item\":\"https:\/\/horticom.ee\/e-pood\/pood\/\"},{\"@type\":\"ListItem\",\"position\":3,\"name\":\"Universaalne orgaaniline kompost perliidiga 12L Seklos\"}]},{\"@type\":\"WebSite\",\"@id\":\"https:\/\/horticom.ee\/e-pood\/#website\",\"url\":\"https:\/\/horticom.ee\/e-pood\/\",\"name\":\"Horticom.ee\",\"description\":\"Aianduskaubad ja kodukaubad nii harrastajatele kui professionaalidele\",\"potentialAction\":[{\"@type\":\"SearchAction\",\"target\":{\"@type\":\"EntryPoint\",\"urlTemplate\":\"https:\/\/horticom.ee\/e-pood\/?s={search_term_string}\"},\"query-input\":{\"@type\":\"PropertyValueSpecification\",\"valueRequired\":true,\"valueName\":\"search_term_string\"}}],\"inLanguage\":\"ru-RU\"}]}<\/script>\n<!-- \/ Yoast SEO plugin. -->","yoast_head_json":{"title":"Universaalne orgaaniline kompost perliidiga 12L Seklos - Horticom","robots":{"index":"index","follow":"follow","max-snippet":"max-snippet:-1","max-image-preview":"max-image-preview:large","max-video-preview":"max-video-preview:-1"},"canonical":"https:\/\/horticom.ee\/e-pood\/toode\/universaalne-orgaaniline-kompost-perliidiga-12l-seklos\/","og_locale":"ru_RU","og_type":"article","og_title":"Universaalne orgaaniline kompost perliidiga 12L Seklos - Horticom","og_description":"Segu turbast ja taimse p\u00e4ritoluga kompostist, millele on lisatud perliiti ja v\u00e4etisi. Sobib erinevate k\u00f6\u00f6givilja- ja lilleseemnete idanemiseks, taimede paljundamiseks ja ettekasvatamiseks, samuti k\u00f6\u00f6giviljade ja lillede istutamiseks ning \u00fcmberistutamiseks nii avamaal kui kasvuhoones. Sobib ka toataimede kasvatamiseks ja \u00fcmberistutamiseks ning aiamaa mulla parandamiseks ja mult\u0161imiseks. Kompostis sisalduvad makro- ja mikroelemendid imenduvad kergesti &#8211; taimed juurduvad [&hellip;]","og_url":"https:\/\/horticom.ee\/e-pood\/toode\/universaalne-orgaaniline-kompost-perliidiga-12l-seklos\/","og_site_name":"Horticom.ee","article_publisher":"https:\/\/www.facebook.com\/horticom.ee\/e-pood","article_modified_time":"2026-04-22T00:12:47+00:00","og_image":[{"width":999,"height":945,"url":"https:\/\/horticom.ee\/e-pood\/wp-content\/uploads\/importedmedia\/product_2599656_0_90397.jpg","type":"image\/jpeg"}],"twitter_card":"summary_large_image","schema":{"@context":"https:\/\/schema.org","@graph":[{"@type":"WebPage","@id":"https:\/\/horticom.ee\/e-pood\/toode\/universaalne-orgaaniline-kompost-perliidiga-12l-seklos\/","url":"https:\/\/horticom.ee\/e-pood\/toode\/universaalne-orgaaniline-kompost-perliidiga-12l-seklos\/","name":"Universaalne orgaaniline kompost perliidiga 12L Seklos - Horticom","isPartOf":{"@id":"https:\/\/horticom.ee\/e-pood\/#website"},"primaryImageOfPage":{"@id":"https:\/\/horticom.ee\/e-pood\/toode\/universaalne-orgaaniline-kompost-perliidiga-12l-seklos\/#primaryimage"},"image":{"@id":"https:\/\/horticom.ee\/e-pood\/toode\/universaalne-orgaaniline-kompost-perliidiga-12l-seklos\/#primaryimage"},"thumbnailUrl":"https:\/\/horticom.ee\/e-pood\/wp-content\/uploads\/importedmedia\/product_2599656_0_90397.jpg","datePublished":"2026-04-09T14:01:26+00:00","dateModified":"2026-04-22T00:12:47+00:00","breadcrumb":{"@id":"https:\/\/horticom.ee\/e-pood\/toode\/universaalne-orgaaniline-kompost-perliidiga-12l-seklos\/#breadcrumb"},"inLanguage":"ru-RU","potentialAction":[{"@type":"ReadAction","target":["https:\/\/horticom.ee\/e-pood\/toode\/universaalne-orgaaniline-kompost-perliidiga-12l-seklos\/"]}]},{"@type":"ImageObject","inLanguage":"ru-RU","@id":"https:\/\/horticom.ee\/e-pood\/toode\/universaalne-orgaaniline-kompost-perliidiga-12l-seklos\/#primaryimage","url":"https:\/\/horticom.ee\/e-pood\/wp-content\/uploads\/importedmedia\/product_2599656_0_90397.jpg","contentUrl":"https:\/\/horticom.ee\/e-pood\/wp-content\/uploads\/importedmedia\/product_2599656_0_90397.jpg","width":999,"height":945},{"@type":"BreadcrumbList","@id":"https:\/\/horticom.ee\/e-pood\/toode\/universaalne-orgaaniline-kompost-perliidiga-12l-seklos\/#breadcrumb","itemListElement":[{"@type":"ListItem","position":1,"name":"Home","item":"https:\/\/horticom.ee\/e-pood\/"},{"@type":"ListItem","position":2,"name":"Pood","item":"https:\/\/horticom.ee\/e-pood\/pood\/"},{"@type":"ListItem","position":3,"name":"Universaalne orgaaniline kompost perliidiga 12L Seklos"}]},{"@type":"WebSite","@id":"https:\/\/horticom.ee\/e-pood\/#website","url":"https:\/\/horticom.ee\/e-pood\/","name":"Horticom.ee","description":"Aianduskaubad ja kodukaubad nii harrastajatele kui professionaalidele","potentialAction":[{"@type":"SearchAction","target":{"@type":"EntryPoint","urlTemplate":"https:\/\/horticom.ee\/e-pood\/?s={search_term_string}"},"query-input":{"@type":"PropertyValueSpecification","valueRequired":true,"valueName":"search_term_string"}}],"inLanguage":"ru-RU"}]}},"_links":{"self":[{"href":"https:\/\/horticom.ee\/e-pood\/ru\/wp-json\/wp\/v2\/product\/2599656","targetHints":{"allow":["GET"]}}],"collection":[{"href":"https:\/\/horticom.ee\/e-pood\/ru\/wp-json\/wp\/v2\/product"}],"about":[{"href":"https:\/\/horticom.ee\/e-pood\/ru\/wp-json\/wp\/v2\/types\/product"}],"replies":[{"embeddable":true,"href":"https:\/\/horticom.ee\/e-pood\/ru\/wp-json\/wp\/v2\/comments?post=2599656"}],"wp:featuredmedia":[{"embeddable":true,"href":"https:\/\/horticom.ee\/e-pood\/ru\/wp-json\/wp\/v2\/media\/2599796"}],"wp:attachment":[{"href":"https:\/\/horticom.ee\/e-pood\/ru\/wp-json\/wp\/v2\/media?parent=2599656"}],"wp:term":[{"taxonomy":"product_cat","embeddable":true,"href":"https:\/\/horticom.ee\/e-pood\/ru\/wp-json\/wp\/v2\/product_cat?post=2599656"},{"taxonomy":"product_tag","embeddable":true,"href":"https:\/\/horticom.ee\/e-pood\/ru\/wp-json\/wp\/v2\/product_tag?post=2599656"}],"curies":[{"name":"wp","href":"https:\/\/api.w.org\/{rel}","templated":true}]}}