{"id":2599669,"date":"2026-04-09T17:01:28","date_gmt":"2026-04-09T14:01:28","guid":{"rendered":"https:\/\/horticom.ee\/e-pood\/toode\/till-common\/"},"modified":"2026-04-19T03:13:03","modified_gmt":"2026-04-19T00:13:03","slug":"till-common","status":"publish","type":"product","link":"https:\/\/horticom.ee\/e-pood\/ru\/toode\/till-common\/","title":{"rendered":"Till Common"},"content":{"rendered":"<p>Keskmiselt varajane, viljakas sort. On kergesti kasvatatav, talub varjulist kasvukohta. Toiduks travitatakse v\u00e4rskeid  ja kuivatatud lehti, \u00f5isikuid, varsi. Sobib k\u00fclmutamiseks ja konserveerimiseks. Tilli v\u00f5ib k\u00fclvata iga 10 p\u00e4eva m\u00f6\u00f6dumisel, nii  j\u00e4tkub v\u00e4rsket tilli kogu suveks.<\/p>\n","protected":false},"excerpt":{"rendered":"<p>Keskmiselt varajane, viljakas sort. On kergesti kasvatatav, talub varjulist kasvukohta. Toiduks travitatakse v\u00e4rskeid ja kuivatatud lehti, \u00f5isikuid, varsi. Sobib k\u00fclmutamiseks ja konserveerimiseks. Tilli v\u00f5ib k\u00fclvata iga 10 p\u00e4eva m\u00f6\u00f6dumisel, nii j\u00e4tkub v\u00e4rsket tilli kogu suveks.<\/p>\n","protected":false},"featured_media":2599772,"comment_status":"closed","ping_status":"closed","template":"","meta":{"_themeisle_gutenberg_block_has_review":false},"product_cat":[13490],"product_tag":[],"class_list":{"0":"post-2599669","1":"product","2":"type-product","3":"status-publish","4":"has-post-thumbnail","6":"product_cat-maitsetaimede-seemned","8":"first","9":"instock","10":"shipping-taxable","11":"purchasable","12":"product-type-simple"},"yoast_head":"<!-- This site is optimized with the Yoast SEO plugin v24.0 - https:\/\/yoast.com\/wordpress\/plugins\/seo\/ -->\n<title>Till Common - Horticom<\/title>\n<meta name=\"robots\" content=\"index, follow, max-snippet:-1, max-image-preview:large, max-video-preview:-1\" \/>\n<link rel=\"canonical\" href=\"https:\/\/horticom.ee\/e-pood\/toode\/till-common\/\" \/>\n<meta property=\"og:locale\" content=\"ru_RU\" \/>\n<meta property=\"og:type\" content=\"article\" \/>\n<meta property=\"og:title\" content=\"Till Common - Horticom\" \/>\n<meta property=\"og:description\" content=\"Keskmiselt varajane, viljakas sort. On kergesti kasvatatav, talub varjulist kasvukohta. Toiduks travitatakse v\u00e4rskeid ja kuivatatud lehti, \u00f5isikuid, varsi. Sobib k\u00fclmutamiseks ja konserveerimiseks. Tilli v\u00f5ib k\u00fclvata iga 10 p\u00e4eva m\u00f6\u00f6dumisel, nii j\u00e4tkub v\u00e4rsket tilli kogu suveks.\" \/>\n<meta property=\"og:url\" content=\"https:\/\/horticom.ee\/e-pood\/toode\/till-common\/\" \/>\n<meta property=\"og:site_name\" content=\"Horticom.ee\" \/>\n<meta property=\"article:publisher\" content=\"https:\/\/www.facebook.com\/horticom.ee\/e-pood\" \/>\n<meta property=\"article:modified_time\" content=\"2026-04-19T00:13:03+00:00\" \/>\n<meta property=\"og:image\" content=\"https:\/\/horticom.ee\/e-pood\/wp-content\/uploads\/importedmedia\/product_2599669_0_UG012.jpg\" \/>\n\t<meta property=\"og:image:width\" content=\"999\" \/>\n\t<meta property=\"og:image:height\" content=\"1771\" \/>\n\t<meta property=\"og:image:type\" content=\"image\/jpeg\" \/>\n<meta name=\"twitter:card\" content=\"summary_large_image\" \/>\n<script type=\"application\/ld+json\" class=\"yoast-schema-graph\">{\"@context\":\"https:\/\/schema.org\",\"@graph\":[{\"@type\":\"WebPage\",\"@id\":\"https:\/\/horticom.ee\/e-pood\/toode\/till-common\/\",\"url\":\"https:\/\/horticom.ee\/e-pood\/toode\/till-common\/\",\"name\":\"Till Common - Horticom\",\"isPartOf\":{\"@id\":\"https:\/\/horticom.ee\/e-pood\/#website\"},\"primaryImageOfPage\":{\"@id\":\"https:\/\/horticom.ee\/e-pood\/toode\/till-common\/#primaryimage\"},\"image\":{\"@id\":\"https:\/\/horticom.ee\/e-pood\/toode\/till-common\/#primaryimage\"},\"thumbnailUrl\":\"https:\/\/horticom.ee\/e-pood\/wp-content\/uploads\/importedmedia\/product_2599669_0_UG012.jpg\",\"datePublished\":\"2026-04-09T14:01:28+00:00\",\"dateModified\":\"2026-04-19T00:13:03+00:00\",\"breadcrumb\":{\"@id\":\"https:\/\/horticom.ee\/e-pood\/toode\/till-common\/#breadcrumb\"},\"inLanguage\":\"ru-RU\",\"potentialAction\":[{\"@type\":\"ReadAction\",\"target\":[\"https:\/\/horticom.ee\/e-pood\/toode\/till-common\/\"]}]},{\"@type\":\"ImageObject\",\"inLanguage\":\"ru-RU\",\"@id\":\"https:\/\/horticom.ee\/e-pood\/toode\/till-common\/#primaryimage\",\"url\":\"https:\/\/horticom.ee\/e-pood\/wp-content\/uploads\/importedmedia\/product_2599669_0_UG012.jpg\",\"contentUrl\":\"https:\/\/horticom.ee\/e-pood\/wp-content\/uploads\/importedmedia\/product_2599669_0_UG012.jpg\",\"width\":999,\"height\":1771},{\"@type\":\"BreadcrumbList\",\"@id\":\"https:\/\/horticom.ee\/e-pood\/toode\/till-common\/#breadcrumb\",\"itemListElement\":[{\"@type\":\"ListItem\",\"position\":1,\"name\":\"Home\",\"item\":\"https:\/\/horticom.ee\/e-pood\/\"},{\"@type\":\"ListItem\",\"position\":2,\"name\":\"Pood\",\"item\":\"https:\/\/horticom.ee\/e-pood\/pood\/\"},{\"@type\":\"ListItem\",\"position\":3,\"name\":\"Till Common\"}]},{\"@type\":\"WebSite\",\"@id\":\"https:\/\/horticom.ee\/e-pood\/#website\",\"url\":\"https:\/\/horticom.ee\/e-pood\/\",\"name\":\"Horticom.ee\",\"description\":\"Aianduskaubad ja kodukaubad nii harrastajatele kui professionaalidele\",\"potentialAction\":[{\"@type\":\"SearchAction\",\"target\":{\"@type\":\"EntryPoint\",\"urlTemplate\":\"https:\/\/horticom.ee\/e-pood\/?s={search_term_string}\"},\"query-input\":{\"@type\":\"PropertyValueSpecification\",\"valueRequired\":true,\"valueName\":\"search_term_string\"}}],\"inLanguage\":\"ru-RU\"}]}<\/script>\n<!-- \/ Yoast SEO plugin. -->","yoast_head_json":{"title":"Till Common - Horticom","robots":{"index":"index","follow":"follow","max-snippet":"max-snippet:-1","max-image-preview":"max-image-preview:large","max-video-preview":"max-video-preview:-1"},"canonical":"https:\/\/horticom.ee\/e-pood\/toode\/till-common\/","og_locale":"ru_RU","og_type":"article","og_title":"Till Common - Horticom","og_description":"Keskmiselt varajane, viljakas sort. On kergesti kasvatatav, talub varjulist kasvukohta. Toiduks travitatakse v\u00e4rskeid ja kuivatatud lehti, \u00f5isikuid, varsi. Sobib k\u00fclmutamiseks ja konserveerimiseks. Tilli v\u00f5ib k\u00fclvata iga 10 p\u00e4eva m\u00f6\u00f6dumisel, nii j\u00e4tkub v\u00e4rsket tilli kogu suveks.","og_url":"https:\/\/horticom.ee\/e-pood\/toode\/till-common\/","og_site_name":"Horticom.ee","article_publisher":"https:\/\/www.facebook.com\/horticom.ee\/e-pood","article_modified_time":"2026-04-19T00:13:03+00:00","og_image":[{"width":999,"height":1771,"url":"https:\/\/horticom.ee\/e-pood\/wp-content\/uploads\/importedmedia\/product_2599669_0_UG012.jpg","type":"image\/jpeg"}],"twitter_card":"summary_large_image","schema":{"@context":"https:\/\/schema.org","@graph":[{"@type":"WebPage","@id":"https:\/\/horticom.ee\/e-pood\/toode\/till-common\/","url":"https:\/\/horticom.ee\/e-pood\/toode\/till-common\/","name":"Till Common - Horticom","isPartOf":{"@id":"https:\/\/horticom.ee\/e-pood\/#website"},"primaryImageOfPage":{"@id":"https:\/\/horticom.ee\/e-pood\/toode\/till-common\/#primaryimage"},"image":{"@id":"https:\/\/horticom.ee\/e-pood\/toode\/till-common\/#primaryimage"},"thumbnailUrl":"https:\/\/horticom.ee\/e-pood\/wp-content\/uploads\/importedmedia\/product_2599669_0_UG012.jpg","datePublished":"2026-04-09T14:01:28+00:00","dateModified":"2026-04-19T00:13:03+00:00","breadcrumb":{"@id":"https:\/\/horticom.ee\/e-pood\/toode\/till-common\/#breadcrumb"},"inLanguage":"ru-RU","potentialAction":[{"@type":"ReadAction","target":["https:\/\/horticom.ee\/e-pood\/toode\/till-common\/"]}]},{"@type":"ImageObject","inLanguage":"ru-RU","@id":"https:\/\/horticom.ee\/e-pood\/toode\/till-common\/#primaryimage","url":"https:\/\/horticom.ee\/e-pood\/wp-content\/uploads\/importedmedia\/product_2599669_0_UG012.jpg","contentUrl":"https:\/\/horticom.ee\/e-pood\/wp-content\/uploads\/importedmedia\/product_2599669_0_UG012.jpg","width":999,"height":1771},{"@type":"BreadcrumbList","@id":"https:\/\/horticom.ee\/e-pood\/toode\/till-common\/#breadcrumb","itemListElement":[{"@type":"ListItem","position":1,"name":"Home","item":"https:\/\/horticom.ee\/e-pood\/"},{"@type":"ListItem","position":2,"name":"Pood","item":"https:\/\/horticom.ee\/e-pood\/pood\/"},{"@type":"ListItem","position":3,"name":"Till Common"}]},{"@type":"WebSite","@id":"https:\/\/horticom.ee\/e-pood\/#website","url":"https:\/\/horticom.ee\/e-pood\/","name":"Horticom.ee","description":"Aianduskaubad ja kodukaubad nii harrastajatele kui professionaalidele","potentialAction":[{"@type":"SearchAction","target":{"@type":"EntryPoint","urlTemplate":"https:\/\/horticom.ee\/e-pood\/?s={search_term_string}"},"query-input":{"@type":"PropertyValueSpecification","valueRequired":true,"valueName":"search_term_string"}}],"inLanguage":"ru-RU"}]}},"_links":{"self":[{"href":"https:\/\/horticom.ee\/e-pood\/ru\/wp-json\/wp\/v2\/product\/2599669","targetHints":{"allow":["GET"]}}],"collection":[{"href":"https:\/\/horticom.ee\/e-pood\/ru\/wp-json\/wp\/v2\/product"}],"about":[{"href":"https:\/\/horticom.ee\/e-pood\/ru\/wp-json\/wp\/v2\/types\/product"}],"replies":[{"embeddable":true,"href":"https:\/\/horticom.ee\/e-pood\/ru\/wp-json\/wp\/v2\/comments?post=2599669"}],"wp:featuredmedia":[{"embeddable":true,"href":"https:\/\/horticom.ee\/e-pood\/ru\/wp-json\/wp\/v2\/media\/2599772"}],"wp:attachment":[{"href":"https:\/\/horticom.ee\/e-pood\/ru\/wp-json\/wp\/v2\/media?parent=2599669"}],"wp:term":[{"taxonomy":"product_cat","embeddable":true,"href":"https:\/\/horticom.ee\/e-pood\/ru\/wp-json\/wp\/v2\/product_cat?post=2599669"},{"taxonomy":"product_tag","embeddable":true,"href":"https:\/\/horticom.ee\/e-pood\/ru\/wp-json\/wp\/v2\/product_tag?post=2599669"}],"curies":[{"name":"wp","href":"https:\/\/api.w.org\/{rel}","templated":true}]}}