{"id":2599676,"date":"2026-04-09T17:01:30","date_gmt":"2026-04-09T14:01:30","guid":{"rendered":"https:\/\/horticom.ee\/e-pood\/toode\/tsilli-pipar-birds-eye\/"},"modified":"2026-04-22T13:01:20","modified_gmt":"2026-04-22T10:01:20","slug":"tsilli-pipar-birds-eye","status":"publish","type":"product","link":"https:\/\/horticom.ee\/e-pood\/ru\/toode\/tsilli-pipar-birds-eye\/","title":{"rendered":"T\u0161illi pipar Birds Eye"},"content":{"rendered":"<p>Taim on kompaktne ja seda saab kasvatada lillepotis. Viljad on v\u00e4ikesed, aga v\u00e4ga kibedad (teravamaitselised), 2\u20133 cm pikad, \u00fchelt taimelt saab 100 v\u00f5i enam vilja. Paprika sobib v\u00e4rskelt tarbimiseks, salsade valmistamiseks ning seda saab ka kuivatada v\u00f5i konserveerida.<\/p>\n","protected":false},"excerpt":{"rendered":"<p>Taim on kompaktne ja seda saab kasvatada lillepotis. Viljad on v\u00e4ikesed, aga v\u00e4ga kibedad (teravamaitselised), 2\u20133 cm pikad, \u00fchelt taimelt saab 100 v\u00f5i enam vilja. Paprika sobib v\u00e4rskelt tarbimiseks, salsade valmistamiseks ning seda saab ka kuivatada v\u00f5i konserveerida.<\/p>\n","protected":false},"featured_media":2599750,"comment_status":"closed","ping_status":"closed","template":"","meta":{"_themeisle_gutenberg_block_has_review":false},"product_cat":[13489],"product_tag":[],"class_list":{"0":"post-2599676","1":"product","2":"type-product","3":"status-publish","4":"has-post-thumbnail","6":"product_cat-paprika-kibepipar","8":"first","9":"instock","10":"shipping-taxable","11":"purchasable","12":"product-type-simple"},"yoast_head":"<!-- This site is optimized with the Yoast SEO plugin v24.0 - https:\/\/yoast.com\/wordpress\/plugins\/seo\/ -->\n<title>T\u0161illi pipar Birds Eye - Horticom<\/title>\n<meta name=\"robots\" content=\"index, follow, max-snippet:-1, max-image-preview:large, max-video-preview:-1\" \/>\n<link rel=\"canonical\" href=\"https:\/\/horticom.ee\/e-pood\/toode\/tsilli-pipar-birds-eye\/\" \/>\n<meta property=\"og:locale\" content=\"ru_RU\" \/>\n<meta property=\"og:type\" content=\"article\" \/>\n<meta property=\"og:title\" content=\"T\u0161illi pipar Birds Eye - Horticom\" \/>\n<meta property=\"og:description\" content=\"Taim on kompaktne ja seda saab kasvatada lillepotis. Viljad on v\u00e4ikesed, aga v\u00e4ga kibedad (teravamaitselised), 2\u20133 cm pikad, \u00fchelt taimelt saab 100 v\u00f5i enam vilja. Paprika sobib v\u00e4rskelt tarbimiseks, salsade valmistamiseks ning seda saab ka kuivatada v\u00f5i konserveerida.\" \/>\n<meta property=\"og:url\" content=\"https:\/\/horticom.ee\/e-pood\/toode\/tsilli-pipar-birds-eye\/\" \/>\n<meta property=\"og:site_name\" content=\"Horticom.ee\" \/>\n<meta property=\"article:publisher\" content=\"https:\/\/www.facebook.com\/horticom.ee\/e-pood\" \/>\n<meta property=\"article:modified_time\" content=\"2026-04-22T10:01:20+00:00\" \/>\n<meta property=\"og:image\" content=\"https:\/\/horticom.ee\/e-pood\/wp-content\/uploads\/importedmedia\/product_2599676_0_UG019.jpg\" \/>\n\t<meta property=\"og:image:width\" content=\"999\" \/>\n\t<meta property=\"og:image:height\" content=\"1771\" \/>\n\t<meta property=\"og:image:type\" content=\"image\/jpeg\" \/>\n<meta name=\"twitter:card\" content=\"summary_large_image\" \/>\n<script type=\"application\/ld+json\" class=\"yoast-schema-graph\">{\"@context\":\"https:\/\/schema.org\",\"@graph\":[{\"@type\":\"WebPage\",\"@id\":\"https:\/\/horticom.ee\/e-pood\/toode\/tsilli-pipar-birds-eye\/\",\"url\":\"https:\/\/horticom.ee\/e-pood\/toode\/tsilli-pipar-birds-eye\/\",\"name\":\"T\u0161illi pipar Birds Eye - Horticom\",\"isPartOf\":{\"@id\":\"https:\/\/horticom.ee\/e-pood\/#website\"},\"primaryImageOfPage\":{\"@id\":\"https:\/\/horticom.ee\/e-pood\/toode\/tsilli-pipar-birds-eye\/#primaryimage\"},\"image\":{\"@id\":\"https:\/\/horticom.ee\/e-pood\/toode\/tsilli-pipar-birds-eye\/#primaryimage\"},\"thumbnailUrl\":\"https:\/\/horticom.ee\/e-pood\/wp-content\/uploads\/importedmedia\/product_2599676_0_UG019.jpg\",\"datePublished\":\"2026-04-09T14:01:30+00:00\",\"dateModified\":\"2026-04-22T10:01:20+00:00\",\"breadcrumb\":{\"@id\":\"https:\/\/horticom.ee\/e-pood\/toode\/tsilli-pipar-birds-eye\/#breadcrumb\"},\"inLanguage\":\"ru-RU\",\"potentialAction\":[{\"@type\":\"ReadAction\",\"target\":[\"https:\/\/horticom.ee\/e-pood\/toode\/tsilli-pipar-birds-eye\/\"]}]},{\"@type\":\"ImageObject\",\"inLanguage\":\"ru-RU\",\"@id\":\"https:\/\/horticom.ee\/e-pood\/toode\/tsilli-pipar-birds-eye\/#primaryimage\",\"url\":\"https:\/\/horticom.ee\/e-pood\/wp-content\/uploads\/importedmedia\/product_2599676_0_UG019.jpg\",\"contentUrl\":\"https:\/\/horticom.ee\/e-pood\/wp-content\/uploads\/importedmedia\/product_2599676_0_UG019.jpg\",\"width\":999,\"height\":1771},{\"@type\":\"BreadcrumbList\",\"@id\":\"https:\/\/horticom.ee\/e-pood\/toode\/tsilli-pipar-birds-eye\/#breadcrumb\",\"itemListElement\":[{\"@type\":\"ListItem\",\"position\":1,\"name\":\"Home\",\"item\":\"https:\/\/horticom.ee\/e-pood\/\"},{\"@type\":\"ListItem\",\"position\":2,\"name\":\"Pood\",\"item\":\"https:\/\/horticom.ee\/e-pood\/pood\/\"},{\"@type\":\"ListItem\",\"position\":3,\"name\":\"T\u0161illi pipar Birds Eye\"}]},{\"@type\":\"WebSite\",\"@id\":\"https:\/\/horticom.ee\/e-pood\/#website\",\"url\":\"https:\/\/horticom.ee\/e-pood\/\",\"name\":\"Horticom.ee\",\"description\":\"Aianduskaubad ja kodukaubad nii harrastajatele kui professionaalidele\",\"potentialAction\":[{\"@type\":\"SearchAction\",\"target\":{\"@type\":\"EntryPoint\",\"urlTemplate\":\"https:\/\/horticom.ee\/e-pood\/?s={search_term_string}\"},\"query-input\":{\"@type\":\"PropertyValueSpecification\",\"valueRequired\":true,\"valueName\":\"search_term_string\"}}],\"inLanguage\":\"ru-RU\"}]}<\/script>\n<!-- \/ Yoast SEO plugin. -->","yoast_head_json":{"title":"T\u0161illi pipar Birds Eye - Horticom","robots":{"index":"index","follow":"follow","max-snippet":"max-snippet:-1","max-image-preview":"max-image-preview:large","max-video-preview":"max-video-preview:-1"},"canonical":"https:\/\/horticom.ee\/e-pood\/toode\/tsilli-pipar-birds-eye\/","og_locale":"ru_RU","og_type":"article","og_title":"T\u0161illi pipar Birds Eye - Horticom","og_description":"Taim on kompaktne ja seda saab kasvatada lillepotis. Viljad on v\u00e4ikesed, aga v\u00e4ga kibedad (teravamaitselised), 2\u20133 cm pikad, \u00fchelt taimelt saab 100 v\u00f5i enam vilja. Paprika sobib v\u00e4rskelt tarbimiseks, salsade valmistamiseks ning seda saab ka kuivatada v\u00f5i konserveerida.","og_url":"https:\/\/horticom.ee\/e-pood\/toode\/tsilli-pipar-birds-eye\/","og_site_name":"Horticom.ee","article_publisher":"https:\/\/www.facebook.com\/horticom.ee\/e-pood","article_modified_time":"2026-04-22T10:01:20+00:00","og_image":[{"width":999,"height":1771,"url":"https:\/\/horticom.ee\/e-pood\/wp-content\/uploads\/importedmedia\/product_2599676_0_UG019.jpg","type":"image\/jpeg"}],"twitter_card":"summary_large_image","schema":{"@context":"https:\/\/schema.org","@graph":[{"@type":"WebPage","@id":"https:\/\/horticom.ee\/e-pood\/toode\/tsilli-pipar-birds-eye\/","url":"https:\/\/horticom.ee\/e-pood\/toode\/tsilli-pipar-birds-eye\/","name":"T\u0161illi pipar Birds Eye - Horticom","isPartOf":{"@id":"https:\/\/horticom.ee\/e-pood\/#website"},"primaryImageOfPage":{"@id":"https:\/\/horticom.ee\/e-pood\/toode\/tsilli-pipar-birds-eye\/#primaryimage"},"image":{"@id":"https:\/\/horticom.ee\/e-pood\/toode\/tsilli-pipar-birds-eye\/#primaryimage"},"thumbnailUrl":"https:\/\/horticom.ee\/e-pood\/wp-content\/uploads\/importedmedia\/product_2599676_0_UG019.jpg","datePublished":"2026-04-09T14:01:30+00:00","dateModified":"2026-04-22T10:01:20+00:00","breadcrumb":{"@id":"https:\/\/horticom.ee\/e-pood\/toode\/tsilli-pipar-birds-eye\/#breadcrumb"},"inLanguage":"ru-RU","potentialAction":[{"@type":"ReadAction","target":["https:\/\/horticom.ee\/e-pood\/toode\/tsilli-pipar-birds-eye\/"]}]},{"@type":"ImageObject","inLanguage":"ru-RU","@id":"https:\/\/horticom.ee\/e-pood\/toode\/tsilli-pipar-birds-eye\/#primaryimage","url":"https:\/\/horticom.ee\/e-pood\/wp-content\/uploads\/importedmedia\/product_2599676_0_UG019.jpg","contentUrl":"https:\/\/horticom.ee\/e-pood\/wp-content\/uploads\/importedmedia\/product_2599676_0_UG019.jpg","width":999,"height":1771},{"@type":"BreadcrumbList","@id":"https:\/\/horticom.ee\/e-pood\/toode\/tsilli-pipar-birds-eye\/#breadcrumb","itemListElement":[{"@type":"ListItem","position":1,"name":"Home","item":"https:\/\/horticom.ee\/e-pood\/"},{"@type":"ListItem","position":2,"name":"Pood","item":"https:\/\/horticom.ee\/e-pood\/pood\/"},{"@type":"ListItem","position":3,"name":"T\u0161illi pipar Birds Eye"}]},{"@type":"WebSite","@id":"https:\/\/horticom.ee\/e-pood\/#website","url":"https:\/\/horticom.ee\/e-pood\/","name":"Horticom.ee","description":"Aianduskaubad ja kodukaubad nii harrastajatele kui professionaalidele","potentialAction":[{"@type":"SearchAction","target":{"@type":"EntryPoint","urlTemplate":"https:\/\/horticom.ee\/e-pood\/?s={search_term_string}"},"query-input":{"@type":"PropertyValueSpecification","valueRequired":true,"valueName":"search_term_string"}}],"inLanguage":"ru-RU"}]}},"_links":{"self":[{"href":"https:\/\/horticom.ee\/e-pood\/ru\/wp-json\/wp\/v2\/product\/2599676","targetHints":{"allow":["GET"]}}],"collection":[{"href":"https:\/\/horticom.ee\/e-pood\/ru\/wp-json\/wp\/v2\/product"}],"about":[{"href":"https:\/\/horticom.ee\/e-pood\/ru\/wp-json\/wp\/v2\/types\/product"}],"replies":[{"embeddable":true,"href":"https:\/\/horticom.ee\/e-pood\/ru\/wp-json\/wp\/v2\/comments?post=2599676"}],"wp:featuredmedia":[{"embeddable":true,"href":"https:\/\/horticom.ee\/e-pood\/ru\/wp-json\/wp\/v2\/media\/2599750"}],"wp:attachment":[{"href":"https:\/\/horticom.ee\/e-pood\/ru\/wp-json\/wp\/v2\/media?parent=2599676"}],"wp:term":[{"taxonomy":"product_cat","embeddable":true,"href":"https:\/\/horticom.ee\/e-pood\/ru\/wp-json\/wp\/v2\/product_cat?post=2599676"},{"taxonomy":"product_tag","embeddable":true,"href":"https:\/\/horticom.ee\/e-pood\/ru\/wp-json\/wp\/v2\/product_tag?post=2599676"}],"curies":[{"name":"wp","href":"https:\/\/api.w.org\/{rel}","templated":true}]}}