{"id":2599681,"date":"2026-04-09T17:01:31","date_gmt":"2026-04-09T14:01:31","guid":{"rendered":"https:\/\/horticom.ee\/e-pood\/toode\/tomat-plumbrella-mix\/"},"modified":"2026-04-16T03:16:30","modified_gmt":"2026-04-16T00:16:30","slug":"tomat-plumbrella-mix","status":"publish","type":"product","link":"https:\/\/horticom.ee\/e-pood\/ru\/toode\/tomat-plumbrella-mix\/","title":{"rendered":"Tomat Plumbrella Mix"},"content":{"rendered":"<p>Varase saagikusega, v\u00e4ikeseviljaliste madalakasvuliste sortide segu. Taime ei ole vaja siduda ega k\u00e4rpida. Viljad on v\u00e4ikesed, v\u00e4rvilised, maitsvad, magusad, teravate tippudega, kaaluvad umbes 20 g. Sobivad v\u00e4rskelt tarbimiseks ja konserveerimiseks. M\u00f5eldud kasvatamiseks lillepotis terrassil v\u00f5i r\u00f5dul.<\/p>\n","protected":false},"excerpt":{"rendered":"<p>Varase saagikusega, v\u00e4ikeseviljaliste madalakasvuliste sortide segu. Taime ei ole vaja siduda ega k\u00e4rpida. Viljad on v\u00e4ikesed, v\u00e4rvilised, maitsvad, magusad, teravate tippudega, kaaluvad umbes 20 g. Sobivad v\u00e4rskelt tarbimiseks ja konserveerimiseks. M\u00f5eldud kasvatamiseks lillepotis terrassil v\u00f5i r\u00f5dul.<\/p>\n","protected":false},"featured_media":2599742,"comment_status":"closed","ping_status":"closed","template":"","meta":{"_themeisle_gutenberg_block_has_review":false},"product_cat":[13481],"product_tag":[],"class_list":{"0":"post-2599681","1":"product","2":"type-product","3":"status-publish","4":"has-post-thumbnail","6":"product_cat-tomat","8":"first","9":"instock","10":"shipping-taxable","11":"purchasable","12":"product-type-simple"},"yoast_head":"<!-- This site is optimized with the Yoast SEO plugin v24.0 - https:\/\/yoast.com\/wordpress\/plugins\/seo\/ -->\n<title>Tomat Plumbrella Mix - Horticom<\/title>\n<meta name=\"robots\" content=\"index, follow, max-snippet:-1, max-image-preview:large, max-video-preview:-1\" \/>\n<link rel=\"canonical\" href=\"https:\/\/horticom.ee\/e-pood\/toode\/tomat-plumbrella-mix\/\" \/>\n<meta property=\"og:locale\" content=\"ru_RU\" \/>\n<meta property=\"og:type\" content=\"article\" \/>\n<meta property=\"og:title\" content=\"Tomat Plumbrella Mix - Horticom\" \/>\n<meta property=\"og:description\" content=\"Varase saagikusega, v\u00e4ikeseviljaliste madalakasvuliste sortide segu. Taime ei ole vaja siduda ega k\u00e4rpida. Viljad on v\u00e4ikesed, v\u00e4rvilised, maitsvad, magusad, teravate tippudega, kaaluvad umbes 20 g. Sobivad v\u00e4rskelt tarbimiseks ja konserveerimiseks. M\u00f5eldud kasvatamiseks lillepotis terrassil v\u00f5i r\u00f5dul.\" \/>\n<meta property=\"og:url\" content=\"https:\/\/horticom.ee\/e-pood\/toode\/tomat-plumbrella-mix\/\" \/>\n<meta property=\"og:site_name\" content=\"Horticom.ee\" \/>\n<meta property=\"article:publisher\" content=\"https:\/\/www.facebook.com\/horticom.ee\/e-pood\" \/>\n<meta property=\"article:modified_time\" content=\"2026-04-16T00:16:30+00:00\" \/>\n<meta property=\"og:image\" content=\"https:\/\/horticom.ee\/e-pood\/wp-content\/uploads\/importedmedia\/product_2599681_0_UG024.jpg\" \/>\n\t<meta property=\"og:image:width\" content=\"999\" \/>\n\t<meta property=\"og:image:height\" content=\"1771\" \/>\n\t<meta property=\"og:image:type\" content=\"image\/jpeg\" \/>\n<meta name=\"twitter:card\" content=\"summary_large_image\" \/>\n<script type=\"application\/ld+json\" class=\"yoast-schema-graph\">{\"@context\":\"https:\/\/schema.org\",\"@graph\":[{\"@type\":\"WebPage\",\"@id\":\"https:\/\/horticom.ee\/e-pood\/toode\/tomat-plumbrella-mix\/\",\"url\":\"https:\/\/horticom.ee\/e-pood\/toode\/tomat-plumbrella-mix\/\",\"name\":\"Tomat Plumbrella Mix - Horticom\",\"isPartOf\":{\"@id\":\"https:\/\/horticom.ee\/e-pood\/#website\"},\"primaryImageOfPage\":{\"@id\":\"https:\/\/horticom.ee\/e-pood\/toode\/tomat-plumbrella-mix\/#primaryimage\"},\"image\":{\"@id\":\"https:\/\/horticom.ee\/e-pood\/toode\/tomat-plumbrella-mix\/#primaryimage\"},\"thumbnailUrl\":\"https:\/\/horticom.ee\/e-pood\/wp-content\/uploads\/importedmedia\/product_2599681_0_UG024.jpg\",\"datePublished\":\"2026-04-09T14:01:31+00:00\",\"dateModified\":\"2026-04-16T00:16:30+00:00\",\"breadcrumb\":{\"@id\":\"https:\/\/horticom.ee\/e-pood\/toode\/tomat-plumbrella-mix\/#breadcrumb\"},\"inLanguage\":\"ru-RU\",\"potentialAction\":[{\"@type\":\"ReadAction\",\"target\":[\"https:\/\/horticom.ee\/e-pood\/toode\/tomat-plumbrella-mix\/\"]}]},{\"@type\":\"ImageObject\",\"inLanguage\":\"ru-RU\",\"@id\":\"https:\/\/horticom.ee\/e-pood\/toode\/tomat-plumbrella-mix\/#primaryimage\",\"url\":\"https:\/\/horticom.ee\/e-pood\/wp-content\/uploads\/importedmedia\/product_2599681_0_UG024.jpg\",\"contentUrl\":\"https:\/\/horticom.ee\/e-pood\/wp-content\/uploads\/importedmedia\/product_2599681_0_UG024.jpg\",\"width\":999,\"height\":1771},{\"@type\":\"BreadcrumbList\",\"@id\":\"https:\/\/horticom.ee\/e-pood\/toode\/tomat-plumbrella-mix\/#breadcrumb\",\"itemListElement\":[{\"@type\":\"ListItem\",\"position\":1,\"name\":\"Home\",\"item\":\"https:\/\/horticom.ee\/e-pood\/\"},{\"@type\":\"ListItem\",\"position\":2,\"name\":\"Pood\",\"item\":\"https:\/\/horticom.ee\/e-pood\/pood\/\"},{\"@type\":\"ListItem\",\"position\":3,\"name\":\"Tomat Plumbrella Mix\"}]},{\"@type\":\"WebSite\",\"@id\":\"https:\/\/horticom.ee\/e-pood\/#website\",\"url\":\"https:\/\/horticom.ee\/e-pood\/\",\"name\":\"Horticom.ee\",\"description\":\"Aianduskaubad ja kodukaubad nii harrastajatele kui professionaalidele\",\"potentialAction\":[{\"@type\":\"SearchAction\",\"target\":{\"@type\":\"EntryPoint\",\"urlTemplate\":\"https:\/\/horticom.ee\/e-pood\/?s={search_term_string}\"},\"query-input\":{\"@type\":\"PropertyValueSpecification\",\"valueRequired\":true,\"valueName\":\"search_term_string\"}}],\"inLanguage\":\"ru-RU\"}]}<\/script>\n<!-- \/ Yoast SEO plugin. -->","yoast_head_json":{"title":"Tomat Plumbrella Mix - Horticom","robots":{"index":"index","follow":"follow","max-snippet":"max-snippet:-1","max-image-preview":"max-image-preview:large","max-video-preview":"max-video-preview:-1"},"canonical":"https:\/\/horticom.ee\/e-pood\/toode\/tomat-plumbrella-mix\/","og_locale":"ru_RU","og_type":"article","og_title":"Tomat Plumbrella Mix - Horticom","og_description":"Varase saagikusega, v\u00e4ikeseviljaliste madalakasvuliste sortide segu. Taime ei ole vaja siduda ega k\u00e4rpida. Viljad on v\u00e4ikesed, v\u00e4rvilised, maitsvad, magusad, teravate tippudega, kaaluvad umbes 20 g. Sobivad v\u00e4rskelt tarbimiseks ja konserveerimiseks. M\u00f5eldud kasvatamiseks lillepotis terrassil v\u00f5i r\u00f5dul.","og_url":"https:\/\/horticom.ee\/e-pood\/toode\/tomat-plumbrella-mix\/","og_site_name":"Horticom.ee","article_publisher":"https:\/\/www.facebook.com\/horticom.ee\/e-pood","article_modified_time":"2026-04-16T00:16:30+00:00","og_image":[{"width":999,"height":1771,"url":"https:\/\/horticom.ee\/e-pood\/wp-content\/uploads\/importedmedia\/product_2599681_0_UG024.jpg","type":"image\/jpeg"}],"twitter_card":"summary_large_image","schema":{"@context":"https:\/\/schema.org","@graph":[{"@type":"WebPage","@id":"https:\/\/horticom.ee\/e-pood\/toode\/tomat-plumbrella-mix\/","url":"https:\/\/horticom.ee\/e-pood\/toode\/tomat-plumbrella-mix\/","name":"Tomat Plumbrella Mix - Horticom","isPartOf":{"@id":"https:\/\/horticom.ee\/e-pood\/#website"},"primaryImageOfPage":{"@id":"https:\/\/horticom.ee\/e-pood\/toode\/tomat-plumbrella-mix\/#primaryimage"},"image":{"@id":"https:\/\/horticom.ee\/e-pood\/toode\/tomat-plumbrella-mix\/#primaryimage"},"thumbnailUrl":"https:\/\/horticom.ee\/e-pood\/wp-content\/uploads\/importedmedia\/product_2599681_0_UG024.jpg","datePublished":"2026-04-09T14:01:31+00:00","dateModified":"2026-04-16T00:16:30+00:00","breadcrumb":{"@id":"https:\/\/horticom.ee\/e-pood\/toode\/tomat-plumbrella-mix\/#breadcrumb"},"inLanguage":"ru-RU","potentialAction":[{"@type":"ReadAction","target":["https:\/\/horticom.ee\/e-pood\/toode\/tomat-plumbrella-mix\/"]}]},{"@type":"ImageObject","inLanguage":"ru-RU","@id":"https:\/\/horticom.ee\/e-pood\/toode\/tomat-plumbrella-mix\/#primaryimage","url":"https:\/\/horticom.ee\/e-pood\/wp-content\/uploads\/importedmedia\/product_2599681_0_UG024.jpg","contentUrl":"https:\/\/horticom.ee\/e-pood\/wp-content\/uploads\/importedmedia\/product_2599681_0_UG024.jpg","width":999,"height":1771},{"@type":"BreadcrumbList","@id":"https:\/\/horticom.ee\/e-pood\/toode\/tomat-plumbrella-mix\/#breadcrumb","itemListElement":[{"@type":"ListItem","position":1,"name":"Home","item":"https:\/\/horticom.ee\/e-pood\/"},{"@type":"ListItem","position":2,"name":"Pood","item":"https:\/\/horticom.ee\/e-pood\/pood\/"},{"@type":"ListItem","position":3,"name":"Tomat Plumbrella Mix"}]},{"@type":"WebSite","@id":"https:\/\/horticom.ee\/e-pood\/#website","url":"https:\/\/horticom.ee\/e-pood\/","name":"Horticom.ee","description":"Aianduskaubad ja kodukaubad nii harrastajatele kui professionaalidele","potentialAction":[{"@type":"SearchAction","target":{"@type":"EntryPoint","urlTemplate":"https:\/\/horticom.ee\/e-pood\/?s={search_term_string}"},"query-input":{"@type":"PropertyValueSpecification","valueRequired":true,"valueName":"search_term_string"}}],"inLanguage":"ru-RU"}]}},"_links":{"self":[{"href":"https:\/\/horticom.ee\/e-pood\/ru\/wp-json\/wp\/v2\/product\/2599681","targetHints":{"allow":["GET"]}}],"collection":[{"href":"https:\/\/horticom.ee\/e-pood\/ru\/wp-json\/wp\/v2\/product"}],"about":[{"href":"https:\/\/horticom.ee\/e-pood\/ru\/wp-json\/wp\/v2\/types\/product"}],"replies":[{"embeddable":true,"href":"https:\/\/horticom.ee\/e-pood\/ru\/wp-json\/wp\/v2\/comments?post=2599681"}],"wp:featuredmedia":[{"embeddable":true,"href":"https:\/\/horticom.ee\/e-pood\/ru\/wp-json\/wp\/v2\/media\/2599742"}],"wp:attachment":[{"href":"https:\/\/horticom.ee\/e-pood\/ru\/wp-json\/wp\/v2\/media?parent=2599681"}],"wp:term":[{"taxonomy":"product_cat","embeddable":true,"href":"https:\/\/horticom.ee\/e-pood\/ru\/wp-json\/wp\/v2\/product_cat?post=2599681"},{"taxonomy":"product_tag","embeddable":true,"href":"https:\/\/horticom.ee\/e-pood\/ru\/wp-json\/wp\/v2\/product_tag?post=2599681"}],"curies":[{"name":"wp","href":"https:\/\/api.w.org\/{rel}","templated":true}]}}