{"id":2599689,"date":"2026-04-09T17:01:32","date_gmt":"2026-04-09T14:01:32","guid":{"rendered":"https:\/\/horticom.ee\/e-pood\/toode\/mikrovorsed-redis-venom\/"},"modified":"2026-04-16T03:16:30","modified_gmt":"2026-04-16T00:16:30","slug":"mikrovorsed-redis-venom","status":"publish","type":"product","link":"https:\/\/horticom.ee\/e-pood\/ru\/toode\/mikrovorsed-redis-venom\/","title":{"rendered":"Mikrov\u00f5rsed Redis Venom"},"content":{"rendered":"<p>Mikrov\u00f5rseid kasutatakse toitude maitsestamiseks ja kaunistamiseks. Seemneid k\u00fclvatakse aasta ringi idandamisalustele v\u00f5i madalatesse anumatesse. Idandatakse turbatablettidel, steriilsel kiul v\u00f5i muul spetsiaalselt ette n\u00e4htud kasvusubstraadil. Tarbitakse ilma juurteta. Redise mikrov\u00f5rsed on kr\u00f5mpsuvad ja mahlased, neid iseloomustab mahe, pisut terav maitse.<\/p>\n","protected":false},"excerpt":{"rendered":"<p>Mikrov\u00f5rseid kasutatakse toitude maitsestamiseks ja kaunistamiseks. Seemneid k\u00fclvatakse aasta ringi idandamisalustele v\u00f5i madalatesse anumatesse. Idandatakse turbatablettidel, steriilsel kiul v\u00f5i muul spetsiaalselt ette n\u00e4htud kasvusubstraadil. Tarbitakse ilma juurteta. Redise mikrov\u00f5rsed on kr\u00f5mpsuvad ja mahlased, neid iseloomustab mahe, pisut terav maitse.<\/p>\n","protected":false},"featured_media":2599724,"comment_status":"closed","ping_status":"closed","template":"","meta":{"_themeisle_gutenberg_block_has_review":false},"product_cat":[13495],"product_tag":[],"class_list":{"0":"post-2599689","1":"product","2":"type-product","3":"status-publish","4":"has-post-thumbnail","6":"product_cat-idandid","8":"first","9":"instock","10":"shipping-taxable","11":"purchasable","12":"product-type-simple"},"yoast_head":"<!-- This site is optimized with the Yoast SEO plugin v24.0 - https:\/\/yoast.com\/wordpress\/plugins\/seo\/ -->\n<title>Mikrov\u00f5rsed Redis Venom - Horticom<\/title>\n<meta name=\"robots\" content=\"index, follow, max-snippet:-1, max-image-preview:large, max-video-preview:-1\" \/>\n<link rel=\"canonical\" href=\"https:\/\/horticom.ee\/e-pood\/toode\/mikrovorsed-redis-venom\/\" \/>\n<meta property=\"og:locale\" content=\"ru_RU\" \/>\n<meta property=\"og:type\" content=\"article\" \/>\n<meta property=\"og:title\" content=\"Mikrov\u00f5rsed Redis Venom - Horticom\" \/>\n<meta property=\"og:description\" content=\"Mikrov\u00f5rseid kasutatakse toitude maitsestamiseks ja kaunistamiseks. Seemneid k\u00fclvatakse aasta ringi idandamisalustele v\u00f5i madalatesse anumatesse. Idandatakse turbatablettidel, steriilsel kiul v\u00f5i muul spetsiaalselt ette n\u00e4htud kasvusubstraadil. Tarbitakse ilma juurteta. Redise mikrov\u00f5rsed on kr\u00f5mpsuvad ja mahlased, neid iseloomustab mahe, pisut terav maitse.\" \/>\n<meta property=\"og:url\" content=\"https:\/\/horticom.ee\/e-pood\/toode\/mikrovorsed-redis-venom\/\" \/>\n<meta property=\"og:site_name\" content=\"Horticom.ee\" \/>\n<meta property=\"article:publisher\" content=\"https:\/\/www.facebook.com\/horticom.ee\/e-pood\" \/>\n<meta property=\"article:modified_time\" content=\"2026-04-16T00:16:30+00:00\" \/>\n<meta property=\"og:image\" content=\"https:\/\/horticom.ee\/e-pood\/wp-content\/uploads\/importedmedia\/product_2599689_0_UG032.jpg\" \/>\n\t<meta property=\"og:image:width\" content=\"999\" \/>\n\t<meta property=\"og:image:height\" content=\"1434\" \/>\n\t<meta property=\"og:image:type\" content=\"image\/jpeg\" \/>\n<meta name=\"twitter:card\" content=\"summary_large_image\" \/>\n<script type=\"application\/ld+json\" class=\"yoast-schema-graph\">{\"@context\":\"https:\/\/schema.org\",\"@graph\":[{\"@type\":\"WebPage\",\"@id\":\"https:\/\/horticom.ee\/e-pood\/toode\/mikrovorsed-redis-venom\/\",\"url\":\"https:\/\/horticom.ee\/e-pood\/toode\/mikrovorsed-redis-venom\/\",\"name\":\"Mikrov\u00f5rsed Redis Venom - Horticom\",\"isPartOf\":{\"@id\":\"https:\/\/horticom.ee\/e-pood\/#website\"},\"primaryImageOfPage\":{\"@id\":\"https:\/\/horticom.ee\/e-pood\/toode\/mikrovorsed-redis-venom\/#primaryimage\"},\"image\":{\"@id\":\"https:\/\/horticom.ee\/e-pood\/toode\/mikrovorsed-redis-venom\/#primaryimage\"},\"thumbnailUrl\":\"https:\/\/horticom.ee\/e-pood\/wp-content\/uploads\/importedmedia\/product_2599689_0_UG032.jpg\",\"datePublished\":\"2026-04-09T14:01:32+00:00\",\"dateModified\":\"2026-04-16T00:16:30+00:00\",\"breadcrumb\":{\"@id\":\"https:\/\/horticom.ee\/e-pood\/toode\/mikrovorsed-redis-venom\/#breadcrumb\"},\"inLanguage\":\"ru-RU\",\"potentialAction\":[{\"@type\":\"ReadAction\",\"target\":[\"https:\/\/horticom.ee\/e-pood\/toode\/mikrovorsed-redis-venom\/\"]}]},{\"@type\":\"ImageObject\",\"inLanguage\":\"ru-RU\",\"@id\":\"https:\/\/horticom.ee\/e-pood\/toode\/mikrovorsed-redis-venom\/#primaryimage\",\"url\":\"https:\/\/horticom.ee\/e-pood\/wp-content\/uploads\/importedmedia\/product_2599689_0_UG032.jpg\",\"contentUrl\":\"https:\/\/horticom.ee\/e-pood\/wp-content\/uploads\/importedmedia\/product_2599689_0_UG032.jpg\",\"width\":999,\"height\":1434},{\"@type\":\"BreadcrumbList\",\"@id\":\"https:\/\/horticom.ee\/e-pood\/toode\/mikrovorsed-redis-venom\/#breadcrumb\",\"itemListElement\":[{\"@type\":\"ListItem\",\"position\":1,\"name\":\"Home\",\"item\":\"https:\/\/horticom.ee\/e-pood\/\"},{\"@type\":\"ListItem\",\"position\":2,\"name\":\"Pood\",\"item\":\"https:\/\/horticom.ee\/e-pood\/pood\/\"},{\"@type\":\"ListItem\",\"position\":3,\"name\":\"Mikrov\u00f5rsed Redis Venom\"}]},{\"@type\":\"WebSite\",\"@id\":\"https:\/\/horticom.ee\/e-pood\/#website\",\"url\":\"https:\/\/horticom.ee\/e-pood\/\",\"name\":\"Horticom.ee\",\"description\":\"Aianduskaubad ja kodukaubad nii harrastajatele kui professionaalidele\",\"potentialAction\":[{\"@type\":\"SearchAction\",\"target\":{\"@type\":\"EntryPoint\",\"urlTemplate\":\"https:\/\/horticom.ee\/e-pood\/?s={search_term_string}\"},\"query-input\":{\"@type\":\"PropertyValueSpecification\",\"valueRequired\":true,\"valueName\":\"search_term_string\"}}],\"inLanguage\":\"ru-RU\"}]}<\/script>\n<!-- \/ Yoast SEO plugin. -->","yoast_head_json":{"title":"Mikrov\u00f5rsed Redis Venom - Horticom","robots":{"index":"index","follow":"follow","max-snippet":"max-snippet:-1","max-image-preview":"max-image-preview:large","max-video-preview":"max-video-preview:-1"},"canonical":"https:\/\/horticom.ee\/e-pood\/toode\/mikrovorsed-redis-venom\/","og_locale":"ru_RU","og_type":"article","og_title":"Mikrov\u00f5rsed Redis Venom - Horticom","og_description":"Mikrov\u00f5rseid kasutatakse toitude maitsestamiseks ja kaunistamiseks. Seemneid k\u00fclvatakse aasta ringi idandamisalustele v\u00f5i madalatesse anumatesse. Idandatakse turbatablettidel, steriilsel kiul v\u00f5i muul spetsiaalselt ette n\u00e4htud kasvusubstraadil. Tarbitakse ilma juurteta. Redise mikrov\u00f5rsed on kr\u00f5mpsuvad ja mahlased, neid iseloomustab mahe, pisut terav maitse.","og_url":"https:\/\/horticom.ee\/e-pood\/toode\/mikrovorsed-redis-venom\/","og_site_name":"Horticom.ee","article_publisher":"https:\/\/www.facebook.com\/horticom.ee\/e-pood","article_modified_time":"2026-04-16T00:16:30+00:00","og_image":[{"width":999,"height":1434,"url":"https:\/\/horticom.ee\/e-pood\/wp-content\/uploads\/importedmedia\/product_2599689_0_UG032.jpg","type":"image\/jpeg"}],"twitter_card":"summary_large_image","schema":{"@context":"https:\/\/schema.org","@graph":[{"@type":"WebPage","@id":"https:\/\/horticom.ee\/e-pood\/toode\/mikrovorsed-redis-venom\/","url":"https:\/\/horticom.ee\/e-pood\/toode\/mikrovorsed-redis-venom\/","name":"Mikrov\u00f5rsed Redis Venom - Horticom","isPartOf":{"@id":"https:\/\/horticom.ee\/e-pood\/#website"},"primaryImageOfPage":{"@id":"https:\/\/horticom.ee\/e-pood\/toode\/mikrovorsed-redis-venom\/#primaryimage"},"image":{"@id":"https:\/\/horticom.ee\/e-pood\/toode\/mikrovorsed-redis-venom\/#primaryimage"},"thumbnailUrl":"https:\/\/horticom.ee\/e-pood\/wp-content\/uploads\/importedmedia\/product_2599689_0_UG032.jpg","datePublished":"2026-04-09T14:01:32+00:00","dateModified":"2026-04-16T00:16:30+00:00","breadcrumb":{"@id":"https:\/\/horticom.ee\/e-pood\/toode\/mikrovorsed-redis-venom\/#breadcrumb"},"inLanguage":"ru-RU","potentialAction":[{"@type":"ReadAction","target":["https:\/\/horticom.ee\/e-pood\/toode\/mikrovorsed-redis-venom\/"]}]},{"@type":"ImageObject","inLanguage":"ru-RU","@id":"https:\/\/horticom.ee\/e-pood\/toode\/mikrovorsed-redis-venom\/#primaryimage","url":"https:\/\/horticom.ee\/e-pood\/wp-content\/uploads\/importedmedia\/product_2599689_0_UG032.jpg","contentUrl":"https:\/\/horticom.ee\/e-pood\/wp-content\/uploads\/importedmedia\/product_2599689_0_UG032.jpg","width":999,"height":1434},{"@type":"BreadcrumbList","@id":"https:\/\/horticom.ee\/e-pood\/toode\/mikrovorsed-redis-venom\/#breadcrumb","itemListElement":[{"@type":"ListItem","position":1,"name":"Home","item":"https:\/\/horticom.ee\/e-pood\/"},{"@type":"ListItem","position":2,"name":"Pood","item":"https:\/\/horticom.ee\/e-pood\/pood\/"},{"@type":"ListItem","position":3,"name":"Mikrov\u00f5rsed Redis Venom"}]},{"@type":"WebSite","@id":"https:\/\/horticom.ee\/e-pood\/#website","url":"https:\/\/horticom.ee\/e-pood\/","name":"Horticom.ee","description":"Aianduskaubad ja kodukaubad nii harrastajatele kui professionaalidele","potentialAction":[{"@type":"SearchAction","target":{"@type":"EntryPoint","urlTemplate":"https:\/\/horticom.ee\/e-pood\/?s={search_term_string}"},"query-input":{"@type":"PropertyValueSpecification","valueRequired":true,"valueName":"search_term_string"}}],"inLanguage":"ru-RU"}]}},"_links":{"self":[{"href":"https:\/\/horticom.ee\/e-pood\/ru\/wp-json\/wp\/v2\/product\/2599689","targetHints":{"allow":["GET"]}}],"collection":[{"href":"https:\/\/horticom.ee\/e-pood\/ru\/wp-json\/wp\/v2\/product"}],"about":[{"href":"https:\/\/horticom.ee\/e-pood\/ru\/wp-json\/wp\/v2\/types\/product"}],"replies":[{"embeddable":true,"href":"https:\/\/horticom.ee\/e-pood\/ru\/wp-json\/wp\/v2\/comments?post=2599689"}],"wp:featuredmedia":[{"embeddable":true,"href":"https:\/\/horticom.ee\/e-pood\/ru\/wp-json\/wp\/v2\/media\/2599724"}],"wp:attachment":[{"href":"https:\/\/horticom.ee\/e-pood\/ru\/wp-json\/wp\/v2\/media?parent=2599689"}],"wp:term":[{"taxonomy":"product_cat","embeddable":true,"href":"https:\/\/horticom.ee\/e-pood\/ru\/wp-json\/wp\/v2\/product_cat?post=2599689"},{"taxonomy":"product_tag","embeddable":true,"href":"https:\/\/horticom.ee\/e-pood\/ru\/wp-json\/wp\/v2\/product_tag?post=2599689"}],"curies":[{"name":"wp","href":"https:\/\/api.w.org\/{rel}","templated":true}]}}