{"id":2599694,"date":"2026-04-09T17:01:33","date_gmt":"2026-04-09T14:01:33","guid":{"rendered":"https:\/\/horticom.ee\/e-pood\/toode\/sibullillede-istutusvaetis-horticom-1kg\/"},"modified":"2026-04-16T03:16:31","modified_gmt":"2026-04-16T00:16:31","slug":"sibullillede-istutusvaetis-horticom-1kg","status":"publish","type":"product","link":"https:\/\/horticom.ee\/e-pood\/ru\/toode\/sibullillede-istutusvaetis-horticom-1kg\/","title":{"rendered":"Sibullillede istutusv\u00e4etis Horticom 1kg"},"content":{"rendered":"<p>Sibullillev\u00e4etis on spetsiaalne v\u00e4etis, mis on m\u00f5eldud sibullillede tervisliku kasvu ja rikkaliku \u00f5itsemise toetamiseks. Regulaarne kasutamine tagab erksav\u00e4rvilised ja tugevad \u00f5ied aastast aastasse. V\u00e4etis sobib suurep\u00e4raselt ka n\u00f5udlikumatele sibullilledele, nagu tulbid ja liiliad, aidates neil t\u00e4iel m\u00e4\u00e4ral oma ilu esile tuua.<\/p>\n","protected":false},"excerpt":{"rendered":"<p>Sibullillev\u00e4etis on spetsiaalne v\u00e4etis, mis on m\u00f5eldud sibullillede tervisliku kasvu ja rikkaliku \u00f5itsemise toetamiseks. Regulaarne kasutamine tagab erksav\u00e4rvilised ja tugevad \u00f5ied aastast aastasse. V\u00e4etis sobib suurep\u00e4raselt ka n\u00f5udlikumatele sibullilledele, nagu tulbid ja liiliad, aidates neil t\u00e4iel m\u00e4\u00e4ral oma ilu esile tuua.<\/p>\n","protected":false},"featured_media":0,"comment_status":"closed","ping_status":"closed","template":"","meta":{"_themeisle_gutenberg_block_has_review":false},"product_cat":[16970],"product_tag":[],"class_list":{"0":"post-2599694","1":"product","2":"type-product","3":"status-publish","5":"product_cat-murule","7":"first","8":"outofstock","9":"shipping-taxable","10":"purchasable","11":"product-type-simple"},"yoast_head":"<!-- This site is optimized with the Yoast SEO plugin v24.0 - https:\/\/yoast.com\/wordpress\/plugins\/seo\/ -->\n<title>Sibullillede istutusv\u00e4etis Horticom 1kg - Horticom<\/title>\n<meta name=\"robots\" content=\"index, follow, max-snippet:-1, max-image-preview:large, max-video-preview:-1\" \/>\n<link rel=\"canonical\" href=\"https:\/\/horticom.ee\/e-pood\/toode\/sibullillede-istutusvaetis-horticom-1kg\/\" \/>\n<meta property=\"og:locale\" content=\"ru_RU\" \/>\n<meta property=\"og:type\" content=\"article\" \/>\n<meta property=\"og:title\" content=\"Sibullillede istutusv\u00e4etis Horticom 1kg - Horticom\" \/>\n<meta property=\"og:description\" content=\"Sibullillev\u00e4etis on spetsiaalne v\u00e4etis, mis on m\u00f5eldud sibullillede tervisliku kasvu ja rikkaliku \u00f5itsemise toetamiseks. Regulaarne kasutamine tagab erksav\u00e4rvilised ja tugevad \u00f5ied aastast aastasse. V\u00e4etis sobib suurep\u00e4raselt ka n\u00f5udlikumatele sibullilledele, nagu tulbid ja liiliad, aidates neil t\u00e4iel m\u00e4\u00e4ral oma ilu esile tuua.\" \/>\n<meta property=\"og:url\" content=\"https:\/\/horticom.ee\/e-pood\/toode\/sibullillede-istutusvaetis-horticom-1kg\/\" \/>\n<meta property=\"og:site_name\" content=\"Horticom.ee\" \/>\n<meta property=\"article:publisher\" content=\"https:\/\/www.facebook.com\/horticom.ee\/e-pood\" \/>\n<meta property=\"article:modified_time\" content=\"2026-04-16T00:16:31+00:00\" \/>\n<meta name=\"twitter:card\" content=\"summary_large_image\" \/>\n<script type=\"application\/ld+json\" class=\"yoast-schema-graph\">{\"@context\":\"https:\/\/schema.org\",\"@graph\":[{\"@type\":\"WebPage\",\"@id\":\"https:\/\/horticom.ee\/e-pood\/toode\/sibullillede-istutusvaetis-horticom-1kg\/\",\"url\":\"https:\/\/horticom.ee\/e-pood\/toode\/sibullillede-istutusvaetis-horticom-1kg\/\",\"name\":\"Sibullillede istutusv\u00e4etis Horticom 1kg - Horticom\",\"isPartOf\":{\"@id\":\"https:\/\/horticom.ee\/e-pood\/#website\"},\"datePublished\":\"2026-04-09T14:01:33+00:00\",\"dateModified\":\"2026-04-16T00:16:31+00:00\",\"breadcrumb\":{\"@id\":\"https:\/\/horticom.ee\/e-pood\/toode\/sibullillede-istutusvaetis-horticom-1kg\/#breadcrumb\"},\"inLanguage\":\"ru-RU\",\"potentialAction\":[{\"@type\":\"ReadAction\",\"target\":[\"https:\/\/horticom.ee\/e-pood\/toode\/sibullillede-istutusvaetis-horticom-1kg\/\"]}]},{\"@type\":\"BreadcrumbList\",\"@id\":\"https:\/\/horticom.ee\/e-pood\/toode\/sibullillede-istutusvaetis-horticom-1kg\/#breadcrumb\",\"itemListElement\":[{\"@type\":\"ListItem\",\"position\":1,\"name\":\"Home\",\"item\":\"https:\/\/horticom.ee\/e-pood\/\"},{\"@type\":\"ListItem\",\"position\":2,\"name\":\"Pood\",\"item\":\"https:\/\/horticom.ee\/e-pood\/pood\/\"},{\"@type\":\"ListItem\",\"position\":3,\"name\":\"Sibullillede istutusv\u00e4etis Horticom 1kg\"}]},{\"@type\":\"WebSite\",\"@id\":\"https:\/\/horticom.ee\/e-pood\/#website\",\"url\":\"https:\/\/horticom.ee\/e-pood\/\",\"name\":\"Horticom.ee\",\"description\":\"Aianduskaubad ja kodukaubad nii harrastajatele kui professionaalidele\",\"potentialAction\":[{\"@type\":\"SearchAction\",\"target\":{\"@type\":\"EntryPoint\",\"urlTemplate\":\"https:\/\/horticom.ee\/e-pood\/?s={search_term_string}\"},\"query-input\":{\"@type\":\"PropertyValueSpecification\",\"valueRequired\":true,\"valueName\":\"search_term_string\"}}],\"inLanguage\":\"ru-RU\"}]}<\/script>\n<!-- \/ Yoast SEO plugin. -->","yoast_head_json":{"title":"Sibullillede istutusv\u00e4etis Horticom 1kg - Horticom","robots":{"index":"index","follow":"follow","max-snippet":"max-snippet:-1","max-image-preview":"max-image-preview:large","max-video-preview":"max-video-preview:-1"},"canonical":"https:\/\/horticom.ee\/e-pood\/toode\/sibullillede-istutusvaetis-horticom-1kg\/","og_locale":"ru_RU","og_type":"article","og_title":"Sibullillede istutusv\u00e4etis Horticom 1kg - Horticom","og_description":"Sibullillev\u00e4etis on spetsiaalne v\u00e4etis, mis on m\u00f5eldud sibullillede tervisliku kasvu ja rikkaliku \u00f5itsemise toetamiseks. Regulaarne kasutamine tagab erksav\u00e4rvilised ja tugevad \u00f5ied aastast aastasse. V\u00e4etis sobib suurep\u00e4raselt ka n\u00f5udlikumatele sibullilledele, nagu tulbid ja liiliad, aidates neil t\u00e4iel m\u00e4\u00e4ral oma ilu esile tuua.","og_url":"https:\/\/horticom.ee\/e-pood\/toode\/sibullillede-istutusvaetis-horticom-1kg\/","og_site_name":"Horticom.ee","article_publisher":"https:\/\/www.facebook.com\/horticom.ee\/e-pood","article_modified_time":"2026-04-16T00:16:31+00:00","twitter_card":"summary_large_image","schema":{"@context":"https:\/\/schema.org","@graph":[{"@type":"WebPage","@id":"https:\/\/horticom.ee\/e-pood\/toode\/sibullillede-istutusvaetis-horticom-1kg\/","url":"https:\/\/horticom.ee\/e-pood\/toode\/sibullillede-istutusvaetis-horticom-1kg\/","name":"Sibullillede istutusv\u00e4etis Horticom 1kg - Horticom","isPartOf":{"@id":"https:\/\/horticom.ee\/e-pood\/#website"},"datePublished":"2026-04-09T14:01:33+00:00","dateModified":"2026-04-16T00:16:31+00:00","breadcrumb":{"@id":"https:\/\/horticom.ee\/e-pood\/toode\/sibullillede-istutusvaetis-horticom-1kg\/#breadcrumb"},"inLanguage":"ru-RU","potentialAction":[{"@type":"ReadAction","target":["https:\/\/horticom.ee\/e-pood\/toode\/sibullillede-istutusvaetis-horticom-1kg\/"]}]},{"@type":"BreadcrumbList","@id":"https:\/\/horticom.ee\/e-pood\/toode\/sibullillede-istutusvaetis-horticom-1kg\/#breadcrumb","itemListElement":[{"@type":"ListItem","position":1,"name":"Home","item":"https:\/\/horticom.ee\/e-pood\/"},{"@type":"ListItem","position":2,"name":"Pood","item":"https:\/\/horticom.ee\/e-pood\/pood\/"},{"@type":"ListItem","position":3,"name":"Sibullillede istutusv\u00e4etis Horticom 1kg"}]},{"@type":"WebSite","@id":"https:\/\/horticom.ee\/e-pood\/#website","url":"https:\/\/horticom.ee\/e-pood\/","name":"Horticom.ee","description":"Aianduskaubad ja kodukaubad nii harrastajatele kui professionaalidele","potentialAction":[{"@type":"SearchAction","target":{"@type":"EntryPoint","urlTemplate":"https:\/\/horticom.ee\/e-pood\/?s={search_term_string}"},"query-input":{"@type":"PropertyValueSpecification","valueRequired":true,"valueName":"search_term_string"}}],"inLanguage":"ru-RU"}]}},"_links":{"self":[{"href":"https:\/\/horticom.ee\/e-pood\/ru\/wp-json\/wp\/v2\/product\/2599694","targetHints":{"allow":["GET"]}}],"collection":[{"href":"https:\/\/horticom.ee\/e-pood\/ru\/wp-json\/wp\/v2\/product"}],"about":[{"href":"https:\/\/horticom.ee\/e-pood\/ru\/wp-json\/wp\/v2\/types\/product"}],"replies":[{"embeddable":true,"href":"https:\/\/horticom.ee\/e-pood\/ru\/wp-json\/wp\/v2\/comments?post=2599694"}],"wp:attachment":[{"href":"https:\/\/horticom.ee\/e-pood\/ru\/wp-json\/wp\/v2\/media?parent=2599694"}],"wp:term":[{"taxonomy":"product_cat","embeddable":true,"href":"https:\/\/horticom.ee\/e-pood\/ru\/wp-json\/wp\/v2\/product_cat?post=2599694"},{"taxonomy":"product_tag","embeddable":true,"href":"https:\/\/horticom.ee\/e-pood\/ru\/wp-json\/wp\/v2\/product_tag?post=2599694"}],"curies":[{"name":"wp","href":"https:\/\/api.w.org\/{rel}","templated":true}]}}