{"id":2618077,"date":"2026-04-30T06:00:39","date_gmt":"2026-04-30T03:00:39","guid":{"rendered":"https:\/\/horticom.ee\/e-pood\/toode\/tulp-sylvestris-6-botaaniline-100tk-vorkkotis\/"},"modified":"2026-04-30T06:00:39","modified_gmt":"2026-04-30T03:00:39","slug":"tulp-sylvestris-6-botaaniline-100tk-vorkkotis","status":"publish","type":"product","link":"https:\/\/horticom.ee\/e-pood\/ru\/toode\/tulp-sylvestris-6-botaaniline-100tk-vorkkotis\/","title":{"rendered":"Tulp sylvestris 6\/+ (botaaniline) 100tk v\u00f5rkkotis"},"content":{"rendered":"<p>Tulp sylvestris kasvab kuni 30cm k\u00f5rguseks. Sobivaim mahapanekuaeg on september, kuid olenevalt ilmastikust v\u00f5ib ka oktoobri l\u00f5pus. Lillesibulate \u00fcldine istutamise reegel on, et nad peaksid saama mulda 6 n\u00e4dalat enne pinnase p\u00fcsivat k\u00fclmumist. P\u00e4ikeseline kasvukoht ja viljakas, kerge, neutraalne kuni kergelt aluseline v\u00f5i happeline liivmuld meeldivad tulpidele enim. T\u00e4htis on ka vee hea l\u00e4bilaskvus, et sibulad m\u00e4danema ei l\u00e4heks. Istutada kolme sibula k\u00f5rguse s\u00fcgavusele. Umbes n\u00e4dal enne \u00f5itsemist tahavad nad juua, nii-et kui vihma pole, tuleks neid kasta ja hoida siis neid niiskuses veel paar-kolm n\u00e4dalat, see\u00e4rel v\u00f5ib nad rahule j\u00e4tta. Tulbid vajavad k\u00fclmaperioodi, nad hakkavad kasvama juba s\u00fcgisel. T\u00f5usmed kannatavad kuni  -15 kraadist k\u00fclma, kud \u00f5ied on m\u00e4rksa k\u00fclmakartlikumad. Suurus  6\/+. \u00d5itsemisaeg on mai.<\/p>\n","protected":false},"excerpt":{"rendered":"<p>Tulp sylvestris kasvab kuni 30cm k\u00f5rguseks. Sobivaim mahapanekuaeg on september, kuid olenevalt ilmastikust v\u00f5ib ka oktoobri l\u00f5pus. Lillesibulate \u00fcldine istutamise reegel on, et nad peaksid saama mulda 6 n\u00e4dalat enne pinnase p\u00fcsivat k\u00fclmumist. P\u00e4ikeseline kasvukoht ja viljakas, kerge, neutraalne kuni kergelt aluseline v\u00f5i happeline liivmuld meeldivad tulpidele enim. T\u00e4htis on ka vee hea l\u00e4bilaskvus, et [&hellip;]<\/p>\n","protected":false},"featured_media":0,"comment_status":"closed","ping_status":"closed","template":"","meta":{"_themeisle_gutenberg_block_has_review":false},"product_cat":[18335],"product_tag":[],"class_list":{"0":"post-2618077","1":"product","2":"type-product","3":"status-publish","5":"product_cat-tulp","7":"first","8":"outofstock","9":"sale","10":"shipping-taxable","11":"purchasable","12":"product-type-simple"},"yoast_head":"<!-- This site is optimized with the Yoast SEO plugin v24.0 - https:\/\/yoast.com\/wordpress\/plugins\/seo\/ -->\n<title>Tulp sylvestris 6\/+ (botaaniline) 100tk v\u00f5rkkotis - Horticom<\/title>\n<meta name=\"robots\" content=\"index, follow, max-snippet:-1, max-image-preview:large, max-video-preview:-1\" \/>\n<link rel=\"canonical\" href=\"https:\/\/horticom.ee\/e-pood\/toode\/tulp-sylvestris-6-botaaniline-100tk-vorkkotis\/\" \/>\n<meta property=\"og:locale\" content=\"ru_RU\" \/>\n<meta property=\"og:type\" content=\"article\" \/>\n<meta property=\"og:title\" content=\"Tulp sylvestris 6\/+ (botaaniline) 100tk v\u00f5rkkotis - Horticom\" \/>\n<meta property=\"og:description\" content=\"Tulp sylvestris kasvab kuni 30cm k\u00f5rguseks. Sobivaim mahapanekuaeg on september, kuid olenevalt ilmastikust v\u00f5ib ka oktoobri l\u00f5pus. Lillesibulate \u00fcldine istutamise reegel on, et nad peaksid saama mulda 6 n\u00e4dalat enne pinnase p\u00fcsivat k\u00fclmumist. P\u00e4ikeseline kasvukoht ja viljakas, kerge, neutraalne kuni kergelt aluseline v\u00f5i happeline liivmuld meeldivad tulpidele enim. T\u00e4htis on ka vee hea l\u00e4bilaskvus, et [&hellip;]\" \/>\n<meta property=\"og:url\" content=\"https:\/\/horticom.ee\/e-pood\/toode\/tulp-sylvestris-6-botaaniline-100tk-vorkkotis\/\" \/>\n<meta property=\"og:site_name\" content=\"Horticom.ee\" \/>\n<meta property=\"article:publisher\" content=\"https:\/\/www.facebook.com\/horticom.ee\/e-pood\" \/>\n<meta name=\"twitter:card\" content=\"summary_large_image\" \/>\n<meta name=\"twitter:label1\" content=\"\u041f\u0440\u0438\u043c\u0435\u0440\u043d\u043e\u0435 \u0432\u0440\u0435\u043c\u044f \u0434\u043b\u044f \u0447\u0442\u0435\u043d\u0438\u044f\" \/>\n\t<meta name=\"twitter:data1\" content=\"1 \u043c\u0438\u043d\u0443\u0442\u0430\" \/>\n<script type=\"application\/ld+json\" class=\"yoast-schema-graph\">{\"@context\":\"https:\/\/schema.org\",\"@graph\":[{\"@type\":\"WebPage\",\"@id\":\"https:\/\/horticom.ee\/e-pood\/toode\/tulp-sylvestris-6-botaaniline-100tk-vorkkotis\/\",\"url\":\"https:\/\/horticom.ee\/e-pood\/toode\/tulp-sylvestris-6-botaaniline-100tk-vorkkotis\/\",\"name\":\"Tulp sylvestris 6\/+ (botaaniline) 100tk v\u00f5rkkotis - Horticom\",\"isPartOf\":{\"@id\":\"https:\/\/horticom.ee\/e-pood\/#website\"},\"datePublished\":\"2026-04-30T03:00:39+00:00\",\"dateModified\":\"2026-04-30T03:00:39+00:00\",\"breadcrumb\":{\"@id\":\"https:\/\/horticom.ee\/e-pood\/toode\/tulp-sylvestris-6-botaaniline-100tk-vorkkotis\/#breadcrumb\"},\"inLanguage\":\"ru-RU\",\"potentialAction\":[{\"@type\":\"ReadAction\",\"target\":[\"https:\/\/horticom.ee\/e-pood\/toode\/tulp-sylvestris-6-botaaniline-100tk-vorkkotis\/\"]}]},{\"@type\":\"BreadcrumbList\",\"@id\":\"https:\/\/horticom.ee\/e-pood\/toode\/tulp-sylvestris-6-botaaniline-100tk-vorkkotis\/#breadcrumb\",\"itemListElement\":[{\"@type\":\"ListItem\",\"position\":1,\"name\":\"Home\",\"item\":\"https:\/\/horticom.ee\/e-pood\/\"},{\"@type\":\"ListItem\",\"position\":2,\"name\":\"Pood\",\"item\":\"https:\/\/horticom.ee\/e-pood\/pood\/\"},{\"@type\":\"ListItem\",\"position\":3,\"name\":\"Tulp sylvestris 6\/+ (botaaniline) 100tk v\u00f5rkkotis\"}]},{\"@type\":\"WebSite\",\"@id\":\"https:\/\/horticom.ee\/e-pood\/#website\",\"url\":\"https:\/\/horticom.ee\/e-pood\/\",\"name\":\"Horticom.ee\",\"description\":\"Aianduskaubad ja kodukaubad nii harrastajatele kui professionaalidele\",\"potentialAction\":[{\"@type\":\"SearchAction\",\"target\":{\"@type\":\"EntryPoint\",\"urlTemplate\":\"https:\/\/horticom.ee\/e-pood\/?s={search_term_string}\"},\"query-input\":{\"@type\":\"PropertyValueSpecification\",\"valueRequired\":true,\"valueName\":\"search_term_string\"}}],\"inLanguage\":\"ru-RU\"}]}<\/script>\n<!-- \/ Yoast SEO plugin. -->","yoast_head_json":{"title":"Tulp sylvestris 6\/+ (botaaniline) 100tk v\u00f5rkkotis - Horticom","robots":{"index":"index","follow":"follow","max-snippet":"max-snippet:-1","max-image-preview":"max-image-preview:large","max-video-preview":"max-video-preview:-1"},"canonical":"https:\/\/horticom.ee\/e-pood\/toode\/tulp-sylvestris-6-botaaniline-100tk-vorkkotis\/","og_locale":"ru_RU","og_type":"article","og_title":"Tulp sylvestris 6\/+ (botaaniline) 100tk v\u00f5rkkotis - Horticom","og_description":"Tulp sylvestris kasvab kuni 30cm k\u00f5rguseks. Sobivaim mahapanekuaeg on september, kuid olenevalt ilmastikust v\u00f5ib ka oktoobri l\u00f5pus. Lillesibulate \u00fcldine istutamise reegel on, et nad peaksid saama mulda 6 n\u00e4dalat enne pinnase p\u00fcsivat k\u00fclmumist. P\u00e4ikeseline kasvukoht ja viljakas, kerge, neutraalne kuni kergelt aluseline v\u00f5i happeline liivmuld meeldivad tulpidele enim. T\u00e4htis on ka vee hea l\u00e4bilaskvus, et [&hellip;]","og_url":"https:\/\/horticom.ee\/e-pood\/toode\/tulp-sylvestris-6-botaaniline-100tk-vorkkotis\/","og_site_name":"Horticom.ee","article_publisher":"https:\/\/www.facebook.com\/horticom.ee\/e-pood","twitter_card":"summary_large_image","twitter_misc":{"\u041f\u0440\u0438\u043c\u0435\u0440\u043d\u043e\u0435 \u0432\u0440\u0435\u043c\u044f \u0434\u043b\u044f \u0447\u0442\u0435\u043d\u0438\u044f":"1 \u043c\u0438\u043d\u0443\u0442\u0430"},"schema":{"@context":"https:\/\/schema.org","@graph":[{"@type":"WebPage","@id":"https:\/\/horticom.ee\/e-pood\/toode\/tulp-sylvestris-6-botaaniline-100tk-vorkkotis\/","url":"https:\/\/horticom.ee\/e-pood\/toode\/tulp-sylvestris-6-botaaniline-100tk-vorkkotis\/","name":"Tulp sylvestris 6\/+ (botaaniline) 100tk v\u00f5rkkotis - Horticom","isPartOf":{"@id":"https:\/\/horticom.ee\/e-pood\/#website"},"datePublished":"2026-04-30T03:00:39+00:00","dateModified":"2026-04-30T03:00:39+00:00","breadcrumb":{"@id":"https:\/\/horticom.ee\/e-pood\/toode\/tulp-sylvestris-6-botaaniline-100tk-vorkkotis\/#breadcrumb"},"inLanguage":"ru-RU","potentialAction":[{"@type":"ReadAction","target":["https:\/\/horticom.ee\/e-pood\/toode\/tulp-sylvestris-6-botaaniline-100tk-vorkkotis\/"]}]},{"@type":"BreadcrumbList","@id":"https:\/\/horticom.ee\/e-pood\/toode\/tulp-sylvestris-6-botaaniline-100tk-vorkkotis\/#breadcrumb","itemListElement":[{"@type":"ListItem","position":1,"name":"Home","item":"https:\/\/horticom.ee\/e-pood\/"},{"@type":"ListItem","position":2,"name":"Pood","item":"https:\/\/horticom.ee\/e-pood\/pood\/"},{"@type":"ListItem","position":3,"name":"Tulp sylvestris 6\/+ (botaaniline) 100tk v\u00f5rkkotis"}]},{"@type":"WebSite","@id":"https:\/\/horticom.ee\/e-pood\/#website","url":"https:\/\/horticom.ee\/e-pood\/","name":"Horticom.ee","description":"Aianduskaubad ja kodukaubad nii harrastajatele kui professionaalidele","potentialAction":[{"@type":"SearchAction","target":{"@type":"EntryPoint","urlTemplate":"https:\/\/horticom.ee\/e-pood\/?s={search_term_string}"},"query-input":{"@type":"PropertyValueSpecification","valueRequired":true,"valueName":"search_term_string"}}],"inLanguage":"ru-RU"}]}},"_links":{"self":[{"href":"https:\/\/horticom.ee\/e-pood\/ru\/wp-json\/wp\/v2\/product\/2618077","targetHints":{"allow":["GET"]}}],"collection":[{"href":"https:\/\/horticom.ee\/e-pood\/ru\/wp-json\/wp\/v2\/product"}],"about":[{"href":"https:\/\/horticom.ee\/e-pood\/ru\/wp-json\/wp\/v2\/types\/product"}],"replies":[{"embeddable":true,"href":"https:\/\/horticom.ee\/e-pood\/ru\/wp-json\/wp\/v2\/comments?post=2618077"}],"wp:attachment":[{"href":"https:\/\/horticom.ee\/e-pood\/ru\/wp-json\/wp\/v2\/media?parent=2618077"}],"wp:term":[{"taxonomy":"product_cat","embeddable":true,"href":"https:\/\/horticom.ee\/e-pood\/ru\/wp-json\/wp\/v2\/product_cat?post=2618077"},{"taxonomy":"product_tag","embeddable":true,"href":"https:\/\/horticom.ee\/e-pood\/ru\/wp-json\/wp\/v2\/product_tag?post=2618077"}],"curies":[{"name":"wp","href":"https:\/\/api.w.org\/{rel}","templated":true}]}}