{"id":2618275,"date":"2026-04-30T06:01:08","date_gmt":"2026-04-30T03:01:08","guid":{"rendered":"https:\/\/horticom.ee\/e-pood\/toode\/puvilill-fritillaria-persica-purple-dynamite-18-20-suureoieline-10tk-vorkkotis\/"},"modified":"2026-04-30T06:01:08","modified_gmt":"2026-04-30T03:01:08","slug":"puvilill-fritillaria-persica-purple-dynamite-18-20-suureoieline-10tk-vorkkotis","status":"publish","type":"product","link":"https:\/\/horticom.ee\/e-pood\/ru\/toode\/puvilill-fritillaria-persica-purple-dynamite-18-20-suureoieline-10tk-vorkkotis\/","title":{"rendered":"P\u00fcvilill Fritillaria persica Purple Dynamite 18\/20 (suure\u00f5ieline) 10tk v\u00f5rkkotis"},"content":{"rendered":"<p>P\u00fcvilill Fritillaria persica Purple Dynamite pruunikas punaste \u00f5itega. Tugeva l\u00f5hnaga sibulad peletavat vesirotte ja hiiri?. Eelistab p\u00e4ikesepaistelist kasvukohta, vett h\u00e4sti l\u00e4bilaskvat parasniisket, viljakat mulda. Kui muld on liiga raske, panna sibula \u00fcmber j\u00e4medateralisemat liiva. Puhkeajal, suvel, peaks muld olema kuiv. Peale \u00f5itsemist, kui  lehed on t\u00e4iesti kuivanud, v\u00f5iks varred maapinna juurest \u00e4ra l\u00f5igata.  Istutada sibulad kuni 45cm s\u00fcgavusele, et nad kasvataks suuremaid sibulaid, mitte  paljuneks nii palju. M\u00e4danemise v\u00e4ltimiseks tuleks sibul panna istutusauku k\u00fclili v\u00f5i kerge kalde all. Sibulate vahekaugus istutamisel  v\u00f5iks olla  nii  20 &#8211; 30cm.<\/p>\n","protected":false},"excerpt":{"rendered":"<p>P\u00fcvilill Fritillaria persica Purple Dynamite pruunikas punaste \u00f5itega. Tugeva l\u00f5hnaga sibulad peletavat vesirotte ja hiiri?. Eelistab p\u00e4ikesepaistelist kasvukohta, vett h\u00e4sti l\u00e4bilaskvat parasniisket, viljakat mulda. Kui muld on liiga raske, panna sibula \u00fcmber j\u00e4medateralisemat liiva. Puhkeajal, suvel, peaks muld olema kuiv. Peale \u00f5itsemist, kui lehed on t\u00e4iesti kuivanud, v\u00f5iks varred maapinna juurest \u00e4ra l\u00f5igata. Istutada sibulad [&hellip;]<\/p>\n","protected":false},"featured_media":0,"comment_status":"closed","ping_status":"closed","template":"","meta":{"_themeisle_gutenberg_block_has_review":false},"product_cat":[18334],"product_tag":[],"class_list":{"0":"post-2618275","1":"product","2":"type-product","3":"status-publish","5":"product_cat-puvilill","7":"first","8":"outofstock","9":"sale","10":"shipping-taxable","11":"purchasable","12":"product-type-simple"},"yoast_head":"<!-- This site is optimized with the Yoast SEO plugin v24.0 - https:\/\/yoast.com\/wordpress\/plugins\/seo\/ -->\n<title>P\u00fcvilill Fritillaria persica Purple Dynamite 18\/20 (suure\u00f5ieline) 10tk v\u00f5rkkotis - Horticom<\/title>\n<meta name=\"robots\" content=\"index, follow, max-snippet:-1, max-image-preview:large, max-video-preview:-1\" \/>\n<link rel=\"canonical\" href=\"https:\/\/horticom.ee\/e-pood\/toode\/puvilill-fritillaria-persica-purple-dynamite-18-20-suureoieline-10tk-vorkkotis\/\" \/>\n<meta property=\"og:locale\" content=\"ru_RU\" \/>\n<meta property=\"og:type\" content=\"article\" \/>\n<meta property=\"og:title\" content=\"P\u00fcvilill Fritillaria persica Purple Dynamite 18\/20 (suure\u00f5ieline) 10tk v\u00f5rkkotis - Horticom\" \/>\n<meta property=\"og:description\" content=\"P\u00fcvilill Fritillaria persica Purple Dynamite pruunikas punaste \u00f5itega. Tugeva l\u00f5hnaga sibulad peletavat vesirotte ja hiiri?. Eelistab p\u00e4ikesepaistelist kasvukohta, vett h\u00e4sti l\u00e4bilaskvat parasniisket, viljakat mulda. Kui muld on liiga raske, panna sibula \u00fcmber j\u00e4medateralisemat liiva. Puhkeajal, suvel, peaks muld olema kuiv. Peale \u00f5itsemist, kui lehed on t\u00e4iesti kuivanud, v\u00f5iks varred maapinna juurest \u00e4ra l\u00f5igata. Istutada sibulad [&hellip;]\" \/>\n<meta property=\"og:url\" content=\"https:\/\/horticom.ee\/e-pood\/toode\/puvilill-fritillaria-persica-purple-dynamite-18-20-suureoieline-10tk-vorkkotis\/\" \/>\n<meta property=\"og:site_name\" content=\"Horticom.ee\" \/>\n<meta property=\"article:publisher\" content=\"https:\/\/www.facebook.com\/horticom.ee\/e-pood\" \/>\n<meta name=\"twitter:card\" content=\"summary_large_image\" \/>\n<meta name=\"twitter:label1\" content=\"\u041f\u0440\u0438\u043c\u0435\u0440\u043d\u043e\u0435 \u0432\u0440\u0435\u043c\u044f \u0434\u043b\u044f \u0447\u0442\u0435\u043d\u0438\u044f\" \/>\n\t<meta name=\"twitter:data1\" content=\"1 \u043c\u0438\u043d\u0443\u0442\u0430\" \/>\n<script type=\"application\/ld+json\" class=\"yoast-schema-graph\">{\"@context\":\"https:\/\/schema.org\",\"@graph\":[{\"@type\":\"WebPage\",\"@id\":\"https:\/\/horticom.ee\/e-pood\/toode\/puvilill-fritillaria-persica-purple-dynamite-18-20-suureoieline-10tk-vorkkotis\/\",\"url\":\"https:\/\/horticom.ee\/e-pood\/toode\/puvilill-fritillaria-persica-purple-dynamite-18-20-suureoieline-10tk-vorkkotis\/\",\"name\":\"P\u00fcvilill Fritillaria persica Purple Dynamite 18\/20 (suure\u00f5ieline) 10tk v\u00f5rkkotis - Horticom\",\"isPartOf\":{\"@id\":\"https:\/\/horticom.ee\/e-pood\/#website\"},\"datePublished\":\"2026-04-30T03:01:08+00:00\",\"dateModified\":\"2026-04-30T03:01:08+00:00\",\"breadcrumb\":{\"@id\":\"https:\/\/horticom.ee\/e-pood\/toode\/puvilill-fritillaria-persica-purple-dynamite-18-20-suureoieline-10tk-vorkkotis\/#breadcrumb\"},\"inLanguage\":\"ru-RU\",\"potentialAction\":[{\"@type\":\"ReadAction\",\"target\":[\"https:\/\/horticom.ee\/e-pood\/toode\/puvilill-fritillaria-persica-purple-dynamite-18-20-suureoieline-10tk-vorkkotis\/\"]}]},{\"@type\":\"BreadcrumbList\",\"@id\":\"https:\/\/horticom.ee\/e-pood\/toode\/puvilill-fritillaria-persica-purple-dynamite-18-20-suureoieline-10tk-vorkkotis\/#breadcrumb\",\"itemListElement\":[{\"@type\":\"ListItem\",\"position\":1,\"name\":\"Home\",\"item\":\"https:\/\/horticom.ee\/e-pood\/\"},{\"@type\":\"ListItem\",\"position\":2,\"name\":\"Pood\",\"item\":\"https:\/\/horticom.ee\/e-pood\/pood\/\"},{\"@type\":\"ListItem\",\"position\":3,\"name\":\"P\u00fcvilill Fritillaria persica Purple Dynamite 18\/20 (suure\u00f5ieline) 10tk v\u00f5rkkotis\"}]},{\"@type\":\"WebSite\",\"@id\":\"https:\/\/horticom.ee\/e-pood\/#website\",\"url\":\"https:\/\/horticom.ee\/e-pood\/\",\"name\":\"Horticom.ee\",\"description\":\"Aianduskaubad ja kodukaubad nii harrastajatele kui professionaalidele\",\"potentialAction\":[{\"@type\":\"SearchAction\",\"target\":{\"@type\":\"EntryPoint\",\"urlTemplate\":\"https:\/\/horticom.ee\/e-pood\/?s={search_term_string}\"},\"query-input\":{\"@type\":\"PropertyValueSpecification\",\"valueRequired\":true,\"valueName\":\"search_term_string\"}}],\"inLanguage\":\"ru-RU\"}]}<\/script>\n<!-- \/ Yoast SEO plugin. -->","yoast_head_json":{"title":"P\u00fcvilill Fritillaria persica Purple Dynamite 18\/20 (suure\u00f5ieline) 10tk v\u00f5rkkotis - Horticom","robots":{"index":"index","follow":"follow","max-snippet":"max-snippet:-1","max-image-preview":"max-image-preview:large","max-video-preview":"max-video-preview:-1"},"canonical":"https:\/\/horticom.ee\/e-pood\/toode\/puvilill-fritillaria-persica-purple-dynamite-18-20-suureoieline-10tk-vorkkotis\/","og_locale":"ru_RU","og_type":"article","og_title":"P\u00fcvilill Fritillaria persica Purple Dynamite 18\/20 (suure\u00f5ieline) 10tk v\u00f5rkkotis - Horticom","og_description":"P\u00fcvilill Fritillaria persica Purple Dynamite pruunikas punaste \u00f5itega. Tugeva l\u00f5hnaga sibulad peletavat vesirotte ja hiiri?. Eelistab p\u00e4ikesepaistelist kasvukohta, vett h\u00e4sti l\u00e4bilaskvat parasniisket, viljakat mulda. Kui muld on liiga raske, panna sibula \u00fcmber j\u00e4medateralisemat liiva. Puhkeajal, suvel, peaks muld olema kuiv. Peale \u00f5itsemist, kui lehed on t\u00e4iesti kuivanud, v\u00f5iks varred maapinna juurest \u00e4ra l\u00f5igata. Istutada sibulad [&hellip;]","og_url":"https:\/\/horticom.ee\/e-pood\/toode\/puvilill-fritillaria-persica-purple-dynamite-18-20-suureoieline-10tk-vorkkotis\/","og_site_name":"Horticom.ee","article_publisher":"https:\/\/www.facebook.com\/horticom.ee\/e-pood","twitter_card":"summary_large_image","twitter_misc":{"\u041f\u0440\u0438\u043c\u0435\u0440\u043d\u043e\u0435 \u0432\u0440\u0435\u043c\u044f \u0434\u043b\u044f \u0447\u0442\u0435\u043d\u0438\u044f":"1 \u043c\u0438\u043d\u0443\u0442\u0430"},"schema":{"@context":"https:\/\/schema.org","@graph":[{"@type":"WebPage","@id":"https:\/\/horticom.ee\/e-pood\/toode\/puvilill-fritillaria-persica-purple-dynamite-18-20-suureoieline-10tk-vorkkotis\/","url":"https:\/\/horticom.ee\/e-pood\/toode\/puvilill-fritillaria-persica-purple-dynamite-18-20-suureoieline-10tk-vorkkotis\/","name":"P\u00fcvilill Fritillaria persica Purple Dynamite 18\/20 (suure\u00f5ieline) 10tk v\u00f5rkkotis - Horticom","isPartOf":{"@id":"https:\/\/horticom.ee\/e-pood\/#website"},"datePublished":"2026-04-30T03:01:08+00:00","dateModified":"2026-04-30T03:01:08+00:00","breadcrumb":{"@id":"https:\/\/horticom.ee\/e-pood\/toode\/puvilill-fritillaria-persica-purple-dynamite-18-20-suureoieline-10tk-vorkkotis\/#breadcrumb"},"inLanguage":"ru-RU","potentialAction":[{"@type":"ReadAction","target":["https:\/\/horticom.ee\/e-pood\/toode\/puvilill-fritillaria-persica-purple-dynamite-18-20-suureoieline-10tk-vorkkotis\/"]}]},{"@type":"BreadcrumbList","@id":"https:\/\/horticom.ee\/e-pood\/toode\/puvilill-fritillaria-persica-purple-dynamite-18-20-suureoieline-10tk-vorkkotis\/#breadcrumb","itemListElement":[{"@type":"ListItem","position":1,"name":"Home","item":"https:\/\/horticom.ee\/e-pood\/"},{"@type":"ListItem","position":2,"name":"Pood","item":"https:\/\/horticom.ee\/e-pood\/pood\/"},{"@type":"ListItem","position":3,"name":"P\u00fcvilill Fritillaria persica Purple Dynamite 18\/20 (suure\u00f5ieline) 10tk v\u00f5rkkotis"}]},{"@type":"WebSite","@id":"https:\/\/horticom.ee\/e-pood\/#website","url":"https:\/\/horticom.ee\/e-pood\/","name":"Horticom.ee","description":"Aianduskaubad ja kodukaubad nii harrastajatele kui professionaalidele","potentialAction":[{"@type":"SearchAction","target":{"@type":"EntryPoint","urlTemplate":"https:\/\/horticom.ee\/e-pood\/?s={search_term_string}"},"query-input":{"@type":"PropertyValueSpecification","valueRequired":true,"valueName":"search_term_string"}}],"inLanguage":"ru-RU"}]}},"_links":{"self":[{"href":"https:\/\/horticom.ee\/e-pood\/ru\/wp-json\/wp\/v2\/product\/2618275","targetHints":{"allow":["GET"]}}],"collection":[{"href":"https:\/\/horticom.ee\/e-pood\/ru\/wp-json\/wp\/v2\/product"}],"about":[{"href":"https:\/\/horticom.ee\/e-pood\/ru\/wp-json\/wp\/v2\/types\/product"}],"replies":[{"embeddable":true,"href":"https:\/\/horticom.ee\/e-pood\/ru\/wp-json\/wp\/v2\/comments?post=2618275"}],"wp:attachment":[{"href":"https:\/\/horticom.ee\/e-pood\/ru\/wp-json\/wp\/v2\/media?parent=2618275"}],"wp:term":[{"taxonomy":"product_cat","embeddable":true,"href":"https:\/\/horticom.ee\/e-pood\/ru\/wp-json\/wp\/v2\/product_cat?post=2618275"},{"taxonomy":"product_tag","embeddable":true,"href":"https:\/\/horticom.ee\/e-pood\/ru\/wp-json\/wp\/v2\/product_tag?post=2618275"}],"curies":[{"name":"wp","href":"https:\/\/api.w.org\/{rel}","templated":true}]}}