{"id":2619999,"date":"2026-05-02T06:00:36","date_gmt":"2026-05-02T03:00:36","guid":{"rendered":"https:\/\/horticom.ee\/e-pood\/toode\/toakasvuhoone-green-basics-36-x-265-x-199cm-must\/"},"modified":"2026-05-02T06:00:36","modified_gmt":"2026-05-02T03:00:36","slug":"toakasvuhoone-green-basics-36-x-265-x-199cm-must","status":"publish","type":"product","link":"https:\/\/horticom.ee\/e-pood\/ru\/toode\/toakasvuhoone-green-basics-36-x-265-x-199cm-must\/","title":{"rendered":"Toakasvuhoone Green Basics 36 x 26,5 x 19,9cm must"},"content":{"rendered":"<p>Toakasvuhoone Green Basics komplekt on \u00fcmbert\u00f6\u00f6deldud plastikust toakasvuhoone, mis muudab seemnete k\u00fclvamise ja taimede kasvatamise eriti l\u00f5busaks. Sobib h\u00e4sti maitsetaimede kasvatamiseks k\u00f6\u00f6gis ning tomati- ja kurgitaimede ettekasvatamiseks. Komplekt sisaldab istutuskaussi, -kausi alust, l\u00e4bipaistvat kuplit ning plastikust taimesilte.<\/p>\n","protected":false},"excerpt":{"rendered":"<p>Toakasvuhoone Green Basics komplekt on \u00fcmbert\u00f6\u00f6deldud plastikust toakasvuhoone, mis muudab seemnete k\u00fclvamise ja taimede kasvatamise eriti l\u00f5busaks. Sobib h\u00e4sti maitsetaimede kasvatamiseks k\u00f6\u00f6gis ning tomati- ja kurgitaimede ettekasvatamiseks. Komplekt sisaldab istutuskaussi, -kausi alust, l\u00e4bipaistvat kuplit ning plastikust taimesilte.<\/p>\n","protected":false},"featured_media":0,"comment_status":"closed","ping_status":"closed","template":"","meta":{"_themeisle_gutenberg_block_has_review":false},"product_cat":[13375],"product_tag":[],"class_list":{"0":"post-2619999","1":"product","2":"type-product","3":"status-publish","5":"product_cat-minikasvuhooned","7":"first","8":"outofstock","9":"shipping-taxable","10":"purchasable","11":"product-type-simple"},"yoast_head":"<!-- This site is optimized with the Yoast SEO plugin v24.0 - https:\/\/yoast.com\/wordpress\/plugins\/seo\/ -->\n<title>Toakasvuhoone Green Basics 36 x 26,5 x 19,9cm must - Horticom<\/title>\n<meta name=\"robots\" content=\"index, follow, max-snippet:-1, max-image-preview:large, max-video-preview:-1\" \/>\n<link rel=\"canonical\" href=\"https:\/\/horticom.ee\/e-pood\/toode\/toakasvuhoone-green-basics-36-x-265-x-199cm-must\/\" \/>\n<meta property=\"og:locale\" content=\"ru_RU\" \/>\n<meta property=\"og:type\" content=\"article\" \/>\n<meta property=\"og:title\" content=\"Toakasvuhoone Green Basics 36 x 26,5 x 19,9cm must - Horticom\" \/>\n<meta property=\"og:description\" content=\"Toakasvuhoone Green Basics komplekt on \u00fcmbert\u00f6\u00f6deldud plastikust toakasvuhoone, mis muudab seemnete k\u00fclvamise ja taimede kasvatamise eriti l\u00f5busaks. Sobib h\u00e4sti maitsetaimede kasvatamiseks k\u00f6\u00f6gis ning tomati- ja kurgitaimede ettekasvatamiseks. Komplekt sisaldab istutuskaussi, -kausi alust, l\u00e4bipaistvat kuplit ning plastikust taimesilte.\" \/>\n<meta property=\"og:url\" content=\"https:\/\/horticom.ee\/e-pood\/toode\/toakasvuhoone-green-basics-36-x-265-x-199cm-must\/\" \/>\n<meta property=\"og:site_name\" content=\"Horticom.ee\" \/>\n<meta property=\"article:publisher\" content=\"https:\/\/www.facebook.com\/horticom.ee\/e-pood\" \/>\n<meta name=\"twitter:card\" content=\"summary_large_image\" \/>\n<script type=\"application\/ld+json\" class=\"yoast-schema-graph\">{\"@context\":\"https:\/\/schema.org\",\"@graph\":[{\"@type\":\"WebPage\",\"@id\":\"https:\/\/horticom.ee\/e-pood\/toode\/toakasvuhoone-green-basics-36-x-265-x-199cm-must\/\",\"url\":\"https:\/\/horticom.ee\/e-pood\/toode\/toakasvuhoone-green-basics-36-x-265-x-199cm-must\/\",\"name\":\"Toakasvuhoone Green Basics 36 x 26,5 x 19,9cm must - Horticom\",\"isPartOf\":{\"@id\":\"https:\/\/horticom.ee\/e-pood\/#website\"},\"datePublished\":\"2026-05-02T03:00:36+00:00\",\"dateModified\":\"2026-05-02T03:00:36+00:00\",\"breadcrumb\":{\"@id\":\"https:\/\/horticom.ee\/e-pood\/toode\/toakasvuhoone-green-basics-36-x-265-x-199cm-must\/#breadcrumb\"},\"inLanguage\":\"ru-RU\",\"potentialAction\":[{\"@type\":\"ReadAction\",\"target\":[\"https:\/\/horticom.ee\/e-pood\/toode\/toakasvuhoone-green-basics-36-x-265-x-199cm-must\/\"]}]},{\"@type\":\"BreadcrumbList\",\"@id\":\"https:\/\/horticom.ee\/e-pood\/toode\/toakasvuhoone-green-basics-36-x-265-x-199cm-must\/#breadcrumb\",\"itemListElement\":[{\"@type\":\"ListItem\",\"position\":1,\"name\":\"Home\",\"item\":\"https:\/\/horticom.ee\/e-pood\/\"},{\"@type\":\"ListItem\",\"position\":2,\"name\":\"Pood\",\"item\":\"https:\/\/horticom.ee\/e-pood\/pood\/\"},{\"@type\":\"ListItem\",\"position\":3,\"name\":\"Toakasvuhoone Green Basics 36 x 26,5 x 19,9cm must\"}]},{\"@type\":\"WebSite\",\"@id\":\"https:\/\/horticom.ee\/e-pood\/#website\",\"url\":\"https:\/\/horticom.ee\/e-pood\/\",\"name\":\"Horticom.ee\",\"description\":\"Aianduskaubad ja kodukaubad nii harrastajatele kui professionaalidele\",\"potentialAction\":[{\"@type\":\"SearchAction\",\"target\":{\"@type\":\"EntryPoint\",\"urlTemplate\":\"https:\/\/horticom.ee\/e-pood\/?s={search_term_string}\"},\"query-input\":{\"@type\":\"PropertyValueSpecification\",\"valueRequired\":true,\"valueName\":\"search_term_string\"}}],\"inLanguage\":\"ru-RU\"}]}<\/script>\n<!-- \/ Yoast SEO plugin. -->","yoast_head_json":{"title":"Toakasvuhoone Green Basics 36 x 26,5 x 19,9cm must - Horticom","robots":{"index":"index","follow":"follow","max-snippet":"max-snippet:-1","max-image-preview":"max-image-preview:large","max-video-preview":"max-video-preview:-1"},"canonical":"https:\/\/horticom.ee\/e-pood\/toode\/toakasvuhoone-green-basics-36-x-265-x-199cm-must\/","og_locale":"ru_RU","og_type":"article","og_title":"Toakasvuhoone Green Basics 36 x 26,5 x 19,9cm must - Horticom","og_description":"Toakasvuhoone Green Basics komplekt on \u00fcmbert\u00f6\u00f6deldud plastikust toakasvuhoone, mis muudab seemnete k\u00fclvamise ja taimede kasvatamise eriti l\u00f5busaks. Sobib h\u00e4sti maitsetaimede kasvatamiseks k\u00f6\u00f6gis ning tomati- ja kurgitaimede ettekasvatamiseks. Komplekt sisaldab istutuskaussi, -kausi alust, l\u00e4bipaistvat kuplit ning plastikust taimesilte.","og_url":"https:\/\/horticom.ee\/e-pood\/toode\/toakasvuhoone-green-basics-36-x-265-x-199cm-must\/","og_site_name":"Horticom.ee","article_publisher":"https:\/\/www.facebook.com\/horticom.ee\/e-pood","twitter_card":"summary_large_image","schema":{"@context":"https:\/\/schema.org","@graph":[{"@type":"WebPage","@id":"https:\/\/horticom.ee\/e-pood\/toode\/toakasvuhoone-green-basics-36-x-265-x-199cm-must\/","url":"https:\/\/horticom.ee\/e-pood\/toode\/toakasvuhoone-green-basics-36-x-265-x-199cm-must\/","name":"Toakasvuhoone Green Basics 36 x 26,5 x 19,9cm must - Horticom","isPartOf":{"@id":"https:\/\/horticom.ee\/e-pood\/#website"},"datePublished":"2026-05-02T03:00:36+00:00","dateModified":"2026-05-02T03:00:36+00:00","breadcrumb":{"@id":"https:\/\/horticom.ee\/e-pood\/toode\/toakasvuhoone-green-basics-36-x-265-x-199cm-must\/#breadcrumb"},"inLanguage":"ru-RU","potentialAction":[{"@type":"ReadAction","target":["https:\/\/horticom.ee\/e-pood\/toode\/toakasvuhoone-green-basics-36-x-265-x-199cm-must\/"]}]},{"@type":"BreadcrumbList","@id":"https:\/\/horticom.ee\/e-pood\/toode\/toakasvuhoone-green-basics-36-x-265-x-199cm-must\/#breadcrumb","itemListElement":[{"@type":"ListItem","position":1,"name":"Home","item":"https:\/\/horticom.ee\/e-pood\/"},{"@type":"ListItem","position":2,"name":"Pood","item":"https:\/\/horticom.ee\/e-pood\/pood\/"},{"@type":"ListItem","position":3,"name":"Toakasvuhoone Green Basics 36 x 26,5 x 19,9cm must"}]},{"@type":"WebSite","@id":"https:\/\/horticom.ee\/e-pood\/#website","url":"https:\/\/horticom.ee\/e-pood\/","name":"Horticom.ee","description":"Aianduskaubad ja kodukaubad nii harrastajatele kui professionaalidele","potentialAction":[{"@type":"SearchAction","target":{"@type":"EntryPoint","urlTemplate":"https:\/\/horticom.ee\/e-pood\/?s={search_term_string}"},"query-input":{"@type":"PropertyValueSpecification","valueRequired":true,"valueName":"search_term_string"}}],"inLanguage":"ru-RU"}]}},"_links":{"self":[{"href":"https:\/\/horticom.ee\/e-pood\/ru\/wp-json\/wp\/v2\/product\/2619999","targetHints":{"allow":["GET"]}}],"collection":[{"href":"https:\/\/horticom.ee\/e-pood\/ru\/wp-json\/wp\/v2\/product"}],"about":[{"href":"https:\/\/horticom.ee\/e-pood\/ru\/wp-json\/wp\/v2\/types\/product"}],"replies":[{"embeddable":true,"href":"https:\/\/horticom.ee\/e-pood\/ru\/wp-json\/wp\/v2\/comments?post=2619999"}],"wp:attachment":[{"href":"https:\/\/horticom.ee\/e-pood\/ru\/wp-json\/wp\/v2\/media?parent=2619999"}],"wp:term":[{"taxonomy":"product_cat","embeddable":true,"href":"https:\/\/horticom.ee\/e-pood\/ru\/wp-json\/wp\/v2\/product_cat?post=2619999"},{"taxonomy":"product_tag","embeddable":true,"href":"https:\/\/horticom.ee\/e-pood\/ru\/wp-json\/wp\/v2\/product_tag?post=2619999"}],"curies":[{"name":"wp","href":"https:\/\/api.w.org\/{rel}","templated":true}]}}