{"id":2622053,"date":"2026-05-04T06:00:18","date_gmt":"2026-05-04T03:00:18","guid":{"rendered":"https:\/\/horticom.ee\/e-pood\/toode\/suvelillede-muld-matogard-20l\/"},"modified":"2026-05-04T06:00:18","modified_gmt":"2026-05-04T03:00:18","slug":"suvelillede-muld-matogard-20l","status":"publish","type":"product","link":"https:\/\/horticom.ee\/e-pood\/ru\/toode\/suvelillede-muld-matogard-20l\/","title":{"rendered":"Suvelillede muld Matogard 20L"},"content":{"rendered":"<p>Suvelillede muld Matogard loodi lillede ja \u00fcrditaimede kasvatamiseks pottides, kastides, amplites ja n\u00e4iteks rippanumates. Muld sisaldab hobuses\u00f5nnikust biotehnoloogiliselt valmistatud taimetoitaineterikast komposti, turvast, aeglaselt lahustuvaid varuv\u00e4etisi, kastmisgeeli, perliiti ja savi.<\/p>\n","protected":false},"excerpt":{"rendered":"<p>Suvelillede muld Matogard loodi lillede ja \u00fcrditaimede kasvatamiseks pottides, kastides, amplites ja n\u00e4iteks rippanumates. Muld sisaldab hobuses\u00f5nnikust biotehnoloogiliselt valmistatud taimetoitaineterikast komposti, turvast, aeglaselt lahustuvaid varuv\u00e4etisi, kastmisgeeli, perliiti ja savi.<\/p>\n","protected":false},"featured_media":0,"comment_status":"closed","ping_status":"closed","template":"","meta":{"_themeisle_gutenberg_block_has_review":false},"product_cat":[13575],"product_tag":[],"class_list":{"0":"post-2622053","1":"product","2":"type-product","3":"status-publish","5":"product_cat-mullad-ja-turbad","7":"first","8":"outofstock","9":"shipping-taxable","10":"purchasable","11":"product-type-simple"},"yoast_head":"<!-- This site is optimized with the Yoast SEO plugin v24.0 - https:\/\/yoast.com\/wordpress\/plugins\/seo\/ -->\n<title>Suvelillede muld Matogard 20L - Horticom<\/title>\n<meta name=\"robots\" content=\"index, follow, max-snippet:-1, max-image-preview:large, max-video-preview:-1\" \/>\n<link rel=\"canonical\" href=\"https:\/\/horticom.ee\/e-pood\/toode\/suvelillede-muld-matogard-20l\/\" \/>\n<meta property=\"og:locale\" content=\"ru_RU\" \/>\n<meta property=\"og:type\" content=\"article\" \/>\n<meta property=\"og:title\" content=\"Suvelillede muld Matogard 20L - Horticom\" \/>\n<meta property=\"og:description\" content=\"Suvelillede muld Matogard loodi lillede ja \u00fcrditaimede kasvatamiseks pottides, kastides, amplites ja n\u00e4iteks rippanumates. Muld sisaldab hobuses\u00f5nnikust biotehnoloogiliselt valmistatud taimetoitaineterikast komposti, turvast, aeglaselt lahustuvaid varuv\u00e4etisi, kastmisgeeli, perliiti ja savi.\" \/>\n<meta property=\"og:url\" content=\"https:\/\/horticom.ee\/e-pood\/toode\/suvelillede-muld-matogard-20l\/\" \/>\n<meta property=\"og:site_name\" content=\"Horticom.ee\" \/>\n<meta property=\"article:publisher\" content=\"https:\/\/www.facebook.com\/horticom.ee\/e-pood\" \/>\n<meta name=\"twitter:card\" content=\"summary_large_image\" \/>\n<script type=\"application\/ld+json\" class=\"yoast-schema-graph\">{\"@context\":\"https:\/\/schema.org\",\"@graph\":[{\"@type\":\"WebPage\",\"@id\":\"https:\/\/horticom.ee\/e-pood\/toode\/suvelillede-muld-matogard-20l\/\",\"url\":\"https:\/\/horticom.ee\/e-pood\/toode\/suvelillede-muld-matogard-20l\/\",\"name\":\"Suvelillede muld Matogard 20L - Horticom\",\"isPartOf\":{\"@id\":\"https:\/\/horticom.ee\/e-pood\/#website\"},\"datePublished\":\"2026-05-04T03:00:18+00:00\",\"dateModified\":\"2026-05-04T03:00:18+00:00\",\"breadcrumb\":{\"@id\":\"https:\/\/horticom.ee\/e-pood\/toode\/suvelillede-muld-matogard-20l\/#breadcrumb\"},\"inLanguage\":\"ru-RU\",\"potentialAction\":[{\"@type\":\"ReadAction\",\"target\":[\"https:\/\/horticom.ee\/e-pood\/toode\/suvelillede-muld-matogard-20l\/\"]}]},{\"@type\":\"BreadcrumbList\",\"@id\":\"https:\/\/horticom.ee\/e-pood\/toode\/suvelillede-muld-matogard-20l\/#breadcrumb\",\"itemListElement\":[{\"@type\":\"ListItem\",\"position\":1,\"name\":\"Home\",\"item\":\"https:\/\/horticom.ee\/e-pood\/\"},{\"@type\":\"ListItem\",\"position\":2,\"name\":\"Pood\",\"item\":\"https:\/\/horticom.ee\/e-pood\/pood\/\"},{\"@type\":\"ListItem\",\"position\":3,\"name\":\"Suvelillede muld Matogard 20L\"}]},{\"@type\":\"WebSite\",\"@id\":\"https:\/\/horticom.ee\/e-pood\/#website\",\"url\":\"https:\/\/horticom.ee\/e-pood\/\",\"name\":\"Horticom.ee\",\"description\":\"Aianduskaubad ja kodukaubad nii harrastajatele kui professionaalidele\",\"potentialAction\":[{\"@type\":\"SearchAction\",\"target\":{\"@type\":\"EntryPoint\",\"urlTemplate\":\"https:\/\/horticom.ee\/e-pood\/?s={search_term_string}\"},\"query-input\":{\"@type\":\"PropertyValueSpecification\",\"valueRequired\":true,\"valueName\":\"search_term_string\"}}],\"inLanguage\":\"ru-RU\"}]}<\/script>\n<!-- \/ Yoast SEO plugin. -->","yoast_head_json":{"title":"Suvelillede muld Matogard 20L - Horticom","robots":{"index":"index","follow":"follow","max-snippet":"max-snippet:-1","max-image-preview":"max-image-preview:large","max-video-preview":"max-video-preview:-1"},"canonical":"https:\/\/horticom.ee\/e-pood\/toode\/suvelillede-muld-matogard-20l\/","og_locale":"ru_RU","og_type":"article","og_title":"Suvelillede muld Matogard 20L - Horticom","og_description":"Suvelillede muld Matogard loodi lillede ja \u00fcrditaimede kasvatamiseks pottides, kastides, amplites ja n\u00e4iteks rippanumates. Muld sisaldab hobuses\u00f5nnikust biotehnoloogiliselt valmistatud taimetoitaineterikast komposti, turvast, aeglaselt lahustuvaid varuv\u00e4etisi, kastmisgeeli, perliiti ja savi.","og_url":"https:\/\/horticom.ee\/e-pood\/toode\/suvelillede-muld-matogard-20l\/","og_site_name":"Horticom.ee","article_publisher":"https:\/\/www.facebook.com\/horticom.ee\/e-pood","twitter_card":"summary_large_image","schema":{"@context":"https:\/\/schema.org","@graph":[{"@type":"WebPage","@id":"https:\/\/horticom.ee\/e-pood\/toode\/suvelillede-muld-matogard-20l\/","url":"https:\/\/horticom.ee\/e-pood\/toode\/suvelillede-muld-matogard-20l\/","name":"Suvelillede muld Matogard 20L - Horticom","isPartOf":{"@id":"https:\/\/horticom.ee\/e-pood\/#website"},"datePublished":"2026-05-04T03:00:18+00:00","dateModified":"2026-05-04T03:00:18+00:00","breadcrumb":{"@id":"https:\/\/horticom.ee\/e-pood\/toode\/suvelillede-muld-matogard-20l\/#breadcrumb"},"inLanguage":"ru-RU","potentialAction":[{"@type":"ReadAction","target":["https:\/\/horticom.ee\/e-pood\/toode\/suvelillede-muld-matogard-20l\/"]}]},{"@type":"BreadcrumbList","@id":"https:\/\/horticom.ee\/e-pood\/toode\/suvelillede-muld-matogard-20l\/#breadcrumb","itemListElement":[{"@type":"ListItem","position":1,"name":"Home","item":"https:\/\/horticom.ee\/e-pood\/"},{"@type":"ListItem","position":2,"name":"Pood","item":"https:\/\/horticom.ee\/e-pood\/pood\/"},{"@type":"ListItem","position":3,"name":"Suvelillede muld Matogard 20L"}]},{"@type":"WebSite","@id":"https:\/\/horticom.ee\/e-pood\/#website","url":"https:\/\/horticom.ee\/e-pood\/","name":"Horticom.ee","description":"Aianduskaubad ja kodukaubad nii harrastajatele kui professionaalidele","potentialAction":[{"@type":"SearchAction","target":{"@type":"EntryPoint","urlTemplate":"https:\/\/horticom.ee\/e-pood\/?s={search_term_string}"},"query-input":{"@type":"PropertyValueSpecification","valueRequired":true,"valueName":"search_term_string"}}],"inLanguage":"ru-RU"}]}},"_links":{"self":[{"href":"https:\/\/horticom.ee\/e-pood\/ru\/wp-json\/wp\/v2\/product\/2622053","targetHints":{"allow":["GET"]}}],"collection":[{"href":"https:\/\/horticom.ee\/e-pood\/ru\/wp-json\/wp\/v2\/product"}],"about":[{"href":"https:\/\/horticom.ee\/e-pood\/ru\/wp-json\/wp\/v2\/types\/product"}],"replies":[{"embeddable":true,"href":"https:\/\/horticom.ee\/e-pood\/ru\/wp-json\/wp\/v2\/comments?post=2622053"}],"wp:attachment":[{"href":"https:\/\/horticom.ee\/e-pood\/ru\/wp-json\/wp\/v2\/media?parent=2622053"}],"wp:term":[{"taxonomy":"product_cat","embeddable":true,"href":"https:\/\/horticom.ee\/e-pood\/ru\/wp-json\/wp\/v2\/product_cat?post=2622053"},{"taxonomy":"product_tag","embeddable":true,"href":"https:\/\/horticom.ee\/e-pood\/ru\/wp-json\/wp\/v2\/product_tag?post=2622053"}],"curies":[{"name":"wp","href":"https:\/\/api.w.org\/{rel}","templated":true}]}}