{"id":2622096,"date":"2026-05-04T06:00:24","date_gmt":"2026-05-04T03:00:24","guid":{"rendered":"https:\/\/horticom.ee\/e-pood\/toode\/rodukasti-alus-elho-green-basics-garden-xxl-100cm-hele-terra\/"},"modified":"2026-05-04T06:00:24","modified_gmt":"2026-05-04T03:00:24","slug":"rodukasti-alus-elho-green-basics-garden-xxl-100cm-hele-terra","status":"publish","type":"product","link":"https:\/\/horticom.ee\/e-pood\/ru\/toode\/rodukasti-alus-elho-green-basics-garden-xxl-100cm-hele-terra\/","title":{"rendered":"R\u00f5dukasti alus Elho Green Basics Garden XXL 100cm hele terra"},"content":{"rendered":"<p>Istutuskausi alus Green Basics XXL kogub \u00fcleliigse vee kastmisel, t\u00e4nu millele taime juured ei m\u00e4dane \u00fcleliigsel kastmisel.  Valmistatud vastupidavast plastikust. UV- kindel ja v\u00e4rv ei tuhmu p\u00e4ikese k\u00e4es, vastupidav p\u00f5rutustele. Toote valmistamisel kasutatakse erilisi v\u00e4rvipigmente, mist\u00f5ttu toodetel p\u00fcsib originaalv\u00e4rv kauem.<\/p>\n","protected":false},"excerpt":{"rendered":"<p>Istutuskausi alus Green Basics XXL kogub \u00fcleliigse vee kastmisel, t\u00e4nu millele taime juured ei m\u00e4dane \u00fcleliigsel kastmisel. Valmistatud vastupidavast plastikust. UV- kindel ja v\u00e4rv ei tuhmu p\u00e4ikese k\u00e4es, vastupidav p\u00f5rutustele. Toote valmistamisel kasutatakse erilisi v\u00e4rvipigmente, mist\u00f5ttu toodetel p\u00fcsib originaalv\u00e4rv kauem.<\/p>\n","protected":false},"featured_media":0,"comment_status":"closed","ping_status":"closed","template":"","meta":{"_themeisle_gutenberg_block_has_review":false},"product_cat":[13443,13444],"product_tag":[],"class_list":{"0":"post-2622096","1":"product","2":"type-product","3":"status-publish","5":"product_cat-rodukasti-alused","6":"product_cat-rodukastid","8":"first","9":"outofstock","10":"shipping-taxable","11":"purchasable","12":"product-type-simple"},"yoast_head":"<!-- This site is optimized with the Yoast SEO plugin v24.0 - https:\/\/yoast.com\/wordpress\/plugins\/seo\/ -->\n<title>R\u00f5dukasti alus Elho Green Basics Garden XXL 100cm hele terra - Horticom<\/title>\n<meta name=\"robots\" content=\"index, follow, max-snippet:-1, max-image-preview:large, max-video-preview:-1\" \/>\n<link rel=\"canonical\" href=\"https:\/\/horticom.ee\/e-pood\/toode\/rodukasti-alus-elho-green-basics-garden-xxl-100cm-hele-terra\/\" \/>\n<meta property=\"og:locale\" content=\"ru_RU\" \/>\n<meta property=\"og:type\" content=\"article\" \/>\n<meta property=\"og:title\" content=\"R\u00f5dukasti alus Elho Green Basics Garden XXL 100cm hele terra - Horticom\" \/>\n<meta property=\"og:description\" content=\"Istutuskausi alus Green Basics XXL kogub \u00fcleliigse vee kastmisel, t\u00e4nu millele taime juured ei m\u00e4dane \u00fcleliigsel kastmisel. Valmistatud vastupidavast plastikust. UV- kindel ja v\u00e4rv ei tuhmu p\u00e4ikese k\u00e4es, vastupidav p\u00f5rutustele. Toote valmistamisel kasutatakse erilisi v\u00e4rvipigmente, mist\u00f5ttu toodetel p\u00fcsib originaalv\u00e4rv kauem.\" \/>\n<meta property=\"og:url\" content=\"https:\/\/horticom.ee\/e-pood\/toode\/rodukasti-alus-elho-green-basics-garden-xxl-100cm-hele-terra\/\" \/>\n<meta property=\"og:site_name\" content=\"Horticom.ee\" \/>\n<meta property=\"article:publisher\" content=\"https:\/\/www.facebook.com\/horticom.ee\/e-pood\" \/>\n<meta name=\"twitter:card\" content=\"summary_large_image\" \/>\n<script type=\"application\/ld+json\" class=\"yoast-schema-graph\">{\"@context\":\"https:\/\/schema.org\",\"@graph\":[{\"@type\":\"WebPage\",\"@id\":\"https:\/\/horticom.ee\/e-pood\/toode\/rodukasti-alus-elho-green-basics-garden-xxl-100cm-hele-terra\/\",\"url\":\"https:\/\/horticom.ee\/e-pood\/toode\/rodukasti-alus-elho-green-basics-garden-xxl-100cm-hele-terra\/\",\"name\":\"R\u00f5dukasti alus Elho Green Basics Garden XXL 100cm hele terra - Horticom\",\"isPartOf\":{\"@id\":\"https:\/\/horticom.ee\/e-pood\/#website\"},\"datePublished\":\"2026-05-04T03:00:24+00:00\",\"dateModified\":\"2026-05-04T03:00:24+00:00\",\"breadcrumb\":{\"@id\":\"https:\/\/horticom.ee\/e-pood\/toode\/rodukasti-alus-elho-green-basics-garden-xxl-100cm-hele-terra\/#breadcrumb\"},\"inLanguage\":\"ru-RU\",\"potentialAction\":[{\"@type\":\"ReadAction\",\"target\":[\"https:\/\/horticom.ee\/e-pood\/toode\/rodukasti-alus-elho-green-basics-garden-xxl-100cm-hele-terra\/\"]}]},{\"@type\":\"BreadcrumbList\",\"@id\":\"https:\/\/horticom.ee\/e-pood\/toode\/rodukasti-alus-elho-green-basics-garden-xxl-100cm-hele-terra\/#breadcrumb\",\"itemListElement\":[{\"@type\":\"ListItem\",\"position\":1,\"name\":\"Home\",\"item\":\"https:\/\/horticom.ee\/e-pood\/\"},{\"@type\":\"ListItem\",\"position\":2,\"name\":\"Pood\",\"item\":\"https:\/\/horticom.ee\/e-pood\/pood\/\"},{\"@type\":\"ListItem\",\"position\":3,\"name\":\"R\u00f5dukasti alus Elho Green Basics Garden XXL 100cm hele terra\"}]},{\"@type\":\"WebSite\",\"@id\":\"https:\/\/horticom.ee\/e-pood\/#website\",\"url\":\"https:\/\/horticom.ee\/e-pood\/\",\"name\":\"Horticom.ee\",\"description\":\"Aianduskaubad ja kodukaubad nii harrastajatele kui professionaalidele\",\"potentialAction\":[{\"@type\":\"SearchAction\",\"target\":{\"@type\":\"EntryPoint\",\"urlTemplate\":\"https:\/\/horticom.ee\/e-pood\/?s={search_term_string}\"},\"query-input\":{\"@type\":\"PropertyValueSpecification\",\"valueRequired\":true,\"valueName\":\"search_term_string\"}}],\"inLanguage\":\"ru-RU\"}]}<\/script>\n<!-- \/ Yoast SEO plugin. -->","yoast_head_json":{"title":"R\u00f5dukasti alus Elho Green Basics Garden XXL 100cm hele terra - Horticom","robots":{"index":"index","follow":"follow","max-snippet":"max-snippet:-1","max-image-preview":"max-image-preview:large","max-video-preview":"max-video-preview:-1"},"canonical":"https:\/\/horticom.ee\/e-pood\/toode\/rodukasti-alus-elho-green-basics-garden-xxl-100cm-hele-terra\/","og_locale":"ru_RU","og_type":"article","og_title":"R\u00f5dukasti alus Elho Green Basics Garden XXL 100cm hele terra - Horticom","og_description":"Istutuskausi alus Green Basics XXL kogub \u00fcleliigse vee kastmisel, t\u00e4nu millele taime juured ei m\u00e4dane \u00fcleliigsel kastmisel. Valmistatud vastupidavast plastikust. UV- kindel ja v\u00e4rv ei tuhmu p\u00e4ikese k\u00e4es, vastupidav p\u00f5rutustele. Toote valmistamisel kasutatakse erilisi v\u00e4rvipigmente, mist\u00f5ttu toodetel p\u00fcsib originaalv\u00e4rv kauem.","og_url":"https:\/\/horticom.ee\/e-pood\/toode\/rodukasti-alus-elho-green-basics-garden-xxl-100cm-hele-terra\/","og_site_name":"Horticom.ee","article_publisher":"https:\/\/www.facebook.com\/horticom.ee\/e-pood","twitter_card":"summary_large_image","schema":{"@context":"https:\/\/schema.org","@graph":[{"@type":"WebPage","@id":"https:\/\/horticom.ee\/e-pood\/toode\/rodukasti-alus-elho-green-basics-garden-xxl-100cm-hele-terra\/","url":"https:\/\/horticom.ee\/e-pood\/toode\/rodukasti-alus-elho-green-basics-garden-xxl-100cm-hele-terra\/","name":"R\u00f5dukasti alus Elho Green Basics Garden XXL 100cm hele terra - Horticom","isPartOf":{"@id":"https:\/\/horticom.ee\/e-pood\/#website"},"datePublished":"2026-05-04T03:00:24+00:00","dateModified":"2026-05-04T03:00:24+00:00","breadcrumb":{"@id":"https:\/\/horticom.ee\/e-pood\/toode\/rodukasti-alus-elho-green-basics-garden-xxl-100cm-hele-terra\/#breadcrumb"},"inLanguage":"ru-RU","potentialAction":[{"@type":"ReadAction","target":["https:\/\/horticom.ee\/e-pood\/toode\/rodukasti-alus-elho-green-basics-garden-xxl-100cm-hele-terra\/"]}]},{"@type":"BreadcrumbList","@id":"https:\/\/horticom.ee\/e-pood\/toode\/rodukasti-alus-elho-green-basics-garden-xxl-100cm-hele-terra\/#breadcrumb","itemListElement":[{"@type":"ListItem","position":1,"name":"Home","item":"https:\/\/horticom.ee\/e-pood\/"},{"@type":"ListItem","position":2,"name":"Pood","item":"https:\/\/horticom.ee\/e-pood\/pood\/"},{"@type":"ListItem","position":3,"name":"R\u00f5dukasti alus Elho Green Basics Garden XXL 100cm hele terra"}]},{"@type":"WebSite","@id":"https:\/\/horticom.ee\/e-pood\/#website","url":"https:\/\/horticom.ee\/e-pood\/","name":"Horticom.ee","description":"Aianduskaubad ja kodukaubad nii harrastajatele kui professionaalidele","potentialAction":[{"@type":"SearchAction","target":{"@type":"EntryPoint","urlTemplate":"https:\/\/horticom.ee\/e-pood\/?s={search_term_string}"},"query-input":{"@type":"PropertyValueSpecification","valueRequired":true,"valueName":"search_term_string"}}],"inLanguage":"ru-RU"}]}},"_links":{"self":[{"href":"https:\/\/horticom.ee\/e-pood\/ru\/wp-json\/wp\/v2\/product\/2622096","targetHints":{"allow":["GET"]}}],"collection":[{"href":"https:\/\/horticom.ee\/e-pood\/ru\/wp-json\/wp\/v2\/product"}],"about":[{"href":"https:\/\/horticom.ee\/e-pood\/ru\/wp-json\/wp\/v2\/types\/product"}],"replies":[{"embeddable":true,"href":"https:\/\/horticom.ee\/e-pood\/ru\/wp-json\/wp\/v2\/comments?post=2622096"}],"wp:attachment":[{"href":"https:\/\/horticom.ee\/e-pood\/ru\/wp-json\/wp\/v2\/media?parent=2622096"}],"wp:term":[{"taxonomy":"product_cat","embeddable":true,"href":"https:\/\/horticom.ee\/e-pood\/ru\/wp-json\/wp\/v2\/product_cat?post=2622096"},{"taxonomy":"product_tag","embeddable":true,"href":"https:\/\/horticom.ee\/e-pood\/ru\/wp-json\/wp\/v2\/product_tag?post=2622096"}],"curies":[{"name":"wp","href":"https:\/\/api.w.org\/{rel}","templated":true}]}}