{"id":2622114,"date":"2026-05-04T06:00:27","date_gmt":"2026-05-04T03:00:27","guid":{"rendered":"https:\/\/horticom.ee\/e-pood\/toode\/rodukast-lechuza-trio-cottage-40-tumepruun\/"},"modified":"2026-05-04T06:00:27","modified_gmt":"2026-05-04T03:00:27","slug":"rodukast-lechuza-trio-cottage-40-tumepruun","status":"publish","type":"product","link":"https:\/\/horticom.ee\/e-pood\/ru\/toode\/rodukast-lechuza-trio-cottage-40-tumepruun\/","title":{"rendered":"R\u00f5dukast Lechuza Trio Cottage 40 tumepruun"},"content":{"rendered":"<p>R\u00f5dukast Trio Cottage on plastikust k\u00f5rge kvaliteediline Saksamaa toodang. Potil on ka sisemine osa, millele on integreeritud automaatne kastmiss\u00fcsteem, mis annab taimele \u00f5ige koguse vett ja v\u00e4etist ning patendeeritud k\u00e4e sangad. Te ei pea kartma taimede \u00fclekastmise p\u00e4rast, sest sisemise poti drenaa\u017e neelab liigse vee ja annab selle juurtele, kui nad seda k\u00f5ige rohem vajavad. Potid valmistatud \u00fclitugevast plastikust, mis on p\u00f5rutus-, UV kiirguse ja temperatuuri muutuste kindlad, mist\u00f5ttu on ideaalsed meie kliimatingimustes. Pottide v\u00e4rv ei tuhmu ja on vastupidavad ka v\u00e4ga madalatel temperatuuridel. Ei ole vaja \u00fcmber istutada, lihtsalt pane koos istutuspotiga taim Lechuza potti ja valmis. Sisepotid on kokkuklapitavate k\u00e4epidemetega mis on patendeeritud. R\u00f5dukast on vahedega eraldatud.<\/p>\n","protected":false},"excerpt":{"rendered":"<p>R\u00f5dukast Trio Cottage on plastikust k\u00f5rge kvaliteediline Saksamaa toodang. Potil on ka sisemine osa, millele on integreeritud automaatne kastmiss\u00fcsteem, mis annab taimele \u00f5ige koguse vett ja v\u00e4etist ning patendeeritud k\u00e4e sangad. Te ei pea kartma taimede \u00fclekastmise p\u00e4rast, sest sisemise poti drenaa\u017e neelab liigse vee ja annab selle juurtele, kui nad seda k\u00f5ige rohem vajavad. [&hellip;]<\/p>\n","protected":false},"featured_media":0,"comment_status":"closed","ping_status":"closed","template":"","meta":{"_themeisle_gutenberg_block_has_review":false},"product_cat":[13444],"product_tag":[],"class_list":{"0":"post-2622114","1":"product","2":"type-product","3":"status-publish","5":"product_cat-rodukastid","7":"first","8":"outofstock","9":"shipping-taxable","10":"purchasable","11":"product-type-simple"},"yoast_head":"<!-- This site is optimized with the Yoast SEO plugin v24.0 - https:\/\/yoast.com\/wordpress\/plugins\/seo\/ -->\n<title>R\u00f5dukast Lechuza Trio Cottage 40 tumepruun - Horticom<\/title>\n<meta name=\"robots\" content=\"index, follow, max-snippet:-1, max-image-preview:large, max-video-preview:-1\" \/>\n<link rel=\"canonical\" href=\"https:\/\/horticom.ee\/e-pood\/toode\/rodukast-lechuza-trio-cottage-40-tumepruun\/\" \/>\n<meta property=\"og:locale\" content=\"ru_RU\" \/>\n<meta property=\"og:type\" content=\"article\" \/>\n<meta property=\"og:title\" content=\"R\u00f5dukast Lechuza Trio Cottage 40 tumepruun - Horticom\" \/>\n<meta property=\"og:description\" content=\"R\u00f5dukast Trio Cottage on plastikust k\u00f5rge kvaliteediline Saksamaa toodang. Potil on ka sisemine osa, millele on integreeritud automaatne kastmiss\u00fcsteem, mis annab taimele \u00f5ige koguse vett ja v\u00e4etist ning patendeeritud k\u00e4e sangad. Te ei pea kartma taimede \u00fclekastmise p\u00e4rast, sest sisemise poti drenaa\u017e neelab liigse vee ja annab selle juurtele, kui nad seda k\u00f5ige rohem vajavad. [&hellip;]\" \/>\n<meta property=\"og:url\" content=\"https:\/\/horticom.ee\/e-pood\/toode\/rodukast-lechuza-trio-cottage-40-tumepruun\/\" \/>\n<meta property=\"og:site_name\" content=\"Horticom.ee\" \/>\n<meta property=\"article:publisher\" content=\"https:\/\/www.facebook.com\/horticom.ee\/e-pood\" \/>\n<meta name=\"twitter:card\" content=\"summary_large_image\" \/>\n<meta name=\"twitter:label1\" content=\"\u041f\u0440\u0438\u043c\u0435\u0440\u043d\u043e\u0435 \u0432\u0440\u0435\u043c\u044f \u0434\u043b\u044f \u0447\u0442\u0435\u043d\u0438\u044f\" \/>\n\t<meta name=\"twitter:data1\" content=\"1 \u043c\u0438\u043d\u0443\u0442\u0430\" \/>\n<script type=\"application\/ld+json\" class=\"yoast-schema-graph\">{\"@context\":\"https:\/\/schema.org\",\"@graph\":[{\"@type\":\"WebPage\",\"@id\":\"https:\/\/horticom.ee\/e-pood\/toode\/rodukast-lechuza-trio-cottage-40-tumepruun\/\",\"url\":\"https:\/\/horticom.ee\/e-pood\/toode\/rodukast-lechuza-trio-cottage-40-tumepruun\/\",\"name\":\"R\u00f5dukast Lechuza Trio Cottage 40 tumepruun - Horticom\",\"isPartOf\":{\"@id\":\"https:\/\/horticom.ee\/e-pood\/#website\"},\"datePublished\":\"2026-05-04T03:00:27+00:00\",\"dateModified\":\"2026-05-04T03:00:27+00:00\",\"breadcrumb\":{\"@id\":\"https:\/\/horticom.ee\/e-pood\/toode\/rodukast-lechuza-trio-cottage-40-tumepruun\/#breadcrumb\"},\"inLanguage\":\"ru-RU\",\"potentialAction\":[{\"@type\":\"ReadAction\",\"target\":[\"https:\/\/horticom.ee\/e-pood\/toode\/rodukast-lechuza-trio-cottage-40-tumepruun\/\"]}]},{\"@type\":\"BreadcrumbList\",\"@id\":\"https:\/\/horticom.ee\/e-pood\/toode\/rodukast-lechuza-trio-cottage-40-tumepruun\/#breadcrumb\",\"itemListElement\":[{\"@type\":\"ListItem\",\"position\":1,\"name\":\"Home\",\"item\":\"https:\/\/horticom.ee\/e-pood\/\"},{\"@type\":\"ListItem\",\"position\":2,\"name\":\"Pood\",\"item\":\"https:\/\/horticom.ee\/e-pood\/pood\/\"},{\"@type\":\"ListItem\",\"position\":3,\"name\":\"R\u00f5dukast Lechuza Trio Cottage 40 tumepruun\"}]},{\"@type\":\"WebSite\",\"@id\":\"https:\/\/horticom.ee\/e-pood\/#website\",\"url\":\"https:\/\/horticom.ee\/e-pood\/\",\"name\":\"Horticom.ee\",\"description\":\"Aianduskaubad ja kodukaubad nii harrastajatele kui professionaalidele\",\"potentialAction\":[{\"@type\":\"SearchAction\",\"target\":{\"@type\":\"EntryPoint\",\"urlTemplate\":\"https:\/\/horticom.ee\/e-pood\/?s={search_term_string}\"},\"query-input\":{\"@type\":\"PropertyValueSpecification\",\"valueRequired\":true,\"valueName\":\"search_term_string\"}}],\"inLanguage\":\"ru-RU\"}]}<\/script>\n<!-- \/ Yoast SEO plugin. -->","yoast_head_json":{"title":"R\u00f5dukast Lechuza Trio Cottage 40 tumepruun - Horticom","robots":{"index":"index","follow":"follow","max-snippet":"max-snippet:-1","max-image-preview":"max-image-preview:large","max-video-preview":"max-video-preview:-1"},"canonical":"https:\/\/horticom.ee\/e-pood\/toode\/rodukast-lechuza-trio-cottage-40-tumepruun\/","og_locale":"ru_RU","og_type":"article","og_title":"R\u00f5dukast Lechuza Trio Cottage 40 tumepruun - Horticom","og_description":"R\u00f5dukast Trio Cottage on plastikust k\u00f5rge kvaliteediline Saksamaa toodang. Potil on ka sisemine osa, millele on integreeritud automaatne kastmiss\u00fcsteem, mis annab taimele \u00f5ige koguse vett ja v\u00e4etist ning patendeeritud k\u00e4e sangad. Te ei pea kartma taimede \u00fclekastmise p\u00e4rast, sest sisemise poti drenaa\u017e neelab liigse vee ja annab selle juurtele, kui nad seda k\u00f5ige rohem vajavad. [&hellip;]","og_url":"https:\/\/horticom.ee\/e-pood\/toode\/rodukast-lechuza-trio-cottage-40-tumepruun\/","og_site_name":"Horticom.ee","article_publisher":"https:\/\/www.facebook.com\/horticom.ee\/e-pood","twitter_card":"summary_large_image","twitter_misc":{"\u041f\u0440\u0438\u043c\u0435\u0440\u043d\u043e\u0435 \u0432\u0440\u0435\u043c\u044f \u0434\u043b\u044f \u0447\u0442\u0435\u043d\u0438\u044f":"1 \u043c\u0438\u043d\u0443\u0442\u0430"},"schema":{"@context":"https:\/\/schema.org","@graph":[{"@type":"WebPage","@id":"https:\/\/horticom.ee\/e-pood\/toode\/rodukast-lechuza-trio-cottage-40-tumepruun\/","url":"https:\/\/horticom.ee\/e-pood\/toode\/rodukast-lechuza-trio-cottage-40-tumepruun\/","name":"R\u00f5dukast Lechuza Trio Cottage 40 tumepruun - Horticom","isPartOf":{"@id":"https:\/\/horticom.ee\/e-pood\/#website"},"datePublished":"2026-05-04T03:00:27+00:00","dateModified":"2026-05-04T03:00:27+00:00","breadcrumb":{"@id":"https:\/\/horticom.ee\/e-pood\/toode\/rodukast-lechuza-trio-cottage-40-tumepruun\/#breadcrumb"},"inLanguage":"ru-RU","potentialAction":[{"@type":"ReadAction","target":["https:\/\/horticom.ee\/e-pood\/toode\/rodukast-lechuza-trio-cottage-40-tumepruun\/"]}]},{"@type":"BreadcrumbList","@id":"https:\/\/horticom.ee\/e-pood\/toode\/rodukast-lechuza-trio-cottage-40-tumepruun\/#breadcrumb","itemListElement":[{"@type":"ListItem","position":1,"name":"Home","item":"https:\/\/horticom.ee\/e-pood\/"},{"@type":"ListItem","position":2,"name":"Pood","item":"https:\/\/horticom.ee\/e-pood\/pood\/"},{"@type":"ListItem","position":3,"name":"R\u00f5dukast Lechuza Trio Cottage 40 tumepruun"}]},{"@type":"WebSite","@id":"https:\/\/horticom.ee\/e-pood\/#website","url":"https:\/\/horticom.ee\/e-pood\/","name":"Horticom.ee","description":"Aianduskaubad ja kodukaubad nii harrastajatele kui professionaalidele","potentialAction":[{"@type":"SearchAction","target":{"@type":"EntryPoint","urlTemplate":"https:\/\/horticom.ee\/e-pood\/?s={search_term_string}"},"query-input":{"@type":"PropertyValueSpecification","valueRequired":true,"valueName":"search_term_string"}}],"inLanguage":"ru-RU"}]}},"_links":{"self":[{"href":"https:\/\/horticom.ee\/e-pood\/ru\/wp-json\/wp\/v2\/product\/2622114","targetHints":{"allow":["GET"]}}],"collection":[{"href":"https:\/\/horticom.ee\/e-pood\/ru\/wp-json\/wp\/v2\/product"}],"about":[{"href":"https:\/\/horticom.ee\/e-pood\/ru\/wp-json\/wp\/v2\/types\/product"}],"replies":[{"embeddable":true,"href":"https:\/\/horticom.ee\/e-pood\/ru\/wp-json\/wp\/v2\/comments?post=2622114"}],"wp:attachment":[{"href":"https:\/\/horticom.ee\/e-pood\/ru\/wp-json\/wp\/v2\/media?parent=2622114"}],"wp:term":[{"taxonomy":"product_cat","embeddable":true,"href":"https:\/\/horticom.ee\/e-pood\/ru\/wp-json\/wp\/v2\/product_cat?post=2622114"},{"taxonomy":"product_tag","embeddable":true,"href":"https:\/\/horticom.ee\/e-pood\/ru\/wp-json\/wp\/v2\/product_tag?post=2622114"}],"curies":[{"name":"wp","href":"https:\/\/api.w.org\/{rel}","templated":true}]}}