{"id":349985,"date":"2022-02-11T00:00:41","date_gmt":"2022-02-10T22:00:41","guid":{"rendered":"https:\/\/aednik24.ee\/toode\/lillemuld-rodu-ja-toataimedele-compo-40l\/"},"modified":"2026-04-09T03:11:39","modified_gmt":"2026-04-09T00:11:39","slug":"lillemuld-rodu-ja-toataimedele-compo-40l","status":"publish","type":"product","link":"https:\/\/horticom.ee\/e-pood\/ru\/toode\/lillemuld-rodu-ja-toataimedele-compo-40l\/","title":{"rendered":"Lillemuld r\u00f5du- ja toataimedele Compo 40L"},"content":{"rendered":"<p>Kasutamiseks valmis k\u00f5rge kvaliteediga lillemuld, mis on ideaalne toataimede, r\u00f5du- ja aiataimede esmaseks v\u00f5i \u00fcmberistutamiseks. Varustab taime toitainetega kuni 8 n\u00e4dalat. Sisaldab PERLIITi &#8211; kerget ja \u00f5hulise struktuuriga looduslikku vulkaanilist kivimit, mis optimeerib vee ja \u00f5hutingimusi, tagades taime juurestiku paremat arenemist. Spetsiaalne juurutuspulber kaitseb taime seenhaiguste eest, aktiveerib ja kiirendab juurte kasvamist, parandab mulla struktuuri.<\/p>\n","protected":false},"excerpt":{"rendered":"<p>Kasutamiseks valmis k\u00f5rge kvaliteediga lillemuld, mis on ideaalne toataimede, r\u00f5du- ja aiataimede esmaseks v\u00f5i \u00fcmberistutamiseks. Varustab taime toitainetega kuni 8 n\u00e4dalat. Sisaldab PERLIITi &#8211; kerget ja \u00f5hulise struktuuriga looduslikku vulkaanilist kivimit, mis optimeerib vee ja \u00f5hutingimusi, tagades taime juurestiku paremat arenemist. Spetsiaalne juurutuspulber kaitseb taime seenhaiguste eest, aktiveerib ja kiirendab juurte kasvamist, parandab mulla struktuuri.<\/p>\n","protected":false},"featured_media":350568,"comment_status":"closed","ping_status":"closed","template":"","meta":{"_themeisle_gutenberg_block_has_review":false},"product_cat":[13575],"product_tag":[],"class_list":{"0":"post-349985","1":"product","2":"type-product","3":"status-publish","4":"has-post-thumbnail","6":"product_cat-mullad-ja-turbad","8":"first","9":"instock","10":"shipping-taxable","11":"purchasable","12":"product-type-simple"},"yoast_head":"<!-- This site is optimized with the Yoast SEO plugin v24.0 - https:\/\/yoast.com\/wordpress\/plugins\/seo\/ -->\n<title>Lillemuld r\u00f5du- ja toataimedele Compo 40L - Horticom<\/title>\n<meta name=\"robots\" content=\"index, follow, max-snippet:-1, max-image-preview:large, max-video-preview:-1\" \/>\n<link rel=\"canonical\" href=\"https:\/\/horticom.ee\/e-pood\/toode\/lillemuld-rodu-ja-toataimedele-compo-40l\/\" \/>\n<meta property=\"og:locale\" content=\"ru_RU\" \/>\n<meta property=\"og:type\" content=\"article\" \/>\n<meta property=\"og:title\" content=\"Lillemuld r\u00f5du- ja toataimedele Compo 40L - Horticom\" \/>\n<meta property=\"og:description\" content=\"Kasutamiseks valmis k\u00f5rge kvaliteediga lillemuld, mis on ideaalne toataimede, r\u00f5du- ja aiataimede esmaseks v\u00f5i \u00fcmberistutamiseks. Varustab taime toitainetega kuni 8 n\u00e4dalat. Sisaldab PERLIITi &#8211; kerget ja \u00f5hulise struktuuriga looduslikku vulkaanilist kivimit, mis optimeerib vee ja \u00f5hutingimusi, tagades taime juurestiku paremat arenemist. Spetsiaalne juurutuspulber kaitseb taime seenhaiguste eest, aktiveerib ja kiirendab juurte kasvamist, parandab mulla struktuuri.\" \/>\n<meta property=\"og:url\" content=\"https:\/\/horticom.ee\/e-pood\/toode\/lillemuld-rodu-ja-toataimedele-compo-40l\/\" \/>\n<meta property=\"og:site_name\" content=\"Horticom.ee\" \/>\n<meta property=\"article:publisher\" content=\"https:\/\/www.facebook.com\/horticom.ee\/e-pood\" \/>\n<meta property=\"article:modified_time\" content=\"2026-04-09T00:11:39+00:00\" \/>\n<meta property=\"og:image\" content=\"https:\/\/horticom.ee\/e-pood\/wp-content\/uploads\/importedmedia\/product-349985_0-670211.jpg\" \/>\n\t<meta property=\"og:image:width\" content=\"1000\" \/>\n\t<meta property=\"og:image:height\" content=\"1414\" \/>\n\t<meta property=\"og:image:type\" content=\"image\/jpeg\" \/>\n<meta name=\"twitter:card\" content=\"summary_large_image\" \/>\n<script type=\"application\/ld+json\" class=\"yoast-schema-graph\">{\"@context\":\"https:\/\/schema.org\",\"@graph\":[{\"@type\":\"WebPage\",\"@id\":\"https:\/\/horticom.ee\/e-pood\/toode\/lillemuld-rodu-ja-toataimedele-compo-40l\/\",\"url\":\"https:\/\/horticom.ee\/e-pood\/toode\/lillemuld-rodu-ja-toataimedele-compo-40l\/\",\"name\":\"Lillemuld r\u00f5du- ja toataimedele Compo 40L - Horticom\",\"isPartOf\":{\"@id\":\"https:\/\/horticom.ee\/e-pood\/#website\"},\"primaryImageOfPage\":{\"@id\":\"https:\/\/horticom.ee\/e-pood\/toode\/lillemuld-rodu-ja-toataimedele-compo-40l\/#primaryimage\"},\"image\":{\"@id\":\"https:\/\/horticom.ee\/e-pood\/toode\/lillemuld-rodu-ja-toataimedele-compo-40l\/#primaryimage\"},\"thumbnailUrl\":\"https:\/\/horticom.ee\/e-pood\/wp-content\/uploads\/importedmedia\/product-349985_0-670211.jpg\",\"datePublished\":\"2022-02-10T22:00:41+00:00\",\"dateModified\":\"2026-04-09T00:11:39+00:00\",\"breadcrumb\":{\"@id\":\"https:\/\/horticom.ee\/e-pood\/toode\/lillemuld-rodu-ja-toataimedele-compo-40l\/#breadcrumb\"},\"inLanguage\":\"ru-RU\",\"potentialAction\":[{\"@type\":\"ReadAction\",\"target\":[\"https:\/\/horticom.ee\/e-pood\/toode\/lillemuld-rodu-ja-toataimedele-compo-40l\/\"]}]},{\"@type\":\"ImageObject\",\"inLanguage\":\"ru-RU\",\"@id\":\"https:\/\/horticom.ee\/e-pood\/toode\/lillemuld-rodu-ja-toataimedele-compo-40l\/#primaryimage\",\"url\":\"https:\/\/horticom.ee\/e-pood\/wp-content\/uploads\/importedmedia\/product-349985_0-670211.jpg\",\"contentUrl\":\"https:\/\/horticom.ee\/e-pood\/wp-content\/uploads\/importedmedia\/product-349985_0-670211.jpg\",\"width\":1000,\"height\":1414},{\"@type\":\"BreadcrumbList\",\"@id\":\"https:\/\/horticom.ee\/e-pood\/toode\/lillemuld-rodu-ja-toataimedele-compo-40l\/#breadcrumb\",\"itemListElement\":[{\"@type\":\"ListItem\",\"position\":1,\"name\":\"Home\",\"item\":\"https:\/\/horticom.ee\/e-pood\/\"},{\"@type\":\"ListItem\",\"position\":2,\"name\":\"Pood\",\"item\":\"https:\/\/horticom.ee\/e-pood\/pood\/\"},{\"@type\":\"ListItem\",\"position\":3,\"name\":\"Lillemuld r\u00f5du- ja toataimedele Compo 40L\"}]},{\"@type\":\"WebSite\",\"@id\":\"https:\/\/horticom.ee\/e-pood\/#website\",\"url\":\"https:\/\/horticom.ee\/e-pood\/\",\"name\":\"Horticom.ee\",\"description\":\"Aianduskaubad ja kodukaubad nii harrastajatele kui professionaalidele\",\"potentialAction\":[{\"@type\":\"SearchAction\",\"target\":{\"@type\":\"EntryPoint\",\"urlTemplate\":\"https:\/\/horticom.ee\/e-pood\/?s={search_term_string}\"},\"query-input\":{\"@type\":\"PropertyValueSpecification\",\"valueRequired\":true,\"valueName\":\"search_term_string\"}}],\"inLanguage\":\"ru-RU\"}]}<\/script>\n<!-- \/ Yoast SEO plugin. -->","yoast_head_json":{"title":"Lillemuld r\u00f5du- ja toataimedele Compo 40L - Horticom","robots":{"index":"index","follow":"follow","max-snippet":"max-snippet:-1","max-image-preview":"max-image-preview:large","max-video-preview":"max-video-preview:-1"},"canonical":"https:\/\/horticom.ee\/e-pood\/toode\/lillemuld-rodu-ja-toataimedele-compo-40l\/","og_locale":"ru_RU","og_type":"article","og_title":"Lillemuld r\u00f5du- ja toataimedele Compo 40L - Horticom","og_description":"Kasutamiseks valmis k\u00f5rge kvaliteediga lillemuld, mis on ideaalne toataimede, r\u00f5du- ja aiataimede esmaseks v\u00f5i \u00fcmberistutamiseks. Varustab taime toitainetega kuni 8 n\u00e4dalat. Sisaldab PERLIITi &#8211; kerget ja \u00f5hulise struktuuriga looduslikku vulkaanilist kivimit, mis optimeerib vee ja \u00f5hutingimusi, tagades taime juurestiku paremat arenemist. Spetsiaalne juurutuspulber kaitseb taime seenhaiguste eest, aktiveerib ja kiirendab juurte kasvamist, parandab mulla struktuuri.","og_url":"https:\/\/horticom.ee\/e-pood\/toode\/lillemuld-rodu-ja-toataimedele-compo-40l\/","og_site_name":"Horticom.ee","article_publisher":"https:\/\/www.facebook.com\/horticom.ee\/e-pood","article_modified_time":"2026-04-09T00:11:39+00:00","og_image":[{"width":1000,"height":1414,"url":"https:\/\/horticom.ee\/e-pood\/wp-content\/uploads\/importedmedia\/product-349985_0-670211.jpg","type":"image\/jpeg"}],"twitter_card":"summary_large_image","schema":{"@context":"https:\/\/schema.org","@graph":[{"@type":"WebPage","@id":"https:\/\/horticom.ee\/e-pood\/toode\/lillemuld-rodu-ja-toataimedele-compo-40l\/","url":"https:\/\/horticom.ee\/e-pood\/toode\/lillemuld-rodu-ja-toataimedele-compo-40l\/","name":"Lillemuld r\u00f5du- ja toataimedele Compo 40L - Horticom","isPartOf":{"@id":"https:\/\/horticom.ee\/e-pood\/#website"},"primaryImageOfPage":{"@id":"https:\/\/horticom.ee\/e-pood\/toode\/lillemuld-rodu-ja-toataimedele-compo-40l\/#primaryimage"},"image":{"@id":"https:\/\/horticom.ee\/e-pood\/toode\/lillemuld-rodu-ja-toataimedele-compo-40l\/#primaryimage"},"thumbnailUrl":"https:\/\/horticom.ee\/e-pood\/wp-content\/uploads\/importedmedia\/product-349985_0-670211.jpg","datePublished":"2022-02-10T22:00:41+00:00","dateModified":"2026-04-09T00:11:39+00:00","breadcrumb":{"@id":"https:\/\/horticom.ee\/e-pood\/toode\/lillemuld-rodu-ja-toataimedele-compo-40l\/#breadcrumb"},"inLanguage":"ru-RU","potentialAction":[{"@type":"ReadAction","target":["https:\/\/horticom.ee\/e-pood\/toode\/lillemuld-rodu-ja-toataimedele-compo-40l\/"]}]},{"@type":"ImageObject","inLanguage":"ru-RU","@id":"https:\/\/horticom.ee\/e-pood\/toode\/lillemuld-rodu-ja-toataimedele-compo-40l\/#primaryimage","url":"https:\/\/horticom.ee\/e-pood\/wp-content\/uploads\/importedmedia\/product-349985_0-670211.jpg","contentUrl":"https:\/\/horticom.ee\/e-pood\/wp-content\/uploads\/importedmedia\/product-349985_0-670211.jpg","width":1000,"height":1414},{"@type":"BreadcrumbList","@id":"https:\/\/horticom.ee\/e-pood\/toode\/lillemuld-rodu-ja-toataimedele-compo-40l\/#breadcrumb","itemListElement":[{"@type":"ListItem","position":1,"name":"Home","item":"https:\/\/horticom.ee\/e-pood\/"},{"@type":"ListItem","position":2,"name":"Pood","item":"https:\/\/horticom.ee\/e-pood\/pood\/"},{"@type":"ListItem","position":3,"name":"Lillemuld r\u00f5du- ja toataimedele Compo 40L"}]},{"@type":"WebSite","@id":"https:\/\/horticom.ee\/e-pood\/#website","url":"https:\/\/horticom.ee\/e-pood\/","name":"Horticom.ee","description":"Aianduskaubad ja kodukaubad nii harrastajatele kui professionaalidele","potentialAction":[{"@type":"SearchAction","target":{"@type":"EntryPoint","urlTemplate":"https:\/\/horticom.ee\/e-pood\/?s={search_term_string}"},"query-input":{"@type":"PropertyValueSpecification","valueRequired":true,"valueName":"search_term_string"}}],"inLanguage":"ru-RU"}]}},"_links":{"self":[{"href":"https:\/\/horticom.ee\/e-pood\/ru\/wp-json\/wp\/v2\/product\/349985","targetHints":{"allow":["GET"]}}],"collection":[{"href":"https:\/\/horticom.ee\/e-pood\/ru\/wp-json\/wp\/v2\/product"}],"about":[{"href":"https:\/\/horticom.ee\/e-pood\/ru\/wp-json\/wp\/v2\/types\/product"}],"replies":[{"embeddable":true,"href":"https:\/\/horticom.ee\/e-pood\/ru\/wp-json\/wp\/v2\/comments?post=349985"}],"wp:featuredmedia":[{"embeddable":true,"href":"https:\/\/horticom.ee\/e-pood\/ru\/wp-json\/wp\/v2\/media\/350568"}],"wp:attachment":[{"href":"https:\/\/horticom.ee\/e-pood\/ru\/wp-json\/wp\/v2\/media?parent=349985"}],"wp:term":[{"taxonomy":"product_cat","embeddable":true,"href":"https:\/\/horticom.ee\/e-pood\/ru\/wp-json\/wp\/v2\/product_cat?post=349985"},{"taxonomy":"product_tag","embeddable":true,"href":"https:\/\/horticom.ee\/e-pood\/ru\/wp-json\/wp\/v2\/product_tag?post=349985"}],"curies":[{"name":"wp","href":"https:\/\/api.w.org\/{rel}","templated":true}]}}