{"id":376855,"date":"2022-02-17T17:09:27","date_gmt":"2022-02-17T15:09:27","guid":{"rendered":"https:\/\/aednik24.ee\/toode\/buzzy-friendly-flowers-lilleseemnesegu-summerflowers-50m2-188kg\/"},"modified":"2026-04-23T11:25:46","modified_gmt":"2026-04-23T08:25:46","slug":"buzzy-friendly-flowers-lilleseemnesegu-summerflowers-50m2-188kg","status":"publish","type":"product","link":"https:\/\/horticom.ee\/e-pood\/ru\/toode\/buzzy-friendly-flowers-lilleseemnesegu-summerflowers-50m2-188kg\/","title":{"rendered":"Lilleseemnesegu Buzzy Friendly Flowers Niitude \u00f5ied 50m2 1,88kg"},"content":{"rendered":"<p>Buzzy Friendly Flowers Lilleseemnesegu &#8216;Summerflowers&#8217;  lillesegu sisaldab rohkem kui 20 liiki lilli ja on spetsiaalselt loodud selleks, et meelitada nektariga ligi nii palju mesilasi ja putukaid, kui v\u00f5imalik, et v\u00f5imendada tolmeldamist. Mullaparandaja sisaldab palju toitaineid ning parandab mulla struktuuri ja viljakust ning annab lilledele k\u00f5ike, mida nad vajavad, et neist kasvaks tugev ja terve taim. Lilled kasvavad 40-100cm k\u00f5rguseks.  Pakendis on 80g lilleseemneid ja \u00fclej\u00e4\u00e4nud on mullaparandussegu.<\/p>\n","protected":false},"excerpt":{"rendered":"<p>Buzzy Friendly Flowers Lilleseemnesegu &#8216;Summerflowers&#8217; lillesegu sisaldab rohkem kui 20 liiki lilli ja on spetsiaalselt loodud selleks, et meelitada nektariga ligi nii palju mesilasi ja putukaid, kui v\u00f5imalik, et v\u00f5imendada tolmeldamist. Mullaparandaja sisaldab palju toitaineid ning parandab mulla struktuuri ja viljakust ning annab lilledele k\u00f5ike, mida nad vajavad, et neist kasvaks tugev ja terve taim. [&hellip;]<\/p>\n","protected":false},"featured_media":2400132,"comment_status":"closed","ping_status":"closed","template":"","meta":{"_themeisle_gutenberg_block_has_review":false},"product_cat":[17857],"product_tag":[],"class_list":{"0":"post-376855","1":"product","2":"type-product","3":"status-publish","4":"has-post-thumbnail","6":"product_cat-lillemurud","8":"first","9":"instock","10":"shipping-taxable","11":"purchasable","12":"product-type-simple"},"yoast_head":"<!-- This site is optimized with the Yoast SEO plugin v24.0 - https:\/\/yoast.com\/wordpress\/plugins\/seo\/ -->\n<title>Lilleseemnesegu Buzzy Friendly Flowers Niitude \u00f5ied 50m2 1,88kg - Horticom<\/title>\n<meta name=\"robots\" content=\"index, follow, max-snippet:-1, max-image-preview:large, max-video-preview:-1\" \/>\n<link rel=\"canonical\" href=\"https:\/\/horticom.ee\/e-pood\/toode\/buzzy-friendly-flowers-lilleseemnesegu-summerflowers-50m2-188kg\/\" \/>\n<meta property=\"og:locale\" content=\"ru_RU\" \/>\n<meta property=\"og:type\" content=\"article\" \/>\n<meta property=\"og:title\" content=\"Lilleseemnesegu Buzzy Friendly Flowers Niitude \u00f5ied 50m2 1,88kg - Horticom\" \/>\n<meta property=\"og:description\" content=\"Buzzy Friendly Flowers Lilleseemnesegu &#8216;Summerflowers&#8217; lillesegu sisaldab rohkem kui 20 liiki lilli ja on spetsiaalselt loodud selleks, et meelitada nektariga ligi nii palju mesilasi ja putukaid, kui v\u00f5imalik, et v\u00f5imendada tolmeldamist. Mullaparandaja sisaldab palju toitaineid ning parandab mulla struktuuri ja viljakust ning annab lilledele k\u00f5ike, mida nad vajavad, et neist kasvaks tugev ja terve taim. [&hellip;]\" \/>\n<meta property=\"og:url\" content=\"https:\/\/horticom.ee\/e-pood\/toode\/buzzy-friendly-flowers-lilleseemnesegu-summerflowers-50m2-188kg\/\" \/>\n<meta property=\"og:site_name\" content=\"Horticom.ee\" \/>\n<meta property=\"article:publisher\" content=\"https:\/\/www.facebook.com\/horticom.ee\/e-pood\" \/>\n<meta property=\"article:modified_time\" content=\"2026-04-23T08:25:46+00:00\" \/>\n<meta property=\"og:image\" content=\"https:\/\/horticom.ee\/e-pood\/wp-content\/uploads\/2022\/02\/8711117850984.jpg\" \/>\n\t<meta property=\"og:image:width\" content=\"1500\" \/>\n\t<meta property=\"og:image:height\" content=\"1500\" \/>\n\t<meta property=\"og:image:type\" content=\"image\/jpeg\" \/>\n<meta name=\"twitter:card\" content=\"summary_large_image\" \/>\n<meta name=\"twitter:label1\" content=\"\u041f\u0440\u0438\u043c\u0435\u0440\u043d\u043e\u0435 \u0432\u0440\u0435\u043c\u044f \u0434\u043b\u044f \u0447\u0442\u0435\u043d\u0438\u044f\" \/>\n\t<meta name=\"twitter:data1\" content=\"1 \u043c\u0438\u043d\u0443\u0442\u0430\" \/>\n<script type=\"application\/ld+json\" class=\"yoast-schema-graph\">{\"@context\":\"https:\/\/schema.org\",\"@graph\":[{\"@type\":\"WebPage\",\"@id\":\"https:\/\/horticom.ee\/e-pood\/toode\/buzzy-friendly-flowers-lilleseemnesegu-summerflowers-50m2-188kg\/\",\"url\":\"https:\/\/horticom.ee\/e-pood\/toode\/buzzy-friendly-flowers-lilleseemnesegu-summerflowers-50m2-188kg\/\",\"name\":\"Lilleseemnesegu Buzzy Friendly Flowers Niitude \u00f5ied 50m2 1,88kg - Horticom\",\"isPartOf\":{\"@id\":\"https:\/\/horticom.ee\/e-pood\/#website\"},\"primaryImageOfPage\":{\"@id\":\"https:\/\/horticom.ee\/e-pood\/toode\/buzzy-friendly-flowers-lilleseemnesegu-summerflowers-50m2-188kg\/#primaryimage\"},\"image\":{\"@id\":\"https:\/\/horticom.ee\/e-pood\/toode\/buzzy-friendly-flowers-lilleseemnesegu-summerflowers-50m2-188kg\/#primaryimage\"},\"thumbnailUrl\":\"https:\/\/horticom.ee\/e-pood\/wp-content\/uploads\/2022\/02\/8711117850984.jpg\",\"datePublished\":\"2022-02-17T15:09:27+00:00\",\"dateModified\":\"2026-04-23T08:25:46+00:00\",\"breadcrumb\":{\"@id\":\"https:\/\/horticom.ee\/e-pood\/toode\/buzzy-friendly-flowers-lilleseemnesegu-summerflowers-50m2-188kg\/#breadcrumb\"},\"inLanguage\":\"ru-RU\",\"potentialAction\":[{\"@type\":\"ReadAction\",\"target\":[\"https:\/\/horticom.ee\/e-pood\/toode\/buzzy-friendly-flowers-lilleseemnesegu-summerflowers-50m2-188kg\/\"]}]},{\"@type\":\"ImageObject\",\"inLanguage\":\"ru-RU\",\"@id\":\"https:\/\/horticom.ee\/e-pood\/toode\/buzzy-friendly-flowers-lilleseemnesegu-summerflowers-50m2-188kg\/#primaryimage\",\"url\":\"https:\/\/horticom.ee\/e-pood\/wp-content\/uploads\/2022\/02\/8711117850984.jpg\",\"contentUrl\":\"https:\/\/horticom.ee\/e-pood\/wp-content\/uploads\/2022\/02\/8711117850984.jpg\",\"width\":1500,\"height\":1500},{\"@type\":\"BreadcrumbList\",\"@id\":\"https:\/\/horticom.ee\/e-pood\/toode\/buzzy-friendly-flowers-lilleseemnesegu-summerflowers-50m2-188kg\/#breadcrumb\",\"itemListElement\":[{\"@type\":\"ListItem\",\"position\":1,\"name\":\"Home\",\"item\":\"https:\/\/horticom.ee\/e-pood\/\"},{\"@type\":\"ListItem\",\"position\":2,\"name\":\"Pood\",\"item\":\"https:\/\/horticom.ee\/e-pood\/pood\/\"},{\"@type\":\"ListItem\",\"position\":3,\"name\":\"Lilleseemnesegu Buzzy Friendly Flowers Niitude \u00f5ied 50m2 1,88kg\"}]},{\"@type\":\"WebSite\",\"@id\":\"https:\/\/horticom.ee\/e-pood\/#website\",\"url\":\"https:\/\/horticom.ee\/e-pood\/\",\"name\":\"Horticom.ee\",\"description\":\"Aianduskaubad ja kodukaubad nii harrastajatele kui professionaalidele\",\"potentialAction\":[{\"@type\":\"SearchAction\",\"target\":{\"@type\":\"EntryPoint\",\"urlTemplate\":\"https:\/\/horticom.ee\/e-pood\/?s={search_term_string}\"},\"query-input\":{\"@type\":\"PropertyValueSpecification\",\"valueRequired\":true,\"valueName\":\"search_term_string\"}}],\"inLanguage\":\"ru-RU\"}]}<\/script>\n<!-- \/ Yoast SEO plugin. -->","yoast_head_json":{"title":"Lilleseemnesegu Buzzy Friendly Flowers Niitude \u00f5ied 50m2 1,88kg - Horticom","robots":{"index":"index","follow":"follow","max-snippet":"max-snippet:-1","max-image-preview":"max-image-preview:large","max-video-preview":"max-video-preview:-1"},"canonical":"https:\/\/horticom.ee\/e-pood\/toode\/buzzy-friendly-flowers-lilleseemnesegu-summerflowers-50m2-188kg\/","og_locale":"ru_RU","og_type":"article","og_title":"Lilleseemnesegu Buzzy Friendly Flowers Niitude \u00f5ied 50m2 1,88kg - Horticom","og_description":"Buzzy Friendly Flowers Lilleseemnesegu &#8216;Summerflowers&#8217; lillesegu sisaldab rohkem kui 20 liiki lilli ja on spetsiaalselt loodud selleks, et meelitada nektariga ligi nii palju mesilasi ja putukaid, kui v\u00f5imalik, et v\u00f5imendada tolmeldamist. Mullaparandaja sisaldab palju toitaineid ning parandab mulla struktuuri ja viljakust ning annab lilledele k\u00f5ike, mida nad vajavad, et neist kasvaks tugev ja terve taim. [&hellip;]","og_url":"https:\/\/horticom.ee\/e-pood\/toode\/buzzy-friendly-flowers-lilleseemnesegu-summerflowers-50m2-188kg\/","og_site_name":"Horticom.ee","article_publisher":"https:\/\/www.facebook.com\/horticom.ee\/e-pood","article_modified_time":"2026-04-23T08:25:46+00:00","og_image":[{"width":1500,"height":1500,"url":"https:\/\/horticom.ee\/e-pood\/wp-content\/uploads\/2022\/02\/8711117850984.jpg","type":"image\/jpeg"}],"twitter_card":"summary_large_image","twitter_misc":{"\u041f\u0440\u0438\u043c\u0435\u0440\u043d\u043e\u0435 \u0432\u0440\u0435\u043c\u044f \u0434\u043b\u044f \u0447\u0442\u0435\u043d\u0438\u044f":"1 \u043c\u0438\u043d\u0443\u0442\u0430"},"schema":{"@context":"https:\/\/schema.org","@graph":[{"@type":"WebPage","@id":"https:\/\/horticom.ee\/e-pood\/toode\/buzzy-friendly-flowers-lilleseemnesegu-summerflowers-50m2-188kg\/","url":"https:\/\/horticom.ee\/e-pood\/toode\/buzzy-friendly-flowers-lilleseemnesegu-summerflowers-50m2-188kg\/","name":"Lilleseemnesegu Buzzy Friendly Flowers Niitude \u00f5ied 50m2 1,88kg - Horticom","isPartOf":{"@id":"https:\/\/horticom.ee\/e-pood\/#website"},"primaryImageOfPage":{"@id":"https:\/\/horticom.ee\/e-pood\/toode\/buzzy-friendly-flowers-lilleseemnesegu-summerflowers-50m2-188kg\/#primaryimage"},"image":{"@id":"https:\/\/horticom.ee\/e-pood\/toode\/buzzy-friendly-flowers-lilleseemnesegu-summerflowers-50m2-188kg\/#primaryimage"},"thumbnailUrl":"https:\/\/horticom.ee\/e-pood\/wp-content\/uploads\/2022\/02\/8711117850984.jpg","datePublished":"2022-02-17T15:09:27+00:00","dateModified":"2026-04-23T08:25:46+00:00","breadcrumb":{"@id":"https:\/\/horticom.ee\/e-pood\/toode\/buzzy-friendly-flowers-lilleseemnesegu-summerflowers-50m2-188kg\/#breadcrumb"},"inLanguage":"ru-RU","potentialAction":[{"@type":"ReadAction","target":["https:\/\/horticom.ee\/e-pood\/toode\/buzzy-friendly-flowers-lilleseemnesegu-summerflowers-50m2-188kg\/"]}]},{"@type":"ImageObject","inLanguage":"ru-RU","@id":"https:\/\/horticom.ee\/e-pood\/toode\/buzzy-friendly-flowers-lilleseemnesegu-summerflowers-50m2-188kg\/#primaryimage","url":"https:\/\/horticom.ee\/e-pood\/wp-content\/uploads\/2022\/02\/8711117850984.jpg","contentUrl":"https:\/\/horticom.ee\/e-pood\/wp-content\/uploads\/2022\/02\/8711117850984.jpg","width":1500,"height":1500},{"@type":"BreadcrumbList","@id":"https:\/\/horticom.ee\/e-pood\/toode\/buzzy-friendly-flowers-lilleseemnesegu-summerflowers-50m2-188kg\/#breadcrumb","itemListElement":[{"@type":"ListItem","position":1,"name":"Home","item":"https:\/\/horticom.ee\/e-pood\/"},{"@type":"ListItem","position":2,"name":"Pood","item":"https:\/\/horticom.ee\/e-pood\/pood\/"},{"@type":"ListItem","position":3,"name":"Lilleseemnesegu Buzzy Friendly Flowers Niitude \u00f5ied 50m2 1,88kg"}]},{"@type":"WebSite","@id":"https:\/\/horticom.ee\/e-pood\/#website","url":"https:\/\/horticom.ee\/e-pood\/","name":"Horticom.ee","description":"Aianduskaubad ja kodukaubad nii harrastajatele kui professionaalidele","potentialAction":[{"@type":"SearchAction","target":{"@type":"EntryPoint","urlTemplate":"https:\/\/horticom.ee\/e-pood\/?s={search_term_string}"},"query-input":{"@type":"PropertyValueSpecification","valueRequired":true,"valueName":"search_term_string"}}],"inLanguage":"ru-RU"}]}},"_links":{"self":[{"href":"https:\/\/horticom.ee\/e-pood\/ru\/wp-json\/wp\/v2\/product\/376855","targetHints":{"allow":["GET"]}}],"collection":[{"href":"https:\/\/horticom.ee\/e-pood\/ru\/wp-json\/wp\/v2\/product"}],"about":[{"href":"https:\/\/horticom.ee\/e-pood\/ru\/wp-json\/wp\/v2\/types\/product"}],"replies":[{"embeddable":true,"href":"https:\/\/horticom.ee\/e-pood\/ru\/wp-json\/wp\/v2\/comments?post=376855"}],"wp:featuredmedia":[{"embeddable":true,"href":"https:\/\/horticom.ee\/e-pood\/ru\/wp-json\/wp\/v2\/media\/2400132"}],"wp:attachment":[{"href":"https:\/\/horticom.ee\/e-pood\/ru\/wp-json\/wp\/v2\/media?parent=376855"}],"wp:term":[{"taxonomy":"product_cat","embeddable":true,"href":"https:\/\/horticom.ee\/e-pood\/ru\/wp-json\/wp\/v2\/product_cat?post=376855"},{"taxonomy":"product_tag","embeddable":true,"href":"https:\/\/horticom.ee\/e-pood\/ru\/wp-json\/wp\/v2\/product_tag?post=376855"}],"curies":[{"name":"wp","href":"https:\/\/api.w.org\/{rel}","templated":true}]}}