{"id":41804,"date":"2018-07-20T12:05:14","date_gmt":"2018-07-20T09:05:14","guid":{"rendered":"https:\/\/aednik24.ee\/toode\/lohnakuunal-klaasis-kooniline-15h-sudame-soojendus-pirn-viigimari\/"},"modified":"2026-04-22T03:04:46","modified_gmt":"2026-04-22T00:04:46","slug":"lohnakuunal-klaasis-kooniline-15h-sudame-soojendus-pirn-viigimari","status":"publish","type":"product","link":"https:\/\/horticom.ee\/e-pood\/ru\/toode\/lohnakuunal-klaasis-kooniline-15h-sudame-soojendus-pirn-viigimari\/","title":{"rendered":"L\u00f5hnastatud k\u00fc\u00fcnal klaasis kooniline 15h s\u00fcdame soojendus pirn-viigimari"},"content":{"rendered":"<p>L\u00f5hnastatud k\u00fc\u00fcnal klaasis kooniline on trendikas ja v\u00e4rviline l\u00f5hnak\u00fc\u00fcnal, mis tekitab positiivseid emotsioone sinu kodus. K\u00fc\u00fcnal on kauakestev ja hea p\u00f5lemise kvaliteediga. Kvaliteetsed k\u00fc\u00fcnlad firmalt, kellel on 150+ aastat kogemust valmistamaks parimatest saadaolevatest koostisosadest h\u00e4sti p\u00f5levaid k\u00fc\u00fcnlaid, mis ei saasta \u00f5hku ega ole tervisele ohtlikud.<\/p>\n","protected":false},"excerpt":{"rendered":"<p>L\u00f5hnastatud k\u00fc\u00fcnal klaasis kooniline on trendikas ja v\u00e4rviline l\u00f5hnak\u00fc\u00fcnal, mis tekitab positiivseid emotsioone sinu kodus. K\u00fc\u00fcnal on kauakestev ja hea p\u00f5lemise kvaliteediga. Kvaliteetsed k\u00fc\u00fcnlad firmalt, kellel on 150+ aastat kogemust valmistamaks parimatest saadaolevatest koostisosadest h\u00e4sti p\u00f5levaid k\u00fc\u00fcnlaid, mis ei saasta \u00f5hku ega ole tervisele ohtlikud.<\/p>\n","protected":false},"featured_media":53836,"comment_status":"open","ping_status":"closed","template":"","meta":{"_themeisle_gutenberg_block_has_review":false},"product_cat":[13453,18563],"product_tag":[],"class_list":{"0":"post-41804","1":"product","2":"type-product","3":"status-publish","4":"has-post-thumbnail","6":"product_cat-lohnakuunlad","7":"product_cat-lopumuugitooted","9":"first","10":"outofstock","11":"sale","12":"shipping-taxable","13":"purchasable","14":"product-type-simple"},"yoast_head":"<!-- This site is optimized with the Yoast SEO plugin v24.0 - https:\/\/yoast.com\/wordpress\/plugins\/seo\/ -->\n<title>L\u00f5hnastatud k\u00fc\u00fcnal klaasis 15h s\u00fcdame pirn-viigimari<\/title>\n<meta name=\"description\" content=\"L\u00f5hnak\u00fc\u00fcnal klaasis, mis loob rahuliku ja l\u00f5\u00f5gastava meeleolu. K\u00fc\u00fcnal on hea p\u00f5lemiskvaliteediga ja kauakestev, p\u00f5leb umbes 15 tundi.\" \/>\n<meta name=\"robots\" content=\"index, follow, max-snippet:-1, max-image-preview:large, max-video-preview:-1\" \/>\n<link rel=\"canonical\" href=\"https:\/\/horticom.ee\/e-pood\/toode\/lohnakuunal-klaasis-kooniline-15h-sudame-soojendus-pirn-viigimari\/\" \/>\n<meta property=\"og:locale\" content=\"ru_RU\" \/>\n<meta property=\"og:type\" content=\"article\" \/>\n<meta property=\"og:title\" content=\"L\u00f5hnastatud k\u00fc\u00fcnal klaasis 15h s\u00fcdame pirn-viigimari\" \/>\n<meta property=\"og:description\" content=\"L\u00f5hnak\u00fc\u00fcnal klaasis, mis loob rahuliku ja l\u00f5\u00f5gastava meeleolu. K\u00fc\u00fcnal on hea p\u00f5lemiskvaliteediga ja kauakestev, p\u00f5leb umbes 15 tundi.\" \/>\n<meta property=\"og:url\" content=\"https:\/\/horticom.ee\/e-pood\/toode\/lohnakuunal-klaasis-kooniline-15h-sudame-soojendus-pirn-viigimari\/\" \/>\n<meta property=\"og:site_name\" content=\"Horticom.ee\" \/>\n<meta property=\"article:publisher\" content=\"https:\/\/www.facebook.com\/horticom.ee\/e-pood\" \/>\n<meta property=\"article:modified_time\" content=\"2026-04-22T00:04:46+00:00\" \/>\n<meta property=\"og:image\" content=\"https:\/\/horticom.ee\/e-pood\/wp-content\/uploads\/importedmedia\/product-41804_0-690219_193.jpg\" \/>\n\t<meta property=\"og:image:width\" content=\"1000\" \/>\n\t<meta property=\"og:image:height\" content=\"953\" \/>\n\t<meta property=\"og:image:type\" content=\"image\/jpeg\" \/>\n<meta name=\"twitter:card\" content=\"summary_large_image\" \/>\n<script type=\"application\/ld+json\" class=\"yoast-schema-graph\">{\"@context\":\"https:\/\/schema.org\",\"@graph\":[{\"@type\":\"WebPage\",\"@id\":\"https:\/\/horticom.ee\/e-pood\/toode\/lohnakuunal-klaasis-kooniline-15h-sudame-soojendus-pirn-viigimari\/\",\"url\":\"https:\/\/horticom.ee\/e-pood\/toode\/lohnakuunal-klaasis-kooniline-15h-sudame-soojendus-pirn-viigimari\/\",\"name\":\"L\u00f5hnastatud k\u00fc\u00fcnal klaasis 15h s\u00fcdame pirn-viigimari\",\"isPartOf\":{\"@id\":\"https:\/\/horticom.ee\/e-pood\/#website\"},\"primaryImageOfPage\":{\"@id\":\"https:\/\/horticom.ee\/e-pood\/toode\/lohnakuunal-klaasis-kooniline-15h-sudame-soojendus-pirn-viigimari\/#primaryimage\"},\"image\":{\"@id\":\"https:\/\/horticom.ee\/e-pood\/toode\/lohnakuunal-klaasis-kooniline-15h-sudame-soojendus-pirn-viigimari\/#primaryimage\"},\"thumbnailUrl\":\"https:\/\/horticom.ee\/e-pood\/wp-content\/uploads\/importedmedia\/product-41804_0-690219_193.jpg\",\"datePublished\":\"2018-07-20T09:05:14+00:00\",\"dateModified\":\"2026-04-22T00:04:46+00:00\",\"description\":\"L\u00f5hnak\u00fc\u00fcnal klaasis, mis loob rahuliku ja l\u00f5\u00f5gastava meeleolu. K\u00fc\u00fcnal on hea p\u00f5lemiskvaliteediga ja kauakestev, p\u00f5leb umbes 15 tundi.\",\"breadcrumb\":{\"@id\":\"https:\/\/horticom.ee\/e-pood\/toode\/lohnakuunal-klaasis-kooniline-15h-sudame-soojendus-pirn-viigimari\/#breadcrumb\"},\"inLanguage\":\"ru-RU\",\"potentialAction\":[{\"@type\":\"ReadAction\",\"target\":[\"https:\/\/horticom.ee\/e-pood\/toode\/lohnakuunal-klaasis-kooniline-15h-sudame-soojendus-pirn-viigimari\/\"]}]},{\"@type\":\"ImageObject\",\"inLanguage\":\"ru-RU\",\"@id\":\"https:\/\/horticom.ee\/e-pood\/toode\/lohnakuunal-klaasis-kooniline-15h-sudame-soojendus-pirn-viigimari\/#primaryimage\",\"url\":\"https:\/\/horticom.ee\/e-pood\/wp-content\/uploads\/importedmedia\/product-41804_0-690219_193.jpg\",\"contentUrl\":\"https:\/\/horticom.ee\/e-pood\/wp-content\/uploads\/importedmedia\/product-41804_0-690219_193.jpg\",\"width\":1000,\"height\":953,\"caption\":\"L\u00f5hnastatud k\u00fc\u00fcnal klaasis kooniline 15h s\u00fcdame soojendus pirn-viigimari\"},{\"@type\":\"BreadcrumbList\",\"@id\":\"https:\/\/horticom.ee\/e-pood\/toode\/lohnakuunal-klaasis-kooniline-15h-sudame-soojendus-pirn-viigimari\/#breadcrumb\",\"itemListElement\":[{\"@type\":\"ListItem\",\"position\":1,\"name\":\"Home\",\"item\":\"https:\/\/horticom.ee\/e-pood\/\"},{\"@type\":\"ListItem\",\"position\":2,\"name\":\"Pood\",\"item\":\"https:\/\/horticom.ee\/e-pood\/pood\/\"},{\"@type\":\"ListItem\",\"position\":3,\"name\":\"L\u00f5hnastatud k\u00fc\u00fcnal klaasis kooniline 15h s\u00fcdame soojendus pirn-viigimari\"}]},{\"@type\":\"WebSite\",\"@id\":\"https:\/\/horticom.ee\/e-pood\/#website\",\"url\":\"https:\/\/horticom.ee\/e-pood\/\",\"name\":\"Horticom.ee\",\"description\":\"Aianduskaubad ja kodukaubad nii harrastajatele kui professionaalidele\",\"potentialAction\":[{\"@type\":\"SearchAction\",\"target\":{\"@type\":\"EntryPoint\",\"urlTemplate\":\"https:\/\/horticom.ee\/e-pood\/?s={search_term_string}\"},\"query-input\":{\"@type\":\"PropertyValueSpecification\",\"valueRequired\":true,\"valueName\":\"search_term_string\"}}],\"inLanguage\":\"ru-RU\"}]}<\/script>\n<!-- \/ Yoast SEO plugin. -->","yoast_head_json":{"title":"L\u00f5hnastatud k\u00fc\u00fcnal klaasis 15h s\u00fcdame pirn-viigimari","description":"L\u00f5hnak\u00fc\u00fcnal klaasis, mis loob rahuliku ja l\u00f5\u00f5gastava meeleolu. K\u00fc\u00fcnal on hea p\u00f5lemiskvaliteediga ja kauakestev, p\u00f5leb umbes 15 tundi.","robots":{"index":"index","follow":"follow","max-snippet":"max-snippet:-1","max-image-preview":"max-image-preview:large","max-video-preview":"max-video-preview:-1"},"canonical":"https:\/\/horticom.ee\/e-pood\/toode\/lohnakuunal-klaasis-kooniline-15h-sudame-soojendus-pirn-viigimari\/","og_locale":"ru_RU","og_type":"article","og_title":"L\u00f5hnastatud k\u00fc\u00fcnal klaasis 15h s\u00fcdame pirn-viigimari","og_description":"L\u00f5hnak\u00fc\u00fcnal klaasis, mis loob rahuliku ja l\u00f5\u00f5gastava meeleolu. K\u00fc\u00fcnal on hea p\u00f5lemiskvaliteediga ja kauakestev, p\u00f5leb umbes 15 tundi.","og_url":"https:\/\/horticom.ee\/e-pood\/toode\/lohnakuunal-klaasis-kooniline-15h-sudame-soojendus-pirn-viigimari\/","og_site_name":"Horticom.ee","article_publisher":"https:\/\/www.facebook.com\/horticom.ee\/e-pood","article_modified_time":"2026-04-22T00:04:46+00:00","og_image":[{"width":1000,"height":953,"url":"https:\/\/horticom.ee\/e-pood\/wp-content\/uploads\/importedmedia\/product-41804_0-690219_193.jpg","type":"image\/jpeg"}],"twitter_card":"summary_large_image","schema":{"@context":"https:\/\/schema.org","@graph":[{"@type":"WebPage","@id":"https:\/\/horticom.ee\/e-pood\/toode\/lohnakuunal-klaasis-kooniline-15h-sudame-soojendus-pirn-viigimari\/","url":"https:\/\/horticom.ee\/e-pood\/toode\/lohnakuunal-klaasis-kooniline-15h-sudame-soojendus-pirn-viigimari\/","name":"L\u00f5hnastatud k\u00fc\u00fcnal klaasis 15h s\u00fcdame pirn-viigimari","isPartOf":{"@id":"https:\/\/horticom.ee\/e-pood\/#website"},"primaryImageOfPage":{"@id":"https:\/\/horticom.ee\/e-pood\/toode\/lohnakuunal-klaasis-kooniline-15h-sudame-soojendus-pirn-viigimari\/#primaryimage"},"image":{"@id":"https:\/\/horticom.ee\/e-pood\/toode\/lohnakuunal-klaasis-kooniline-15h-sudame-soojendus-pirn-viigimari\/#primaryimage"},"thumbnailUrl":"https:\/\/horticom.ee\/e-pood\/wp-content\/uploads\/importedmedia\/product-41804_0-690219_193.jpg","datePublished":"2018-07-20T09:05:14+00:00","dateModified":"2026-04-22T00:04:46+00:00","description":"L\u00f5hnak\u00fc\u00fcnal klaasis, mis loob rahuliku ja l\u00f5\u00f5gastava meeleolu. K\u00fc\u00fcnal on hea p\u00f5lemiskvaliteediga ja kauakestev, p\u00f5leb umbes 15 tundi.","breadcrumb":{"@id":"https:\/\/horticom.ee\/e-pood\/toode\/lohnakuunal-klaasis-kooniline-15h-sudame-soojendus-pirn-viigimari\/#breadcrumb"},"inLanguage":"ru-RU","potentialAction":[{"@type":"ReadAction","target":["https:\/\/horticom.ee\/e-pood\/toode\/lohnakuunal-klaasis-kooniline-15h-sudame-soojendus-pirn-viigimari\/"]}]},{"@type":"ImageObject","inLanguage":"ru-RU","@id":"https:\/\/horticom.ee\/e-pood\/toode\/lohnakuunal-klaasis-kooniline-15h-sudame-soojendus-pirn-viigimari\/#primaryimage","url":"https:\/\/horticom.ee\/e-pood\/wp-content\/uploads\/importedmedia\/product-41804_0-690219_193.jpg","contentUrl":"https:\/\/horticom.ee\/e-pood\/wp-content\/uploads\/importedmedia\/product-41804_0-690219_193.jpg","width":1000,"height":953,"caption":"L\u00f5hnastatud k\u00fc\u00fcnal klaasis kooniline 15h s\u00fcdame soojendus pirn-viigimari"},{"@type":"BreadcrumbList","@id":"https:\/\/horticom.ee\/e-pood\/toode\/lohnakuunal-klaasis-kooniline-15h-sudame-soojendus-pirn-viigimari\/#breadcrumb","itemListElement":[{"@type":"ListItem","position":1,"name":"Home","item":"https:\/\/horticom.ee\/e-pood\/"},{"@type":"ListItem","position":2,"name":"Pood","item":"https:\/\/horticom.ee\/e-pood\/pood\/"},{"@type":"ListItem","position":3,"name":"L\u00f5hnastatud k\u00fc\u00fcnal klaasis kooniline 15h s\u00fcdame soojendus pirn-viigimari"}]},{"@type":"WebSite","@id":"https:\/\/horticom.ee\/e-pood\/#website","url":"https:\/\/horticom.ee\/e-pood\/","name":"Horticom.ee","description":"Aianduskaubad ja kodukaubad nii harrastajatele kui professionaalidele","potentialAction":[{"@type":"SearchAction","target":{"@type":"EntryPoint","urlTemplate":"https:\/\/horticom.ee\/e-pood\/?s={search_term_string}"},"query-input":{"@type":"PropertyValueSpecification","valueRequired":true,"valueName":"search_term_string"}}],"inLanguage":"ru-RU"}]}},"_links":{"self":[{"href":"https:\/\/horticom.ee\/e-pood\/ru\/wp-json\/wp\/v2\/product\/41804","targetHints":{"allow":["GET"]}}],"collection":[{"href":"https:\/\/horticom.ee\/e-pood\/ru\/wp-json\/wp\/v2\/product"}],"about":[{"href":"https:\/\/horticom.ee\/e-pood\/ru\/wp-json\/wp\/v2\/types\/product"}],"replies":[{"embeddable":true,"href":"https:\/\/horticom.ee\/e-pood\/ru\/wp-json\/wp\/v2\/comments?post=41804"}],"wp:featuredmedia":[{"embeddable":true,"href":"https:\/\/horticom.ee\/e-pood\/ru\/wp-json\/wp\/v2\/media\/53836"}],"wp:attachment":[{"href":"https:\/\/horticom.ee\/e-pood\/ru\/wp-json\/wp\/v2\/media?parent=41804"}],"wp:term":[{"taxonomy":"product_cat","embeddable":true,"href":"https:\/\/horticom.ee\/e-pood\/ru\/wp-json\/wp\/v2\/product_cat?post=41804"},{"taxonomy":"product_tag","embeddable":true,"href":"https:\/\/horticom.ee\/e-pood\/ru\/wp-json\/wp\/v2\/product_tag?post=41804"}],"curies":[{"name":"wp","href":"https:\/\/api.w.org\/{rel}","templated":true}]}}