{"id":42129,"date":"2018-07-20T12:06:59","date_gmt":"2018-07-20T09:06:59","guid":{"rendered":"https:\/\/aednik24.ee\/toode\/valge-ristik-10g\/"},"modified":"2026-04-24T03:06:20","modified_gmt":"2026-04-24T00:06:20","slug":"valge-ristik-10g","status":"publish","type":"product","link":"https:\/\/horticom.ee\/e-pood\/ru\/toode\/valge-ristik-10g\/","title":{"rendered":"Valge ristik 10g B"},"content":{"rendered":"<p>Valge ristik on madal taim. Tema varred on roomavad, kasvavad kuni 18 cm aastas ja toimivad v\u00f5sunditena. See t\u00e4hendab, et kui varre s\u00f5lmekoht vastu maad puutub, v\u00f5ib ta selles punktis endale juured alla v\u00f5tta. Mitme taime varred v\u00f5ivad \u00fcksteisega l\u00e4bi p\u00f5imuda ja niimoodi mati moodustada. Ristiku nutid on valkjad, vananedes v\u00f5ivad omandada roosaka v\u00f5i kreemika varjundi. Nutid on 1,5\u20132 cm laiad ja asuvad 7 cm pikkuse \u00f5ierao otsas. Taime lehed moodustavad tuntud ristikheinalehekujundi. Nad kasvavad kolmekaupa leherootsu otsas.<\/p>\n","protected":false},"excerpt":{"rendered":"<p>Valge ristik on madal taim. Tema varred on roomavad, kasvavad kuni 18 cm aastas ja toimivad v\u00f5sunditena. See t\u00e4hendab, et kui varre s\u00f5lmekoht vastu maad puutub, v\u00f5ib ta selles punktis endale juured alla v\u00f5tta. Mitme taime varred v\u00f5ivad \u00fcksteisega l\u00e4bi p\u00f5imuda ja niimoodi mati moodustada. Ristiku nutid on valkjad, vananedes v\u00f5ivad omandada roosaka v\u00f5i kreemika [&hellip;]<\/p>\n","protected":false},"featured_media":53504,"comment_status":"open","ping_status":"closed","template":"","meta":{"_themeisle_gutenberg_block_has_review":false},"product_cat":[13513],"product_tag":[],"class_list":{"0":"post-42129","1":"product","2":"type-product","3":"status-publish","4":"has-post-thumbnail","6":"product_cat-muud-uheaastased-lilleseemned","8":"first","9":"outofstock","10":"shipping-taxable","11":"purchasable","12":"product-type-simple"},"yoast_head":"<!-- This site is optimized with the Yoast SEO plugin v24.0 - https:\/\/yoast.com\/wordpress\/plugins\/seo\/ -->\n<title>Valge ristik 10g-Aednik24.ee<\/title>\n<meta name=\"description\" content=\"Valge ristik on madal taim. Ristiku nutid on valkjad; vananedes v\u00f5ivad omandada roosaka v\u00f5i kreemika varjundi. Nutid on 1;5\u00962 cm laiad ja asuvad 7 cm pikkuse \u00f5ierao otsas. Tema varred on roomavad; kasvavad kuni 18 cm aastas ja toimivad v\u00f5sunditena.\" \/>\n<meta name=\"robots\" content=\"index, follow, max-snippet:-1, max-image-preview:large, max-video-preview:-1\" \/>\n<link rel=\"canonical\" href=\"https:\/\/horticom.ee\/e-pood\/toode\/valge-ristik-10g\/\" \/>\n<meta property=\"og:locale\" content=\"ru_RU\" \/>\n<meta property=\"og:type\" content=\"article\" \/>\n<meta property=\"og:title\" content=\"Valge ristik 10g-Aednik24.ee\" \/>\n<meta property=\"og:description\" content=\"Valge ristik on madal taim. Ristiku nutid on valkjad; vananedes v\u00f5ivad omandada roosaka v\u00f5i kreemika varjundi. Nutid on 1;5\u00962 cm laiad ja asuvad 7 cm pikkuse \u00f5ierao otsas. Tema varred on roomavad; kasvavad kuni 18 cm aastas ja toimivad v\u00f5sunditena.\" \/>\n<meta property=\"og:url\" content=\"https:\/\/horticom.ee\/e-pood\/toode\/valge-ristik-10g\/\" \/>\n<meta property=\"og:site_name\" content=\"Horticom.ee\" \/>\n<meta property=\"article:publisher\" content=\"https:\/\/www.facebook.com\/horticom.ee\/e-pood\" \/>\n<meta property=\"article:modified_time\" content=\"2026-04-24T00:06:20+00:00\" \/>\n<meta property=\"og:image\" content=\"https:\/\/horticom.ee\/e-pood\/wp-content\/uploads\/importedmedia\/product-42129_0-1402993.jpg\" \/>\n\t<meta property=\"og:image:width\" content=\"1000\" \/>\n\t<meta property=\"og:image:height\" content=\"1501\" \/>\n\t<meta property=\"og:image:type\" content=\"image\/jpeg\" \/>\n<meta name=\"twitter:card\" content=\"summary_large_image\" \/>\n<script type=\"application\/ld+json\" class=\"yoast-schema-graph\">{\"@context\":\"https:\/\/schema.org\",\"@graph\":[{\"@type\":\"WebPage\",\"@id\":\"https:\/\/horticom.ee\/e-pood\/toode\/valge-ristik-10g\/\",\"url\":\"https:\/\/horticom.ee\/e-pood\/toode\/valge-ristik-10g\/\",\"name\":\"Valge ristik 10g-Aednik24.ee\",\"isPartOf\":{\"@id\":\"https:\/\/horticom.ee\/e-pood\/#website\"},\"primaryImageOfPage\":{\"@id\":\"https:\/\/horticom.ee\/e-pood\/toode\/valge-ristik-10g\/#primaryimage\"},\"image\":{\"@id\":\"https:\/\/horticom.ee\/e-pood\/toode\/valge-ristik-10g\/#primaryimage\"},\"thumbnailUrl\":\"https:\/\/horticom.ee\/e-pood\/wp-content\/uploads\/importedmedia\/product-42129_0-1402993.jpg\",\"datePublished\":\"2018-07-20T09:06:59+00:00\",\"dateModified\":\"2026-04-24T00:06:20+00:00\",\"description\":\"Valge ristik on madal taim. Ristiku nutid on valkjad; vananedes v\u00f5ivad omandada roosaka v\u00f5i kreemika varjundi. Nutid on 1;5\u00962 cm laiad ja asuvad 7 cm pikkuse \u00f5ierao otsas. Tema varred on roomavad; kasvavad kuni 18 cm aastas ja toimivad v\u00f5sunditena.\",\"breadcrumb\":{\"@id\":\"https:\/\/horticom.ee\/e-pood\/toode\/valge-ristik-10g\/#breadcrumb\"},\"inLanguage\":\"ru-RU\",\"potentialAction\":[{\"@type\":\"ReadAction\",\"target\":[\"https:\/\/horticom.ee\/e-pood\/toode\/valge-ristik-10g\/\"]}]},{\"@type\":\"ImageObject\",\"inLanguage\":\"ru-RU\",\"@id\":\"https:\/\/horticom.ee\/e-pood\/toode\/valge-ristik-10g\/#primaryimage\",\"url\":\"https:\/\/horticom.ee\/e-pood\/wp-content\/uploads\/importedmedia\/product-42129_0-1402993.jpg\",\"contentUrl\":\"https:\/\/horticom.ee\/e-pood\/wp-content\/uploads\/importedmedia\/product-42129_0-1402993.jpg\",\"width\":1000,\"height\":1501,\"caption\":\"Valge ristik 10g\"},{\"@type\":\"BreadcrumbList\",\"@id\":\"https:\/\/horticom.ee\/e-pood\/toode\/valge-ristik-10g\/#breadcrumb\",\"itemListElement\":[{\"@type\":\"ListItem\",\"position\":1,\"name\":\"Home\",\"item\":\"https:\/\/horticom.ee\/e-pood\/\"},{\"@type\":\"ListItem\",\"position\":2,\"name\":\"Pood\",\"item\":\"https:\/\/horticom.ee\/e-pood\/pood\/\"},{\"@type\":\"ListItem\",\"position\":3,\"name\":\"Valge ristik 10g B\"}]},{\"@type\":\"WebSite\",\"@id\":\"https:\/\/horticom.ee\/e-pood\/#website\",\"url\":\"https:\/\/horticom.ee\/e-pood\/\",\"name\":\"Horticom.ee\",\"description\":\"Aianduskaubad ja kodukaubad nii harrastajatele kui professionaalidele\",\"potentialAction\":[{\"@type\":\"SearchAction\",\"target\":{\"@type\":\"EntryPoint\",\"urlTemplate\":\"https:\/\/horticom.ee\/e-pood\/?s={search_term_string}\"},\"query-input\":{\"@type\":\"PropertyValueSpecification\",\"valueRequired\":true,\"valueName\":\"search_term_string\"}}],\"inLanguage\":\"ru-RU\"}]}<\/script>\n<!-- \/ Yoast SEO plugin. -->","yoast_head_json":{"title":"Valge ristik 10g-Aednik24.ee","description":"Valge ristik on madal taim. Ristiku nutid on valkjad; vananedes v\u00f5ivad omandada roosaka v\u00f5i kreemika varjundi. Nutid on 1;5\u00962 cm laiad ja asuvad 7 cm pikkuse \u00f5ierao otsas. Tema varred on roomavad; kasvavad kuni 18 cm aastas ja toimivad v\u00f5sunditena.","robots":{"index":"index","follow":"follow","max-snippet":"max-snippet:-1","max-image-preview":"max-image-preview:large","max-video-preview":"max-video-preview:-1"},"canonical":"https:\/\/horticom.ee\/e-pood\/toode\/valge-ristik-10g\/","og_locale":"ru_RU","og_type":"article","og_title":"Valge ristik 10g-Aednik24.ee","og_description":"Valge ristik on madal taim. Ristiku nutid on valkjad; vananedes v\u00f5ivad omandada roosaka v\u00f5i kreemika varjundi. Nutid on 1;5\u00962 cm laiad ja asuvad 7 cm pikkuse \u00f5ierao otsas. Tema varred on roomavad; kasvavad kuni 18 cm aastas ja toimivad v\u00f5sunditena.","og_url":"https:\/\/horticom.ee\/e-pood\/toode\/valge-ristik-10g\/","og_site_name":"Horticom.ee","article_publisher":"https:\/\/www.facebook.com\/horticom.ee\/e-pood","article_modified_time":"2026-04-24T00:06:20+00:00","og_image":[{"width":1000,"height":1501,"url":"https:\/\/horticom.ee\/e-pood\/wp-content\/uploads\/importedmedia\/product-42129_0-1402993.jpg","type":"image\/jpeg"}],"twitter_card":"summary_large_image","schema":{"@context":"https:\/\/schema.org","@graph":[{"@type":"WebPage","@id":"https:\/\/horticom.ee\/e-pood\/toode\/valge-ristik-10g\/","url":"https:\/\/horticom.ee\/e-pood\/toode\/valge-ristik-10g\/","name":"Valge ristik 10g-Aednik24.ee","isPartOf":{"@id":"https:\/\/horticom.ee\/e-pood\/#website"},"primaryImageOfPage":{"@id":"https:\/\/horticom.ee\/e-pood\/toode\/valge-ristik-10g\/#primaryimage"},"image":{"@id":"https:\/\/horticom.ee\/e-pood\/toode\/valge-ristik-10g\/#primaryimage"},"thumbnailUrl":"https:\/\/horticom.ee\/e-pood\/wp-content\/uploads\/importedmedia\/product-42129_0-1402993.jpg","datePublished":"2018-07-20T09:06:59+00:00","dateModified":"2026-04-24T00:06:20+00:00","description":"Valge ristik on madal taim. Ristiku nutid on valkjad; vananedes v\u00f5ivad omandada roosaka v\u00f5i kreemika varjundi. Nutid on 1;5\u00962 cm laiad ja asuvad 7 cm pikkuse \u00f5ierao otsas. Tema varred on roomavad; kasvavad kuni 18 cm aastas ja toimivad v\u00f5sunditena.","breadcrumb":{"@id":"https:\/\/horticom.ee\/e-pood\/toode\/valge-ristik-10g\/#breadcrumb"},"inLanguage":"ru-RU","potentialAction":[{"@type":"ReadAction","target":["https:\/\/horticom.ee\/e-pood\/toode\/valge-ristik-10g\/"]}]},{"@type":"ImageObject","inLanguage":"ru-RU","@id":"https:\/\/horticom.ee\/e-pood\/toode\/valge-ristik-10g\/#primaryimage","url":"https:\/\/horticom.ee\/e-pood\/wp-content\/uploads\/importedmedia\/product-42129_0-1402993.jpg","contentUrl":"https:\/\/horticom.ee\/e-pood\/wp-content\/uploads\/importedmedia\/product-42129_0-1402993.jpg","width":1000,"height":1501,"caption":"Valge ristik 10g"},{"@type":"BreadcrumbList","@id":"https:\/\/horticom.ee\/e-pood\/toode\/valge-ristik-10g\/#breadcrumb","itemListElement":[{"@type":"ListItem","position":1,"name":"Home","item":"https:\/\/horticom.ee\/e-pood\/"},{"@type":"ListItem","position":2,"name":"Pood","item":"https:\/\/horticom.ee\/e-pood\/pood\/"},{"@type":"ListItem","position":3,"name":"Valge ristik 10g B"}]},{"@type":"WebSite","@id":"https:\/\/horticom.ee\/e-pood\/#website","url":"https:\/\/horticom.ee\/e-pood\/","name":"Horticom.ee","description":"Aianduskaubad ja kodukaubad nii harrastajatele kui professionaalidele","potentialAction":[{"@type":"SearchAction","target":{"@type":"EntryPoint","urlTemplate":"https:\/\/horticom.ee\/e-pood\/?s={search_term_string}"},"query-input":{"@type":"PropertyValueSpecification","valueRequired":true,"valueName":"search_term_string"}}],"inLanguage":"ru-RU"}]}},"_links":{"self":[{"href":"https:\/\/horticom.ee\/e-pood\/ru\/wp-json\/wp\/v2\/product\/42129","targetHints":{"allow":["GET"]}}],"collection":[{"href":"https:\/\/horticom.ee\/e-pood\/ru\/wp-json\/wp\/v2\/product"}],"about":[{"href":"https:\/\/horticom.ee\/e-pood\/ru\/wp-json\/wp\/v2\/types\/product"}],"replies":[{"embeddable":true,"href":"https:\/\/horticom.ee\/e-pood\/ru\/wp-json\/wp\/v2\/comments?post=42129"}],"wp:featuredmedia":[{"embeddable":true,"href":"https:\/\/horticom.ee\/e-pood\/ru\/wp-json\/wp\/v2\/media\/53504"}],"wp:attachment":[{"href":"https:\/\/horticom.ee\/e-pood\/ru\/wp-json\/wp\/v2\/media?parent=42129"}],"wp:term":[{"taxonomy":"product_cat","embeddable":true,"href":"https:\/\/horticom.ee\/e-pood\/ru\/wp-json\/wp\/v2\/product_cat?post=42129"},{"taxonomy":"product_tag","embeddable":true,"href":"https:\/\/horticom.ee\/e-pood\/ru\/wp-json\/wp\/v2\/product_tag?post=42129"}],"curies":[{"name":"wp","href":"https:\/\/api.w.org\/{rel}","templated":true}]}}