{"id":42188,"date":"2018-07-20T12:07:15","date_gmt":"2018-07-20T09:07:15","guid":{"rendered":"https:\/\/aednik24.ee\/toode\/jaasalat-great-lakes-1g\/"},"modified":"2026-04-12T03:07:18","modified_gmt":"2026-04-12T00:07:18","slug":"jaasalat-great-lakes-1g","status":"publish","type":"product","link":"https:\/\/horticom.ee\/e-pood\/ru\/toode\/jaasalat-great-lakes-1g\/","title":{"rendered":"J\u00e4\u00e4salat Great Lakes 0,5g A"},"content":{"rendered":"<p>J\u00e4\u00e4salat Great Lakes talub erinevaid kasvutingimusi. Pea on keskmise suurusega, tihe. S\u00e4ilib jahedas umbes n\u00e4dala. K\u00fclv: Aprilli l\u00f5pus &#8211; mai alguses k\u00fclvikasti v\u00f5i peenrale. Ettekasvatusaeg 25-30 p. Kasvuaeg 40-50 p.<\/p>\n","protected":false},"excerpt":{"rendered":"<p>J\u00e4\u00e4salat Great Lakes talub erinevaid kasvutingimusi. Pea on keskmise suurusega, tihe. S\u00e4ilib jahedas umbes n\u00e4dala. K\u00fclv: Aprilli l\u00f5pus &#8211; mai alguses k\u00fclvikasti v\u00f5i peenrale. Ettekasvatusaeg 25-30 p. Kasvuaeg 40-50 p.<\/p>\n","protected":false},"featured_media":53446,"comment_status":"open","ping_status":"closed","template":"","meta":{"_themeisle_gutenberg_block_has_review":false},"product_cat":[13484],"product_tag":[],"class_list":{"0":"post-42188","1":"product","2":"type-product","3":"status-publish","4":"has-post-thumbnail","6":"product_cat-salat-spinat-ruccola","8":"first","9":"outofstock","10":"shipping-taxable","11":"purchasable","12":"product-type-simple"},"yoast_head":"<!-- This site is optimized with the Yoast SEO plugin v24.0 - https:\/\/yoast.com\/wordpress\/plugins\/seo\/ -->\n<title>J\u00e4\u00e4salat Great Lakes 1g-Aednik24.ee<\/title>\n<meta name=\"description\" content=\"J\u00e4\u00e4salat Great Lakes talub erinevaid kasvutingimusi. Pea on keskmise suurusega; tihe. S\u00e4ilib jahedas umbes n\u00e4dala.K\u00fclv: Aprilli l\u00f5pus - mai alguses k\u00fclvikasti v\u00f5i peenrale.\" \/>\n<meta name=\"robots\" content=\"index, follow, max-snippet:-1, max-image-preview:large, max-video-preview:-1\" \/>\n<link rel=\"canonical\" href=\"https:\/\/horticom.ee\/e-pood\/toode\/jaasalat-great-lakes-1g\/\" \/>\n<meta property=\"og:locale\" content=\"ru_RU\" \/>\n<meta property=\"og:type\" content=\"article\" \/>\n<meta property=\"og:title\" content=\"J\u00e4\u00e4salat Great Lakes 1g-Aednik24.ee\" \/>\n<meta property=\"og:description\" content=\"J\u00e4\u00e4salat Great Lakes talub erinevaid kasvutingimusi. Pea on keskmise suurusega; tihe. S\u00e4ilib jahedas umbes n\u00e4dala.K\u00fclv: Aprilli l\u00f5pus - mai alguses k\u00fclvikasti v\u00f5i peenrale.\" \/>\n<meta property=\"og:url\" content=\"https:\/\/horticom.ee\/e-pood\/toode\/jaasalat-great-lakes-1g\/\" \/>\n<meta property=\"og:site_name\" content=\"Horticom.ee\" \/>\n<meta property=\"article:publisher\" content=\"https:\/\/www.facebook.com\/horticom.ee\/e-pood\" \/>\n<meta property=\"article:modified_time\" content=\"2026-04-12T00:07:18+00:00\" \/>\n<meta property=\"og:image\" content=\"https:\/\/horticom.ee\/e-pood\/wp-content\/uploads\/importedmedia\/product-42188_0-1402645.jpg\" \/>\n\t<meta property=\"og:image:width\" content=\"1000\" \/>\n\t<meta property=\"og:image:height\" content=\"1577\" \/>\n\t<meta property=\"og:image:type\" content=\"image\/jpeg\" \/>\n<meta name=\"twitter:card\" content=\"summary_large_image\" \/>\n<script type=\"application\/ld+json\" class=\"yoast-schema-graph\">{\"@context\":\"https:\/\/schema.org\",\"@graph\":[{\"@type\":\"WebPage\",\"@id\":\"https:\/\/horticom.ee\/e-pood\/toode\/jaasalat-great-lakes-1g\/\",\"url\":\"https:\/\/horticom.ee\/e-pood\/toode\/jaasalat-great-lakes-1g\/\",\"name\":\"J\u00e4\u00e4salat Great Lakes 1g-Aednik24.ee\",\"isPartOf\":{\"@id\":\"https:\/\/horticom.ee\/e-pood\/#website\"},\"primaryImageOfPage\":{\"@id\":\"https:\/\/horticom.ee\/e-pood\/toode\/jaasalat-great-lakes-1g\/#primaryimage\"},\"image\":{\"@id\":\"https:\/\/horticom.ee\/e-pood\/toode\/jaasalat-great-lakes-1g\/#primaryimage\"},\"thumbnailUrl\":\"https:\/\/horticom.ee\/e-pood\/wp-content\/uploads\/importedmedia\/product-42188_0-1402645.jpg\",\"datePublished\":\"2018-07-20T09:07:15+00:00\",\"dateModified\":\"2026-04-12T00:07:18+00:00\",\"description\":\"J\u00e4\u00e4salat Great Lakes talub erinevaid kasvutingimusi. Pea on keskmise suurusega; tihe. S\u00e4ilib jahedas umbes n\u00e4dala.K\u00fclv: Aprilli l\u00f5pus - mai alguses k\u00fclvikasti v\u00f5i peenrale.\",\"breadcrumb\":{\"@id\":\"https:\/\/horticom.ee\/e-pood\/toode\/jaasalat-great-lakes-1g\/#breadcrumb\"},\"inLanguage\":\"ru-RU\",\"potentialAction\":[{\"@type\":\"ReadAction\",\"target\":[\"https:\/\/horticom.ee\/e-pood\/toode\/jaasalat-great-lakes-1g\/\"]}]},{\"@type\":\"ImageObject\",\"inLanguage\":\"ru-RU\",\"@id\":\"https:\/\/horticom.ee\/e-pood\/toode\/jaasalat-great-lakes-1g\/#primaryimage\",\"url\":\"https:\/\/horticom.ee\/e-pood\/wp-content\/uploads\/importedmedia\/product-42188_0-1402645.jpg\",\"contentUrl\":\"https:\/\/horticom.ee\/e-pood\/wp-content\/uploads\/importedmedia\/product-42188_0-1402645.jpg\",\"width\":1000,\"height\":1577,\"caption\":\"J\u00e4\u00e4salat Great Lakes 1g\"},{\"@type\":\"BreadcrumbList\",\"@id\":\"https:\/\/horticom.ee\/e-pood\/toode\/jaasalat-great-lakes-1g\/#breadcrumb\",\"itemListElement\":[{\"@type\":\"ListItem\",\"position\":1,\"name\":\"Home\",\"item\":\"https:\/\/horticom.ee\/e-pood\/\"},{\"@type\":\"ListItem\",\"position\":2,\"name\":\"Pood\",\"item\":\"https:\/\/horticom.ee\/e-pood\/pood\/\"},{\"@type\":\"ListItem\",\"position\":3,\"name\":\"J\u00e4\u00e4salat Great Lakes 0,5g A\"}]},{\"@type\":\"WebSite\",\"@id\":\"https:\/\/horticom.ee\/e-pood\/#website\",\"url\":\"https:\/\/horticom.ee\/e-pood\/\",\"name\":\"Horticom.ee\",\"description\":\"Aianduskaubad ja kodukaubad nii harrastajatele kui professionaalidele\",\"potentialAction\":[{\"@type\":\"SearchAction\",\"target\":{\"@type\":\"EntryPoint\",\"urlTemplate\":\"https:\/\/horticom.ee\/e-pood\/?s={search_term_string}\"},\"query-input\":{\"@type\":\"PropertyValueSpecification\",\"valueRequired\":true,\"valueName\":\"search_term_string\"}}],\"inLanguage\":\"ru-RU\"}]}<\/script>\n<!-- \/ Yoast SEO plugin. -->","yoast_head_json":{"title":"J\u00e4\u00e4salat Great Lakes 1g-Aednik24.ee","description":"J\u00e4\u00e4salat Great Lakes talub erinevaid kasvutingimusi. Pea on keskmise suurusega; tihe. S\u00e4ilib jahedas umbes n\u00e4dala.K\u00fclv: Aprilli l\u00f5pus - mai alguses k\u00fclvikasti v\u00f5i peenrale.","robots":{"index":"index","follow":"follow","max-snippet":"max-snippet:-1","max-image-preview":"max-image-preview:large","max-video-preview":"max-video-preview:-1"},"canonical":"https:\/\/horticom.ee\/e-pood\/toode\/jaasalat-great-lakes-1g\/","og_locale":"ru_RU","og_type":"article","og_title":"J\u00e4\u00e4salat Great Lakes 1g-Aednik24.ee","og_description":"J\u00e4\u00e4salat Great Lakes talub erinevaid kasvutingimusi. Pea on keskmise suurusega; tihe. S\u00e4ilib jahedas umbes n\u00e4dala.K\u00fclv: Aprilli l\u00f5pus - mai alguses k\u00fclvikasti v\u00f5i peenrale.","og_url":"https:\/\/horticom.ee\/e-pood\/toode\/jaasalat-great-lakes-1g\/","og_site_name":"Horticom.ee","article_publisher":"https:\/\/www.facebook.com\/horticom.ee\/e-pood","article_modified_time":"2026-04-12T00:07:18+00:00","og_image":[{"width":1000,"height":1577,"url":"https:\/\/horticom.ee\/e-pood\/wp-content\/uploads\/importedmedia\/product-42188_0-1402645.jpg","type":"image\/jpeg"}],"twitter_card":"summary_large_image","schema":{"@context":"https:\/\/schema.org","@graph":[{"@type":"WebPage","@id":"https:\/\/horticom.ee\/e-pood\/toode\/jaasalat-great-lakes-1g\/","url":"https:\/\/horticom.ee\/e-pood\/toode\/jaasalat-great-lakes-1g\/","name":"J\u00e4\u00e4salat Great Lakes 1g-Aednik24.ee","isPartOf":{"@id":"https:\/\/horticom.ee\/e-pood\/#website"},"primaryImageOfPage":{"@id":"https:\/\/horticom.ee\/e-pood\/toode\/jaasalat-great-lakes-1g\/#primaryimage"},"image":{"@id":"https:\/\/horticom.ee\/e-pood\/toode\/jaasalat-great-lakes-1g\/#primaryimage"},"thumbnailUrl":"https:\/\/horticom.ee\/e-pood\/wp-content\/uploads\/importedmedia\/product-42188_0-1402645.jpg","datePublished":"2018-07-20T09:07:15+00:00","dateModified":"2026-04-12T00:07:18+00:00","description":"J\u00e4\u00e4salat Great Lakes talub erinevaid kasvutingimusi. Pea on keskmise suurusega; tihe. S\u00e4ilib jahedas umbes n\u00e4dala.K\u00fclv: Aprilli l\u00f5pus - mai alguses k\u00fclvikasti v\u00f5i peenrale.","breadcrumb":{"@id":"https:\/\/horticom.ee\/e-pood\/toode\/jaasalat-great-lakes-1g\/#breadcrumb"},"inLanguage":"ru-RU","potentialAction":[{"@type":"ReadAction","target":["https:\/\/horticom.ee\/e-pood\/toode\/jaasalat-great-lakes-1g\/"]}]},{"@type":"ImageObject","inLanguage":"ru-RU","@id":"https:\/\/horticom.ee\/e-pood\/toode\/jaasalat-great-lakes-1g\/#primaryimage","url":"https:\/\/horticom.ee\/e-pood\/wp-content\/uploads\/importedmedia\/product-42188_0-1402645.jpg","contentUrl":"https:\/\/horticom.ee\/e-pood\/wp-content\/uploads\/importedmedia\/product-42188_0-1402645.jpg","width":1000,"height":1577,"caption":"J\u00e4\u00e4salat Great Lakes 1g"},{"@type":"BreadcrumbList","@id":"https:\/\/horticom.ee\/e-pood\/toode\/jaasalat-great-lakes-1g\/#breadcrumb","itemListElement":[{"@type":"ListItem","position":1,"name":"Home","item":"https:\/\/horticom.ee\/e-pood\/"},{"@type":"ListItem","position":2,"name":"Pood","item":"https:\/\/horticom.ee\/e-pood\/pood\/"},{"@type":"ListItem","position":3,"name":"J\u00e4\u00e4salat Great Lakes 0,5g A"}]},{"@type":"WebSite","@id":"https:\/\/horticom.ee\/e-pood\/#website","url":"https:\/\/horticom.ee\/e-pood\/","name":"Horticom.ee","description":"Aianduskaubad ja kodukaubad nii harrastajatele kui professionaalidele","potentialAction":[{"@type":"SearchAction","target":{"@type":"EntryPoint","urlTemplate":"https:\/\/horticom.ee\/e-pood\/?s={search_term_string}"},"query-input":{"@type":"PropertyValueSpecification","valueRequired":true,"valueName":"search_term_string"}}],"inLanguage":"ru-RU"}]}},"_links":{"self":[{"href":"https:\/\/horticom.ee\/e-pood\/ru\/wp-json\/wp\/v2\/product\/42188","targetHints":{"allow":["GET"]}}],"collection":[{"href":"https:\/\/horticom.ee\/e-pood\/ru\/wp-json\/wp\/v2\/product"}],"about":[{"href":"https:\/\/horticom.ee\/e-pood\/ru\/wp-json\/wp\/v2\/types\/product"}],"replies":[{"embeddable":true,"href":"https:\/\/horticom.ee\/e-pood\/ru\/wp-json\/wp\/v2\/comments?post=42188"}],"wp:featuredmedia":[{"embeddable":true,"href":"https:\/\/horticom.ee\/e-pood\/ru\/wp-json\/wp\/v2\/media\/53446"}],"wp:attachment":[{"href":"https:\/\/horticom.ee\/e-pood\/ru\/wp-json\/wp\/v2\/media?parent=42188"}],"wp:term":[{"taxonomy":"product_cat","embeddable":true,"href":"https:\/\/horticom.ee\/e-pood\/ru\/wp-json\/wp\/v2\/product_cat?post=42188"},{"taxonomy":"product_tag","embeddable":true,"href":"https:\/\/horticom.ee\/e-pood\/ru\/wp-json\/wp\/v2\/product_tag?post=42188"}],"curies":[{"name":"wp","href":"https:\/\/api.w.org\/{rel}","templated":true}]}}