{"id":42223,"date":"2018-07-20T12:07:25","date_gmt":"2018-07-20T09:07:25","guid":{"rendered":"https:\/\/aednik24.ee\/toode\/tomat-oxheart-075g\/"},"modified":"2026-05-13T03:05:56","modified_gmt":"2026-05-13T00:05:56","slug":"tomat-oxheart-075g","status":"publish","type":"product","link":"https:\/\/horticom.ee\/e-pood\/ru\/toode\/tomat-oxheart-075g\/","title":{"rendered":"Tomat Oxheart 0,5g B"},"content":{"rendered":"<p>Tomat Oxheart on maitsev lihatomat, tuntud kui H\u00e4rjas\u00fcda. Taim on k\u00f5rge kasvuga, latv n\u00e4pistatakse sobival k\u00f5rgusel \u00e4ra. Viljad suured, 200g. V\u00e4rskelt tarbimiseks v\u00f5i hoidiste tegemiseks. K\u00fclviaeg m\u00e4rtsis. Ettekasvatusaeg u. 60 p\u00e4eva. Istutusest saagi alguseni 60-70 p\u00e4eva.<\/p>\n","protected":false},"excerpt":{"rendered":"<p>Tomat Oxheart on maitsev lihatomat, tuntud kui H\u00e4rjas\u00fcda. Taim on k\u00f5rge kasvuga, latv n\u00e4pistatakse sobival k\u00f5rgusel \u00e4ra. Viljad suured, 200g. V\u00e4rskelt tarbimiseks v\u00f5i hoidiste tegemiseks. K\u00fclviaeg m\u00e4rtsis. Ettekasvatusaeg u. 60 p\u00e4eva. Istutusest saagi alguseni 60-70 p\u00e4eva.<\/p>\n","protected":false},"featured_media":53413,"comment_status":"open","ping_status":"closed","template":"","meta":{"_themeisle_gutenberg_block_has_review":false},"product_cat":[13481],"product_tag":[],"class_list":{"0":"post-42223","1":"product","2":"type-product","3":"status-publish","4":"has-post-thumbnail","6":"product_cat-tomat","8":"first","9":"instock","10":"shipping-taxable","11":"purchasable","12":"product-type-simple"},"yoast_head":"<!-- This site is optimized with the Yoast SEO plugin v24.0 - https:\/\/yoast.com\/wordpress\/plugins\/seo\/ -->\n<title>Tomat Oxheart 0;75g-Aednik24.ee<\/title>\n<meta name=\"description\" content=\"Tomat Oxheart on maitsev lihatomat; tuntud kui H\u00e4rjas\u00fcda. Taim on k\u00f5rge kasvuga; latv n\u00e4pistatakse sobival k\u00f5rgusel \u00e4ra. Viljad suured; 200 g. V\u00e4rskelt tarbimiseks v\u00f5i hoidiste tegemiseks. K\u00fclviaeg m\u00e4rtsis. Ettekasvatusaeg u. 60 p\u00e4eva. Istutusest saagi alguseni 60-70 p\u00e4eva.\" \/>\n<meta name=\"robots\" content=\"index, follow, max-snippet:-1, max-image-preview:large, max-video-preview:-1\" \/>\n<link rel=\"canonical\" href=\"https:\/\/horticom.ee\/e-pood\/toode\/tomat-oxheart-075g\/\" \/>\n<meta property=\"og:locale\" content=\"ru_RU\" \/>\n<meta property=\"og:type\" content=\"article\" \/>\n<meta property=\"og:title\" content=\"Tomat Oxheart 0;75g-Aednik24.ee\" \/>\n<meta property=\"og:description\" content=\"Tomat Oxheart on maitsev lihatomat; tuntud kui H\u00e4rjas\u00fcda. Taim on k\u00f5rge kasvuga; latv n\u00e4pistatakse sobival k\u00f5rgusel \u00e4ra. Viljad suured; 200 g. V\u00e4rskelt tarbimiseks v\u00f5i hoidiste tegemiseks. K\u00fclviaeg m\u00e4rtsis. Ettekasvatusaeg u. 60 p\u00e4eva. Istutusest saagi alguseni 60-70 p\u00e4eva.\" \/>\n<meta property=\"og:url\" content=\"https:\/\/horticom.ee\/e-pood\/toode\/tomat-oxheart-075g\/\" \/>\n<meta property=\"og:site_name\" content=\"Horticom.ee\" \/>\n<meta property=\"article:publisher\" content=\"https:\/\/www.facebook.com\/horticom.ee\/e-pood\" \/>\n<meta property=\"article:modified_time\" content=\"2026-05-13T00:05:56+00:00\" \/>\n<meta property=\"og:image\" content=\"https:\/\/horticom.ee\/e-pood\/wp-content\/uploads\/importedmedia\/product-42223_0-1402846.jpg\" \/>\n\t<meta property=\"og:image:width\" content=\"1000\" \/>\n\t<meta property=\"og:image:height\" content=\"1375\" \/>\n\t<meta property=\"og:image:type\" content=\"image\/jpeg\" \/>\n<meta name=\"twitter:card\" content=\"summary_large_image\" \/>\n<script type=\"application\/ld+json\" class=\"yoast-schema-graph\">{\"@context\":\"https:\/\/schema.org\",\"@graph\":[{\"@type\":\"WebPage\",\"@id\":\"https:\/\/horticom.ee\/e-pood\/toode\/tomat-oxheart-075g\/\",\"url\":\"https:\/\/horticom.ee\/e-pood\/toode\/tomat-oxheart-075g\/\",\"name\":\"Tomat Oxheart 0;75g-Aednik24.ee\",\"isPartOf\":{\"@id\":\"https:\/\/horticom.ee\/e-pood\/#website\"},\"primaryImageOfPage\":{\"@id\":\"https:\/\/horticom.ee\/e-pood\/toode\/tomat-oxheart-075g\/#primaryimage\"},\"image\":{\"@id\":\"https:\/\/horticom.ee\/e-pood\/toode\/tomat-oxheart-075g\/#primaryimage\"},\"thumbnailUrl\":\"https:\/\/horticom.ee\/e-pood\/wp-content\/uploads\/importedmedia\/product-42223_0-1402846.jpg\",\"datePublished\":\"2018-07-20T09:07:25+00:00\",\"dateModified\":\"2026-05-13T00:05:56+00:00\",\"description\":\"Tomat Oxheart on maitsev lihatomat; tuntud kui H\u00e4rjas\u00fcda. Taim on k\u00f5rge kasvuga; latv n\u00e4pistatakse sobival k\u00f5rgusel \u00e4ra. Viljad suured; 200 g. V\u00e4rskelt tarbimiseks v\u00f5i hoidiste tegemiseks. K\u00fclviaeg m\u00e4rtsis. Ettekasvatusaeg u. 60 p\u00e4eva. Istutusest saagi alguseni 60-70 p\u00e4eva.\",\"breadcrumb\":{\"@id\":\"https:\/\/horticom.ee\/e-pood\/toode\/tomat-oxheart-075g\/#breadcrumb\"},\"inLanguage\":\"ru-RU\",\"potentialAction\":[{\"@type\":\"ReadAction\",\"target\":[\"https:\/\/horticom.ee\/e-pood\/toode\/tomat-oxheart-075g\/\"]}]},{\"@type\":\"ImageObject\",\"inLanguage\":\"ru-RU\",\"@id\":\"https:\/\/horticom.ee\/e-pood\/toode\/tomat-oxheart-075g\/#primaryimage\",\"url\":\"https:\/\/horticom.ee\/e-pood\/wp-content\/uploads\/importedmedia\/product-42223_0-1402846.jpg\",\"contentUrl\":\"https:\/\/horticom.ee\/e-pood\/wp-content\/uploads\/importedmedia\/product-42223_0-1402846.jpg\",\"width\":1000,\"height\":1375,\"caption\":\"Tomat Oxheart 0;75g\"},{\"@type\":\"BreadcrumbList\",\"@id\":\"https:\/\/horticom.ee\/e-pood\/toode\/tomat-oxheart-075g\/#breadcrumb\",\"itemListElement\":[{\"@type\":\"ListItem\",\"position\":1,\"name\":\"Home\",\"item\":\"https:\/\/horticom.ee\/e-pood\/\"},{\"@type\":\"ListItem\",\"position\":2,\"name\":\"Pood\",\"item\":\"https:\/\/horticom.ee\/e-pood\/pood\/\"},{\"@type\":\"ListItem\",\"position\":3,\"name\":\"Tomat Oxheart 0,5g B\"}]},{\"@type\":\"WebSite\",\"@id\":\"https:\/\/horticom.ee\/e-pood\/#website\",\"url\":\"https:\/\/horticom.ee\/e-pood\/\",\"name\":\"Horticom.ee\",\"description\":\"Aianduskaubad ja kodukaubad nii harrastajatele kui professionaalidele\",\"potentialAction\":[{\"@type\":\"SearchAction\",\"target\":{\"@type\":\"EntryPoint\",\"urlTemplate\":\"https:\/\/horticom.ee\/e-pood\/?s={search_term_string}\"},\"query-input\":{\"@type\":\"PropertyValueSpecification\",\"valueRequired\":true,\"valueName\":\"search_term_string\"}}],\"inLanguage\":\"ru-RU\"}]}<\/script>\n<!-- \/ Yoast SEO plugin. -->","yoast_head_json":{"title":"Tomat Oxheart 0;75g-Aednik24.ee","description":"Tomat Oxheart on maitsev lihatomat; tuntud kui H\u00e4rjas\u00fcda. Taim on k\u00f5rge kasvuga; latv n\u00e4pistatakse sobival k\u00f5rgusel \u00e4ra. Viljad suured; 200 g. V\u00e4rskelt tarbimiseks v\u00f5i hoidiste tegemiseks. K\u00fclviaeg m\u00e4rtsis. Ettekasvatusaeg u. 60 p\u00e4eva. Istutusest saagi alguseni 60-70 p\u00e4eva.","robots":{"index":"index","follow":"follow","max-snippet":"max-snippet:-1","max-image-preview":"max-image-preview:large","max-video-preview":"max-video-preview:-1"},"canonical":"https:\/\/horticom.ee\/e-pood\/toode\/tomat-oxheart-075g\/","og_locale":"ru_RU","og_type":"article","og_title":"Tomat Oxheart 0;75g-Aednik24.ee","og_description":"Tomat Oxheart on maitsev lihatomat; tuntud kui H\u00e4rjas\u00fcda. Taim on k\u00f5rge kasvuga; latv n\u00e4pistatakse sobival k\u00f5rgusel \u00e4ra. Viljad suured; 200 g. V\u00e4rskelt tarbimiseks v\u00f5i hoidiste tegemiseks. K\u00fclviaeg m\u00e4rtsis. Ettekasvatusaeg u. 60 p\u00e4eva. Istutusest saagi alguseni 60-70 p\u00e4eva.","og_url":"https:\/\/horticom.ee\/e-pood\/toode\/tomat-oxheart-075g\/","og_site_name":"Horticom.ee","article_publisher":"https:\/\/www.facebook.com\/horticom.ee\/e-pood","article_modified_time":"2026-05-13T00:05:56+00:00","og_image":[{"width":1000,"height":1375,"url":"https:\/\/horticom.ee\/e-pood\/wp-content\/uploads\/importedmedia\/product-42223_0-1402846.jpg","type":"image\/jpeg"}],"twitter_card":"summary_large_image","schema":{"@context":"https:\/\/schema.org","@graph":[{"@type":"WebPage","@id":"https:\/\/horticom.ee\/e-pood\/toode\/tomat-oxheart-075g\/","url":"https:\/\/horticom.ee\/e-pood\/toode\/tomat-oxheart-075g\/","name":"Tomat Oxheart 0;75g-Aednik24.ee","isPartOf":{"@id":"https:\/\/horticom.ee\/e-pood\/#website"},"primaryImageOfPage":{"@id":"https:\/\/horticom.ee\/e-pood\/toode\/tomat-oxheart-075g\/#primaryimage"},"image":{"@id":"https:\/\/horticom.ee\/e-pood\/toode\/tomat-oxheart-075g\/#primaryimage"},"thumbnailUrl":"https:\/\/horticom.ee\/e-pood\/wp-content\/uploads\/importedmedia\/product-42223_0-1402846.jpg","datePublished":"2018-07-20T09:07:25+00:00","dateModified":"2026-05-13T00:05:56+00:00","description":"Tomat Oxheart on maitsev lihatomat; tuntud kui H\u00e4rjas\u00fcda. Taim on k\u00f5rge kasvuga; latv n\u00e4pistatakse sobival k\u00f5rgusel \u00e4ra. Viljad suured; 200 g. V\u00e4rskelt tarbimiseks v\u00f5i hoidiste tegemiseks. K\u00fclviaeg m\u00e4rtsis. Ettekasvatusaeg u. 60 p\u00e4eva. Istutusest saagi alguseni 60-70 p\u00e4eva.","breadcrumb":{"@id":"https:\/\/horticom.ee\/e-pood\/toode\/tomat-oxheart-075g\/#breadcrumb"},"inLanguage":"ru-RU","potentialAction":[{"@type":"ReadAction","target":["https:\/\/horticom.ee\/e-pood\/toode\/tomat-oxheart-075g\/"]}]},{"@type":"ImageObject","inLanguage":"ru-RU","@id":"https:\/\/horticom.ee\/e-pood\/toode\/tomat-oxheart-075g\/#primaryimage","url":"https:\/\/horticom.ee\/e-pood\/wp-content\/uploads\/importedmedia\/product-42223_0-1402846.jpg","contentUrl":"https:\/\/horticom.ee\/e-pood\/wp-content\/uploads\/importedmedia\/product-42223_0-1402846.jpg","width":1000,"height":1375,"caption":"Tomat Oxheart 0;75g"},{"@type":"BreadcrumbList","@id":"https:\/\/horticom.ee\/e-pood\/toode\/tomat-oxheart-075g\/#breadcrumb","itemListElement":[{"@type":"ListItem","position":1,"name":"Home","item":"https:\/\/horticom.ee\/e-pood\/"},{"@type":"ListItem","position":2,"name":"Pood","item":"https:\/\/horticom.ee\/e-pood\/pood\/"},{"@type":"ListItem","position":3,"name":"Tomat Oxheart 0,5g B"}]},{"@type":"WebSite","@id":"https:\/\/horticom.ee\/e-pood\/#website","url":"https:\/\/horticom.ee\/e-pood\/","name":"Horticom.ee","description":"Aianduskaubad ja kodukaubad nii harrastajatele kui professionaalidele","potentialAction":[{"@type":"SearchAction","target":{"@type":"EntryPoint","urlTemplate":"https:\/\/horticom.ee\/e-pood\/?s={search_term_string}"},"query-input":{"@type":"PropertyValueSpecification","valueRequired":true,"valueName":"search_term_string"}}],"inLanguage":"ru-RU"}]}},"_links":{"self":[{"href":"https:\/\/horticom.ee\/e-pood\/ru\/wp-json\/wp\/v2\/product\/42223","targetHints":{"allow":["GET"]}}],"collection":[{"href":"https:\/\/horticom.ee\/e-pood\/ru\/wp-json\/wp\/v2\/product"}],"about":[{"href":"https:\/\/horticom.ee\/e-pood\/ru\/wp-json\/wp\/v2\/types\/product"}],"replies":[{"embeddable":true,"href":"https:\/\/horticom.ee\/e-pood\/ru\/wp-json\/wp\/v2\/comments?post=42223"}],"wp:featuredmedia":[{"embeddable":true,"href":"https:\/\/horticom.ee\/e-pood\/ru\/wp-json\/wp\/v2\/media\/53413"}],"wp:attachment":[{"href":"https:\/\/horticom.ee\/e-pood\/ru\/wp-json\/wp\/v2\/media?parent=42223"}],"wp:term":[{"taxonomy":"product_cat","embeddable":true,"href":"https:\/\/horticom.ee\/e-pood\/ru\/wp-json\/wp\/v2\/product_cat?post=42223"},{"taxonomy":"product_tag","embeddable":true,"href":"https:\/\/horticom.ee\/e-pood\/ru\/wp-json\/wp\/v2\/product_tag?post=42223"}],"curies":[{"name":"wp","href":"https:\/\/api.w.org\/{rel}","templated":true}]}}