{"id":42227,"date":"2018-07-20T12:07:26","date_gmt":"2018-07-20T09:07:26","guid":{"rendered":"https:\/\/aednik24.ee\/toode\/tomat-polbig-f1-025g-75seemet\/"},"modified":"2026-04-24T03:06:55","modified_gmt":"2026-04-24T00:06:55","slug":"tomat-polbig-f1-025g-75seemet","status":"publish","type":"product","link":"https:\/\/horticom.ee\/e-pood\/ru\/toode\/tomat-polbig-f1-025g-75seemet\/","title":{"rendered":"Tomat Polbig F1 50s E"},"content":{"rendered":"<p>Tomat Polbig F1 on \u00fcks saagikamaid lihatomateid. Istikute kasvatamiseks kulub 45\u201360 p\u00e4eva. Viljad on suured (u200 g), \u00fcmmargused ja tiheda viljalihaga ning s\u00e4ilivad h\u00e4sti. Meeldib nii kokkadele kui ka s\u00f6\u00f6jatele. Kasvuajal talub h\u00e4sti ka madalamaid temperatuure. Haigustele \u00fcsna vastupidav.<\/p>\n","protected":false},"excerpt":{"rendered":"<p>Tomat Polbig F1 on \u00fcks saagikamaid lihatomateid. Istikute kasvatamiseks kulub 45\u201360 p\u00e4eva. Viljad on suured (u200 g), \u00fcmmargused ja tiheda viljalihaga ning s\u00e4ilivad h\u00e4sti. Meeldib nii kokkadele kui ka s\u00f6\u00f6jatele. Kasvuajal talub h\u00e4sti ka madalamaid temperatuure. Haigustele \u00fcsna vastupidav.<\/p>\n","protected":false},"featured_media":53409,"comment_status":"open","ping_status":"closed","template":"","meta":{"_themeisle_gutenberg_block_has_review":false},"product_cat":[13481],"product_tag":[],"class_list":{"0":"post-42227","1":"product","2":"type-product","3":"status-publish","4":"has-post-thumbnail","6":"product_cat-tomat","8":"first","9":"outofstock","10":"shipping-taxable","11":"purchasable","12":"product-type-simple"},"yoast_head":"<!-- This site is optimized with the Yoast SEO plugin v24.0 - https:\/\/yoast.com\/wordpress\/plugins\/seo\/ -->\n<title>Tomat Polbig F1 0;25g \u0096 75 seemet-Aednik24.ee<\/title>\n<meta name=\"description\" content=\"Tomat Polbig F1 on \u00fcks saagikamaid lihatomateid. Istikute kasvatamiseks kulub 45\u009660 p\u00e4eva. Viljad on suured (u200 g); \u00fcmmargused ja tiheda viljalihaga ning s\u00e4ilivad h\u00e4sti. Meeldib nii kokkadele kui ka s\u00f6\u00f6jatele.\" \/>\n<meta name=\"robots\" content=\"index, follow, max-snippet:-1, max-image-preview:large, max-video-preview:-1\" \/>\n<link rel=\"canonical\" href=\"https:\/\/horticom.ee\/e-pood\/toode\/tomat-polbig-f1-025g-75seemet\/\" \/>\n<meta property=\"og:locale\" content=\"ru_RU\" \/>\n<meta property=\"og:type\" content=\"article\" \/>\n<meta property=\"og:title\" content=\"Tomat Polbig F1 0;25g \u0096 75 seemet-Aednik24.ee\" \/>\n<meta property=\"og:description\" content=\"Tomat Polbig F1 on \u00fcks saagikamaid lihatomateid. Istikute kasvatamiseks kulub 45\u009660 p\u00e4eva. Viljad on suured (u200 g); \u00fcmmargused ja tiheda viljalihaga ning s\u00e4ilivad h\u00e4sti. Meeldib nii kokkadele kui ka s\u00f6\u00f6jatele.\" \/>\n<meta property=\"og:url\" content=\"https:\/\/horticom.ee\/e-pood\/toode\/tomat-polbig-f1-025g-75seemet\/\" \/>\n<meta property=\"og:site_name\" content=\"Horticom.ee\" \/>\n<meta property=\"article:publisher\" content=\"https:\/\/www.facebook.com\/horticom.ee\/e-pood\" \/>\n<meta property=\"article:modified_time\" content=\"2026-04-24T00:06:55+00:00\" \/>\n<meta property=\"og:image\" content=\"https:\/\/horticom.ee\/e-pood\/wp-content\/uploads\/importedmedia\/product-42227_0-14058465.jpg\" \/>\n\t<meta property=\"og:image:width\" content=\"1000\" \/>\n\t<meta property=\"og:image:height\" content=\"1375\" \/>\n\t<meta property=\"og:image:type\" content=\"image\/jpeg\" \/>\n<meta name=\"twitter:card\" content=\"summary_large_image\" \/>\n<script type=\"application\/ld+json\" class=\"yoast-schema-graph\">{\"@context\":\"https:\/\/schema.org\",\"@graph\":[{\"@type\":\"WebPage\",\"@id\":\"https:\/\/horticom.ee\/e-pood\/toode\/tomat-polbig-f1-025g-75seemet\/\",\"url\":\"https:\/\/horticom.ee\/e-pood\/toode\/tomat-polbig-f1-025g-75seemet\/\",\"name\":\"Tomat Polbig F1 0;25g \u0096 75 seemet-Aednik24.ee\",\"isPartOf\":{\"@id\":\"https:\/\/horticom.ee\/e-pood\/#website\"},\"primaryImageOfPage\":{\"@id\":\"https:\/\/horticom.ee\/e-pood\/toode\/tomat-polbig-f1-025g-75seemet\/#primaryimage\"},\"image\":{\"@id\":\"https:\/\/horticom.ee\/e-pood\/toode\/tomat-polbig-f1-025g-75seemet\/#primaryimage\"},\"thumbnailUrl\":\"https:\/\/horticom.ee\/e-pood\/wp-content\/uploads\/importedmedia\/product-42227_0-14058465.jpg\",\"datePublished\":\"2018-07-20T09:07:26+00:00\",\"dateModified\":\"2026-04-24T00:06:55+00:00\",\"description\":\"Tomat Polbig F1 on \u00fcks saagikamaid lihatomateid. Istikute kasvatamiseks kulub 45\u009660 p\u00e4eva. Viljad on suured (u200 g); \u00fcmmargused ja tiheda viljalihaga ning s\u00e4ilivad h\u00e4sti. Meeldib nii kokkadele kui ka s\u00f6\u00f6jatele.\",\"breadcrumb\":{\"@id\":\"https:\/\/horticom.ee\/e-pood\/toode\/tomat-polbig-f1-025g-75seemet\/#breadcrumb\"},\"inLanguage\":\"ru-RU\",\"potentialAction\":[{\"@type\":\"ReadAction\",\"target\":[\"https:\/\/horticom.ee\/e-pood\/toode\/tomat-polbig-f1-025g-75seemet\/\"]}]},{\"@type\":\"ImageObject\",\"inLanguage\":\"ru-RU\",\"@id\":\"https:\/\/horticom.ee\/e-pood\/toode\/tomat-polbig-f1-025g-75seemet\/#primaryimage\",\"url\":\"https:\/\/horticom.ee\/e-pood\/wp-content\/uploads\/importedmedia\/product-42227_0-14058465.jpg\",\"contentUrl\":\"https:\/\/horticom.ee\/e-pood\/wp-content\/uploads\/importedmedia\/product-42227_0-14058465.jpg\",\"width\":1000,\"height\":1375,\"caption\":\"Tomat Polbig F1 0;25g \u0096 75 seemet\"},{\"@type\":\"BreadcrumbList\",\"@id\":\"https:\/\/horticom.ee\/e-pood\/toode\/tomat-polbig-f1-025g-75seemet\/#breadcrumb\",\"itemListElement\":[{\"@type\":\"ListItem\",\"position\":1,\"name\":\"Home\",\"item\":\"https:\/\/horticom.ee\/e-pood\/\"},{\"@type\":\"ListItem\",\"position\":2,\"name\":\"Pood\",\"item\":\"https:\/\/horticom.ee\/e-pood\/pood\/\"},{\"@type\":\"ListItem\",\"position\":3,\"name\":\"Tomat Polbig F1 50s E\"}]},{\"@type\":\"WebSite\",\"@id\":\"https:\/\/horticom.ee\/e-pood\/#website\",\"url\":\"https:\/\/horticom.ee\/e-pood\/\",\"name\":\"Horticom.ee\",\"description\":\"Aianduskaubad ja kodukaubad nii harrastajatele kui professionaalidele\",\"potentialAction\":[{\"@type\":\"SearchAction\",\"target\":{\"@type\":\"EntryPoint\",\"urlTemplate\":\"https:\/\/horticom.ee\/e-pood\/?s={search_term_string}\"},\"query-input\":{\"@type\":\"PropertyValueSpecification\",\"valueRequired\":true,\"valueName\":\"search_term_string\"}}],\"inLanguage\":\"ru-RU\"}]}<\/script>\n<!-- \/ Yoast SEO plugin. -->","yoast_head_json":{"title":"Tomat Polbig F1 0;25g \u0096 75 seemet-Aednik24.ee","description":"Tomat Polbig F1 on \u00fcks saagikamaid lihatomateid. Istikute kasvatamiseks kulub 45\u009660 p\u00e4eva. Viljad on suured (u200 g); \u00fcmmargused ja tiheda viljalihaga ning s\u00e4ilivad h\u00e4sti. Meeldib nii kokkadele kui ka s\u00f6\u00f6jatele.","robots":{"index":"index","follow":"follow","max-snippet":"max-snippet:-1","max-image-preview":"max-image-preview:large","max-video-preview":"max-video-preview:-1"},"canonical":"https:\/\/horticom.ee\/e-pood\/toode\/tomat-polbig-f1-025g-75seemet\/","og_locale":"ru_RU","og_type":"article","og_title":"Tomat Polbig F1 0;25g \u0096 75 seemet-Aednik24.ee","og_description":"Tomat Polbig F1 on \u00fcks saagikamaid lihatomateid. Istikute kasvatamiseks kulub 45\u009660 p\u00e4eva. Viljad on suured (u200 g); \u00fcmmargused ja tiheda viljalihaga ning s\u00e4ilivad h\u00e4sti. Meeldib nii kokkadele kui ka s\u00f6\u00f6jatele.","og_url":"https:\/\/horticom.ee\/e-pood\/toode\/tomat-polbig-f1-025g-75seemet\/","og_site_name":"Horticom.ee","article_publisher":"https:\/\/www.facebook.com\/horticom.ee\/e-pood","article_modified_time":"2026-04-24T00:06:55+00:00","og_image":[{"width":1000,"height":1375,"url":"https:\/\/horticom.ee\/e-pood\/wp-content\/uploads\/importedmedia\/product-42227_0-14058465.jpg","type":"image\/jpeg"}],"twitter_card":"summary_large_image","schema":{"@context":"https:\/\/schema.org","@graph":[{"@type":"WebPage","@id":"https:\/\/horticom.ee\/e-pood\/toode\/tomat-polbig-f1-025g-75seemet\/","url":"https:\/\/horticom.ee\/e-pood\/toode\/tomat-polbig-f1-025g-75seemet\/","name":"Tomat Polbig F1 0;25g \u0096 75 seemet-Aednik24.ee","isPartOf":{"@id":"https:\/\/horticom.ee\/e-pood\/#website"},"primaryImageOfPage":{"@id":"https:\/\/horticom.ee\/e-pood\/toode\/tomat-polbig-f1-025g-75seemet\/#primaryimage"},"image":{"@id":"https:\/\/horticom.ee\/e-pood\/toode\/tomat-polbig-f1-025g-75seemet\/#primaryimage"},"thumbnailUrl":"https:\/\/horticom.ee\/e-pood\/wp-content\/uploads\/importedmedia\/product-42227_0-14058465.jpg","datePublished":"2018-07-20T09:07:26+00:00","dateModified":"2026-04-24T00:06:55+00:00","description":"Tomat Polbig F1 on \u00fcks saagikamaid lihatomateid. Istikute kasvatamiseks kulub 45\u009660 p\u00e4eva. Viljad on suured (u200 g); \u00fcmmargused ja tiheda viljalihaga ning s\u00e4ilivad h\u00e4sti. Meeldib nii kokkadele kui ka s\u00f6\u00f6jatele.","breadcrumb":{"@id":"https:\/\/horticom.ee\/e-pood\/toode\/tomat-polbig-f1-025g-75seemet\/#breadcrumb"},"inLanguage":"ru-RU","potentialAction":[{"@type":"ReadAction","target":["https:\/\/horticom.ee\/e-pood\/toode\/tomat-polbig-f1-025g-75seemet\/"]}]},{"@type":"ImageObject","inLanguage":"ru-RU","@id":"https:\/\/horticom.ee\/e-pood\/toode\/tomat-polbig-f1-025g-75seemet\/#primaryimage","url":"https:\/\/horticom.ee\/e-pood\/wp-content\/uploads\/importedmedia\/product-42227_0-14058465.jpg","contentUrl":"https:\/\/horticom.ee\/e-pood\/wp-content\/uploads\/importedmedia\/product-42227_0-14058465.jpg","width":1000,"height":1375,"caption":"Tomat Polbig F1 0;25g \u0096 75 seemet"},{"@type":"BreadcrumbList","@id":"https:\/\/horticom.ee\/e-pood\/toode\/tomat-polbig-f1-025g-75seemet\/#breadcrumb","itemListElement":[{"@type":"ListItem","position":1,"name":"Home","item":"https:\/\/horticom.ee\/e-pood\/"},{"@type":"ListItem","position":2,"name":"Pood","item":"https:\/\/horticom.ee\/e-pood\/pood\/"},{"@type":"ListItem","position":3,"name":"Tomat Polbig F1 50s E"}]},{"@type":"WebSite","@id":"https:\/\/horticom.ee\/e-pood\/#website","url":"https:\/\/horticom.ee\/e-pood\/","name":"Horticom.ee","description":"Aianduskaubad ja kodukaubad nii harrastajatele kui professionaalidele","potentialAction":[{"@type":"SearchAction","target":{"@type":"EntryPoint","urlTemplate":"https:\/\/horticom.ee\/e-pood\/?s={search_term_string}"},"query-input":{"@type":"PropertyValueSpecification","valueRequired":true,"valueName":"search_term_string"}}],"inLanguage":"ru-RU"}]}},"_links":{"self":[{"href":"https:\/\/horticom.ee\/e-pood\/ru\/wp-json\/wp\/v2\/product\/42227","targetHints":{"allow":["GET"]}}],"collection":[{"href":"https:\/\/horticom.ee\/e-pood\/ru\/wp-json\/wp\/v2\/product"}],"about":[{"href":"https:\/\/horticom.ee\/e-pood\/ru\/wp-json\/wp\/v2\/types\/product"}],"replies":[{"embeddable":true,"href":"https:\/\/horticom.ee\/e-pood\/ru\/wp-json\/wp\/v2\/comments?post=42227"}],"wp:featuredmedia":[{"embeddable":true,"href":"https:\/\/horticom.ee\/e-pood\/ru\/wp-json\/wp\/v2\/media\/53409"}],"wp:attachment":[{"href":"https:\/\/horticom.ee\/e-pood\/ru\/wp-json\/wp\/v2\/media?parent=42227"}],"wp:term":[{"taxonomy":"product_cat","embeddable":true,"href":"https:\/\/horticom.ee\/e-pood\/ru\/wp-json\/wp\/v2\/product_cat?post=42227"},{"taxonomy":"product_tag","embeddable":true,"href":"https:\/\/horticom.ee\/e-pood\/ru\/wp-json\/wp\/v2\/product_tag?post=42227"}],"curies":[{"name":"wp","href":"https:\/\/api.w.org\/{rel}","templated":true}]}}