{"id":42253,"date":"2018-07-20T12:07:33","date_gmt":"2018-07-20T09:07:33","guid":{"rendered":"https:\/\/aednik24.ee\/toode\/kosmos-sensation-1g\/"},"modified":"2026-04-24T03:07:08","modified_gmt":"2026-04-24T00:07:08","slug":"kosmos-sensation-1g","status":"publish","type":"product","link":"https:\/\/horticom.ee\/e-pood\/ru\/toode\/kosmos-sensation-1g\/","title":{"rendered":"Kosmos Sensation 0,8g A"},"content":{"rendered":"<p>Kosmos Sensation on \u00fcheaastane, j\u00f5uline taim, v\u00e4rvikirevate suurte \u00f5itega. K\u00f5rgus 100cm. \u00d5itseb juulist oktoobrini. Sobiv k\u00fclviaeg on aprilli teine pool. Tegemist on valgusidanejatega \u2013 seemneid ei kaeta \u00fcldse v\u00f5i pannakse vaid \u00f5huke mullakiht.<\/p>\n","protected":false},"excerpt":{"rendered":"<p>Kosmos Sensation on \u00fcheaastane, j\u00f5uline taim, v\u00e4rvikirevate suurte \u00f5itega. K\u00f5rgus 100cm. \u00d5itseb juulist oktoobrini. Sobiv k\u00fclviaeg on aprilli teine pool. Tegemist on valgusidanejatega \u2013 seemneid ei kaeta \u00fcldse v\u00f5i pannakse vaid \u00f5huke mullakiht.<\/p>\n","protected":false},"featured_media":53383,"comment_status":"open","ping_status":"closed","template":"","meta":{"_themeisle_gutenberg_block_has_review":false},"product_cat":[13526],"product_tag":[],"class_list":{"0":"post-42253","1":"product","2":"type-product","3":"status-publish","4":"has-post-thumbnail","6":"product_cat-kosmos-ambliklill","8":"first","9":"outofstock","10":"shipping-taxable","11":"purchasable","12":"product-type-simple"},"yoast_head":"<!-- This site is optimized with the Yoast SEO plugin v24.0 - https:\/\/yoast.com\/wordpress\/plugins\/seo\/ -->\n<title>Kosmos Sensation 1g-Aednik24.ee<\/title>\n<meta name=\"description\" content=\"Kosmos Sensation on \u00fcheaastane; j\u00f5uline taim; v\u00e4rvikirevate suurte \u00f5itega. K\u00f5rgus 100 cm. \u00d5itseb juulist oktoobrini.\" \/>\n<meta name=\"robots\" content=\"index, follow, max-snippet:-1, max-image-preview:large, max-video-preview:-1\" \/>\n<link rel=\"canonical\" href=\"https:\/\/horticom.ee\/e-pood\/toode\/kosmos-sensation-1g\/\" \/>\n<meta property=\"og:locale\" content=\"ru_RU\" \/>\n<meta property=\"og:type\" content=\"article\" \/>\n<meta property=\"og:title\" content=\"Kosmos Sensation 1g-Aednik24.ee\" \/>\n<meta property=\"og:description\" content=\"Kosmos Sensation on \u00fcheaastane; j\u00f5uline taim; v\u00e4rvikirevate suurte \u00f5itega. K\u00f5rgus 100 cm. \u00d5itseb juulist oktoobrini.\" \/>\n<meta property=\"og:url\" content=\"https:\/\/horticom.ee\/e-pood\/toode\/kosmos-sensation-1g\/\" \/>\n<meta property=\"og:site_name\" content=\"Horticom.ee\" \/>\n<meta property=\"article:publisher\" content=\"https:\/\/www.facebook.com\/horticom.ee\/e-pood\" \/>\n<meta property=\"article:modified_time\" content=\"2026-04-24T00:07:08+00:00\" \/>\n<meta property=\"og:image\" content=\"https:\/\/horticom.ee\/e-pood\/wp-content\/uploads\/importedmedia\/product-42253_0-1404225.jpg\" \/>\n\t<meta property=\"og:image:width\" content=\"1000\" \/>\n\t<meta property=\"og:image:height\" content=\"1501\" \/>\n\t<meta property=\"og:image:type\" content=\"image\/jpeg\" \/>\n<meta name=\"twitter:card\" content=\"summary_large_image\" \/>\n<script type=\"application\/ld+json\" class=\"yoast-schema-graph\">{\"@context\":\"https:\/\/schema.org\",\"@graph\":[{\"@type\":\"WebPage\",\"@id\":\"https:\/\/horticom.ee\/e-pood\/toode\/kosmos-sensation-1g\/\",\"url\":\"https:\/\/horticom.ee\/e-pood\/toode\/kosmos-sensation-1g\/\",\"name\":\"Kosmos Sensation 1g-Aednik24.ee\",\"isPartOf\":{\"@id\":\"https:\/\/horticom.ee\/e-pood\/#website\"},\"primaryImageOfPage\":{\"@id\":\"https:\/\/horticom.ee\/e-pood\/toode\/kosmos-sensation-1g\/#primaryimage\"},\"image\":{\"@id\":\"https:\/\/horticom.ee\/e-pood\/toode\/kosmos-sensation-1g\/#primaryimage\"},\"thumbnailUrl\":\"https:\/\/horticom.ee\/e-pood\/wp-content\/uploads\/importedmedia\/product-42253_0-1404225.jpg\",\"datePublished\":\"2018-07-20T09:07:33+00:00\",\"dateModified\":\"2026-04-24T00:07:08+00:00\",\"description\":\"Kosmos Sensation on \u00fcheaastane; j\u00f5uline taim; v\u00e4rvikirevate suurte \u00f5itega. K\u00f5rgus 100 cm. \u00d5itseb juulist oktoobrini.\",\"breadcrumb\":{\"@id\":\"https:\/\/horticom.ee\/e-pood\/toode\/kosmos-sensation-1g\/#breadcrumb\"},\"inLanguage\":\"ru-RU\",\"potentialAction\":[{\"@type\":\"ReadAction\",\"target\":[\"https:\/\/horticom.ee\/e-pood\/toode\/kosmos-sensation-1g\/\"]}]},{\"@type\":\"ImageObject\",\"inLanguage\":\"ru-RU\",\"@id\":\"https:\/\/horticom.ee\/e-pood\/toode\/kosmos-sensation-1g\/#primaryimage\",\"url\":\"https:\/\/horticom.ee\/e-pood\/wp-content\/uploads\/importedmedia\/product-42253_0-1404225.jpg\",\"contentUrl\":\"https:\/\/horticom.ee\/e-pood\/wp-content\/uploads\/importedmedia\/product-42253_0-1404225.jpg\",\"width\":1000,\"height\":1501,\"caption\":\"Kosmos Sensation 1g\"},{\"@type\":\"BreadcrumbList\",\"@id\":\"https:\/\/horticom.ee\/e-pood\/toode\/kosmos-sensation-1g\/#breadcrumb\",\"itemListElement\":[{\"@type\":\"ListItem\",\"position\":1,\"name\":\"Home\",\"item\":\"https:\/\/horticom.ee\/e-pood\/\"},{\"@type\":\"ListItem\",\"position\":2,\"name\":\"Pood\",\"item\":\"https:\/\/horticom.ee\/e-pood\/pood\/\"},{\"@type\":\"ListItem\",\"position\":3,\"name\":\"Kosmos Sensation 0,8g A\"}]},{\"@type\":\"WebSite\",\"@id\":\"https:\/\/horticom.ee\/e-pood\/#website\",\"url\":\"https:\/\/horticom.ee\/e-pood\/\",\"name\":\"Horticom.ee\",\"description\":\"Aianduskaubad ja kodukaubad nii harrastajatele kui professionaalidele\",\"potentialAction\":[{\"@type\":\"SearchAction\",\"target\":{\"@type\":\"EntryPoint\",\"urlTemplate\":\"https:\/\/horticom.ee\/e-pood\/?s={search_term_string}\"},\"query-input\":{\"@type\":\"PropertyValueSpecification\",\"valueRequired\":true,\"valueName\":\"search_term_string\"}}],\"inLanguage\":\"ru-RU\"}]}<\/script>\n<!-- \/ Yoast SEO plugin. -->","yoast_head_json":{"title":"Kosmos Sensation 1g-Aednik24.ee","description":"Kosmos Sensation on \u00fcheaastane; j\u00f5uline taim; v\u00e4rvikirevate suurte \u00f5itega. K\u00f5rgus 100 cm. \u00d5itseb juulist oktoobrini.","robots":{"index":"index","follow":"follow","max-snippet":"max-snippet:-1","max-image-preview":"max-image-preview:large","max-video-preview":"max-video-preview:-1"},"canonical":"https:\/\/horticom.ee\/e-pood\/toode\/kosmos-sensation-1g\/","og_locale":"ru_RU","og_type":"article","og_title":"Kosmos Sensation 1g-Aednik24.ee","og_description":"Kosmos Sensation on \u00fcheaastane; j\u00f5uline taim; v\u00e4rvikirevate suurte \u00f5itega. K\u00f5rgus 100 cm. \u00d5itseb juulist oktoobrini.","og_url":"https:\/\/horticom.ee\/e-pood\/toode\/kosmos-sensation-1g\/","og_site_name":"Horticom.ee","article_publisher":"https:\/\/www.facebook.com\/horticom.ee\/e-pood","article_modified_time":"2026-04-24T00:07:08+00:00","og_image":[{"width":1000,"height":1501,"url":"https:\/\/horticom.ee\/e-pood\/wp-content\/uploads\/importedmedia\/product-42253_0-1404225.jpg","type":"image\/jpeg"}],"twitter_card":"summary_large_image","schema":{"@context":"https:\/\/schema.org","@graph":[{"@type":"WebPage","@id":"https:\/\/horticom.ee\/e-pood\/toode\/kosmos-sensation-1g\/","url":"https:\/\/horticom.ee\/e-pood\/toode\/kosmos-sensation-1g\/","name":"Kosmos Sensation 1g-Aednik24.ee","isPartOf":{"@id":"https:\/\/horticom.ee\/e-pood\/#website"},"primaryImageOfPage":{"@id":"https:\/\/horticom.ee\/e-pood\/toode\/kosmos-sensation-1g\/#primaryimage"},"image":{"@id":"https:\/\/horticom.ee\/e-pood\/toode\/kosmos-sensation-1g\/#primaryimage"},"thumbnailUrl":"https:\/\/horticom.ee\/e-pood\/wp-content\/uploads\/importedmedia\/product-42253_0-1404225.jpg","datePublished":"2018-07-20T09:07:33+00:00","dateModified":"2026-04-24T00:07:08+00:00","description":"Kosmos Sensation on \u00fcheaastane; j\u00f5uline taim; v\u00e4rvikirevate suurte \u00f5itega. K\u00f5rgus 100 cm. \u00d5itseb juulist oktoobrini.","breadcrumb":{"@id":"https:\/\/horticom.ee\/e-pood\/toode\/kosmos-sensation-1g\/#breadcrumb"},"inLanguage":"ru-RU","potentialAction":[{"@type":"ReadAction","target":["https:\/\/horticom.ee\/e-pood\/toode\/kosmos-sensation-1g\/"]}]},{"@type":"ImageObject","inLanguage":"ru-RU","@id":"https:\/\/horticom.ee\/e-pood\/toode\/kosmos-sensation-1g\/#primaryimage","url":"https:\/\/horticom.ee\/e-pood\/wp-content\/uploads\/importedmedia\/product-42253_0-1404225.jpg","contentUrl":"https:\/\/horticom.ee\/e-pood\/wp-content\/uploads\/importedmedia\/product-42253_0-1404225.jpg","width":1000,"height":1501,"caption":"Kosmos Sensation 1g"},{"@type":"BreadcrumbList","@id":"https:\/\/horticom.ee\/e-pood\/toode\/kosmos-sensation-1g\/#breadcrumb","itemListElement":[{"@type":"ListItem","position":1,"name":"Home","item":"https:\/\/horticom.ee\/e-pood\/"},{"@type":"ListItem","position":2,"name":"Pood","item":"https:\/\/horticom.ee\/e-pood\/pood\/"},{"@type":"ListItem","position":3,"name":"Kosmos Sensation 0,8g A"}]},{"@type":"WebSite","@id":"https:\/\/horticom.ee\/e-pood\/#website","url":"https:\/\/horticom.ee\/e-pood\/","name":"Horticom.ee","description":"Aianduskaubad ja kodukaubad nii harrastajatele kui professionaalidele","potentialAction":[{"@type":"SearchAction","target":{"@type":"EntryPoint","urlTemplate":"https:\/\/horticom.ee\/e-pood\/?s={search_term_string}"},"query-input":{"@type":"PropertyValueSpecification","valueRequired":true,"valueName":"search_term_string"}}],"inLanguage":"ru-RU"}]}},"_links":{"self":[{"href":"https:\/\/horticom.ee\/e-pood\/ru\/wp-json\/wp\/v2\/product\/42253","targetHints":{"allow":["GET"]}}],"collection":[{"href":"https:\/\/horticom.ee\/e-pood\/ru\/wp-json\/wp\/v2\/product"}],"about":[{"href":"https:\/\/horticom.ee\/e-pood\/ru\/wp-json\/wp\/v2\/types\/product"}],"replies":[{"embeddable":true,"href":"https:\/\/horticom.ee\/e-pood\/ru\/wp-json\/wp\/v2\/comments?post=42253"}],"wp:featuredmedia":[{"embeddable":true,"href":"https:\/\/horticom.ee\/e-pood\/ru\/wp-json\/wp\/v2\/media\/53383"}],"wp:attachment":[{"href":"https:\/\/horticom.ee\/e-pood\/ru\/wp-json\/wp\/v2\/media?parent=42253"}],"wp:term":[{"taxonomy":"product_cat","embeddable":true,"href":"https:\/\/horticom.ee\/e-pood\/ru\/wp-json\/wp\/v2\/product_cat?post=42253"},{"taxonomy":"product_tag","embeddable":true,"href":"https:\/\/horticom.ee\/e-pood\/ru\/wp-json\/wp\/v2\/product_tag?post=42253"}],"curies":[{"name":"wp","href":"https:\/\/api.w.org\/{rel}","templated":true}]}}