{"id":42320,"date":"2018-07-20T12:07:52","date_gmt":"2018-07-20T09:07:52","guid":{"rendered":"https:\/\/aednik24.ee\/toode\/basiilik-vurts-dark-opal-15g\/"},"modified":"2026-05-03T03:06:55","modified_gmt":"2026-05-03T00:06:55","slug":"basiilik-vurts-dark-opal-15g","status":"publish","type":"product","link":"https:\/\/horticom.ee\/e-pood\/ru\/toode\/basiilik-vurts-dark-opal-15g\/","title":{"rendered":"Basiilik, v\u00fcrts Dark Opal  0,3g A"},"content":{"rendered":"<p>V\u00fcrtsbasiilik Dark Opal on \u00fcheaastane aromaatne, maitse-, ravim-, meetaim. Toiduks tarvitatakse meeldiva l\u00f5hna ja m\u00f5ru maitsega v\u00e4rskeid ja kuivatatud lehti v\u00f5i lehtede ja \u00f5ite segu. Basiilik v\u00f5ib asendada musta pipart, eriti hea ja kulinaaride poolt hinnatud on basiiliku, tilli ja estragoni segu. K\u00fclv: Aprilli algul k\u00fclvikasti 0,5cm s\u00fcgavusele. Mitmekaupa pikeeritud taimed istutatakse kasvukohale peale \u00f6\u00f6k\u00fclmi. Kasvuaeg: 80p. Sobib soe ja p\u00e4ikseline kasvukoht.<\/p>\n","protected":false},"excerpt":{"rendered":"<p>V\u00fcrtsbasiilik Dark Opal on \u00fcheaastane aromaatne, maitse-, ravim-, meetaim. Toiduks tarvitatakse meeldiva l\u00f5hna ja m\u00f5ru maitsega v\u00e4rskeid ja kuivatatud lehti v\u00f5i lehtede ja \u00f5ite segu. Basiilik v\u00f5ib asendada musta pipart, eriti hea ja kulinaaride poolt hinnatud on basiiliku, tilli ja estragoni segu. K\u00fclv: Aprilli algul k\u00fclvikasti 0,5cm s\u00fcgavusele. Mitmekaupa pikeeritud taimed istutatakse kasvukohale peale \u00f6\u00f6k\u00fclmi. [&hellip;]<\/p>\n","protected":false},"featured_media":53317,"comment_status":"open","ping_status":"closed","template":"","meta":{"_themeisle_gutenberg_block_has_review":false},"product_cat":[13490],"product_tag":[],"class_list":{"0":"post-42320","1":"product","2":"type-product","3":"status-publish","4":"has-post-thumbnail","6":"product_cat-maitsetaimede-seemned","8":"first","9":"outofstock","10":"shipping-taxable","11":"purchasable","12":"product-type-simple"},"yoast_head":"<!-- This site is optimized with the Yoast SEO plugin v24.0 - https:\/\/yoast.com\/wordpress\/plugins\/seo\/ -->\n<title>Basiilik; v\u00fcrts Dark Opal 1;5g-Aednik24.ee<\/title>\n<meta name=\"description\" content=\"V\u00fcrtsbasiilik Dark Opal on \u00fcheaastane aromaatne; maitse-; ravim- ja meetaim. Toiduks tarvitatakse meeldiva l\u00f5hna ja m\u00f5ru maitsega v\u00e4rskeid ja kuivatatud lehti v\u00f5i lehtede ja \u00f5ite segu. Basiilik v\u00f5ib asendada musta pipart; eriti hea ja kulinaaride poolt hinnatud on basiiliku; tilli ja estragoni segu.\" \/>\n<meta name=\"robots\" content=\"index, follow, max-snippet:-1, max-image-preview:large, max-video-preview:-1\" \/>\n<link rel=\"canonical\" href=\"https:\/\/horticom.ee\/e-pood\/toode\/basiilik-vurts-dark-opal-15g\/\" \/>\n<meta property=\"og:locale\" content=\"ru_RU\" \/>\n<meta property=\"og:type\" content=\"article\" \/>\n<meta property=\"og:title\" content=\"Basiilik; v\u00fcrts Dark Opal 1;5g-Aednik24.ee\" \/>\n<meta property=\"og:description\" content=\"V\u00fcrtsbasiilik Dark Opal on \u00fcheaastane aromaatne; maitse-; ravim- ja meetaim. Toiduks tarvitatakse meeldiva l\u00f5hna ja m\u00f5ru maitsega v\u00e4rskeid ja kuivatatud lehti v\u00f5i lehtede ja \u00f5ite segu. Basiilik v\u00f5ib asendada musta pipart; eriti hea ja kulinaaride poolt hinnatud on basiiliku; tilli ja estragoni segu.\" \/>\n<meta property=\"og:url\" content=\"https:\/\/horticom.ee\/e-pood\/toode\/basiilik-vurts-dark-opal-15g\/\" \/>\n<meta property=\"og:site_name\" content=\"Horticom.ee\" \/>\n<meta property=\"article:publisher\" content=\"https:\/\/www.facebook.com\/horticom.ee\/e-pood\" \/>\n<meta property=\"article:modified_time\" content=\"2026-05-03T00:06:55+00:00\" \/>\n<meta property=\"og:image\" content=\"https:\/\/horticom.ee\/e-pood\/wp-content\/uploads\/importedmedia\/product-42320_0-1401012.jpg\" \/>\n\t<meta property=\"og:image:width\" content=\"999\" \/>\n\t<meta property=\"og:image:height\" content=\"666\" \/>\n\t<meta property=\"og:image:type\" content=\"image\/jpeg\" \/>\n<meta name=\"twitter:card\" content=\"summary_large_image\" \/>\n<script type=\"application\/ld+json\" class=\"yoast-schema-graph\">{\"@context\":\"https:\/\/schema.org\",\"@graph\":[{\"@type\":\"WebPage\",\"@id\":\"https:\/\/horticom.ee\/e-pood\/toode\/basiilik-vurts-dark-opal-15g\/\",\"url\":\"https:\/\/horticom.ee\/e-pood\/toode\/basiilik-vurts-dark-opal-15g\/\",\"name\":\"Basiilik; v\u00fcrts Dark Opal 1;5g-Aednik24.ee\",\"isPartOf\":{\"@id\":\"https:\/\/horticom.ee\/e-pood\/#website\"},\"primaryImageOfPage\":{\"@id\":\"https:\/\/horticom.ee\/e-pood\/toode\/basiilik-vurts-dark-opal-15g\/#primaryimage\"},\"image\":{\"@id\":\"https:\/\/horticom.ee\/e-pood\/toode\/basiilik-vurts-dark-opal-15g\/#primaryimage\"},\"thumbnailUrl\":\"https:\/\/horticom.ee\/e-pood\/wp-content\/uploads\/importedmedia\/product-42320_0-1401012.jpg\",\"datePublished\":\"2018-07-20T09:07:52+00:00\",\"dateModified\":\"2026-05-03T00:06:55+00:00\",\"description\":\"V\u00fcrtsbasiilik Dark Opal on \u00fcheaastane aromaatne; maitse-; ravim- ja meetaim. Toiduks tarvitatakse meeldiva l\u00f5hna ja m\u00f5ru maitsega v\u00e4rskeid ja kuivatatud lehti v\u00f5i lehtede ja \u00f5ite segu. Basiilik v\u00f5ib asendada musta pipart; eriti hea ja kulinaaride poolt hinnatud on basiiliku; tilli ja estragoni segu.\",\"breadcrumb\":{\"@id\":\"https:\/\/horticom.ee\/e-pood\/toode\/basiilik-vurts-dark-opal-15g\/#breadcrumb\"},\"inLanguage\":\"ru-RU\",\"potentialAction\":[{\"@type\":\"ReadAction\",\"target\":[\"https:\/\/horticom.ee\/e-pood\/toode\/basiilik-vurts-dark-opal-15g\/\"]}]},{\"@type\":\"ImageObject\",\"inLanguage\":\"ru-RU\",\"@id\":\"https:\/\/horticom.ee\/e-pood\/toode\/basiilik-vurts-dark-opal-15g\/#primaryimage\",\"url\":\"https:\/\/horticom.ee\/e-pood\/wp-content\/uploads\/importedmedia\/product-42320_0-1401012.jpg\",\"contentUrl\":\"https:\/\/horticom.ee\/e-pood\/wp-content\/uploads\/importedmedia\/product-42320_0-1401012.jpg\",\"width\":999,\"height\":666,\"caption\":\"Basiilik; v\u00fcrts Dark Opal 1;5g\"},{\"@type\":\"BreadcrumbList\",\"@id\":\"https:\/\/horticom.ee\/e-pood\/toode\/basiilik-vurts-dark-opal-15g\/#breadcrumb\",\"itemListElement\":[{\"@type\":\"ListItem\",\"position\":1,\"name\":\"Home\",\"item\":\"https:\/\/horticom.ee\/e-pood\/\"},{\"@type\":\"ListItem\",\"position\":2,\"name\":\"Pood\",\"item\":\"https:\/\/horticom.ee\/e-pood\/pood\/\"},{\"@type\":\"ListItem\",\"position\":3,\"name\":\"Basiilik, v\u00fcrts Dark Opal 0,3g A\"}]},{\"@type\":\"WebSite\",\"@id\":\"https:\/\/horticom.ee\/e-pood\/#website\",\"url\":\"https:\/\/horticom.ee\/e-pood\/\",\"name\":\"Horticom.ee\",\"description\":\"Aianduskaubad ja kodukaubad nii harrastajatele kui professionaalidele\",\"potentialAction\":[{\"@type\":\"SearchAction\",\"target\":{\"@type\":\"EntryPoint\",\"urlTemplate\":\"https:\/\/horticom.ee\/e-pood\/?s={search_term_string}\"},\"query-input\":{\"@type\":\"PropertyValueSpecification\",\"valueRequired\":true,\"valueName\":\"search_term_string\"}}],\"inLanguage\":\"ru-RU\"}]}<\/script>\n<!-- \/ Yoast SEO plugin. -->","yoast_head_json":{"title":"Basiilik; v\u00fcrts Dark Opal 1;5g-Aednik24.ee","description":"V\u00fcrtsbasiilik Dark Opal on \u00fcheaastane aromaatne; maitse-; ravim- ja meetaim. Toiduks tarvitatakse meeldiva l\u00f5hna ja m\u00f5ru maitsega v\u00e4rskeid ja kuivatatud lehti v\u00f5i lehtede ja \u00f5ite segu. Basiilik v\u00f5ib asendada musta pipart; eriti hea ja kulinaaride poolt hinnatud on basiiliku; tilli ja estragoni segu.","robots":{"index":"index","follow":"follow","max-snippet":"max-snippet:-1","max-image-preview":"max-image-preview:large","max-video-preview":"max-video-preview:-1"},"canonical":"https:\/\/horticom.ee\/e-pood\/toode\/basiilik-vurts-dark-opal-15g\/","og_locale":"ru_RU","og_type":"article","og_title":"Basiilik; v\u00fcrts Dark Opal 1;5g-Aednik24.ee","og_description":"V\u00fcrtsbasiilik Dark Opal on \u00fcheaastane aromaatne; maitse-; ravim- ja meetaim. Toiduks tarvitatakse meeldiva l\u00f5hna ja m\u00f5ru maitsega v\u00e4rskeid ja kuivatatud lehti v\u00f5i lehtede ja \u00f5ite segu. Basiilik v\u00f5ib asendada musta pipart; eriti hea ja kulinaaride poolt hinnatud on basiiliku; tilli ja estragoni segu.","og_url":"https:\/\/horticom.ee\/e-pood\/toode\/basiilik-vurts-dark-opal-15g\/","og_site_name":"Horticom.ee","article_publisher":"https:\/\/www.facebook.com\/horticom.ee\/e-pood","article_modified_time":"2026-05-03T00:06:55+00:00","og_image":[{"width":999,"height":666,"url":"https:\/\/horticom.ee\/e-pood\/wp-content\/uploads\/importedmedia\/product-42320_0-1401012.jpg","type":"image\/jpeg"}],"twitter_card":"summary_large_image","schema":{"@context":"https:\/\/schema.org","@graph":[{"@type":"WebPage","@id":"https:\/\/horticom.ee\/e-pood\/toode\/basiilik-vurts-dark-opal-15g\/","url":"https:\/\/horticom.ee\/e-pood\/toode\/basiilik-vurts-dark-opal-15g\/","name":"Basiilik; v\u00fcrts Dark Opal 1;5g-Aednik24.ee","isPartOf":{"@id":"https:\/\/horticom.ee\/e-pood\/#website"},"primaryImageOfPage":{"@id":"https:\/\/horticom.ee\/e-pood\/toode\/basiilik-vurts-dark-opal-15g\/#primaryimage"},"image":{"@id":"https:\/\/horticom.ee\/e-pood\/toode\/basiilik-vurts-dark-opal-15g\/#primaryimage"},"thumbnailUrl":"https:\/\/horticom.ee\/e-pood\/wp-content\/uploads\/importedmedia\/product-42320_0-1401012.jpg","datePublished":"2018-07-20T09:07:52+00:00","dateModified":"2026-05-03T00:06:55+00:00","description":"V\u00fcrtsbasiilik Dark Opal on \u00fcheaastane aromaatne; maitse-; ravim- ja meetaim. Toiduks tarvitatakse meeldiva l\u00f5hna ja m\u00f5ru maitsega v\u00e4rskeid ja kuivatatud lehti v\u00f5i lehtede ja \u00f5ite segu. Basiilik v\u00f5ib asendada musta pipart; eriti hea ja kulinaaride poolt hinnatud on basiiliku; tilli ja estragoni segu.","breadcrumb":{"@id":"https:\/\/horticom.ee\/e-pood\/toode\/basiilik-vurts-dark-opal-15g\/#breadcrumb"},"inLanguage":"ru-RU","potentialAction":[{"@type":"ReadAction","target":["https:\/\/horticom.ee\/e-pood\/toode\/basiilik-vurts-dark-opal-15g\/"]}]},{"@type":"ImageObject","inLanguage":"ru-RU","@id":"https:\/\/horticom.ee\/e-pood\/toode\/basiilik-vurts-dark-opal-15g\/#primaryimage","url":"https:\/\/horticom.ee\/e-pood\/wp-content\/uploads\/importedmedia\/product-42320_0-1401012.jpg","contentUrl":"https:\/\/horticom.ee\/e-pood\/wp-content\/uploads\/importedmedia\/product-42320_0-1401012.jpg","width":999,"height":666,"caption":"Basiilik; v\u00fcrts Dark Opal 1;5g"},{"@type":"BreadcrumbList","@id":"https:\/\/horticom.ee\/e-pood\/toode\/basiilik-vurts-dark-opal-15g\/#breadcrumb","itemListElement":[{"@type":"ListItem","position":1,"name":"Home","item":"https:\/\/horticom.ee\/e-pood\/"},{"@type":"ListItem","position":2,"name":"Pood","item":"https:\/\/horticom.ee\/e-pood\/pood\/"},{"@type":"ListItem","position":3,"name":"Basiilik, v\u00fcrts Dark Opal 0,3g A"}]},{"@type":"WebSite","@id":"https:\/\/horticom.ee\/e-pood\/#website","url":"https:\/\/horticom.ee\/e-pood\/","name":"Horticom.ee","description":"Aianduskaubad ja kodukaubad nii harrastajatele kui professionaalidele","potentialAction":[{"@type":"SearchAction","target":{"@type":"EntryPoint","urlTemplate":"https:\/\/horticom.ee\/e-pood\/?s={search_term_string}"},"query-input":{"@type":"PropertyValueSpecification","valueRequired":true,"valueName":"search_term_string"}}],"inLanguage":"ru-RU"}]}},"_links":{"self":[{"href":"https:\/\/horticom.ee\/e-pood\/ru\/wp-json\/wp\/v2\/product\/42320","targetHints":{"allow":["GET"]}}],"collection":[{"href":"https:\/\/horticom.ee\/e-pood\/ru\/wp-json\/wp\/v2\/product"}],"about":[{"href":"https:\/\/horticom.ee\/e-pood\/ru\/wp-json\/wp\/v2\/types\/product"}],"replies":[{"embeddable":true,"href":"https:\/\/horticom.ee\/e-pood\/ru\/wp-json\/wp\/v2\/comments?post=42320"}],"wp:featuredmedia":[{"embeddable":true,"href":"https:\/\/horticom.ee\/e-pood\/ru\/wp-json\/wp\/v2\/media\/53317"}],"wp:attachment":[{"href":"https:\/\/horticom.ee\/e-pood\/ru\/wp-json\/wp\/v2\/media?parent=42320"}],"wp:term":[{"taxonomy":"product_cat","embeddable":true,"href":"https:\/\/horticom.ee\/e-pood\/ru\/wp-json\/wp\/v2\/product_cat?post=42320"},{"taxonomy":"product_tag","embeddable":true,"href":"https:\/\/horticom.ee\/e-pood\/ru\/wp-json\/wp\/v2\/product_tag?post=42320"}],"curies":[{"name":"wp","href":"https:\/\/api.w.org\/{rel}","templated":true}]}}