{"id":698329,"date":"2022-05-09T17:01:14","date_gmt":"2022-05-09T14:01:14","guid":{"rendered":"https:\/\/aednik24.ee\/toode\/talveloor-30g-42-x-250m-laius-16m-rull\/"},"modified":"2026-05-01T03:10:38","modified_gmt":"2026-05-01T00:10:38","slug":"talveloor-30g-42-x-250m-laius-16m-rull","status":"publish","type":"product","link":"https:\/\/horticom.ee\/e-pood\/ru\/toode\/talveloor-30g-42-x-250m-laius-16m-rull\/","title":{"rendered":"Talveloor 4,2 x 250m 30g rulli laius 1,6m"},"content":{"rendered":"<p>Tugevam ja tihedam kui katteloor ning kaitseb k\u00fclma eest paremini. Laseb h\u00e4sti l\u00e4bi valgust, \u00f5hku ning pinnale langenud vett. Kuna loorile ei teki seisvat vett, siis see ei j\u00e4\u00e4tu ning taimed ei j\u00e4\u00e4 \u00f5hupuudusesse. Loor kaitseb k\u00fclma tuule eest. Sobib k\u00fclmakartlike p\u00f5\u00f5saste ja ronitaimede kaitsmiseks, ka maasikate katmiseks, kui lund ei ole ja temperatuur langeb alla \u201310\u00b0C. Kevadel on v\u00f5imalik talveloori all hakata varakult kasvatama salatit, maitserohelist, varajast kartulit jms. Tomatitaimed v\u00f5ib juba mai esimesel poolel kasvuhoonesse istutada ja \u00fcmbritseda talvelooriga.<\/p>\n","protected":false},"excerpt":{"rendered":"<p>Tugevam ja tihedam kui katteloor ning kaitseb k\u00fclma eest paremini. Laseb h\u00e4sti l\u00e4bi valgust, \u00f5hku ning pinnale langenud vett. Kuna loorile ei teki seisvat vett, siis see ei j\u00e4\u00e4tu ning taimed ei j\u00e4\u00e4 \u00f5hupuudusesse. Loor kaitseb k\u00fclma tuule eest. Sobib k\u00fclmakartlike p\u00f5\u00f5saste ja ronitaimede kaitsmiseks, ka maasikate katmiseks, kui lund ei ole ja temperatuur langeb [&hellip;]<\/p>\n","protected":false},"featured_media":0,"comment_status":"closed","ping_status":"closed","template":"","meta":{"_themeisle_gutenberg_block_has_review":false},"product_cat":[13381,13639],"product_tag":[],"class_list":{"0":"post-698329","1":"product","2":"type-product","3":"status-publish","5":"product_cat-talvekangad","6":"product_cat-talvekangad-tootjale","8":"first","9":"instock","10":"shipping-taxable","11":"purchasable","12":"product-type-simple"},"yoast_head":"<!-- This site is optimized with the Yoast SEO plugin v24.0 - https:\/\/yoast.com\/wordpress\/plugins\/seo\/ -->\n<title>Talveloor 4,2 x 250m 30g rulli laius 1,6m - Horticom<\/title>\n<meta name=\"robots\" content=\"index, follow, max-snippet:-1, max-image-preview:large, max-video-preview:-1\" \/>\n<link rel=\"canonical\" href=\"https:\/\/horticom.ee\/e-pood\/toode\/talveloor-30g-42-x-250m-laius-16m-rull\/\" \/>\n<meta property=\"og:locale\" content=\"ru_RU\" \/>\n<meta property=\"og:type\" content=\"article\" \/>\n<meta property=\"og:title\" content=\"Talveloor 4,2 x 250m 30g rulli laius 1,6m - Horticom\" \/>\n<meta property=\"og:description\" content=\"Tugevam ja tihedam kui katteloor ning kaitseb k\u00fclma eest paremini. Laseb h\u00e4sti l\u00e4bi valgust, \u00f5hku ning pinnale langenud vett. Kuna loorile ei teki seisvat vett, siis see ei j\u00e4\u00e4tu ning taimed ei j\u00e4\u00e4 \u00f5hupuudusesse. Loor kaitseb k\u00fclma tuule eest. Sobib k\u00fclmakartlike p\u00f5\u00f5saste ja ronitaimede kaitsmiseks, ka maasikate katmiseks, kui lund ei ole ja temperatuur langeb [&hellip;]\" \/>\n<meta property=\"og:url\" content=\"https:\/\/horticom.ee\/e-pood\/toode\/talveloor-30g-42-x-250m-laius-16m-rull\/\" \/>\n<meta property=\"og:site_name\" content=\"Horticom.ee\" \/>\n<meta property=\"article:publisher\" content=\"https:\/\/www.facebook.com\/horticom.ee\/e-pood\" \/>\n<meta property=\"article:modified_time\" content=\"2026-05-01T00:10:38+00:00\" \/>\n<meta name=\"twitter:card\" content=\"summary_large_image\" \/>\n<script type=\"application\/ld+json\" class=\"yoast-schema-graph\">{\"@context\":\"https:\/\/schema.org\",\"@graph\":[{\"@type\":\"WebPage\",\"@id\":\"https:\/\/horticom.ee\/e-pood\/toode\/talveloor-30g-42-x-250m-laius-16m-rull\/\",\"url\":\"https:\/\/horticom.ee\/e-pood\/toode\/talveloor-30g-42-x-250m-laius-16m-rull\/\",\"name\":\"Talveloor 4,2 x 250m 30g rulli laius 1,6m - Horticom\",\"isPartOf\":{\"@id\":\"https:\/\/horticom.ee\/e-pood\/#website\"},\"datePublished\":\"2022-05-09T14:01:14+00:00\",\"dateModified\":\"2026-05-01T00:10:38+00:00\",\"breadcrumb\":{\"@id\":\"https:\/\/horticom.ee\/e-pood\/toode\/talveloor-30g-42-x-250m-laius-16m-rull\/#breadcrumb\"},\"inLanguage\":\"ru-RU\",\"potentialAction\":[{\"@type\":\"ReadAction\",\"target\":[\"https:\/\/horticom.ee\/e-pood\/toode\/talveloor-30g-42-x-250m-laius-16m-rull\/\"]}]},{\"@type\":\"BreadcrumbList\",\"@id\":\"https:\/\/horticom.ee\/e-pood\/toode\/talveloor-30g-42-x-250m-laius-16m-rull\/#breadcrumb\",\"itemListElement\":[{\"@type\":\"ListItem\",\"position\":1,\"name\":\"Home\",\"item\":\"https:\/\/horticom.ee\/e-pood\/\"},{\"@type\":\"ListItem\",\"position\":2,\"name\":\"Pood\",\"item\":\"https:\/\/horticom.ee\/e-pood\/pood\/\"},{\"@type\":\"ListItem\",\"position\":3,\"name\":\"Talveloor 4,2 x 250m 30g rulli laius 1,6m\"}]},{\"@type\":\"WebSite\",\"@id\":\"https:\/\/horticom.ee\/e-pood\/#website\",\"url\":\"https:\/\/horticom.ee\/e-pood\/\",\"name\":\"Horticom.ee\",\"description\":\"Aianduskaubad ja kodukaubad nii harrastajatele kui professionaalidele\",\"potentialAction\":[{\"@type\":\"SearchAction\",\"target\":{\"@type\":\"EntryPoint\",\"urlTemplate\":\"https:\/\/horticom.ee\/e-pood\/?s={search_term_string}\"},\"query-input\":{\"@type\":\"PropertyValueSpecification\",\"valueRequired\":true,\"valueName\":\"search_term_string\"}}],\"inLanguage\":\"ru-RU\"}]}<\/script>\n<!-- \/ Yoast SEO plugin. -->","yoast_head_json":{"title":"Talveloor 4,2 x 250m 30g rulli laius 1,6m - Horticom","robots":{"index":"index","follow":"follow","max-snippet":"max-snippet:-1","max-image-preview":"max-image-preview:large","max-video-preview":"max-video-preview:-1"},"canonical":"https:\/\/horticom.ee\/e-pood\/toode\/talveloor-30g-42-x-250m-laius-16m-rull\/","og_locale":"ru_RU","og_type":"article","og_title":"Talveloor 4,2 x 250m 30g rulli laius 1,6m - Horticom","og_description":"Tugevam ja tihedam kui katteloor ning kaitseb k\u00fclma eest paremini. Laseb h\u00e4sti l\u00e4bi valgust, \u00f5hku ning pinnale langenud vett. Kuna loorile ei teki seisvat vett, siis see ei j\u00e4\u00e4tu ning taimed ei j\u00e4\u00e4 \u00f5hupuudusesse. Loor kaitseb k\u00fclma tuule eest. Sobib k\u00fclmakartlike p\u00f5\u00f5saste ja ronitaimede kaitsmiseks, ka maasikate katmiseks, kui lund ei ole ja temperatuur langeb [&hellip;]","og_url":"https:\/\/horticom.ee\/e-pood\/toode\/talveloor-30g-42-x-250m-laius-16m-rull\/","og_site_name":"Horticom.ee","article_publisher":"https:\/\/www.facebook.com\/horticom.ee\/e-pood","article_modified_time":"2026-05-01T00:10:38+00:00","twitter_card":"summary_large_image","schema":{"@context":"https:\/\/schema.org","@graph":[{"@type":"WebPage","@id":"https:\/\/horticom.ee\/e-pood\/toode\/talveloor-30g-42-x-250m-laius-16m-rull\/","url":"https:\/\/horticom.ee\/e-pood\/toode\/talveloor-30g-42-x-250m-laius-16m-rull\/","name":"Talveloor 4,2 x 250m 30g rulli laius 1,6m - Horticom","isPartOf":{"@id":"https:\/\/horticom.ee\/e-pood\/#website"},"datePublished":"2022-05-09T14:01:14+00:00","dateModified":"2026-05-01T00:10:38+00:00","breadcrumb":{"@id":"https:\/\/horticom.ee\/e-pood\/toode\/talveloor-30g-42-x-250m-laius-16m-rull\/#breadcrumb"},"inLanguage":"ru-RU","potentialAction":[{"@type":"ReadAction","target":["https:\/\/horticom.ee\/e-pood\/toode\/talveloor-30g-42-x-250m-laius-16m-rull\/"]}]},{"@type":"BreadcrumbList","@id":"https:\/\/horticom.ee\/e-pood\/toode\/talveloor-30g-42-x-250m-laius-16m-rull\/#breadcrumb","itemListElement":[{"@type":"ListItem","position":1,"name":"Home","item":"https:\/\/horticom.ee\/e-pood\/"},{"@type":"ListItem","position":2,"name":"Pood","item":"https:\/\/horticom.ee\/e-pood\/pood\/"},{"@type":"ListItem","position":3,"name":"Talveloor 4,2 x 250m 30g rulli laius 1,6m"}]},{"@type":"WebSite","@id":"https:\/\/horticom.ee\/e-pood\/#website","url":"https:\/\/horticom.ee\/e-pood\/","name":"Horticom.ee","description":"Aianduskaubad ja kodukaubad nii harrastajatele kui professionaalidele","potentialAction":[{"@type":"SearchAction","target":{"@type":"EntryPoint","urlTemplate":"https:\/\/horticom.ee\/e-pood\/?s={search_term_string}"},"query-input":{"@type":"PropertyValueSpecification","valueRequired":true,"valueName":"search_term_string"}}],"inLanguage":"ru-RU"}]}},"_links":{"self":[{"href":"https:\/\/horticom.ee\/e-pood\/ru\/wp-json\/wp\/v2\/product\/698329","targetHints":{"allow":["GET"]}}],"collection":[{"href":"https:\/\/horticom.ee\/e-pood\/ru\/wp-json\/wp\/v2\/product"}],"about":[{"href":"https:\/\/horticom.ee\/e-pood\/ru\/wp-json\/wp\/v2\/types\/product"}],"replies":[{"embeddable":true,"href":"https:\/\/horticom.ee\/e-pood\/ru\/wp-json\/wp\/v2\/comments?post=698329"}],"wp:attachment":[{"href":"https:\/\/horticom.ee\/e-pood\/ru\/wp-json\/wp\/v2\/media?parent=698329"}],"wp:term":[{"taxonomy":"product_cat","embeddable":true,"href":"https:\/\/horticom.ee\/e-pood\/ru\/wp-json\/wp\/v2\/product_cat?post=698329"},{"taxonomy":"product_tag","embeddable":true,"href":"https:\/\/horticom.ee\/e-pood\/ru\/wp-json\/wp\/v2\/product_tag?post=698329"}],"curies":[{"name":"wp","href":"https:\/\/api.w.org\/{rel}","templated":true}]}}