{"id":12411,"date":"2018-03-16T15:12:38","date_gmt":"2018-03-16T13:12:38","guid":{"rendered":"https:\/\/aednik24.koik.ee\/?page_id=12411"},"modified":"2026-01-23T10:19:31","modified_gmt":"2026-01-23T08:19:31","slug":"kontakt","status":"publish","type":"page","link":"https:\/\/horticom.ee\/e-pood\/kontakt\/","title":{"rendered":"KONTAKT"},"content":{"rendered":"<div class=\"row contact_page_wrap\">\n<div>\n<div class=\"col-sm-12\"><strong>E-poe klienditugi:<\/strong><br \/>\nTelefon: 651 2972<\/div>\n<div class=\"col-sm-12\">Mobiil: 5349 2024<\/div>\n<div class=\"col-sm-12\">Avatud: E-R 9-17.00<\/div>\n<div class=\"col-sm-12\">E-post: <a href=\"mailto:e-pood@horticom.ee\">e-pood@horticom.ee<\/a><\/div>\n<\/div>\n<\/div>\n<div>&#8212;<\/div>\n<div class=\"row contact_page_wrap\">\n<div>\n<div class=\"col-sm-12\">Nimi:\u00a0HORTICOM O\u00dc<\/div>\n<div class=\"col-sm-12\">Registrikood: 10003666<\/div>\n<div class=\"col-sm-12\">KMKR:\u00a0EE100443619<\/div>\n<div class=\"col-sm-12\">Aadress: Loom\u00e4e tee 11, Lehmja k\u00fcla, Rae vald, Harjumaa, 75306<\/div>\n<\/div>\n<\/div>\n<div>&#8212;<\/div>\n<div class=\"row contact_page_wrap\">\n<div>\n<div class=\"col-sm-12\">Horticom O\u00dc-l puudub f\u00fc\u00fcsiline kauplus ning kaupade v\u00e4ljastuspunkt.<br \/>\nK\u00f5iki tooteid saab osta ainult l\u00e4bi meie e-poe. Palume mitte kohale tulla \u2013 tellimusi v\u00e4ljastatakse pakiautomaatide ja kullerteenuse kaudu.<\/div>\n<\/div>\n<\/div>\n","protected":false},"excerpt":{"rendered":"<p>E-poe klienditugi: Telefon: 651 2972 Mobiil: 5349 2024 Avatud: E-R 9-17.00 E-post: e-pood@horticom.ee &#8212; Nimi:\u00a0HORTICOM O\u00dc Registrikood: 10003666 KMKR:\u00a0EE100443619 Aadress: Loom\u00e4e tee 11, Lehmja k\u00fcla, Rae vald, Harjumaa, 75306 &#8212; Horticom O\u00dc-l puudub f\u00fc\u00fcsiline kauplus ning kaupade v\u00e4ljastuspunkt. K\u00f5iki tooteid saab osta ainult l\u00e4bi meie e-poe. Palume mitte kohale tulla \u2013 tellimusi v\u00e4ljastatakse pakiautomaatide ja [&hellip;]<\/p>\n","protected":false},"author":1,"featured_media":0,"parent":0,"menu_order":0,"comment_status":"closed","ping_status":"closed","template":"","meta":{"_themeisle_gutenberg_block_has_review":false,"footnotes":""},"class_list":["post-12411","page","type-page","status-publish","hentry"],"yoast_head":"<!-- This site is optimized with the Yoast SEO plugin v24.0 - https:\/\/yoast.com\/wordpress\/plugins\/seo\/ -->\n<title>KONTAKT - Horticom<\/title>\n<meta name=\"robots\" content=\"index, follow, max-snippet:-1, max-image-preview:large, max-video-preview:-1\" \/>\n<link rel=\"canonical\" href=\"https:\/\/horticom.ee\/e-pood\/kontakt\/\" \/>\n<meta property=\"og:locale\" content=\"et_EE\" \/>\n<meta property=\"og:type\" content=\"article\" \/>\n<meta property=\"og:title\" content=\"KONTAKT - Horticom\" \/>\n<meta property=\"og:description\" content=\"E-poe klienditugi: Telefon: 651 2972 Mobiil: 5349 2024 Avatud: E-R 9-17.00 E-post: e-pood@horticom.ee &#8212; Nimi:\u00a0HORTICOM O\u00dc Registrikood: 10003666 KMKR:\u00a0EE100443619 Aadress: Loom\u00e4e tee 11, Lehmja k\u00fcla, Rae vald, Harjumaa, 75306 &#8212; Horticom O\u00dc-l puudub f\u00fc\u00fcsiline kauplus ning kaupade v\u00e4ljastuspunkt. K\u00f5iki tooteid saab osta ainult l\u00e4bi meie e-poe. Palume mitte kohale tulla \u2013 tellimusi v\u00e4ljastatakse pakiautomaatide ja [&hellip;]\" \/>\n<meta property=\"og:url\" content=\"https:\/\/horticom.ee\/e-pood\/kontakt\/\" \/>\n<meta property=\"og:site_name\" content=\"Horticom.ee\" \/>\n<meta property=\"article:publisher\" content=\"https:\/\/www.facebook.com\/horticom.ee\/e-pood\" \/>\n<meta property=\"article:modified_time\" content=\"2026-01-23T08:19:31+00:00\" \/>\n<meta name=\"twitter:card\" content=\"summary_large_image\" \/>\n<meta name=\"twitter:label1\" content=\"Est. reading time\" \/>\n\t<meta name=\"twitter:data1\" content=\"1 minut\" \/>\n<script type=\"application\/ld+json\" class=\"yoast-schema-graph\">{\"@context\":\"https:\/\/schema.org\",\"@graph\":[{\"@type\":\"WebPage\",\"@id\":\"https:\/\/horticom.ee\/e-pood\/kontakt\/\",\"url\":\"https:\/\/horticom.ee\/e-pood\/kontakt\/\",\"name\":\"KONTAKT - Horticom\",\"isPartOf\":{\"@id\":\"https:\/\/horticom.ee\/e-pood\/#website\"},\"datePublished\":\"2018-03-16T13:12:38+00:00\",\"dateModified\":\"2026-01-23T08:19:31+00:00\",\"breadcrumb\":{\"@id\":\"https:\/\/horticom.ee\/e-pood\/kontakt\/#breadcrumb\"},\"inLanguage\":\"et\",\"potentialAction\":[{\"@type\":\"ReadAction\",\"target\":[\"https:\/\/horticom.ee\/e-pood\/kontakt\/\"]}]},{\"@type\":\"BreadcrumbList\",\"@id\":\"https:\/\/horticom.ee\/e-pood\/kontakt\/#breadcrumb\",\"itemListElement\":[{\"@type\":\"ListItem\",\"position\":1,\"name\":\"Home\",\"item\":\"https:\/\/horticom.ee\/e-pood\/\"},{\"@type\":\"ListItem\",\"position\":2,\"name\":\"KONTAKT\"}]},{\"@type\":\"WebSite\",\"@id\":\"https:\/\/horticom.ee\/e-pood\/#website\",\"url\":\"https:\/\/horticom.ee\/e-pood\/\",\"name\":\"Horticom.ee\",\"description\":\"Aianduskaubad ja kodukaubad nii harrastajatele kui professionaalidele\",\"potentialAction\":[{\"@type\":\"SearchAction\",\"target\":{\"@type\":\"EntryPoint\",\"urlTemplate\":\"https:\/\/horticom.ee\/e-pood\/?s={search_term_string}\"},\"query-input\":{\"@type\":\"PropertyValueSpecification\",\"valueRequired\":true,\"valueName\":\"search_term_string\"}}],\"inLanguage\":\"et\"}]}<\/script>\n<!-- \/ Yoast SEO plugin. -->","yoast_head_json":{"title":"KONTAKT - Horticom","robots":{"index":"index","follow":"follow","max-snippet":"max-snippet:-1","max-image-preview":"max-image-preview:large","max-video-preview":"max-video-preview:-1"},"canonical":"https:\/\/horticom.ee\/e-pood\/kontakt\/","og_locale":"et_EE","og_type":"article","og_title":"KONTAKT - Horticom","og_description":"E-poe klienditugi: Telefon: 651 2972 Mobiil: 5349 2024 Avatud: E-R 9-17.00 E-post: e-pood@horticom.ee &#8212; Nimi:\u00a0HORTICOM O\u00dc Registrikood: 10003666 KMKR:\u00a0EE100443619 Aadress: Loom\u00e4e tee 11, Lehmja k\u00fcla, Rae vald, Harjumaa, 75306 &#8212; Horticom O\u00dc-l puudub f\u00fc\u00fcsiline kauplus ning kaupade v\u00e4ljastuspunkt. K\u00f5iki tooteid saab osta ainult l\u00e4bi meie e-poe. Palume mitte kohale tulla \u2013 tellimusi v\u00e4ljastatakse pakiautomaatide ja [&hellip;]","og_url":"https:\/\/horticom.ee\/e-pood\/kontakt\/","og_site_name":"Horticom.ee","article_publisher":"https:\/\/www.facebook.com\/horticom.ee\/e-pood","article_modified_time":"2026-01-23T08:19:31+00:00","twitter_card":"summary_large_image","twitter_misc":{"Est. reading time":"1 minut"},"schema":{"@context":"https:\/\/schema.org","@graph":[{"@type":"WebPage","@id":"https:\/\/horticom.ee\/e-pood\/kontakt\/","url":"https:\/\/horticom.ee\/e-pood\/kontakt\/","name":"KONTAKT - Horticom","isPartOf":{"@id":"https:\/\/horticom.ee\/e-pood\/#website"},"datePublished":"2018-03-16T13:12:38+00:00","dateModified":"2026-01-23T08:19:31+00:00","breadcrumb":{"@id":"https:\/\/horticom.ee\/e-pood\/kontakt\/#breadcrumb"},"inLanguage":"et","potentialAction":[{"@type":"ReadAction","target":["https:\/\/horticom.ee\/e-pood\/kontakt\/"]}]},{"@type":"BreadcrumbList","@id":"https:\/\/horticom.ee\/e-pood\/kontakt\/#breadcrumb","itemListElement":[{"@type":"ListItem","position":1,"name":"Home","item":"https:\/\/horticom.ee\/e-pood\/"},{"@type":"ListItem","position":2,"name":"KONTAKT"}]},{"@type":"WebSite","@id":"https:\/\/horticom.ee\/e-pood\/#website","url":"https:\/\/horticom.ee\/e-pood\/","name":"Horticom.ee","description":"Aianduskaubad ja kodukaubad nii harrastajatele kui professionaalidele","potentialAction":[{"@type":"SearchAction","target":{"@type":"EntryPoint","urlTemplate":"https:\/\/horticom.ee\/e-pood\/?s={search_term_string}"},"query-input":{"@type":"PropertyValueSpecification","valueRequired":true,"valueName":"search_term_string"}}],"inLanguage":"et"}]}},"_links":{"self":[{"href":"https:\/\/horticom.ee\/e-pood\/wp-json\/wp\/v2\/pages\/12411","targetHints":{"allow":["GET"]}}],"collection":[{"href":"https:\/\/horticom.ee\/e-pood\/wp-json\/wp\/v2\/pages"}],"about":[{"href":"https:\/\/horticom.ee\/e-pood\/wp-json\/wp\/v2\/types\/page"}],"author":[{"embeddable":true,"href":"https:\/\/horticom.ee\/e-pood\/wp-json\/wp\/v2\/users\/1"}],"replies":[{"embeddable":true,"href":"https:\/\/horticom.ee\/e-pood\/wp-json\/wp\/v2\/comments?post=12411"}],"version-history":[{"count":36,"href":"https:\/\/horticom.ee\/e-pood\/wp-json\/wp\/v2\/pages\/12411\/revisions"}],"predecessor-version":[{"id":2539727,"href":"https:\/\/horticom.ee\/e-pood\/wp-json\/wp\/v2\/pages\/12411\/revisions\/2539727"}],"wp:attachment":[{"href":"https:\/\/horticom.ee\/e-pood\/wp-json\/wp\/v2\/media?parent=12411"}],"curies":[{"name":"wp","href":"https:\/\/api.w.org\/{rel}","templated":true}]}}