{"id":12441,"date":"2018-03-16T16:00:08","date_gmt":"2018-03-16T14:00:08","guid":{"rendered":"https:\/\/aednik24.koik.ee\/?page_id=12441"},"modified":"2025-09-23T14:23:45","modified_gmt":"2025-09-23T11:23:45","slug":"tagastamisoigus","status":"publish","type":"page","link":"https:\/\/horticom.ee\/e-pood\/tagastamisoigus\/","title":{"rendered":"Tagastamis\u00f5igus"},"content":{"rendered":"<ol>\n<li>Vastavalt V\u00d5S \u00a7-le 56 lg 1, on Kliendil \u00f5igus taganeda lepingust 14 p\u00e4eva jooksul alates kauba k\u00e4ttesaamisest.<\/li>\n<li>14-p\u00e4evase tagastamis\u00f5iguse kasutamiseks ei tohi tellitud kaupa kasutada muul viisil, kui on vajalik kauba olemuses, omadustes ja toimimises veendumiseks viisil nagu see on lubatud kauba testimiseks f\u00fc\u00fcsilises poes.<\/li>\n<li>Tagastatav kaup peab olema kasutamata, kahjustamata ja originaalpakendis.\u00a0Toote pakend peab olema kahjustamata.<\/li>\n<li>Kui kaupa on kasutatud muuks otstarbeks, kui on vajalik kauba olemuses, omadustes ja toimimises veendumiseks v\u00f5i sellel on kasutamise v\u00f5i kulumise m\u00e4rke, on Horticom.ee\u2019l \u00f5igus alandada tagastatavat tasu vastavalt kauba v\u00e4\u00e4rtuse v\u00e4henemisele.<\/li>\n<li>Kauba tagastamise transpordikulud ja protsess:\n<ol>\n<li>Horticom.ee kannab tagastamise transpordikulud juhul, kui tagastamisele kuuluv toode ei vasta tellitule (nt vale v\u00f5i defektiga toode). P\u00e4rast Kliendi poolt E-avalduse saamist vaatab Horticom.ee avalduse l\u00e4bi ning edastab Kliendi mobiilile tagastamiskoodi, mille abil saab toote tagastada l\u00e4bi pakiautomaadi tasuta.<\/li>\n<li>Klient kannab tagastamise transpordikulud juhul, kui soovib toote tagastada v\u00f5i kui soovib toote \u00fcmber vahetada (nt. kummikud, kindad jms). Tagastamise aluseks on Taganemisavalduse edastamine Horticom.ee&#8217;le. P\u00e4rast avalduse saatmist v\u00f5ib Klient tooted tagastada kulleri vahendusel Horticom.ee aadressile v\u00f5i kasutada edastamiseks pakiautomaadi teenust (Smart Post: J\u00fcri Konsumi automaat v\u00f5i Omniva: J\u00fcri Konsumi automaat; Tel. 53 492 024).<\/li>\n<\/ol>\n<\/li>\n<li>Kauba tagastamiseks tuleb t\u00e4ita kauba ostmisest taganemise avaldus, mille vormi leiab siit: <u><a href=\"https:\/\/horticom.ee\/e-pood\/tagasta\" target=\"_blank\" rel=\"noopener noreferrer\">TAGANEMISAVALDUS<\/a><\/u><\/li>\n<li>Klient peab kauba tagastama avalduse esitamisele j\u00e4rgneva 14 p\u00e4eva jooksul v\u00f5i esitama t\u00f5endi, et ta on eelnimetatud perioodi jooksul kauba \u00fcle andnud kauba vedajale.<\/li>\n<li>Raha tagastatud kauba eest h\u00fcvitatakse Kliendile viivitamata, kuid mitte hiljem kui 7 p\u00e4eva jooksul taganemisavalduse saamisest. Horticom.ee v\u00f5ib keelduda tagasimaksete tegemisest seni, kuni on lepingu esemeks oleva kauba tagasi saanud v\u00f5i kuni Klient on esitanud t\u00f5endid, et on kauba tagasi saatnud, s\u00f5ltuvalt sellest, kumb toimub varem.<\/li>\n<li>Horticom.ee\u2019l on \u00f5igus taganeda m\u00fc\u00fcgitehingust ning n\u00f5uda Kliendilt tagasi kaup, kui kauba hind Horticom.ee\u2019s on eksituse t\u00f5ttu m\u00e4rgitud oluliselt alla kauba turuhinna<\/li>\n<li>Tagastamis\u00f5igus ei kohaldu, kui Klient on juriidiline isik.<\/li>\n<\/ol>\n","protected":false},"excerpt":{"rendered":"<p>Vastavalt V\u00d5S \u00a7-le 56 lg 1, on Kliendil \u00f5igus taganeda lepingust 14 p\u00e4eva jooksul alates kauba k\u00e4ttesaamisest. 14-p\u00e4evase tagastamis\u00f5iguse kasutamiseks ei tohi tellitud kaupa kasutada muul viisil, kui on vajalik kauba olemuses, omadustes ja toimimises veendumiseks viisil nagu see on lubatud kauba testimiseks f\u00fc\u00fcsilises poes. Tagastatav kaup peab olema kasutamata, kahjustamata ja originaalpakendis.\u00a0Toote pakend peab [&hellip;]<\/p>\n","protected":false},"author":1,"featured_media":0,"parent":0,"menu_order":0,"comment_status":"closed","ping_status":"closed","template":"","meta":{"_themeisle_gutenberg_block_has_review":false,"footnotes":""},"class_list":["post-12441","page","type-page","status-publish","hentry"],"yoast_head":"<!-- This site is optimized with the Yoast SEO plugin v24.0 - https:\/\/yoast.com\/wordpress\/plugins\/seo\/ -->\n<title>Tagastamis\u00f5igus - Horticom<\/title>\n<meta name=\"robots\" content=\"index, follow, max-snippet:-1, max-image-preview:large, max-video-preview:-1\" \/>\n<link rel=\"canonical\" href=\"https:\/\/horticom.ee\/e-pood\/tagastamisoigus\/\" \/>\n<meta property=\"og:locale\" content=\"et_EE\" \/>\n<meta property=\"og:type\" content=\"article\" \/>\n<meta property=\"og:title\" content=\"Tagastamis\u00f5igus - Horticom\" \/>\n<meta property=\"og:description\" content=\"Vastavalt V\u00d5S \u00a7-le 56 lg 1, on Kliendil \u00f5igus taganeda lepingust 14 p\u00e4eva jooksul alates kauba k\u00e4ttesaamisest. 14-p\u00e4evase tagastamis\u00f5iguse kasutamiseks ei tohi tellitud kaupa kasutada muul viisil, kui on vajalik kauba olemuses, omadustes ja toimimises veendumiseks viisil nagu see on lubatud kauba testimiseks f\u00fc\u00fcsilises poes. Tagastatav kaup peab olema kasutamata, kahjustamata ja originaalpakendis.\u00a0Toote pakend peab [&hellip;]\" \/>\n<meta property=\"og:url\" content=\"https:\/\/horticom.ee\/e-pood\/tagastamisoigus\/\" \/>\n<meta property=\"og:site_name\" content=\"Horticom.ee\" \/>\n<meta property=\"article:publisher\" content=\"https:\/\/www.facebook.com\/horticom.ee\/e-pood\" \/>\n<meta property=\"article:modified_time\" content=\"2025-09-23T11:23:45+00:00\" \/>\n<meta name=\"twitter:card\" content=\"summary_large_image\" \/>\n<meta name=\"twitter:label1\" content=\"Est. reading time\" \/>\n\t<meta name=\"twitter:data1\" content=\"2 minutit\" \/>\n<script type=\"application\/ld+json\" class=\"yoast-schema-graph\">{\"@context\":\"https:\/\/schema.org\",\"@graph\":[{\"@type\":\"WebPage\",\"@id\":\"https:\/\/horticom.ee\/e-pood\/tagastamisoigus\/\",\"url\":\"https:\/\/horticom.ee\/e-pood\/tagastamisoigus\/\",\"name\":\"Tagastamis\u00f5igus - Horticom\",\"isPartOf\":{\"@id\":\"https:\/\/horticom.ee\/e-pood\/#website\"},\"datePublished\":\"2018-03-16T14:00:08+00:00\",\"dateModified\":\"2025-09-23T11:23:45+00:00\",\"breadcrumb\":{\"@id\":\"https:\/\/horticom.ee\/e-pood\/tagastamisoigus\/#breadcrumb\"},\"inLanguage\":\"et\",\"potentialAction\":[{\"@type\":\"ReadAction\",\"target\":[\"https:\/\/horticom.ee\/e-pood\/tagastamisoigus\/\"]}]},{\"@type\":\"BreadcrumbList\",\"@id\":\"https:\/\/horticom.ee\/e-pood\/tagastamisoigus\/#breadcrumb\",\"itemListElement\":[{\"@type\":\"ListItem\",\"position\":1,\"name\":\"Home\",\"item\":\"https:\/\/horticom.ee\/e-pood\/\"},{\"@type\":\"ListItem\",\"position\":2,\"name\":\"Tagastamis\u00f5igus\"}]},{\"@type\":\"WebSite\",\"@id\":\"https:\/\/horticom.ee\/e-pood\/#website\",\"url\":\"https:\/\/horticom.ee\/e-pood\/\",\"name\":\"Horticom.ee\",\"description\":\"Aianduskaubad ja kodukaubad nii harrastajatele kui professionaalidele\",\"potentialAction\":[{\"@type\":\"SearchAction\",\"target\":{\"@type\":\"EntryPoint\",\"urlTemplate\":\"https:\/\/horticom.ee\/e-pood\/?s={search_term_string}\"},\"query-input\":{\"@type\":\"PropertyValueSpecification\",\"valueRequired\":true,\"valueName\":\"search_term_string\"}}],\"inLanguage\":\"et\"}]}<\/script>\n<!-- \/ Yoast SEO plugin. -->","yoast_head_json":{"title":"Tagastamis\u00f5igus - Horticom","robots":{"index":"index","follow":"follow","max-snippet":"max-snippet:-1","max-image-preview":"max-image-preview:large","max-video-preview":"max-video-preview:-1"},"canonical":"https:\/\/horticom.ee\/e-pood\/tagastamisoigus\/","og_locale":"et_EE","og_type":"article","og_title":"Tagastamis\u00f5igus - Horticom","og_description":"Vastavalt V\u00d5S \u00a7-le 56 lg 1, on Kliendil \u00f5igus taganeda lepingust 14 p\u00e4eva jooksul alates kauba k\u00e4ttesaamisest. 14-p\u00e4evase tagastamis\u00f5iguse kasutamiseks ei tohi tellitud kaupa kasutada muul viisil, kui on vajalik kauba olemuses, omadustes ja toimimises veendumiseks viisil nagu see on lubatud kauba testimiseks f\u00fc\u00fcsilises poes. Tagastatav kaup peab olema kasutamata, kahjustamata ja originaalpakendis.\u00a0Toote pakend peab [&hellip;]","og_url":"https:\/\/horticom.ee\/e-pood\/tagastamisoigus\/","og_site_name":"Horticom.ee","article_publisher":"https:\/\/www.facebook.com\/horticom.ee\/e-pood","article_modified_time":"2025-09-23T11:23:45+00:00","twitter_card":"summary_large_image","twitter_misc":{"Est. reading time":"2 minutit"},"schema":{"@context":"https:\/\/schema.org","@graph":[{"@type":"WebPage","@id":"https:\/\/horticom.ee\/e-pood\/tagastamisoigus\/","url":"https:\/\/horticom.ee\/e-pood\/tagastamisoigus\/","name":"Tagastamis\u00f5igus - Horticom","isPartOf":{"@id":"https:\/\/horticom.ee\/e-pood\/#website"},"datePublished":"2018-03-16T14:00:08+00:00","dateModified":"2025-09-23T11:23:45+00:00","breadcrumb":{"@id":"https:\/\/horticom.ee\/e-pood\/tagastamisoigus\/#breadcrumb"},"inLanguage":"et","potentialAction":[{"@type":"ReadAction","target":["https:\/\/horticom.ee\/e-pood\/tagastamisoigus\/"]}]},{"@type":"BreadcrumbList","@id":"https:\/\/horticom.ee\/e-pood\/tagastamisoigus\/#breadcrumb","itemListElement":[{"@type":"ListItem","position":1,"name":"Home","item":"https:\/\/horticom.ee\/e-pood\/"},{"@type":"ListItem","position":2,"name":"Tagastamis\u00f5igus"}]},{"@type":"WebSite","@id":"https:\/\/horticom.ee\/e-pood\/#website","url":"https:\/\/horticom.ee\/e-pood\/","name":"Horticom.ee","description":"Aianduskaubad ja kodukaubad nii harrastajatele kui professionaalidele","potentialAction":[{"@type":"SearchAction","target":{"@type":"EntryPoint","urlTemplate":"https:\/\/horticom.ee\/e-pood\/?s={search_term_string}"},"query-input":{"@type":"PropertyValueSpecification","valueRequired":true,"valueName":"search_term_string"}}],"inLanguage":"et"}]}},"_links":{"self":[{"href":"https:\/\/horticom.ee\/e-pood\/wp-json\/wp\/v2\/pages\/12441","targetHints":{"allow":["GET"]}}],"collection":[{"href":"https:\/\/horticom.ee\/e-pood\/wp-json\/wp\/v2\/pages"}],"about":[{"href":"https:\/\/horticom.ee\/e-pood\/wp-json\/wp\/v2\/types\/page"}],"author":[{"embeddable":true,"href":"https:\/\/horticom.ee\/e-pood\/wp-json\/wp\/v2\/users\/1"}],"replies":[{"embeddable":true,"href":"https:\/\/horticom.ee\/e-pood\/wp-json\/wp\/v2\/comments?post=12441"}],"version-history":[{"count":2,"href":"https:\/\/horticom.ee\/e-pood\/wp-json\/wp\/v2\/pages\/12441\/revisions"}],"predecessor-version":[{"id":2456548,"href":"https:\/\/horticom.ee\/e-pood\/wp-json\/wp\/v2\/pages\/12441\/revisions\/2456548"}],"wp:attachment":[{"href":"https:\/\/horticom.ee\/e-pood\/wp-json\/wp\/v2\/media?parent=12441"}],"curies":[{"name":"wp","href":"https:\/\/api.w.org\/{rel}","templated":true}]}}