{"id":2060397,"date":"2024-02-07T13:30:23","date_gmt":"2024-02-07T11:30:23","guid":{"rendered":"https:\/\/horticom.ee\/e-pood\/?page_id=2060397"},"modified":"2024-02-07T13:31:50","modified_gmt":"2024-02-07T11:31:50","slug":"kupsised","status":"publish","type":"page","link":"https:\/\/horticom.ee\/e-pood\/kupsised\/","title":{"rendered":"K\u00fcpsised"},"content":{"rendered":"<p><b>MIS ON K\u00dcPSIS?<\/b><\/p>\n<p>Veebilehed kasutavad k\u00fcpsiseid, et pakkuda kasutajale isikup\u00e4rast kasutuskogemust ja mugavamat lehel navigeerimist.<\/p>\n<p>K\u00fcpsis (cookie) on v\u00e4iksemahuline tekstifail, mille veebiserver saadab kasutaja veebilehitsejale, mis seej\u00e4rel salvestatakse kasutaja arvuti k\u00f5vakettale. K\u00fcpsised ise kasutaja seadmest informatsiooni ei loe ega levita seda ka internetiavarustes.<\/p>\n<p><span lang=\"et-EE\"><b>HORTICOM KASUTAB J\u00c4RGNEVAID K\u00dcPSISEID:<\/b><\/span><\/p>\n<ol>\n<li><b>Veebisaidi p\u00f5hieesm\u00e4rkide t\u00e4itmiseks vajalikud k\u00fcpsised<\/b><\/li>\n<\/ol>\n<p>Need k\u00fcpsised on h\u00e4davajalikud selleks, et tagada kasutajale ligip\u00e4\u00e4s sellel veebisaidil pakutavatele kliendile suunatud teenustele ja m\u00f5ningate omaduste kasutamiseks, n\u00e4iteks ligip\u00e4\u00e4s turvalistele aladele. Ilma nende k\u00fcpsisteta ei oleks v\u00f5imalikud sellised soovitud teenused nagu makseviisid, turvaline sisselogimine kontole ja teised boonused, mis kaasnevad kliendikonto omamisega. Need k\u00fcpsised on olulised ka selle jaoks, et kliendini j\u00f5uaks asukohap\u00f5hine informatsioon toodetest, tarneinfost jms.<\/p>\n<p>&nbsp;<\/p>\n<ol start=\"2\">\n<li><b>Funktsionaalsuse ja toimivuse k\u00fcpsised<\/b><\/li>\n<\/ol>\n<p>Need k\u00fcpsised toetavad meie veebilehe toimivust ja funktsionaalsust, kuid ei ole ilmtingimata lehe toimimiseks h\u00e4davajalikud. Nende k\u00fcpsiste abil tuvastab veebileht kasutaja ning peab (soovi korral) meeles kliendi sisselogimise andmed, v\u00f5imaldab teatud ajaperioodiks talletada ostukorvi lisatud tooted jne.<\/p>\n<p>&nbsp;<\/p>\n<ol start=\"3\">\n<li><b>Anal\u00fc\u00fctika<\/b><\/li>\n<\/ol>\n<p><span lang=\"et-EE\">Horticom<\/span> kasutab laialt levinud Google anal\u00fc\u00fctikatarkvara ja m\u00f5\u00f5dab selle abil veebilehe k\u00fclastatavust ja kaardistab k\u00e4itumismustreid. Saadud andmed aitavad meil paremini m\u00f5ista k\u00fclastajate k\u00e4itumist veebipoes ning annab meile v\u00f5imaluse pakkuda kasutajale parimaid tehnilisi lahendusi. Neid k\u00fcpsiseid kasutatakse vaid statistika kogumise eesm\u00e4rgil ja \u00fcksikk\u00fclastajaid nende abil ei tuvastata.<\/p>\n<p>&nbsp;<\/p>\n<ol start=\"4\">\n<li><b>Kolmandad osapooled \/ reklaam ja sotsiaalmeedia<\/b><\/li>\n<\/ol>\n<p><span lang=\"et-EE\">Horticom\u2019i<\/span> veebilehel kasutatakse mitmeid usaldusv\u00e4\u00e4rseid kolmandate osapoolte k\u00fcpsiseid. See v\u00f5imaldab kasutajal jagada lehti sotsiaalv\u00f5rgustikes ning kuvada personaliseeritud ja asjakohast reklaami. N\u00f5nda v\u00f5imaldavad need k\u00fcpsiseid kuvada reklaame n\u00e4iteks erinevatel Google\u2019i ja Google\u2019i partnerettev\u00f5tete platvormidel. Nende k\u00fcpsiste kasutamine ei h\u00f5lma isikuandmete k\u00e4sitlemist.<\/p>\n<p>&nbsp;<\/p>\n<p><b>KUIDAS K\u00dcPSISTE KASUTAMIST PIIRATA V\u00d5I KUSTUTADA?<\/b><\/p>\n<p>Enamasti on v\u00f5imalik veebilehtisejat seadistada n\u00f5nda, et k\u00fcpsiste kasutamine piiratakse v\u00f5i l\u00f5petatakse. K\u00f5ik t\u00e4nap\u00e4evased veebilehistejad v\u00f5imaldavad k\u00fcpsistega seonduvate seadete optimeerimist. K\u00fcll aga tasub meeles pidada, et veebisaidi p\u00f5hieesm\u00e4rkide t\u00e4itmiseks vajalike k\u00fcpsiste kasutamise piiramine v\u00f5ib m\u00f5jutada kasutajakogemust ja\/v\u00f5i teenusevalikuid, mida veebipoes pakume.<\/p>\n","protected":false},"excerpt":{"rendered":"<p>MIS ON K\u00dcPSIS? Veebilehed kasutavad k\u00fcpsiseid, et pakkuda kasutajale isikup\u00e4rast kasutuskogemust ja mugavamat lehel navigeerimist. K\u00fcpsis (cookie) on v\u00e4iksemahuline tekstifail, mille veebiserver saadab kasutaja veebilehitsejale, mis seej\u00e4rel salvestatakse kasutaja arvuti k\u00f5vakettale. K\u00fcpsised ise kasutaja seadmest informatsiooni ei loe ega levita seda ka internetiavarustes. HORTICOM KASUTAB J\u00c4RGNEVAID K\u00dcPSISEID: Veebisaidi p\u00f5hieesm\u00e4rkide t\u00e4itmiseks vajalikud k\u00fcpsised Need k\u00fcpsised on [&hellip;]<\/p>\n","protected":false},"author":4282,"featured_media":0,"parent":0,"menu_order":0,"comment_status":"closed","ping_status":"closed","template":"","meta":{"_themeisle_gutenberg_block_has_review":false,"footnotes":""},"class_list":["post-2060397","page","type-page","status-publish","hentry"],"yoast_head":"<!-- This site is optimized with the Yoast SEO plugin v24.0 - https:\/\/yoast.com\/wordpress\/plugins\/seo\/ -->\n<title>K\u00fcpsised - Horticom<\/title>\n<meta name=\"robots\" content=\"index, follow, max-snippet:-1, max-image-preview:large, max-video-preview:-1\" \/>\n<link rel=\"canonical\" href=\"https:\/\/horticom.ee\/e-pood\/kupsised\/\" \/>\n<meta property=\"og:locale\" content=\"et_EE\" \/>\n<meta property=\"og:type\" content=\"article\" \/>\n<meta property=\"og:title\" content=\"K\u00fcpsised - Horticom\" \/>\n<meta property=\"og:description\" content=\"MIS ON K\u00dcPSIS? Veebilehed kasutavad k\u00fcpsiseid, et pakkuda kasutajale isikup\u00e4rast kasutuskogemust ja mugavamat lehel navigeerimist. K\u00fcpsis (cookie) on v\u00e4iksemahuline tekstifail, mille veebiserver saadab kasutaja veebilehitsejale, mis seej\u00e4rel salvestatakse kasutaja arvuti k\u00f5vakettale. K\u00fcpsised ise kasutaja seadmest informatsiooni ei loe ega levita seda ka internetiavarustes. HORTICOM KASUTAB J\u00c4RGNEVAID K\u00dcPSISEID: Veebisaidi p\u00f5hieesm\u00e4rkide t\u00e4itmiseks vajalikud k\u00fcpsised Need k\u00fcpsised on [&hellip;]\" \/>\n<meta property=\"og:url\" content=\"https:\/\/horticom.ee\/e-pood\/kupsised\/\" \/>\n<meta property=\"og:site_name\" content=\"Horticom.ee\" \/>\n<meta property=\"article:publisher\" content=\"https:\/\/www.facebook.com\/horticom.ee\/e-pood\" \/>\n<meta property=\"article:modified_time\" content=\"2024-02-07T11:31:50+00:00\" \/>\n<meta name=\"twitter:card\" content=\"summary_large_image\" \/>\n<meta name=\"twitter:label1\" content=\"Est. reading time\" \/>\n\t<meta name=\"twitter:data1\" content=\"2 minutit\" \/>\n<script type=\"application\/ld+json\" class=\"yoast-schema-graph\">{\"@context\":\"https:\/\/schema.org\",\"@graph\":[{\"@type\":\"WebPage\",\"@id\":\"https:\/\/horticom.ee\/e-pood\/kupsised\/\",\"url\":\"https:\/\/horticom.ee\/e-pood\/kupsised\/\",\"name\":\"K\u00fcpsised - Horticom\",\"isPartOf\":{\"@id\":\"https:\/\/horticom.ee\/e-pood\/#website\"},\"datePublished\":\"2024-02-07T11:30:23+00:00\",\"dateModified\":\"2024-02-07T11:31:50+00:00\",\"breadcrumb\":{\"@id\":\"https:\/\/horticom.ee\/e-pood\/kupsised\/#breadcrumb\"},\"inLanguage\":\"et\",\"potentialAction\":[{\"@type\":\"ReadAction\",\"target\":[\"https:\/\/horticom.ee\/e-pood\/kupsised\/\"]}]},{\"@type\":\"BreadcrumbList\",\"@id\":\"https:\/\/horticom.ee\/e-pood\/kupsised\/#breadcrumb\",\"itemListElement\":[{\"@type\":\"ListItem\",\"position\":1,\"name\":\"Home\",\"item\":\"https:\/\/horticom.ee\/e-pood\/\"},{\"@type\":\"ListItem\",\"position\":2,\"name\":\"K\u00fcpsised\"}]},{\"@type\":\"WebSite\",\"@id\":\"https:\/\/horticom.ee\/e-pood\/#website\",\"url\":\"https:\/\/horticom.ee\/e-pood\/\",\"name\":\"Horticom.ee\",\"description\":\"Aianduskaubad ja kodukaubad nii harrastajatele kui professionaalidele\",\"potentialAction\":[{\"@type\":\"SearchAction\",\"target\":{\"@type\":\"EntryPoint\",\"urlTemplate\":\"https:\/\/horticom.ee\/e-pood\/?s={search_term_string}\"},\"query-input\":{\"@type\":\"PropertyValueSpecification\",\"valueRequired\":true,\"valueName\":\"search_term_string\"}}],\"inLanguage\":\"et\"}]}<\/script>\n<!-- \/ Yoast SEO plugin. -->","yoast_head_json":{"title":"K\u00fcpsised - Horticom","robots":{"index":"index","follow":"follow","max-snippet":"max-snippet:-1","max-image-preview":"max-image-preview:large","max-video-preview":"max-video-preview:-1"},"canonical":"https:\/\/horticom.ee\/e-pood\/kupsised\/","og_locale":"et_EE","og_type":"article","og_title":"K\u00fcpsised - Horticom","og_description":"MIS ON K\u00dcPSIS? Veebilehed kasutavad k\u00fcpsiseid, et pakkuda kasutajale isikup\u00e4rast kasutuskogemust ja mugavamat lehel navigeerimist. K\u00fcpsis (cookie) on v\u00e4iksemahuline tekstifail, mille veebiserver saadab kasutaja veebilehitsejale, mis seej\u00e4rel salvestatakse kasutaja arvuti k\u00f5vakettale. K\u00fcpsised ise kasutaja seadmest informatsiooni ei loe ega levita seda ka internetiavarustes. HORTICOM KASUTAB J\u00c4RGNEVAID K\u00dcPSISEID: Veebisaidi p\u00f5hieesm\u00e4rkide t\u00e4itmiseks vajalikud k\u00fcpsised Need k\u00fcpsised on [&hellip;]","og_url":"https:\/\/horticom.ee\/e-pood\/kupsised\/","og_site_name":"Horticom.ee","article_publisher":"https:\/\/www.facebook.com\/horticom.ee\/e-pood","article_modified_time":"2024-02-07T11:31:50+00:00","twitter_card":"summary_large_image","twitter_misc":{"Est. reading time":"2 minutit"},"schema":{"@context":"https:\/\/schema.org","@graph":[{"@type":"WebPage","@id":"https:\/\/horticom.ee\/e-pood\/kupsised\/","url":"https:\/\/horticom.ee\/e-pood\/kupsised\/","name":"K\u00fcpsised - Horticom","isPartOf":{"@id":"https:\/\/horticom.ee\/e-pood\/#website"},"datePublished":"2024-02-07T11:30:23+00:00","dateModified":"2024-02-07T11:31:50+00:00","breadcrumb":{"@id":"https:\/\/horticom.ee\/e-pood\/kupsised\/#breadcrumb"},"inLanguage":"et","potentialAction":[{"@type":"ReadAction","target":["https:\/\/horticom.ee\/e-pood\/kupsised\/"]}]},{"@type":"BreadcrumbList","@id":"https:\/\/horticom.ee\/e-pood\/kupsised\/#breadcrumb","itemListElement":[{"@type":"ListItem","position":1,"name":"Home","item":"https:\/\/horticom.ee\/e-pood\/"},{"@type":"ListItem","position":2,"name":"K\u00fcpsised"}]},{"@type":"WebSite","@id":"https:\/\/horticom.ee\/e-pood\/#website","url":"https:\/\/horticom.ee\/e-pood\/","name":"Horticom.ee","description":"Aianduskaubad ja kodukaubad nii harrastajatele kui professionaalidele","potentialAction":[{"@type":"SearchAction","target":{"@type":"EntryPoint","urlTemplate":"https:\/\/horticom.ee\/e-pood\/?s={search_term_string}"},"query-input":{"@type":"PropertyValueSpecification","valueRequired":true,"valueName":"search_term_string"}}],"inLanguage":"et"}]}},"_links":{"self":[{"href":"https:\/\/horticom.ee\/e-pood\/wp-json\/wp\/v2\/pages\/2060397","targetHints":{"allow":["GET"]}}],"collection":[{"href":"https:\/\/horticom.ee\/e-pood\/wp-json\/wp\/v2\/pages"}],"about":[{"href":"https:\/\/horticom.ee\/e-pood\/wp-json\/wp\/v2\/types\/page"}],"author":[{"embeddable":true,"href":"https:\/\/horticom.ee\/e-pood\/wp-json\/wp\/v2\/users\/4282"}],"replies":[{"embeddable":true,"href":"https:\/\/horticom.ee\/e-pood\/wp-json\/wp\/v2\/comments?post=2060397"}],"version-history":[{"count":0,"href":"https:\/\/horticom.ee\/e-pood\/wp-json\/wp\/v2\/pages\/2060397\/revisions"}],"wp:attachment":[{"href":"https:\/\/horticom.ee\/e-pood\/wp-json\/wp\/v2\/media?parent=2060397"}],"curies":[{"name":"wp","href":"https:\/\/api.w.org\/{rel}","templated":true}]}}