{"id":4561,"date":"2018-03-07T12:36:35","date_gmt":"2018-03-07T10:36:35","guid":{"rendered":"https:\/\/aednik24.koik.ee\/?page_id=4561"},"modified":"2026-01-07T15:07:08","modified_gmt":"2026-01-07T13:07:08","slug":"firmast","status":"publish","type":"page","link":"https:\/\/horticom.ee\/e-pood\/firmast\/","title":{"rendered":"FIRMAST"},"content":{"rendered":"<p>Nauding on vaadata, kuidas enda k\u00fclvatud seemnest t\u00e4rkab taim v\u00f5i lillesibulast sirgub kaunis \u00f5is, kui aeda katab v\u00e4rviline lillemeri v\u00f5i saad s\u00f6\u00f6gilauas nautida enda kasvatatud aiasaadusi.<br \/>\nSee on elamise r\u00f5\u00f5m koos loodusega!<\/p>\n<p>Me oleme aiandusfirma Horticom, kelle kaubad on esindatud pea k\u00f5igis Eesti suuremates ja v\u00e4iksemates kauplustes. Meie noortaimi, aiandustooteid, aiat\u00f6\u00f6riistu ja teadmisi kasutavad Eesti suurimad taimekasvatajad. Meil on Eestis 2 suurt ladu. 30 aastat oleme kasvanud Eestis koos aias\u00f5pradega ja saanud Baltikumi suurimaks aianduskaupade hulgim\u00fc\u00fcgifirmaks.<\/p>\n<p>Horticomi kollektiivis on \u00fcle 50 spetsialisti, kes igap\u00e4evaselt t\u00f6\u00f6tavad selle nimel, et Eesti elu oleks rohelisem, Eestimaa aiad, r\u00f5dud ja t\u00e4navad oleksid kaunilt haljastatud, et me tarbiksime tervislikku ja puhast Eestimaal kasvatatud toitu, et me kannaksime p\u00f5lvest p\u00f5lve edasi aiapidamise traditsioone ja hoiaksime aiandust hinnas.<\/p>\n<p>Oleme loonud aiandushuvilistele e-keskkonna Horticom.ee, et igal aias\u00f5bral, kodu- ja r\u00f5duaednikul oleks lihtsam v\u00f5imalus osta kvaliteetseid ja professionaalseid aia- ja kodukaupu \u00fclemaailmselt hinnatud kaubam\u00e4rkidelt. See on keskkond, kus meie spetsialistid jagavad l\u00e4bi postituste aastate jooksul kogutud soovitusi, n\u00e4pun\u00e4iteid ja nippe taimede kasvatamisest ja hooldamisest, aia loomisest ja kodu kujundamisest. Tarkuseterade vahele jagame teile inspireerivaid ja meelik\u00f6itvaid ideid maailma aiandusest.<\/p>\n<p>Horticom.ee\u2019ga liitunud inimesi \u00fchendab kirg aianduse vastu, r\u00f5\u00f5m ilu loomisest ja selle hoidmisest.<\/p>\n<p>Liitu Sinagi meiega!<\/p>\n","protected":false},"excerpt":{"rendered":"<p>Nauding on vaadata, kuidas enda k\u00fclvatud seemnest t\u00e4rkab taim v\u00f5i lillesibulast sirgub kaunis \u00f5is, kui aeda katab v\u00e4rviline lillemeri v\u00f5i saad s\u00f6\u00f6gilauas nautida enda kasvatatud aiasaadusi. See on elamise r\u00f5\u00f5m koos loodusega! Me oleme aiandusfirma Horticom, kelle kaubad on esindatud pea k\u00f5igis Eesti suuremates ja v\u00e4iksemates kauplustes. Meie noortaimi, aiandustooteid, aiat\u00f6\u00f6riistu ja teadmisi kasutavad Eesti [&hellip;]<\/p>\n","protected":false},"author":1,"featured_media":0,"parent":0,"menu_order":0,"comment_status":"closed","ping_status":"closed","template":"","meta":{"_themeisle_gutenberg_block_has_review":false,"footnotes":""},"class_list":["post-4561","page","type-page","status-publish","hentry"],"yoast_head":"<!-- This site is optimized with the Yoast SEO plugin v24.0 - https:\/\/yoast.com\/wordpress\/plugins\/seo\/ -->\n<title>FIRMAST - Horticom<\/title>\n<meta name=\"robots\" content=\"index, follow, max-snippet:-1, max-image-preview:large, max-video-preview:-1\" \/>\n<link rel=\"canonical\" href=\"https:\/\/horticom.ee\/e-pood\/firmast\/\" \/>\n<meta property=\"og:locale\" content=\"et_EE\" \/>\n<meta property=\"og:type\" content=\"article\" \/>\n<meta property=\"og:title\" content=\"FIRMAST - Horticom\" \/>\n<meta property=\"og:description\" content=\"Nauding on vaadata, kuidas enda k\u00fclvatud seemnest t\u00e4rkab taim v\u00f5i lillesibulast sirgub kaunis \u00f5is, kui aeda katab v\u00e4rviline lillemeri v\u00f5i saad s\u00f6\u00f6gilauas nautida enda kasvatatud aiasaadusi. See on elamise r\u00f5\u00f5m koos loodusega! Me oleme aiandusfirma Horticom, kelle kaubad on esindatud pea k\u00f5igis Eesti suuremates ja v\u00e4iksemates kauplustes. Meie noortaimi, aiandustooteid, aiat\u00f6\u00f6riistu ja teadmisi kasutavad Eesti [&hellip;]\" \/>\n<meta property=\"og:url\" content=\"https:\/\/horticom.ee\/e-pood\/firmast\/\" \/>\n<meta property=\"og:site_name\" content=\"Horticom.ee\" \/>\n<meta property=\"article:publisher\" content=\"https:\/\/www.facebook.com\/horticom.ee\/e-pood\" \/>\n<meta property=\"article:modified_time\" content=\"2026-01-07T13:07:08+00:00\" \/>\n<meta name=\"twitter:card\" content=\"summary_large_image\" \/>\n<meta name=\"twitter:label1\" content=\"Est. reading time\" \/>\n\t<meta name=\"twitter:data1\" content=\"2 minutit\" \/>\n<script type=\"application\/ld+json\" class=\"yoast-schema-graph\">{\"@context\":\"https:\/\/schema.org\",\"@graph\":[{\"@type\":\"WebPage\",\"@id\":\"https:\/\/horticom.ee\/e-pood\/firmast\/\",\"url\":\"https:\/\/horticom.ee\/e-pood\/firmast\/\",\"name\":\"FIRMAST - Horticom\",\"isPartOf\":{\"@id\":\"https:\/\/horticom.ee\/e-pood\/#website\"},\"datePublished\":\"2018-03-07T10:36:35+00:00\",\"dateModified\":\"2026-01-07T13:07:08+00:00\",\"breadcrumb\":{\"@id\":\"https:\/\/horticom.ee\/e-pood\/firmast\/#breadcrumb\"},\"inLanguage\":\"et\",\"potentialAction\":[{\"@type\":\"ReadAction\",\"target\":[\"https:\/\/horticom.ee\/e-pood\/firmast\/\"]}]},{\"@type\":\"BreadcrumbList\",\"@id\":\"https:\/\/horticom.ee\/e-pood\/firmast\/#breadcrumb\",\"itemListElement\":[{\"@type\":\"ListItem\",\"position\":1,\"name\":\"Home\",\"item\":\"https:\/\/horticom.ee\/e-pood\/\"},{\"@type\":\"ListItem\",\"position\":2,\"name\":\"FIRMAST\"}]},{\"@type\":\"WebSite\",\"@id\":\"https:\/\/horticom.ee\/e-pood\/#website\",\"url\":\"https:\/\/horticom.ee\/e-pood\/\",\"name\":\"Horticom.ee\",\"description\":\"Aianduskaubad ja kodukaubad nii harrastajatele kui professionaalidele\",\"potentialAction\":[{\"@type\":\"SearchAction\",\"target\":{\"@type\":\"EntryPoint\",\"urlTemplate\":\"https:\/\/horticom.ee\/e-pood\/?s={search_term_string}\"},\"query-input\":{\"@type\":\"PropertyValueSpecification\",\"valueRequired\":true,\"valueName\":\"search_term_string\"}}],\"inLanguage\":\"et\"}]}<\/script>\n<!-- \/ Yoast SEO plugin. -->","yoast_head_json":{"title":"FIRMAST - Horticom","robots":{"index":"index","follow":"follow","max-snippet":"max-snippet:-1","max-image-preview":"max-image-preview:large","max-video-preview":"max-video-preview:-1"},"canonical":"https:\/\/horticom.ee\/e-pood\/firmast\/","og_locale":"et_EE","og_type":"article","og_title":"FIRMAST - Horticom","og_description":"Nauding on vaadata, kuidas enda k\u00fclvatud seemnest t\u00e4rkab taim v\u00f5i lillesibulast sirgub kaunis \u00f5is, kui aeda katab v\u00e4rviline lillemeri v\u00f5i saad s\u00f6\u00f6gilauas nautida enda kasvatatud aiasaadusi. See on elamise r\u00f5\u00f5m koos loodusega! Me oleme aiandusfirma Horticom, kelle kaubad on esindatud pea k\u00f5igis Eesti suuremates ja v\u00e4iksemates kauplustes. Meie noortaimi, aiandustooteid, aiat\u00f6\u00f6riistu ja teadmisi kasutavad Eesti [&hellip;]","og_url":"https:\/\/horticom.ee\/e-pood\/firmast\/","og_site_name":"Horticom.ee","article_publisher":"https:\/\/www.facebook.com\/horticom.ee\/e-pood","article_modified_time":"2026-01-07T13:07:08+00:00","twitter_card":"summary_large_image","twitter_misc":{"Est. reading time":"2 minutit"},"schema":{"@context":"https:\/\/schema.org","@graph":[{"@type":"WebPage","@id":"https:\/\/horticom.ee\/e-pood\/firmast\/","url":"https:\/\/horticom.ee\/e-pood\/firmast\/","name":"FIRMAST - Horticom","isPartOf":{"@id":"https:\/\/horticom.ee\/e-pood\/#website"},"datePublished":"2018-03-07T10:36:35+00:00","dateModified":"2026-01-07T13:07:08+00:00","breadcrumb":{"@id":"https:\/\/horticom.ee\/e-pood\/firmast\/#breadcrumb"},"inLanguage":"et","potentialAction":[{"@type":"ReadAction","target":["https:\/\/horticom.ee\/e-pood\/firmast\/"]}]},{"@type":"BreadcrumbList","@id":"https:\/\/horticom.ee\/e-pood\/firmast\/#breadcrumb","itemListElement":[{"@type":"ListItem","position":1,"name":"Home","item":"https:\/\/horticom.ee\/e-pood\/"},{"@type":"ListItem","position":2,"name":"FIRMAST"}]},{"@type":"WebSite","@id":"https:\/\/horticom.ee\/e-pood\/#website","url":"https:\/\/horticom.ee\/e-pood\/","name":"Horticom.ee","description":"Aianduskaubad ja kodukaubad nii harrastajatele kui professionaalidele","potentialAction":[{"@type":"SearchAction","target":{"@type":"EntryPoint","urlTemplate":"https:\/\/horticom.ee\/e-pood\/?s={search_term_string}"},"query-input":{"@type":"PropertyValueSpecification","valueRequired":true,"valueName":"search_term_string"}}],"inLanguage":"et"}]}},"_links":{"self":[{"href":"https:\/\/horticom.ee\/e-pood\/wp-json\/wp\/v2\/pages\/4561","targetHints":{"allow":["GET"]}}],"collection":[{"href":"https:\/\/horticom.ee\/e-pood\/wp-json\/wp\/v2\/pages"}],"about":[{"href":"https:\/\/horticom.ee\/e-pood\/wp-json\/wp\/v2\/types\/page"}],"author":[{"embeddable":true,"href":"https:\/\/horticom.ee\/e-pood\/wp-json\/wp\/v2\/users\/1"}],"replies":[{"embeddable":true,"href":"https:\/\/horticom.ee\/e-pood\/wp-json\/wp\/v2\/comments?post=4561"}],"version-history":[{"count":1,"href":"https:\/\/horticom.ee\/e-pood\/wp-json\/wp\/v2\/pages\/4561\/revisions"}],"predecessor-version":[{"id":2529156,"href":"https:\/\/horticom.ee\/e-pood\/wp-json\/wp\/v2\/pages\/4561\/revisions\/2529156"}],"wp:attachment":[{"href":"https:\/\/horticom.ee\/e-pood\/wp-json\/wp\/v2\/media?parent=4561"}],"curies":[{"name":"wp","href":"https:\/\/api.w.org\/{rel}","templated":true}]}}