{"id":108492,"date":"2021-06-02T00:00:17","date_gmt":"2021-06-01T21:00:17","guid":{"rendered":"https:\/\/updated.aednik24.ee\/toode\/loomade-peletaja-ultrasonic-paikeseenergial-100m2-le\/"},"modified":"2026-04-24T03:03:40","modified_gmt":"2026-04-24T00:03:40","slug":"loomade-peletaja-ultrasonic-paikeseenergial-100m2-le","status":"publish","type":"product","link":"https:\/\/horticom.ee\/e-pood\/toode\/loomade-peletaja-ultrasonic-paikeseenergial-100m2-le\/","title":{"rendered":"Loomade peletaja Ultrasonic p\u00e4ikeseenergial 100m2-le"},"content":{"rendered":"<p>M\u00f5eldud v\u00e4litingimustesse, toimib p\u00e4ikeseenergial. Ultraheli on inimestele kuuldamatu ning see ei kahjusta loomi ega lemmikloomi. Repelleri t\u00f6\u00f6ulatus on 10m ja selle v\u00f5imas ultrahelilaineala katab 120\u00b0 kaares 100 ruutmeetrise ala. P\u00e4ikesepaneel toidab laetavaid akusid, et v\u00f5imaldada pidevat 24\/7 kasutamist. Repelleri ultraheli ei m\u00f5juta elektroonikaseadmeid, sealhulgas s\u00fcdamestimulaatoreid, garaa\u017eiukse avajaid, kaugjuhtimispulte jms. Vajalikud on laetavad AA patareid, kuid need ei kuulu komplekti.<\/p>\n","protected":false},"excerpt":{"rendered":"<p>M\u00f5eldud v\u00e4litingimustesse, toimib p\u00e4ikeseenergial. Ultraheli on inimestele kuuldamatu ning see ei kahjusta loomi ega lemmikloomi. Repelleri t\u00f6\u00f6ulatus on 10m ja selle v\u00f5imas ultrahelilaineala katab 120\u00b0 kaares 100 ruutmeetrise ala. P\u00e4ikesepaneel toidab laetavaid akusid, et v\u00f5imaldada pidevat 24\/7 kasutamist. Repelleri ultraheli ei m\u00f5juta elektroonikaseadmeid, sealhulgas s\u00fcdamestimulaatoreid, garaa\u017eiukse avajaid, kaugjuhtimispulte jms. Vajalikud on laetavad AA patareid, kuid [&hellip;]<\/p>\n","protected":false},"featured_media":2381648,"comment_status":"closed","ping_status":"closed","template":"","meta":{"_themeisle_gutenberg_block_has_review":false},"product_cat":[13591],"product_tag":[],"class_list":{"0":"post-108492","1":"product","2":"type-product","3":"status-publish","4":"has-post-thumbnail","6":"product_cat-peletusvahendid-e-repellendid","8":"first","9":"instock","10":"sale","11":"shipping-taxable","12":"purchasable","13":"product-type-simple"},"yoast_head":"<!-- This site is optimized with the Yoast SEO plugin v24.0 - https:\/\/yoast.com\/wordpress\/plugins\/seo\/ -->\n<title>Loomade peletaja Ultrasonic p\u00e4ikeseenergial 100m2-le - Horticom<\/title>\n<meta name=\"robots\" content=\"index, follow, max-snippet:-1, max-image-preview:large, max-video-preview:-1\" \/>\n<link rel=\"canonical\" href=\"https:\/\/horticom.ee\/e-pood\/toode\/loomade-peletaja-ultrasonic-paikeseenergial-100m2-le\/\" \/>\n<meta property=\"og:locale\" content=\"et_EE\" \/>\n<meta property=\"og:type\" content=\"article\" \/>\n<meta property=\"og:title\" content=\"Loomade peletaja Ultrasonic p\u00e4ikeseenergial 100m2-le - Horticom\" \/>\n<meta property=\"og:description\" content=\"M\u00f5eldud v\u00e4litingimustesse, toimib p\u00e4ikeseenergial. Ultraheli on inimestele kuuldamatu ning see ei kahjusta loomi ega lemmikloomi. Repelleri t\u00f6\u00f6ulatus on 10m ja selle v\u00f5imas ultrahelilaineala katab 120\u00b0 kaares 100 ruutmeetrise ala. P\u00e4ikesepaneel toidab laetavaid akusid, et v\u00f5imaldada pidevat 24\/7 kasutamist. Repelleri ultraheli ei m\u00f5juta elektroonikaseadmeid, sealhulgas s\u00fcdamestimulaatoreid, garaa\u017eiukse avajaid, kaugjuhtimispulte jms. Vajalikud on laetavad AA patareid, kuid [&hellip;]\" \/>\n<meta property=\"og:url\" content=\"https:\/\/horticom.ee\/e-pood\/toode\/loomade-peletaja-ultrasonic-paikeseenergial-100m2-le\/\" \/>\n<meta property=\"og:site_name\" content=\"Horticom.ee\" \/>\n<meta property=\"article:publisher\" content=\"https:\/\/www.facebook.com\/horticom.ee\/e-pood\" \/>\n<meta property=\"article:modified_time\" content=\"2026-04-24T00:03:40+00:00\" \/>\n<meta property=\"og:image\" content=\"https:\/\/horticom.ee\/e-pood\/wp-content\/uploads\/importedmedia\/product-108492_0-411990.jpg\" \/>\n\t<meta property=\"og:image:width\" content=\"1000\" \/>\n\t<meta property=\"og:image:height\" content=\"1000\" \/>\n\t<meta property=\"og:image:type\" content=\"image\/jpeg\" \/>\n<meta name=\"twitter:card\" content=\"summary_large_image\" \/>\n<script type=\"application\/ld+json\" class=\"yoast-schema-graph\">{\"@context\":\"https:\/\/schema.org\",\"@graph\":[{\"@type\":\"WebPage\",\"@id\":\"https:\/\/horticom.ee\/e-pood\/toode\/loomade-peletaja-ultrasonic-paikeseenergial-100m2-le\/\",\"url\":\"https:\/\/horticom.ee\/e-pood\/toode\/loomade-peletaja-ultrasonic-paikeseenergial-100m2-le\/\",\"name\":\"Loomade peletaja Ultrasonic p\u00e4ikeseenergial 100m2-le - Horticom\",\"isPartOf\":{\"@id\":\"https:\/\/horticom.ee\/e-pood\/#website\"},\"primaryImageOfPage\":{\"@id\":\"https:\/\/horticom.ee\/e-pood\/toode\/loomade-peletaja-ultrasonic-paikeseenergial-100m2-le\/#primaryimage\"},\"image\":{\"@id\":\"https:\/\/horticom.ee\/e-pood\/toode\/loomade-peletaja-ultrasonic-paikeseenergial-100m2-le\/#primaryimage\"},\"thumbnailUrl\":\"https:\/\/horticom.ee\/e-pood\/wp-content\/uploads\/importedmedia\/product-108492_0-411990.jpg\",\"datePublished\":\"2021-06-01T21:00:17+00:00\",\"dateModified\":\"2026-04-24T00:03:40+00:00\",\"breadcrumb\":{\"@id\":\"https:\/\/horticom.ee\/e-pood\/toode\/loomade-peletaja-ultrasonic-paikeseenergial-100m2-le\/#breadcrumb\"},\"inLanguage\":\"et\",\"potentialAction\":[{\"@type\":\"ReadAction\",\"target\":[\"https:\/\/horticom.ee\/e-pood\/toode\/loomade-peletaja-ultrasonic-paikeseenergial-100m2-le\/\"]}]},{\"@type\":\"ImageObject\",\"inLanguage\":\"et\",\"@id\":\"https:\/\/horticom.ee\/e-pood\/toode\/loomade-peletaja-ultrasonic-paikeseenergial-100m2-le\/#primaryimage\",\"url\":\"https:\/\/horticom.ee\/e-pood\/wp-content\/uploads\/importedmedia\/product-108492_0-411990.jpg\",\"contentUrl\":\"https:\/\/horticom.ee\/e-pood\/wp-content\/uploads\/importedmedia\/product-108492_0-411990.jpg\",\"width\":1000,\"height\":1000},{\"@type\":\"BreadcrumbList\",\"@id\":\"https:\/\/horticom.ee\/e-pood\/toode\/loomade-peletaja-ultrasonic-paikeseenergial-100m2-le\/#breadcrumb\",\"itemListElement\":[{\"@type\":\"ListItem\",\"position\":1,\"name\":\"Home\",\"item\":\"https:\/\/horticom.ee\/e-pood\/\"},{\"@type\":\"ListItem\",\"position\":2,\"name\":\"Pood\",\"item\":\"https:\/\/horticom.ee\/e-pood\/pood\/\"},{\"@type\":\"ListItem\",\"position\":3,\"name\":\"Loomade peletaja Ultrasonic p\u00e4ikeseenergial 100m2-le\"}]},{\"@type\":\"WebSite\",\"@id\":\"https:\/\/horticom.ee\/e-pood\/#website\",\"url\":\"https:\/\/horticom.ee\/e-pood\/\",\"name\":\"Horticom.ee\",\"description\":\"Aianduskaubad ja kodukaubad nii harrastajatele kui professionaalidele\",\"potentialAction\":[{\"@type\":\"SearchAction\",\"target\":{\"@type\":\"EntryPoint\",\"urlTemplate\":\"https:\/\/horticom.ee\/e-pood\/?s={search_term_string}\"},\"query-input\":{\"@type\":\"PropertyValueSpecification\",\"valueRequired\":true,\"valueName\":\"search_term_string\"}}],\"inLanguage\":\"et\"}]}<\/script>\n<!-- \/ Yoast SEO plugin. -->","yoast_head_json":{"title":"Loomade peletaja Ultrasonic p\u00e4ikeseenergial 100m2-le - Horticom","robots":{"index":"index","follow":"follow","max-snippet":"max-snippet:-1","max-image-preview":"max-image-preview:large","max-video-preview":"max-video-preview:-1"},"canonical":"https:\/\/horticom.ee\/e-pood\/toode\/loomade-peletaja-ultrasonic-paikeseenergial-100m2-le\/","og_locale":"et_EE","og_type":"article","og_title":"Loomade peletaja Ultrasonic p\u00e4ikeseenergial 100m2-le - Horticom","og_description":"M\u00f5eldud v\u00e4litingimustesse, toimib p\u00e4ikeseenergial. Ultraheli on inimestele kuuldamatu ning see ei kahjusta loomi ega lemmikloomi. Repelleri t\u00f6\u00f6ulatus on 10m ja selle v\u00f5imas ultrahelilaineala katab 120\u00b0 kaares 100 ruutmeetrise ala. P\u00e4ikesepaneel toidab laetavaid akusid, et v\u00f5imaldada pidevat 24\/7 kasutamist. Repelleri ultraheli ei m\u00f5juta elektroonikaseadmeid, sealhulgas s\u00fcdamestimulaatoreid, garaa\u017eiukse avajaid, kaugjuhtimispulte jms. Vajalikud on laetavad AA patareid, kuid [&hellip;]","og_url":"https:\/\/horticom.ee\/e-pood\/toode\/loomade-peletaja-ultrasonic-paikeseenergial-100m2-le\/","og_site_name":"Horticom.ee","article_publisher":"https:\/\/www.facebook.com\/horticom.ee\/e-pood","article_modified_time":"2026-04-24T00:03:40+00:00","og_image":[{"width":1000,"height":1000,"url":"https:\/\/horticom.ee\/e-pood\/wp-content\/uploads\/importedmedia\/product-108492_0-411990.jpg","type":"image\/jpeg"}],"twitter_card":"summary_large_image","schema":{"@context":"https:\/\/schema.org","@graph":[{"@type":"WebPage","@id":"https:\/\/horticom.ee\/e-pood\/toode\/loomade-peletaja-ultrasonic-paikeseenergial-100m2-le\/","url":"https:\/\/horticom.ee\/e-pood\/toode\/loomade-peletaja-ultrasonic-paikeseenergial-100m2-le\/","name":"Loomade peletaja Ultrasonic p\u00e4ikeseenergial 100m2-le - Horticom","isPartOf":{"@id":"https:\/\/horticom.ee\/e-pood\/#website"},"primaryImageOfPage":{"@id":"https:\/\/horticom.ee\/e-pood\/toode\/loomade-peletaja-ultrasonic-paikeseenergial-100m2-le\/#primaryimage"},"image":{"@id":"https:\/\/horticom.ee\/e-pood\/toode\/loomade-peletaja-ultrasonic-paikeseenergial-100m2-le\/#primaryimage"},"thumbnailUrl":"https:\/\/horticom.ee\/e-pood\/wp-content\/uploads\/importedmedia\/product-108492_0-411990.jpg","datePublished":"2021-06-01T21:00:17+00:00","dateModified":"2026-04-24T00:03:40+00:00","breadcrumb":{"@id":"https:\/\/horticom.ee\/e-pood\/toode\/loomade-peletaja-ultrasonic-paikeseenergial-100m2-le\/#breadcrumb"},"inLanguage":"et","potentialAction":[{"@type":"ReadAction","target":["https:\/\/horticom.ee\/e-pood\/toode\/loomade-peletaja-ultrasonic-paikeseenergial-100m2-le\/"]}]},{"@type":"ImageObject","inLanguage":"et","@id":"https:\/\/horticom.ee\/e-pood\/toode\/loomade-peletaja-ultrasonic-paikeseenergial-100m2-le\/#primaryimage","url":"https:\/\/horticom.ee\/e-pood\/wp-content\/uploads\/importedmedia\/product-108492_0-411990.jpg","contentUrl":"https:\/\/horticom.ee\/e-pood\/wp-content\/uploads\/importedmedia\/product-108492_0-411990.jpg","width":1000,"height":1000},{"@type":"BreadcrumbList","@id":"https:\/\/horticom.ee\/e-pood\/toode\/loomade-peletaja-ultrasonic-paikeseenergial-100m2-le\/#breadcrumb","itemListElement":[{"@type":"ListItem","position":1,"name":"Home","item":"https:\/\/horticom.ee\/e-pood\/"},{"@type":"ListItem","position":2,"name":"Pood","item":"https:\/\/horticom.ee\/e-pood\/pood\/"},{"@type":"ListItem","position":3,"name":"Loomade peletaja Ultrasonic p\u00e4ikeseenergial 100m2-le"}]},{"@type":"WebSite","@id":"https:\/\/horticom.ee\/e-pood\/#website","url":"https:\/\/horticom.ee\/e-pood\/","name":"Horticom.ee","description":"Aianduskaubad ja kodukaubad nii harrastajatele kui professionaalidele","potentialAction":[{"@type":"SearchAction","target":{"@type":"EntryPoint","urlTemplate":"https:\/\/horticom.ee\/e-pood\/?s={search_term_string}"},"query-input":{"@type":"PropertyValueSpecification","valueRequired":true,"valueName":"search_term_string"}}],"inLanguage":"et"}]}},"_links":{"self":[{"href":"https:\/\/horticom.ee\/e-pood\/wp-json\/wp\/v2\/product\/108492","targetHints":{"allow":["GET"]}}],"collection":[{"href":"https:\/\/horticom.ee\/e-pood\/wp-json\/wp\/v2\/product"}],"about":[{"href":"https:\/\/horticom.ee\/e-pood\/wp-json\/wp\/v2\/types\/product"}],"replies":[{"embeddable":true,"href":"https:\/\/horticom.ee\/e-pood\/wp-json\/wp\/v2\/comments?post=108492"}],"wp:featuredmedia":[{"embeddable":true,"href":"https:\/\/horticom.ee\/e-pood\/wp-json\/wp\/v2\/media\/2381648"}],"wp:attachment":[{"href":"https:\/\/horticom.ee\/e-pood\/wp-json\/wp\/v2\/media?parent=108492"}],"wp:term":[{"taxonomy":"product_cat","embeddable":true,"href":"https:\/\/horticom.ee\/e-pood\/wp-json\/wp\/v2\/product_cat?post=108492"},{"taxonomy":"product_tag","embeddable":true,"href":"https:\/\/horticom.ee\/e-pood\/wp-json\/wp\/v2\/product_tag?post=108492"}],"curies":[{"name":"wp","href":"https:\/\/api.w.org\/{rel}","templated":true}]}}