{"id":108493,"date":"2021-06-02T00:00:23","date_gmt":"2021-06-01T21:00:23","guid":{"rendered":"https:\/\/aednik24.ee\/toode\/peletusvahend-ultrasonic-animal-repeller-pro-outdoor-solar-pro-100m2\/"},"modified":"2026-05-03T03:11:56","modified_gmt":"2026-05-03T00:11:56","slug":"peletusvahend-ultrasonic-animal-repeller-pro-outdoor-solar-pro-100m2","status":"publish","type":"product","link":"https:\/\/horticom.ee\/e-pood\/toode\/peletusvahend-ultrasonic-animal-repeller-pro-outdoor-solar-pro-100m2\/","title":{"rendered":"Peletusvahend Ultrasonic Animal Repeller PRO Outdoor Solar PRO 150m2"},"content":{"rendered":"<p>Kaitseb ala, mille suurus on u. 100 m\u00b2, maksimaalselt 120\u00b0 raadiuses v\u00f5imsate ultrahelilainete abil. Tuvastab liigutused anduri abil. Sihitud LED-valgusvihk toimib t\u00e4iendava hoiatusvahendina ja seda saab eraldi sisse l\u00fclitada. Akusid laetakse p\u00e4ikesepaneeli kaudu. Loomat\u00f5rjevahendit saab paigaldada p\u00f5randavarda v\u00f5i seinakinniti abil. K\u00f5rge ultraheli v\u00e4ljund kuni 96 dB 10 cm kaugusel \u2013 ohutu, kuid t\u00f5hus. Tekitab v\u00e4ga valju, vaenulikku ultraheliheli, mis on inimestele kuulmatu, kuid mida paljud loomad peavad \u00e4\u00e4rmiselt \u00e4ngistavaks! Vilkuv LED-tuli ja ultrahelialarm moodustavad koos v\u00f5imsa koosluse, mis peletab loomad eemale. LED-valguse ja ultraheli kombinatsioon annab audiovisuaalse stiimuli. P\u00e4ikesetoitel, seega ei vaja vooluv\u00f5rku. Erinevad paigaldustarvikud paindlikuks paigaldamiseks. S\u00e4\u00e4stev ja t\u00f5hus l\u00e4henemine. Looduslik, loomas\u00f5bralik ja kahjutu, ei kasuta m\u00fcrke. T\u00f5hus paljude erinevate loomaliikide vastu. T\u00f6\u00f6tab pidevalt 24 tundi \u00f6\u00f6sel ja p\u00e4eval. Loomade sissetungijaid avastatakse ka pimedas. Akustilises re\u017eiimis koos kuuldava sireeniga v\u00f5ib see olla linnupeletus v\u00f5i teise v\u00f5imalusena mobiilne h\u00e4ires\u00fcsteem, mis hoiatab sissetungijate eest. Helid ja valguss\u00e4hvatused on inimestele ja loomadele t\u00e4iesti kahjutud. Tugev vihmakindel konstruktsioon; saab kasutada k\u00f5ikjal \u00f5ues. V\u00e4ike ja m\u00e4rkamatu; kohe kasutusvalmis. Energiatarve puudub; v\u00e4ga madalad tegevuskulud; hooldust peaaegu ei tehta. Mobiilne lahendus maapinnale v\u00f5i seinakinnitusega.<\/p>\n","protected":false},"excerpt":{"rendered":"<p>Kaitseb ala, mille suurus on u. 100 m\u00b2, maksimaalselt 120\u00b0 raadiuses v\u00f5imsate ultrahelilainete abil. Tuvastab liigutused anduri abil. Sihitud LED-valgusvihk toimib t\u00e4iendava hoiatusvahendina ja seda saab eraldi sisse l\u00fclitada. Akusid laetakse p\u00e4ikesepaneeli kaudu. Loomat\u00f5rjevahendit saab paigaldada p\u00f5randavarda v\u00f5i seinakinniti abil. K\u00f5rge ultraheli v\u00e4ljund kuni 96 dB 10 cm kaugusel \u2013 ohutu, kuid t\u00f5hus. Tekitab v\u00e4ga [&hellip;]<\/p>\n","protected":false},"featured_media":108514,"comment_status":"closed","ping_status":"closed","template":"","meta":{"_themeisle_gutenberg_block_has_review":false},"product_cat":[13591],"product_tag":[],"class_list":{"0":"post-108493","1":"product","2":"type-product","3":"status-publish","4":"has-post-thumbnail","6":"product_cat-peletusvahendid-e-repellendid","8":"first","9":"instock","10":"shipping-taxable","11":"purchasable","12":"product-type-simple"},"yoast_head":"<!-- This site is optimized with the Yoast SEO plugin v24.0 - https:\/\/yoast.com\/wordpress\/plugins\/seo\/ -->\n<title>Peletusvahend Ultrasonic Animal Repeller PRO Outdoor Solar<\/title>\n<meta name=\"description\" content=\"Loomat\u00f5rjevahend ultraheliga katab 100 m\u00b2 ala, tuvastab liikumist, peletab loomi ohutult ultraheli ja LED-v\u00e4lklambi abil\" \/>\n<meta name=\"robots\" content=\"index, follow, max-snippet:-1, max-image-preview:large, max-video-preview:-1\" \/>\n<link rel=\"canonical\" href=\"https:\/\/horticom.ee\/e-pood\/toode\/peletusvahend-ultrasonic-animal-repeller-pro-outdoor-solar-pro-100m2\/\" \/>\n<meta property=\"og:locale\" content=\"et_EE\" \/>\n<meta property=\"og:type\" content=\"article\" \/>\n<meta property=\"og:title\" content=\"Peletusvahend Ultrasonic Animal Repeller PRO Outdoor Solar\" \/>\n<meta property=\"og:description\" content=\"Loomat\u00f5rjevahend ultraheliga katab 100 m\u00b2 ala, tuvastab liikumist, peletab loomi ohutult ultraheli ja LED-v\u00e4lklambi abil\" \/>\n<meta property=\"og:url\" content=\"https:\/\/horticom.ee\/e-pood\/toode\/peletusvahend-ultrasonic-animal-repeller-pro-outdoor-solar-pro-100m2\/\" \/>\n<meta property=\"og:site_name\" content=\"Horticom.ee\" \/>\n<meta property=\"article:publisher\" content=\"https:\/\/www.facebook.com\/horticom.ee\/e-pood\" \/>\n<meta property=\"article:modified_time\" content=\"2026-05-03T00:11:56+00:00\" \/>\n<meta property=\"og:image\" content=\"https:\/\/horticom.ee\/e-pood\/wp-content\/uploads\/importedmedia\/product-108493_0-P1115.jpg\" \/>\n\t<meta property=\"og:image:width\" content=\"1000\" \/>\n\t<meta property=\"og:image:height\" content=\"1000\" \/>\n\t<meta property=\"og:image:type\" content=\"image\/jpeg\" \/>\n<meta name=\"twitter:card\" content=\"summary_large_image\" \/>\n<meta name=\"twitter:label1\" content=\"Est. reading time\" \/>\n\t<meta name=\"twitter:data1\" content=\"1 minut\" \/>\n<script type=\"application\/ld+json\" class=\"yoast-schema-graph\">{\"@context\":\"https:\/\/schema.org\",\"@graph\":[{\"@type\":\"WebPage\",\"@id\":\"https:\/\/horticom.ee\/e-pood\/toode\/peletusvahend-ultrasonic-animal-repeller-pro-outdoor-solar-pro-100m2\/\",\"url\":\"https:\/\/horticom.ee\/e-pood\/toode\/peletusvahend-ultrasonic-animal-repeller-pro-outdoor-solar-pro-100m2\/\",\"name\":\"Peletusvahend Ultrasonic Animal Repeller PRO Outdoor Solar\",\"isPartOf\":{\"@id\":\"https:\/\/horticom.ee\/e-pood\/#website\"},\"primaryImageOfPage\":{\"@id\":\"https:\/\/horticom.ee\/e-pood\/toode\/peletusvahend-ultrasonic-animal-repeller-pro-outdoor-solar-pro-100m2\/#primaryimage\"},\"image\":{\"@id\":\"https:\/\/horticom.ee\/e-pood\/toode\/peletusvahend-ultrasonic-animal-repeller-pro-outdoor-solar-pro-100m2\/#primaryimage\"},\"thumbnailUrl\":\"https:\/\/horticom.ee\/e-pood\/wp-content\/uploads\/importedmedia\/product-108493_0-P1115.jpg\",\"datePublished\":\"2021-06-01T21:00:23+00:00\",\"dateModified\":\"2026-05-03T00:11:56+00:00\",\"description\":\"Loomat\u00f5rjevahend ultraheliga katab 100 m\u00b2 ala, tuvastab liikumist, peletab loomi ohutult ultraheli ja LED-v\u00e4lklambi abil\",\"breadcrumb\":{\"@id\":\"https:\/\/horticom.ee\/e-pood\/toode\/peletusvahend-ultrasonic-animal-repeller-pro-outdoor-solar-pro-100m2\/#breadcrumb\"},\"inLanguage\":\"et\",\"potentialAction\":[{\"@type\":\"ReadAction\",\"target\":[\"https:\/\/horticom.ee\/e-pood\/toode\/peletusvahend-ultrasonic-animal-repeller-pro-outdoor-solar-pro-100m2\/\"]}]},{\"@type\":\"ImageObject\",\"inLanguage\":\"et\",\"@id\":\"https:\/\/horticom.ee\/e-pood\/toode\/peletusvahend-ultrasonic-animal-repeller-pro-outdoor-solar-pro-100m2\/#primaryimage\",\"url\":\"https:\/\/horticom.ee\/e-pood\/wp-content\/uploads\/importedmedia\/product-108493_0-P1115.jpg\",\"contentUrl\":\"https:\/\/horticom.ee\/e-pood\/wp-content\/uploads\/importedmedia\/product-108493_0-P1115.jpg\",\"width\":1000,\"height\":1000,\"caption\":\"Peletusvahend Ultrasonic Animal Repeller PRO Outdoor Solar PRO 150m2\"},{\"@type\":\"BreadcrumbList\",\"@id\":\"https:\/\/horticom.ee\/e-pood\/toode\/peletusvahend-ultrasonic-animal-repeller-pro-outdoor-solar-pro-100m2\/#breadcrumb\",\"itemListElement\":[{\"@type\":\"ListItem\",\"position\":1,\"name\":\"Home\",\"item\":\"https:\/\/horticom.ee\/e-pood\/\"},{\"@type\":\"ListItem\",\"position\":2,\"name\":\"Pood\",\"item\":\"https:\/\/horticom.ee\/e-pood\/pood\/\"},{\"@type\":\"ListItem\",\"position\":3,\"name\":\"Peletusvahend Ultrasonic Animal Repeller PRO Outdoor Solar PRO 150m2\"}]},{\"@type\":\"WebSite\",\"@id\":\"https:\/\/horticom.ee\/e-pood\/#website\",\"url\":\"https:\/\/horticom.ee\/e-pood\/\",\"name\":\"Horticom.ee\",\"description\":\"Aianduskaubad ja kodukaubad nii harrastajatele kui professionaalidele\",\"potentialAction\":[{\"@type\":\"SearchAction\",\"target\":{\"@type\":\"EntryPoint\",\"urlTemplate\":\"https:\/\/horticom.ee\/e-pood\/?s={search_term_string}\"},\"query-input\":{\"@type\":\"PropertyValueSpecification\",\"valueRequired\":true,\"valueName\":\"search_term_string\"}}],\"inLanguage\":\"et\"}]}<\/script>\n<!-- \/ Yoast SEO plugin. -->","yoast_head_json":{"title":"Peletusvahend Ultrasonic Animal Repeller PRO Outdoor Solar","description":"Loomat\u00f5rjevahend ultraheliga katab 100 m\u00b2 ala, tuvastab liikumist, peletab loomi ohutult ultraheli ja LED-v\u00e4lklambi abil","robots":{"index":"index","follow":"follow","max-snippet":"max-snippet:-1","max-image-preview":"max-image-preview:large","max-video-preview":"max-video-preview:-1"},"canonical":"https:\/\/horticom.ee\/e-pood\/toode\/peletusvahend-ultrasonic-animal-repeller-pro-outdoor-solar-pro-100m2\/","og_locale":"et_EE","og_type":"article","og_title":"Peletusvahend Ultrasonic Animal Repeller PRO Outdoor Solar","og_description":"Loomat\u00f5rjevahend ultraheliga katab 100 m\u00b2 ala, tuvastab liikumist, peletab loomi ohutult ultraheli ja LED-v\u00e4lklambi abil","og_url":"https:\/\/horticom.ee\/e-pood\/toode\/peletusvahend-ultrasonic-animal-repeller-pro-outdoor-solar-pro-100m2\/","og_site_name":"Horticom.ee","article_publisher":"https:\/\/www.facebook.com\/horticom.ee\/e-pood","article_modified_time":"2026-05-03T00:11:56+00:00","og_image":[{"width":1000,"height":1000,"url":"https:\/\/horticom.ee\/e-pood\/wp-content\/uploads\/importedmedia\/product-108493_0-P1115.jpg","type":"image\/jpeg"}],"twitter_card":"summary_large_image","twitter_misc":{"Est. reading time":"1 minut"},"schema":{"@context":"https:\/\/schema.org","@graph":[{"@type":"WebPage","@id":"https:\/\/horticom.ee\/e-pood\/toode\/peletusvahend-ultrasonic-animal-repeller-pro-outdoor-solar-pro-100m2\/","url":"https:\/\/horticom.ee\/e-pood\/toode\/peletusvahend-ultrasonic-animal-repeller-pro-outdoor-solar-pro-100m2\/","name":"Peletusvahend Ultrasonic Animal Repeller PRO Outdoor Solar","isPartOf":{"@id":"https:\/\/horticom.ee\/e-pood\/#website"},"primaryImageOfPage":{"@id":"https:\/\/horticom.ee\/e-pood\/toode\/peletusvahend-ultrasonic-animal-repeller-pro-outdoor-solar-pro-100m2\/#primaryimage"},"image":{"@id":"https:\/\/horticom.ee\/e-pood\/toode\/peletusvahend-ultrasonic-animal-repeller-pro-outdoor-solar-pro-100m2\/#primaryimage"},"thumbnailUrl":"https:\/\/horticom.ee\/e-pood\/wp-content\/uploads\/importedmedia\/product-108493_0-P1115.jpg","datePublished":"2021-06-01T21:00:23+00:00","dateModified":"2026-05-03T00:11:56+00:00","description":"Loomat\u00f5rjevahend ultraheliga katab 100 m\u00b2 ala, tuvastab liikumist, peletab loomi ohutult ultraheli ja LED-v\u00e4lklambi abil","breadcrumb":{"@id":"https:\/\/horticom.ee\/e-pood\/toode\/peletusvahend-ultrasonic-animal-repeller-pro-outdoor-solar-pro-100m2\/#breadcrumb"},"inLanguage":"et","potentialAction":[{"@type":"ReadAction","target":["https:\/\/horticom.ee\/e-pood\/toode\/peletusvahend-ultrasonic-animal-repeller-pro-outdoor-solar-pro-100m2\/"]}]},{"@type":"ImageObject","inLanguage":"et","@id":"https:\/\/horticom.ee\/e-pood\/toode\/peletusvahend-ultrasonic-animal-repeller-pro-outdoor-solar-pro-100m2\/#primaryimage","url":"https:\/\/horticom.ee\/e-pood\/wp-content\/uploads\/importedmedia\/product-108493_0-P1115.jpg","contentUrl":"https:\/\/horticom.ee\/e-pood\/wp-content\/uploads\/importedmedia\/product-108493_0-P1115.jpg","width":1000,"height":1000,"caption":"Peletusvahend Ultrasonic Animal Repeller PRO Outdoor Solar PRO 150m2"},{"@type":"BreadcrumbList","@id":"https:\/\/horticom.ee\/e-pood\/toode\/peletusvahend-ultrasonic-animal-repeller-pro-outdoor-solar-pro-100m2\/#breadcrumb","itemListElement":[{"@type":"ListItem","position":1,"name":"Home","item":"https:\/\/horticom.ee\/e-pood\/"},{"@type":"ListItem","position":2,"name":"Pood","item":"https:\/\/horticom.ee\/e-pood\/pood\/"},{"@type":"ListItem","position":3,"name":"Peletusvahend Ultrasonic Animal Repeller PRO Outdoor Solar PRO 150m2"}]},{"@type":"WebSite","@id":"https:\/\/horticom.ee\/e-pood\/#website","url":"https:\/\/horticom.ee\/e-pood\/","name":"Horticom.ee","description":"Aianduskaubad ja kodukaubad nii harrastajatele kui professionaalidele","potentialAction":[{"@type":"SearchAction","target":{"@type":"EntryPoint","urlTemplate":"https:\/\/horticom.ee\/e-pood\/?s={search_term_string}"},"query-input":{"@type":"PropertyValueSpecification","valueRequired":true,"valueName":"search_term_string"}}],"inLanguage":"et"}]}},"_links":{"self":[{"href":"https:\/\/horticom.ee\/e-pood\/wp-json\/wp\/v2\/product\/108493","targetHints":{"allow":["GET"]}}],"collection":[{"href":"https:\/\/horticom.ee\/e-pood\/wp-json\/wp\/v2\/product"}],"about":[{"href":"https:\/\/horticom.ee\/e-pood\/wp-json\/wp\/v2\/types\/product"}],"replies":[{"embeddable":true,"href":"https:\/\/horticom.ee\/e-pood\/wp-json\/wp\/v2\/comments?post=108493"}],"wp:featuredmedia":[{"embeddable":true,"href":"https:\/\/horticom.ee\/e-pood\/wp-json\/wp\/v2\/media\/108514"}],"wp:attachment":[{"href":"https:\/\/horticom.ee\/e-pood\/wp-json\/wp\/v2\/media?parent=108493"}],"wp:term":[{"taxonomy":"product_cat","embeddable":true,"href":"https:\/\/horticom.ee\/e-pood\/wp-json\/wp\/v2\/product_cat?post=108493"},{"taxonomy":"product_tag","embeddable":true,"href":"https:\/\/horticom.ee\/e-pood\/wp-json\/wp\/v2\/product_tag?post=108493"}],"curies":[{"name":"wp","href":"https:\/\/api.w.org\/{rel}","templated":true}]}}