{"id":1165764,"date":"2022-08-04T03:00:33","date_gmt":"2022-08-04T00:00:33","guid":{"rendered":"https:\/\/aednik24.ee\/toode\/rotimurk-protect-vahaplokid-300g\/"},"modified":"2026-04-07T18:05:59","modified_gmt":"2026-04-07T15:05:59","slug":"rotimurk-protect-vahaplokid-300g","status":"publish","type":"product","link":"https:\/\/horticom.ee\/e-pood\/toode\/rotimurk-protect-vahaplokid-300g\/","title":{"rendered":"Rotim\u00fcrk Protect vahaplokid 300g"},"content":{"rendered":"<p>M\u00f5eldud koduhiirte -Mus musculus- ja samuti pruunide rottide -Rattus norvegicu- t\u00f5rjeks siseruumides ja hoonete vahetus l\u00e4heduses. \u00dcldiseks kasutamiseks majapidamises.<\/p>\n","protected":false},"excerpt":{"rendered":"<p>M\u00f5eldud koduhiirte -Mus musculus- ja samuti pruunide rottide -Rattus norvegicu- t\u00f5rjeks siseruumides ja hoonete vahetus l\u00e4heduses. \u00dcldiseks kasutamiseks majapidamises.<\/p>\n","protected":false},"featured_media":1165767,"comment_status":"closed","ping_status":"closed","template":"","meta":{"_themeisle_gutenberg_block_has_review":false},"product_cat":[13604],"product_tag":[],"class_list":{"0":"post-1165764","1":"product","2":"type-product","3":"status-publish","4":"has-post-thumbnail","6":"product_cat-hiired-ja-rotid","8":"first","9":"instock","10":"shipping-taxable","11":"purchasable","12":"product-type-simple"},"yoast_head":"<!-- This site is optimized with the Yoast SEO plugin v24.0 - https:\/\/yoast.com\/wordpress\/plugins\/seo\/ -->\n<title>Rotim\u00fcrk Protect vahaplokid 300g - Horticom.ee\/e-pood<\/title>\n<meta name=\"description\" content=\"Rotim\u00fcrk Protect kasutusvalmis m\u00fcrk vahaplokkidena, kasutamiseks nii sise- kui v\u00e4listingimustes hiirte ja rottide h\u00e4vitamiseks.\" \/>\n<meta name=\"robots\" content=\"index, follow, max-snippet:-1, max-image-preview:large, max-video-preview:-1\" \/>\n<link rel=\"canonical\" href=\"https:\/\/horticom.ee\/e-pood\/toode\/rotimurk-protect-vahaplokid-300g\/\" \/>\n<meta property=\"og:locale\" content=\"et_EE\" \/>\n<meta property=\"og:type\" content=\"article\" \/>\n<meta property=\"og:title\" content=\"Rotim\u00fcrk Protect vahaplokid 300g - Horticom.ee\/e-pood\" \/>\n<meta property=\"og:description\" content=\"Rotim\u00fcrk Protect kasutusvalmis m\u00fcrk vahaplokkidena, kasutamiseks nii sise- kui v\u00e4listingimustes hiirte ja rottide h\u00e4vitamiseks.\" \/>\n<meta property=\"og:url\" content=\"https:\/\/horticom.ee\/e-pood\/toode\/rotimurk-protect-vahaplokid-300g\/\" \/>\n<meta property=\"og:site_name\" content=\"Horticom.ee\" \/>\n<meta property=\"article:publisher\" content=\"https:\/\/www.facebook.com\/horticom.ee\/e-pood\" \/>\n<meta property=\"article:modified_time\" content=\"2026-04-07T15:05:59+00:00\" \/>\n<meta property=\"og:image\" content=\"https:\/\/horticom.ee\/e-pood\/wp-content\/uploads\/importedmedia\/product-1165764_0-P1234.jpg\" \/>\n\t<meta property=\"og:image:width\" content=\"1000\" \/>\n\t<meta property=\"og:image:height\" content=\"1333\" \/>\n\t<meta property=\"og:image:type\" content=\"image\/jpeg\" \/>\n<meta name=\"twitter:card\" content=\"summary_large_image\" \/>\n<script type=\"application\/ld+json\" class=\"yoast-schema-graph\">{\"@context\":\"https:\/\/schema.org\",\"@graph\":[{\"@type\":\"WebPage\",\"@id\":\"https:\/\/horticom.ee\/e-pood\/toode\/rotimurk-protect-vahaplokid-300g\/\",\"url\":\"https:\/\/horticom.ee\/e-pood\/toode\/rotimurk-protect-vahaplokid-300g\/\",\"name\":\"Rotim\u00fcrk Protect vahaplokid 300g - Horticom.ee\/e-pood\",\"isPartOf\":{\"@id\":\"https:\/\/horticom.ee\/e-pood\/#website\"},\"primaryImageOfPage\":{\"@id\":\"https:\/\/horticom.ee\/e-pood\/toode\/rotimurk-protect-vahaplokid-300g\/#primaryimage\"},\"image\":{\"@id\":\"https:\/\/horticom.ee\/e-pood\/toode\/rotimurk-protect-vahaplokid-300g\/#primaryimage\"},\"thumbnailUrl\":\"https:\/\/horticom.ee\/e-pood\/wp-content\/uploads\/importedmedia\/product-1165764_0-P1234.jpg\",\"datePublished\":\"2022-08-04T00:00:33+00:00\",\"dateModified\":\"2026-04-07T15:05:59+00:00\",\"description\":\"Rotim\u00fcrk Protect kasutusvalmis m\u00fcrk vahaplokkidena, kasutamiseks nii sise- kui v\u00e4listingimustes hiirte ja rottide h\u00e4vitamiseks.\",\"breadcrumb\":{\"@id\":\"https:\/\/horticom.ee\/e-pood\/toode\/rotimurk-protect-vahaplokid-300g\/#breadcrumb\"},\"inLanguage\":\"et\",\"potentialAction\":[{\"@type\":\"ReadAction\",\"target\":[\"https:\/\/horticom.ee\/e-pood\/toode\/rotimurk-protect-vahaplokid-300g\/\"]}]},{\"@type\":\"ImageObject\",\"inLanguage\":\"et\",\"@id\":\"https:\/\/horticom.ee\/e-pood\/toode\/rotimurk-protect-vahaplokid-300g\/#primaryimage\",\"url\":\"https:\/\/horticom.ee\/e-pood\/wp-content\/uploads\/importedmedia\/product-1165764_0-P1234.jpg\",\"contentUrl\":\"https:\/\/horticom.ee\/e-pood\/wp-content\/uploads\/importedmedia\/product-1165764_0-P1234.jpg\",\"width\":1000,\"height\":1333,\"caption\":\"Rotim\u00fcrk Protect vahaplokid 300g\"},{\"@type\":\"BreadcrumbList\",\"@id\":\"https:\/\/horticom.ee\/e-pood\/toode\/rotimurk-protect-vahaplokid-300g\/#breadcrumb\",\"itemListElement\":[{\"@type\":\"ListItem\",\"position\":1,\"name\":\"Home\",\"item\":\"https:\/\/horticom.ee\/e-pood\/\"},{\"@type\":\"ListItem\",\"position\":2,\"name\":\"Pood\",\"item\":\"https:\/\/horticom.ee\/e-pood\/pood\/\"},{\"@type\":\"ListItem\",\"position\":3,\"name\":\"Rotim\u00fcrk Protect vahaplokid 300g\"}]},{\"@type\":\"WebSite\",\"@id\":\"https:\/\/horticom.ee\/e-pood\/#website\",\"url\":\"https:\/\/horticom.ee\/e-pood\/\",\"name\":\"Horticom.ee\",\"description\":\"Aianduskaubad ja kodukaubad nii harrastajatele kui professionaalidele\",\"potentialAction\":[{\"@type\":\"SearchAction\",\"target\":{\"@type\":\"EntryPoint\",\"urlTemplate\":\"https:\/\/horticom.ee\/e-pood\/?s={search_term_string}\"},\"query-input\":{\"@type\":\"PropertyValueSpecification\",\"valueRequired\":true,\"valueName\":\"search_term_string\"}}],\"inLanguage\":\"et\"}]}<\/script>\n<!-- \/ Yoast SEO plugin. -->","yoast_head_json":{"title":"Rotim\u00fcrk Protect vahaplokid 300g - Horticom.ee\/e-pood","description":"Rotim\u00fcrk Protect kasutusvalmis m\u00fcrk vahaplokkidena, kasutamiseks nii sise- kui v\u00e4listingimustes hiirte ja rottide h\u00e4vitamiseks.","robots":{"index":"index","follow":"follow","max-snippet":"max-snippet:-1","max-image-preview":"max-image-preview:large","max-video-preview":"max-video-preview:-1"},"canonical":"https:\/\/horticom.ee\/e-pood\/toode\/rotimurk-protect-vahaplokid-300g\/","og_locale":"et_EE","og_type":"article","og_title":"Rotim\u00fcrk Protect vahaplokid 300g - Horticom.ee\/e-pood","og_description":"Rotim\u00fcrk Protect kasutusvalmis m\u00fcrk vahaplokkidena, kasutamiseks nii sise- kui v\u00e4listingimustes hiirte ja rottide h\u00e4vitamiseks.","og_url":"https:\/\/horticom.ee\/e-pood\/toode\/rotimurk-protect-vahaplokid-300g\/","og_site_name":"Horticom.ee","article_publisher":"https:\/\/www.facebook.com\/horticom.ee\/e-pood","article_modified_time":"2026-04-07T15:05:59+00:00","og_image":[{"width":1000,"height":1333,"url":"https:\/\/horticom.ee\/e-pood\/wp-content\/uploads\/importedmedia\/product-1165764_0-P1234.jpg","type":"image\/jpeg"}],"twitter_card":"summary_large_image","schema":{"@context":"https:\/\/schema.org","@graph":[{"@type":"WebPage","@id":"https:\/\/horticom.ee\/e-pood\/toode\/rotimurk-protect-vahaplokid-300g\/","url":"https:\/\/horticom.ee\/e-pood\/toode\/rotimurk-protect-vahaplokid-300g\/","name":"Rotim\u00fcrk Protect vahaplokid 300g - Horticom.ee\/e-pood","isPartOf":{"@id":"https:\/\/horticom.ee\/e-pood\/#website"},"primaryImageOfPage":{"@id":"https:\/\/horticom.ee\/e-pood\/toode\/rotimurk-protect-vahaplokid-300g\/#primaryimage"},"image":{"@id":"https:\/\/horticom.ee\/e-pood\/toode\/rotimurk-protect-vahaplokid-300g\/#primaryimage"},"thumbnailUrl":"https:\/\/horticom.ee\/e-pood\/wp-content\/uploads\/importedmedia\/product-1165764_0-P1234.jpg","datePublished":"2022-08-04T00:00:33+00:00","dateModified":"2026-04-07T15:05:59+00:00","description":"Rotim\u00fcrk Protect kasutusvalmis m\u00fcrk vahaplokkidena, kasutamiseks nii sise- kui v\u00e4listingimustes hiirte ja rottide h\u00e4vitamiseks.","breadcrumb":{"@id":"https:\/\/horticom.ee\/e-pood\/toode\/rotimurk-protect-vahaplokid-300g\/#breadcrumb"},"inLanguage":"et","potentialAction":[{"@type":"ReadAction","target":["https:\/\/horticom.ee\/e-pood\/toode\/rotimurk-protect-vahaplokid-300g\/"]}]},{"@type":"ImageObject","inLanguage":"et","@id":"https:\/\/horticom.ee\/e-pood\/toode\/rotimurk-protect-vahaplokid-300g\/#primaryimage","url":"https:\/\/horticom.ee\/e-pood\/wp-content\/uploads\/importedmedia\/product-1165764_0-P1234.jpg","contentUrl":"https:\/\/horticom.ee\/e-pood\/wp-content\/uploads\/importedmedia\/product-1165764_0-P1234.jpg","width":1000,"height":1333,"caption":"Rotim\u00fcrk Protect vahaplokid 300g"},{"@type":"BreadcrumbList","@id":"https:\/\/horticom.ee\/e-pood\/toode\/rotimurk-protect-vahaplokid-300g\/#breadcrumb","itemListElement":[{"@type":"ListItem","position":1,"name":"Home","item":"https:\/\/horticom.ee\/e-pood\/"},{"@type":"ListItem","position":2,"name":"Pood","item":"https:\/\/horticom.ee\/e-pood\/pood\/"},{"@type":"ListItem","position":3,"name":"Rotim\u00fcrk Protect vahaplokid 300g"}]},{"@type":"WebSite","@id":"https:\/\/horticom.ee\/e-pood\/#website","url":"https:\/\/horticom.ee\/e-pood\/","name":"Horticom.ee","description":"Aianduskaubad ja kodukaubad nii harrastajatele kui professionaalidele","potentialAction":[{"@type":"SearchAction","target":{"@type":"EntryPoint","urlTemplate":"https:\/\/horticom.ee\/e-pood\/?s={search_term_string}"},"query-input":{"@type":"PropertyValueSpecification","valueRequired":true,"valueName":"search_term_string"}}],"inLanguage":"et"}]}},"_links":{"self":[{"href":"https:\/\/horticom.ee\/e-pood\/wp-json\/wp\/v2\/product\/1165764","targetHints":{"allow":["GET"]}}],"collection":[{"href":"https:\/\/horticom.ee\/e-pood\/wp-json\/wp\/v2\/product"}],"about":[{"href":"https:\/\/horticom.ee\/e-pood\/wp-json\/wp\/v2\/types\/product"}],"replies":[{"embeddable":true,"href":"https:\/\/horticom.ee\/e-pood\/wp-json\/wp\/v2\/comments?post=1165764"}],"wp:featuredmedia":[{"embeddable":true,"href":"https:\/\/horticom.ee\/e-pood\/wp-json\/wp\/v2\/media\/1165767"}],"wp:attachment":[{"href":"https:\/\/horticom.ee\/e-pood\/wp-json\/wp\/v2\/media?parent=1165764"}],"wp:term":[{"taxonomy":"product_cat","embeddable":true,"href":"https:\/\/horticom.ee\/e-pood\/wp-json\/wp\/v2\/product_cat?post=1165764"},{"taxonomy":"product_tag","embeddable":true,"href":"https:\/\/horticom.ee\/e-pood\/wp-json\/wp\/v2\/product_tag?post=1165764"}],"curies":[{"name":"wp","href":"https:\/\/api.w.org\/{rel}","templated":true}]}}