{"id":1306378,"date":"2022-09-14T14:00:32","date_gmt":"2022-09-14T11:00:32","guid":{"rendered":"https:\/\/aednik24.ee\/toode\/universaalne-putuka-aerosool-diptron-fogger-150ml\/"},"modified":"2026-05-02T03:10:22","modified_gmt":"2026-05-02T00:10:22","slug":"universaalne-putuka-aerosool-diptron-fogger-150ml","status":"publish","type":"product","link":"https:\/\/horticom.ee\/e-pood\/toode\/universaalne-putuka-aerosool-diptron-fogger-150ml\/","title":{"rendered":"Universaalne putuka aerosool Diptron Fogger Cypermethrin  150ml"},"content":{"rendered":"<p>\u00dchekordselt kasutatav aerosool lendavate ja roomavate kahjurite t\u00f5rjeks.<br \/>\nSobib h\u00e4sti ka puidukahjuritele suletud ruumides. H\u00e4vitab kiiresti ja t\u00f5husalt lendavad ja roomavad putukad &#8211; prussakad, \u00e4mblikud, sipelgad, kirbud, lutikad, s\u00e4\u00e4sed, k\u00e4rbsed, koid, toonesepad jne. Eriti soovitatav kirpude t\u00f5rjeks. Pikaajaline j\u00e4relm\u00f5ju, mis kestab kuni 2 kuud. NB! KASUTAGE  BIOTSIIDI  OHUTULT. ENNE KASUTAMIST LUGEGE ALATI L\u00c4BI M\u00c4RGISTUS JA TEAVE TOOTE KOHTA.<\/p>\n","protected":false},"excerpt":{"rendered":"<p>\u00dchekordselt kasutatav aerosool lendavate ja roomavate kahjurite t\u00f5rjeks. Sobib h\u00e4sti ka puidukahjuritele suletud ruumides. H\u00e4vitab kiiresti ja t\u00f5husalt lendavad ja roomavad putukad &#8211; prussakad, \u00e4mblikud, sipelgad, kirbud, lutikad, s\u00e4\u00e4sed, k\u00e4rbsed, koid, toonesepad jne. Eriti soovitatav kirpude t\u00f5rjeks. Pikaajaline j\u00e4relm\u00f5ju, mis kestab kuni 2 kuud. NB! KASUTAGE BIOTSIIDI OHUTULT. ENNE KASUTAMIST LUGEGE ALATI L\u00c4BI M\u00c4RGISTUS JA [&hellip;]<\/p>\n","protected":false},"featured_media":1306379,"comment_status":"closed","ping_status":"closed","template":"","meta":{"_themeisle_gutenberg_block_has_review":false},"product_cat":[13593],"product_tag":[],"class_list":{"0":"post-1306378","1":"product","2":"type-product","3":"status-publish","4":"has-post-thumbnail","6":"product_cat-universaalsed-torjevahendid","8":"first","9":"instock","10":"shipping-taxable","11":"purchasable","12":"product-type-simple"},"yoast_head":"<!-- This site is optimized with the Yoast SEO plugin v24.0 - https:\/\/yoast.com\/wordpress\/plugins\/seo\/ -->\n<title>Universaalne putuka aerosool Diptron Fogger 150ml<\/title>\n<meta name=\"description\" content=\"Aerosool kahjurite t\u00f5rjeks \u2013 \u00dchekordselt kasutatav aerosool lendavate ja roomavate kahjurite vastu. T\u00f5hus kirpude, \u00e4mblike, prussakate vastu.\" \/>\n<meta name=\"robots\" content=\"index, follow, max-snippet:-1, max-image-preview:large, max-video-preview:-1\" \/>\n<link rel=\"canonical\" href=\"https:\/\/horticom.ee\/e-pood\/toode\/universaalne-putuka-aerosool-diptron-fogger-150ml\/\" \/>\n<meta property=\"og:locale\" content=\"et_EE\" \/>\n<meta property=\"og:type\" content=\"article\" \/>\n<meta property=\"og:title\" content=\"Universaalne putuka aerosool Diptron Fogger 150ml\" \/>\n<meta property=\"og:description\" content=\"Aerosool kahjurite t\u00f5rjeks \u2013 \u00dchekordselt kasutatav aerosool lendavate ja roomavate kahjurite vastu. T\u00f5hus kirpude, \u00e4mblike, prussakate vastu.\" \/>\n<meta property=\"og:url\" content=\"https:\/\/horticom.ee\/e-pood\/toode\/universaalne-putuka-aerosool-diptron-fogger-150ml\/\" \/>\n<meta property=\"og:site_name\" content=\"Horticom.ee\" \/>\n<meta property=\"article:publisher\" content=\"https:\/\/www.facebook.com\/horticom.ee\/e-pood\" \/>\n<meta property=\"article:modified_time\" content=\"2026-05-02T00:10:22+00:00\" \/>\n<meta property=\"og:image\" content=\"https:\/\/horticom.ee\/e-pood\/wp-content\/uploads\/importedmedia\/product-1306378_0-P2000.jpg\" \/>\n\t<meta property=\"og:image:width\" content=\"1000\" \/>\n\t<meta property=\"og:image:height\" content=\"1617\" \/>\n\t<meta property=\"og:image:type\" content=\"image\/jpeg\" \/>\n<meta name=\"twitter:card\" content=\"summary_large_image\" \/>\n<script type=\"application\/ld+json\" class=\"yoast-schema-graph\">{\"@context\":\"https:\/\/schema.org\",\"@graph\":[{\"@type\":\"WebPage\",\"@id\":\"https:\/\/horticom.ee\/e-pood\/toode\/universaalne-putuka-aerosool-diptron-fogger-150ml\/\",\"url\":\"https:\/\/horticom.ee\/e-pood\/toode\/universaalne-putuka-aerosool-diptron-fogger-150ml\/\",\"name\":\"Universaalne putuka aerosool Diptron Fogger 150ml\",\"isPartOf\":{\"@id\":\"https:\/\/horticom.ee\/e-pood\/#website\"},\"primaryImageOfPage\":{\"@id\":\"https:\/\/horticom.ee\/e-pood\/toode\/universaalne-putuka-aerosool-diptron-fogger-150ml\/#primaryimage\"},\"image\":{\"@id\":\"https:\/\/horticom.ee\/e-pood\/toode\/universaalne-putuka-aerosool-diptron-fogger-150ml\/#primaryimage\"},\"thumbnailUrl\":\"https:\/\/horticom.ee\/e-pood\/wp-content\/uploads\/importedmedia\/product-1306378_0-P2000.jpg\",\"datePublished\":\"2022-09-14T11:00:32+00:00\",\"dateModified\":\"2026-05-02T00:10:22+00:00\",\"description\":\"Aerosool kahjurite t\u00f5rjeks \u2013 \u00dchekordselt kasutatav aerosool lendavate ja roomavate kahjurite vastu. T\u00f5hus kirpude, \u00e4mblike, prussakate vastu.\",\"breadcrumb\":{\"@id\":\"https:\/\/horticom.ee\/e-pood\/toode\/universaalne-putuka-aerosool-diptron-fogger-150ml\/#breadcrumb\"},\"inLanguage\":\"et\",\"potentialAction\":[{\"@type\":\"ReadAction\",\"target\":[\"https:\/\/horticom.ee\/e-pood\/toode\/universaalne-putuka-aerosool-diptron-fogger-150ml\/\"]}]},{\"@type\":\"ImageObject\",\"inLanguage\":\"et\",\"@id\":\"https:\/\/horticom.ee\/e-pood\/toode\/universaalne-putuka-aerosool-diptron-fogger-150ml\/#primaryimage\",\"url\":\"https:\/\/horticom.ee\/e-pood\/wp-content\/uploads\/importedmedia\/product-1306378_0-P2000.jpg\",\"contentUrl\":\"https:\/\/horticom.ee\/e-pood\/wp-content\/uploads\/importedmedia\/product-1306378_0-P2000.jpg\",\"width\":1000,\"height\":1617,\"caption\":\"Universaalne putuka aerosool Diptron Fogger 150ml\"},{\"@type\":\"BreadcrumbList\",\"@id\":\"https:\/\/horticom.ee\/e-pood\/toode\/universaalne-putuka-aerosool-diptron-fogger-150ml\/#breadcrumb\",\"itemListElement\":[{\"@type\":\"ListItem\",\"position\":1,\"name\":\"Home\",\"item\":\"https:\/\/horticom.ee\/e-pood\/\"},{\"@type\":\"ListItem\",\"position\":2,\"name\":\"Pood\",\"item\":\"https:\/\/horticom.ee\/e-pood\/pood\/\"},{\"@type\":\"ListItem\",\"position\":3,\"name\":\"Universaalne putuka aerosool Diptron Fogger Cypermethrin 150ml\"}]},{\"@type\":\"WebSite\",\"@id\":\"https:\/\/horticom.ee\/e-pood\/#website\",\"url\":\"https:\/\/horticom.ee\/e-pood\/\",\"name\":\"Horticom.ee\",\"description\":\"Aianduskaubad ja kodukaubad nii harrastajatele kui professionaalidele\",\"potentialAction\":[{\"@type\":\"SearchAction\",\"target\":{\"@type\":\"EntryPoint\",\"urlTemplate\":\"https:\/\/horticom.ee\/e-pood\/?s={search_term_string}\"},\"query-input\":{\"@type\":\"PropertyValueSpecification\",\"valueRequired\":true,\"valueName\":\"search_term_string\"}}],\"inLanguage\":\"et\"}]}<\/script>\n<!-- \/ Yoast SEO plugin. -->","yoast_head_json":{"title":"Universaalne putuka aerosool Diptron Fogger 150ml","description":"Aerosool kahjurite t\u00f5rjeks \u2013 \u00dchekordselt kasutatav aerosool lendavate ja roomavate kahjurite vastu. T\u00f5hus kirpude, \u00e4mblike, prussakate vastu.","robots":{"index":"index","follow":"follow","max-snippet":"max-snippet:-1","max-image-preview":"max-image-preview:large","max-video-preview":"max-video-preview:-1"},"canonical":"https:\/\/horticom.ee\/e-pood\/toode\/universaalne-putuka-aerosool-diptron-fogger-150ml\/","og_locale":"et_EE","og_type":"article","og_title":"Universaalne putuka aerosool Diptron Fogger 150ml","og_description":"Aerosool kahjurite t\u00f5rjeks \u2013 \u00dchekordselt kasutatav aerosool lendavate ja roomavate kahjurite vastu. T\u00f5hus kirpude, \u00e4mblike, prussakate vastu.","og_url":"https:\/\/horticom.ee\/e-pood\/toode\/universaalne-putuka-aerosool-diptron-fogger-150ml\/","og_site_name":"Horticom.ee","article_publisher":"https:\/\/www.facebook.com\/horticom.ee\/e-pood","article_modified_time":"2026-05-02T00:10:22+00:00","og_image":[{"width":1000,"height":1617,"url":"https:\/\/horticom.ee\/e-pood\/wp-content\/uploads\/importedmedia\/product-1306378_0-P2000.jpg","type":"image\/jpeg"}],"twitter_card":"summary_large_image","schema":{"@context":"https:\/\/schema.org","@graph":[{"@type":"WebPage","@id":"https:\/\/horticom.ee\/e-pood\/toode\/universaalne-putuka-aerosool-diptron-fogger-150ml\/","url":"https:\/\/horticom.ee\/e-pood\/toode\/universaalne-putuka-aerosool-diptron-fogger-150ml\/","name":"Universaalne putuka aerosool Diptron Fogger 150ml","isPartOf":{"@id":"https:\/\/horticom.ee\/e-pood\/#website"},"primaryImageOfPage":{"@id":"https:\/\/horticom.ee\/e-pood\/toode\/universaalne-putuka-aerosool-diptron-fogger-150ml\/#primaryimage"},"image":{"@id":"https:\/\/horticom.ee\/e-pood\/toode\/universaalne-putuka-aerosool-diptron-fogger-150ml\/#primaryimage"},"thumbnailUrl":"https:\/\/horticom.ee\/e-pood\/wp-content\/uploads\/importedmedia\/product-1306378_0-P2000.jpg","datePublished":"2022-09-14T11:00:32+00:00","dateModified":"2026-05-02T00:10:22+00:00","description":"Aerosool kahjurite t\u00f5rjeks \u2013 \u00dchekordselt kasutatav aerosool lendavate ja roomavate kahjurite vastu. T\u00f5hus kirpude, \u00e4mblike, prussakate vastu.","breadcrumb":{"@id":"https:\/\/horticom.ee\/e-pood\/toode\/universaalne-putuka-aerosool-diptron-fogger-150ml\/#breadcrumb"},"inLanguage":"et","potentialAction":[{"@type":"ReadAction","target":["https:\/\/horticom.ee\/e-pood\/toode\/universaalne-putuka-aerosool-diptron-fogger-150ml\/"]}]},{"@type":"ImageObject","inLanguage":"et","@id":"https:\/\/horticom.ee\/e-pood\/toode\/universaalne-putuka-aerosool-diptron-fogger-150ml\/#primaryimage","url":"https:\/\/horticom.ee\/e-pood\/wp-content\/uploads\/importedmedia\/product-1306378_0-P2000.jpg","contentUrl":"https:\/\/horticom.ee\/e-pood\/wp-content\/uploads\/importedmedia\/product-1306378_0-P2000.jpg","width":1000,"height":1617,"caption":"Universaalne putuka aerosool Diptron Fogger 150ml"},{"@type":"BreadcrumbList","@id":"https:\/\/horticom.ee\/e-pood\/toode\/universaalne-putuka-aerosool-diptron-fogger-150ml\/#breadcrumb","itemListElement":[{"@type":"ListItem","position":1,"name":"Home","item":"https:\/\/horticom.ee\/e-pood\/"},{"@type":"ListItem","position":2,"name":"Pood","item":"https:\/\/horticom.ee\/e-pood\/pood\/"},{"@type":"ListItem","position":3,"name":"Universaalne putuka aerosool Diptron Fogger Cypermethrin 150ml"}]},{"@type":"WebSite","@id":"https:\/\/horticom.ee\/e-pood\/#website","url":"https:\/\/horticom.ee\/e-pood\/","name":"Horticom.ee","description":"Aianduskaubad ja kodukaubad nii harrastajatele kui professionaalidele","potentialAction":[{"@type":"SearchAction","target":{"@type":"EntryPoint","urlTemplate":"https:\/\/horticom.ee\/e-pood\/?s={search_term_string}"},"query-input":{"@type":"PropertyValueSpecification","valueRequired":true,"valueName":"search_term_string"}}],"inLanguage":"et"}]}},"_links":{"self":[{"href":"https:\/\/horticom.ee\/e-pood\/wp-json\/wp\/v2\/product\/1306378","targetHints":{"allow":["GET"]}}],"collection":[{"href":"https:\/\/horticom.ee\/e-pood\/wp-json\/wp\/v2\/product"}],"about":[{"href":"https:\/\/horticom.ee\/e-pood\/wp-json\/wp\/v2\/types\/product"}],"replies":[{"embeddable":true,"href":"https:\/\/horticom.ee\/e-pood\/wp-json\/wp\/v2\/comments?post=1306378"}],"wp:featuredmedia":[{"embeddable":true,"href":"https:\/\/horticom.ee\/e-pood\/wp-json\/wp\/v2\/media\/1306379"}],"wp:attachment":[{"href":"https:\/\/horticom.ee\/e-pood\/wp-json\/wp\/v2\/media?parent=1306378"}],"wp:term":[{"taxonomy":"product_cat","embeddable":true,"href":"https:\/\/horticom.ee\/e-pood\/wp-json\/wp\/v2\/product_cat?post=1306378"},{"taxonomy":"product_tag","embeddable":true,"href":"https:\/\/horticom.ee\/e-pood\/wp-json\/wp\/v2\/product_tag?post=1306378"}],"curies":[{"name":"wp","href":"https:\/\/api.w.org\/{rel}","templated":true}]}}